{"id":1684,"date":"2024-08-06T11:04:29","date_gmt":"2024-08-06T11:04:29","guid":{"rendered":"https:\/\/www.puffsvape.com\/?post_type=product&#038;p=1684"},"modified":"2026-05-09T17:23:13","modified_gmt":"2026-05-09T09:23:13","slug":"vapsolo-twins-20000-puffs-dual-flavors-disposable-vape","status":"publish","type":"product","link":"https:\/\/www.puffsvape.com\/fr\/produit\/vapsolo-twins-20000-puffs-dual-flavors-jetable-vape\/","title":{"rendered":"VapSolo Twins 20000 Puffs Dual Flavors Vape jetable"},"content":{"rendered":"<p>Le VapSolo Twins 20000 Puffs est con\u00e7u pour ceux qui recherchent une solution de vapotage de grande capacit\u00e9 et sans souci. Avec son impressionnant volume de 25 ml d'e-liquide pr\u00e9-rempli, les utilisateurs peuvent profiter de 20000 bouff\u00e9es par appareil, garantissant une exp\u00e9rience prolong\u00e9e et satisfaisante.<\/p>\n<p>Le VapSolo Twins 20000 Puffs se distingue par plusieurs caract\u00e9ristiques cl\u00e9s qui am\u00e9liorent ses performances et son confort d'utilisation. Sa batterie rechargeable de 650mAh, charg\u00e9e via un port de type-C, garantit le respect de l'environnement et la rentabilit\u00e9. Le mesh coil avanc\u00e9 d'une r\u00e9sistance de 0,6\u03a9 garantit une exp\u00e9rience de vapotage fluide et coh\u00e9rente. De plus, le syst\u00e8me de double r\u00e9servoir pr\u00e9-rempli avec 19 ml d'e-liquide permet des combinaisons de saveurs vari\u00e9es.<\/p>\n<p>Ce dispositif s'adresse \u00e0 la fois aux utilisateurs de nicotine l\u00e9g\u00e8re et aux utilisateurs de nicotine forte, avec des taux de nicotine disponibles de 2% et 5%. L'\u00e9cran d'affichage intelligent fournit des mises \u00e0 jour en temps r\u00e9el sur l'autonomie de la batterie et le nombre de bouff\u00e9es, tandis que le syst\u00e8me de d\u00e9bit d'air r\u00e9glable permet aux utilisateurs de personnaliser leur exp\u00e9rience de vapotage. Le kit de dosettes activ\u00e9es par tirage au sort facilite l'utilisation, ce qui est parfait pour le vapotage de bouche \u00e0 poumon (MTL).<\/p>\n<h2>Caract\u00e9ristiques du VapSolo Twins 20000<\/h2>\n<ul>\n<li>Grande capacit\u00e9 de e-liquide : Le VapSolo Twins est pr\u00e9-rempli de 25 ml d'e-liquide, ce qui vous permet de profiter d'une exp\u00e9rience de vapotage prolong\u00e9e sans avoir \u00e0 le recharger fr\u00e9quemment.<\/li>\n<li>Batterie rechargeable : \u00c9quip\u00e9 d'une batterie de 650mAh, le VapSolo Twins peut \u00eatre recharg\u00e9 \u00e0 l'aide d'un port de type C, ce qui le rend \u00e9cologique et \u00e9conomique.<\/li>\n<li>Bobine en maille avanc\u00e9e : L'appareil est dot\u00e9 d'une bobine en maille d'une r\u00e9sistance de 0,6\u03a9, offrant une exp\u00e9rience de vaporisation douce et coh\u00e9rente \u00e0 chaque bouff\u00e9e.<\/li>\n<li>Syst\u00e8me de double r\u00e9servoir : Le syst\u00e8me de r\u00e9servoir double pr\u00e9-rempli de 19 ml permet des combinaisons d'ar\u00f4mes vari\u00e9es, am\u00e9liorant ainsi l'exp\u00e9rience globale de vapotage.<\/li>\n<li>Options de nicotine : Disponible en 2% et 5%, le VapSolo Twins s'adresse \u00e0 la fois aux utilisateurs l\u00e9gers et aux utilisateurs intensifs de nicotine.<\/li>\n<li>\u00c9cran d'affichage intelligent : L'\u00e9cran intelligent int\u00e9gr\u00e9 offre des mises \u00e0 jour en temps r\u00e9el sur l'autonomie de la batterie et le nombre de bouff\u00e9es, ce qui vous permet d'\u00eatre toujours inform\u00e9.<\/li>\n<li>Contr\u00f4le du flux d'air : Le syst\u00e8me de d\u00e9bit d'air r\u00e9glable permet aux utilisateurs de personnaliser leur exp\u00e9rience de vapotage en fonction de leurs pr\u00e9f\u00e9rences.<\/li>\n<li>Kit Pod \u00e0 activation par tirage au sort : Le m\u00e9canisme de tirage rend le VapSolo Twins incroyablement facile \u00e0 utiliser, parfait pour le vapotage de bouche \u00e0 poumon (MTL).<\/li>\n<\/ul>\n<h2>Liste des ar\u00f4mes<\/h2>\n<p>1. Glace au citron, au citron vert et \u00e0 la past\u00e8que<br \/>\n2. Raisin Ice&amp; Fraise Kiwi<br \/>\n3. Ananas, noix de coco et fraise, banane<br \/>\n4. Orange Mangue Past\u00e8que&amp; Red Bull<br \/>\n5. Glace aux myrtilles&amp; Cerise p\u00e9tillante<br \/>\n6. Glace \u00e0 la past\u00e8que&amp; Baies m\u00e9lang\u00e9es<br \/>\n7. Fraise, banane et cerise p\u00e9tillante<br \/>\n8. Glace fraise framboise cerise &amp; glace raisin<br \/>\n9. Blue Razz Lemonade&amp; Lemon Lime<br \/>\n10. Glace past\u00e8que&amp; Fraise mangue<br \/>\n11. Triple melon et past\u00e8que \u00e0 la framboise<br \/>\n12. Glace noire Fruit du dragon Fraise et framboise Past\u00e8que<br \/>\n13. Ananas, noix de coco et glace \u00e0 la past\u00e8que<br \/>\n14. Glace \u00e0 la fraise et p\u00eache \u00e0 la mangue Past\u00e8que<br \/>\n15. Fraise kiwi et fraise framboise Chery Ice<br \/>\n16. Triple melon et ananas noix de coco<\/p>\n<figure id=\"attachment_1685\" aria-describedby=\"caption-attachment-1685\" style=\"width: 800px\" class=\"wp-caption alignnone\"><img fetchpriority=\"high\" decoding=\"async\" class=\"size-full wp-image-1685\" title=\"Vapsolo Twins 20000 Puffs Vape jetable en gros orange mangue past\u00e8que taureau rouge\" src=\"https:\/\/www.puffsvape.com\/wp-content\/uploads\/2024\/08\/Vapsolo-Twins-20000-Puffs-Disposable-Vape-Wholesale-orange-mango-watermelon-red-bull.jpg\" alt=\"Vapsolo Twins 20000 Puffs Vape jetable en gros orange mangue past\u00e8que taureau rouge\" width=\"800\" height=\"800\" srcset=\"https:\/\/www.puffsvape.com\/wp-content\/uploads\/2024\/08\/Vapsolo-Twins-20000-Puffs-Disposable-Vape-Wholesale-orange-mango-watermelon-red-bull.jpg 800w, https:\/\/www.puffsvape.com\/wp-content\/uploads\/2024\/08\/Vapsolo-Twins-20000-Puffs-Disposable-Vape-Wholesale-orange-mango-watermelon-red-bull-247x247.jpg 247w, https:\/\/www.puffsvape.com\/wp-content\/uploads\/2024\/08\/Vapsolo-Twins-20000-Puffs-Disposable-Vape-Wholesale-orange-mango-watermelon-red-bull-100x100.jpg 100w, https:\/\/www.puffsvape.com\/wp-content\/uploads\/2024\/08\/Vapsolo-Twins-20000-Puffs-Disposable-Vape-Wholesale-orange-mango-watermelon-red-bull-510x510.jpg 510w, https:\/\/www.puffsvape.com\/wp-content\/uploads\/2024\/08\/Vapsolo-Twins-20000-Puffs-Disposable-Vape-Wholesale-orange-mango-watermelon-red-bull-300x300.jpg 300w, https:\/\/www.puffsvape.com\/wp-content\/uploads\/2024\/08\/Vapsolo-Twins-20000-Puffs-Disposable-Vape-Wholesale-orange-mango-watermelon-red-bull-150x150.jpg 150w, https:\/\/www.puffsvape.com\/wp-content\/uploads\/2024\/08\/Vapsolo-Twins-20000-Puffs-Disposable-Vape-Wholesale-orange-mango-watermelon-red-bull-768x768.jpg 768w, https:\/\/www.puffsvape.com\/wp-content\/uploads\/2024\/08\/Vapsolo-Twins-20000-Puffs-Disposable-Vape-Wholesale-orange-mango-watermelon-red-bull-12x12.jpg 12w, https:\/\/www.puffsvape.com\/wp-content\/uploads\/2024\/08\/Vapsolo-Twins-20000-Puffs-Disposable-Vape-Wholesale-orange-mango-watermelon-red-bull-575x575.jpg 575w, https:\/\/www.puffsvape.com\/wp-content\/uploads\/2024\/08\/Vapsolo-Twins-20000-Puffs-Disposable-Vape-Wholesale-orange-mango-watermelon-red-bull-380x380.jpg 380w, https:\/\/www.puffsvape.com\/wp-content\/uploads\/2024\/08\/Vapsolo-Twins-20000-Puffs-Disposable-Vape-Wholesale-orange-mango-watermelon-red-bull-50x50.jpg 50w, https:\/\/www.puffsvape.com\/wp-content\/uploads\/2024\/08\/Vapsolo-Twins-20000-Puffs-Disposable-Vape-Wholesale-orange-mango-watermelon-red-bull-26x26.jpg 26w\" sizes=\"(max-width: 800px) 100vw, 800px\" \/><figcaption id=\"caption-attachment-1685\" class=\"wp-caption-text\">Vapsolo Twins 20000 Puffs Vape jetable<\/figcaption><\/figure>","protected":false},"excerpt":{"rendered":"<div class=\"woocommerce-product-details__short-description\">\n<p>Quantit\u00e9 minimale de commande : 50 pcs\/m\u00e9lange de saveurs<\/p>\n<\/div>","protected":false},"featured_media":1689,"comment_status":"open","ping_status":"closed","template":"","meta":{"om_disable_all_campaigns":false,"_monsterinsights_skip_tracking":false,"_monsterinsights_sitenote_active":false,"_monsterinsights_sitenote_note":"","_monsterinsights_sitenote_category":0},"product_brand":[],"product_cat":[37],"product_tag":[],"berocket_brand":[38],"class_list":{"0":"post-1684","1":"product","2":"type-product","3":"status-publish","4":"has-post-thumbnail","6":"product_cat-vapsolo","7":"berocket_brand-vapsolo","8":"wcpa_has_options","10":"first","11":"instock","12":"shipping-taxable","13":"purchasable","14":"product-type-variable","15":"has-default-attributes"},"aioseo_notices":[],"tiered_pricing_fixed_rules":{"50":"9.22","100":"7.79"},"tiered_pricing_percentage_rules":{"50":"9.22","100":"7.79"},"tiered_pricing_type":"fixed","tiered_pricing_minimum":10,"_links":{"self":[{"href":"https:\/\/www.puffsvape.com\/fr\/wp-json\/wp\/v2\/product\/1684","targetHints":{"allow":["GET"]}}],"collection":[{"href":"https:\/\/www.puffsvape.com\/fr\/wp-json\/wp\/v2\/product"}],"about":[{"href":"https:\/\/www.puffsvape.com\/fr\/wp-json\/wp\/v2\/types\/product"}],"replies":[{"embeddable":true,"href":"https:\/\/www.puffsvape.com\/fr\/wp-json\/wp\/v2\/comments?post=1684"}],"wp:featuredmedia":[{"embeddable":true,"href":"https:\/\/www.puffsvape.com\/fr\/wp-json\/wp\/v2\/media\/1689"}],"wp:attachment":[{"href":"https:\/\/www.puffsvape.com\/fr\/wp-json\/wp\/v2\/media?parent=1684"}],"wp:term":[{"taxonomy":"product_brand","embeddable":true,"href":"https:\/\/www.puffsvape.com\/fr\/wp-json\/wp\/v2\/product_brand?post=1684"},{"taxonomy":"product_cat","embeddable":true,"href":"https:\/\/www.puffsvape.com\/fr\/wp-json\/wp\/v2\/product_cat?post=1684"},{"taxonomy":"product_tag","embeddable":true,"href":"https:\/\/www.puffsvape.com\/fr\/wp-json\/wp\/v2\/product_tag?post=1684"},{"taxonomy":"berocket_brand","embeddable":true,"href":"https:\/\/www.puffsvape.com\/fr\/wp-json\/wp\/v2\/berocket_brand?post=1684"}],"curies":[{"name":"wp","href":"https:\/\/api.w.org\/{rel}","templated":true}]}}