{"id":1653,"date":"2024-08-06T10:42:16","date_gmt":"2024-08-06T10:42:16","guid":{"rendered":"https:\/\/www.puffsvape.com\/?post_type=product&#038;p=1653"},"modified":"2026-04-25T02:35:57","modified_gmt":"2026-04-24T18:35:57","slug":"vapsolo-viking-12000-disposable-vape","status":"publish","type":"product","link":"https:\/\/www.puffsvape.com\/fr\/produit\/vapsolo-viking-12000-jetable-vape\/","title":{"rendered":"VapSolo Viking 12000 Vape jetable"},"content":{"rendered":"<p>Le VapSolo Viking 12000 Puffs offre l'exp\u00e9rience ultime de vapotage pour les d\u00e9butants et les vapoteurs chevronn\u00e9s. Ce stylo \u00e0 vape jetable \u00e0 la pointe de la technologie est con\u00e7u pour la qualit\u00e9, la long\u00e9vit\u00e9 et la vari\u00e9t\u00e9. Son design \u00e9l\u00e9gant et compact assure style et commodit\u00e9, parfait pour une utilisation en d\u00e9placement.<\/p>\n<p>Dot\u00e9 de caract\u00e9ristiques avanc\u00e9es, le VapSolo Viking 12000 Puffs dispose d'une capacit\u00e9 de 22 ml d'e-liquide et d'une batterie rechargeable de 650 mAh, offrant une puissance durable pour des sessions de vapotage prolong\u00e9es. La technologie mesh coil et la r\u00e9sistance de la bobine de 1,0\u03a9 offrent une production de vapeur coh\u00e9rente et riche, am\u00e9liorant la puret\u00e9 des saveurs. Un port de charge de type-C permet des recharges rapides et efficaces, tandis que le design l\u00e9ger, de seulement 85 grammes, le rend tr\u00e8s portable.<\/p>\n<p>Le VapSolo Viking 12000 Puffs est dot\u00e9 d'un \u00e9cran LCD pour un contr\u00f4le facile de l'\u00e9tat et des r\u00e9glages de la vape, et de quatre niveaux de d\u00e9bit d'air r\u00e9glables pour personnaliser votre exp\u00e9rience de vapotage. Des options d'achat en gros sont disponibles, chaque carton contenant 200 pi\u00e8ces et 10 cartons par bo\u00eete, ce qui est id\u00e9al pour les acheteurs en gros.<\/p>\n<p>Pour ceux qui souhaitent acheter en gros, Gleevape offre un excellent rapport qualit\u00e9-prix sur le VapSolo Viking 12000 Puffs. Faites le plein d'une vari\u00e9t\u00e9 de saveurs et profitez d'une exp\u00e9rience de vapotage fiable et agr\u00e9able. Chaque carton contient 200 pi\u00e8ces, avec 10 cartons par bo\u00eete, ce qui facilite la gestion des stocks et la distribution.<\/p>\n<h2>VapSolo Viking 12000 Puffs Caract\u00e9ristiques<\/h2>\n<ul>\n<li>Capacit\u00e9 de 22 ml d'e-liquide : Profitez de sessions de vapotage prolong\u00e9es sans avoir besoin de recharges fr\u00e9quentes.<\/li>\n<li>Batterie rechargeable de 650mAh : Fournit une puissance durable jusqu'\u00e0 12 000 bouff\u00e9es, ce qui vous permet de rester charg\u00e9 toute la journ\u00e9e.<\/li>\n<li>Technologie Mesh Coil : D\u00e9livre une vapeur consistante et riche \u00e0 chaque bouff\u00e9e, am\u00e9liorant ainsi l'exp\u00e9rience gustative.<\/li>\n<li>R\u00e9sistance de la bobine de 1,0\u03a9 : Optimis\u00e9e pour une production de vapeur douce et savoureuse.<\/li>\n<li>Port de charge de type C : Facilite la recharge rapide et pratique.<\/li>\n<li>\u00c9cran LCD : Vous permet de contr\u00f4ler l'\u00e9tat et les r\u00e9glages de votre vape sans effort.<\/li>\n<li>Quatre niveaux de d\u00e9bit d'air : Personnalisez votre exp\u00e9rience de vapotage gr\u00e2ce aux r\u00e9glages du flux d'air pour un tirage parfait.<\/li>\n<li>Compact et portable : Pesant seulement 85 grammes, il est facile \u00e0 transporter et \u00e0 utiliser o\u00f9 que vous alliez.<\/li>\n<li>Options d'achat en gros : Disponible en 200 pi\u00e8ces par carton, 10 cartons par bo\u00eete, ce qui en fait un produit id\u00e9al pour les acheteurs en gros.<\/li>\n<\/ul>\n<div class=\"wmkc-template-12\">\n<h2 class=\"wmkc-white\">Liste des ar\u00f4mes<\/h2>\n<\/div>\n<ul>\n<li>Myrtille Framboise<\/li>\n<li>Myrtille<\/li>\n<li>Cerise p\u00e9tillante<\/li>\n<li>Glace \u00e0 la past\u00e8que<\/li>\n<li>Fraise Kiwi<\/li>\n<li>Past\u00e8que \u00e0 la fraise<\/li>\n<li>R\u00eave d'\u00e9t\u00e9<\/li>\n<li>Myrtille Cerise Canneberge<\/li>\n<li>Citron vert<\/li>\n<li>Ours en gomme<\/li>\n<li>Fraise et banane<\/li>\n<li>Menthe fra\u00eeche<\/li>\n<li>Glace \u00e0 la fraise et \u00e0 la framboise<\/li>\n<li>P\u00eache au citron<\/li>\n<li>Glace aux pommes rouges<\/li>\n<\/ul>\n<figure id=\"attachment_1663\" aria-describedby=\"caption-attachment-1663\" style=\"width: 800px\" class=\"wp-caption alignnone\"><img fetchpriority=\"high\" decoding=\"async\" class=\"size-full wp-image-1663\" title=\"Vapsolo Viking 12000 bouff\u00e9es Vape jetable en gros Fraise Banane\" src=\"https:\/\/www.puffsvape.com\/wp-content\/uploads\/2024\/08\/Vapsolo-Viking-12000-Puffs-Disposable-Vape-Wholesale-Strawberry-Banana.jpg\" alt=\"Vapsolo Viking 12000 bouff\u00e9es Vape jetable en gros Fraise Banane\" width=\"800\" height=\"815\" srcset=\"https:\/\/www.puffsvape.com\/wp-content\/uploads\/2024\/08\/Vapsolo-Viking-12000-Puffs-Disposable-Vape-Wholesale-Strawberry-Banana.jpg 800w, https:\/\/www.puffsvape.com\/wp-content\/uploads\/2024\/08\/Vapsolo-Viking-12000-Puffs-Disposable-Vape-Wholesale-Strawberry-Banana-510x520.jpg 510w, https:\/\/www.puffsvape.com\/wp-content\/uploads\/2024\/08\/Vapsolo-Viking-12000-Puffs-Disposable-Vape-Wholesale-Strawberry-Banana-294x300.jpg 294w, https:\/\/www.puffsvape.com\/wp-content\/uploads\/2024\/08\/Vapsolo-Viking-12000-Puffs-Disposable-Vape-Wholesale-Strawberry-Banana-768x782.jpg 768w, https:\/\/www.puffsvape.com\/wp-content\/uploads\/2024\/08\/Vapsolo-Viking-12000-Puffs-Disposable-Vape-Wholesale-Strawberry-Banana-12x12.jpg 12w, https:\/\/www.puffsvape.com\/wp-content\/uploads\/2024\/08\/Vapsolo-Viking-12000-Puffs-Disposable-Vape-Wholesale-Strawberry-Banana-575x586.jpg 575w, https:\/\/www.puffsvape.com\/wp-content\/uploads\/2024\/08\/Vapsolo-Viking-12000-Puffs-Disposable-Vape-Wholesale-Strawberry-Banana-380x387.jpg 380w, https:\/\/www.puffsvape.com\/wp-content\/uploads\/2024\/08\/Vapsolo-Viking-12000-Puffs-Disposable-Vape-Wholesale-Strawberry-Banana-50x50.jpg 50w, https:\/\/www.puffsvape.com\/wp-content\/uploads\/2024\/08\/Vapsolo-Viking-12000-Puffs-Disposable-Vape-Wholesale-Strawberry-Banana-26x26.jpg 26w\" sizes=\"(max-width: 800px) 100vw, 800px\" \/><figcaption id=\"caption-attachment-1663\" class=\"wp-caption-text\">Vapsolo Viking 12000 bouff\u00e9es Vape jetable<\/figcaption><\/figure>","protected":false},"excerpt":{"rendered":"<p>Quantit\u00e9 minimale de commande : 50 pcs\/m\u00e9lange de saveurs<\/p>","protected":false},"featured_media":1665,"comment_status":"open","ping_status":"closed","template":"","meta":{"om_disable_all_campaigns":false,"_monsterinsights_skip_tracking":false,"_monsterinsights_sitenote_active":false,"_monsterinsights_sitenote_note":"","_monsterinsights_sitenote_category":0},"product_brand":[],"product_cat":[37],"product_tag":[],"berocket_brand":[38],"class_list":{"0":"post-1653","1":"product","2":"type-product","3":"status-publish","4":"has-post-thumbnail","6":"product_cat-vapsolo","7":"berocket_brand-vapsolo","8":"wcpa_has_options","10":"first","11":"instock","12":"shipping-taxable","13":"purchasable","14":"product-type-variable","15":"has-default-attributes"},"aioseo_notices":[],"tiered_pricing_fixed_rules":{"50":"8.29","100":"6.86"},"tiered_pricing_percentage_rules":{"50":"8.29","100":"6.86"},"tiered_pricing_type":"fixed","tiered_pricing_minimum":10,"_links":{"self":[{"href":"https:\/\/www.puffsvape.com\/fr\/wp-json\/wp\/v2\/product\/1653","targetHints":{"allow":["GET"]}}],"collection":[{"href":"https:\/\/www.puffsvape.com\/fr\/wp-json\/wp\/v2\/product"}],"about":[{"href":"https:\/\/www.puffsvape.com\/fr\/wp-json\/wp\/v2\/types\/product"}],"replies":[{"embeddable":true,"href":"https:\/\/www.puffsvape.com\/fr\/wp-json\/wp\/v2\/comments?post=1653"}],"wp:featuredmedia":[{"embeddable":true,"href":"https:\/\/www.puffsvape.com\/fr\/wp-json\/wp\/v2\/media\/1665"}],"wp:attachment":[{"href":"https:\/\/www.puffsvape.com\/fr\/wp-json\/wp\/v2\/media?parent=1653"}],"wp:term":[{"taxonomy":"product_brand","embeddable":true,"href":"https:\/\/www.puffsvape.com\/fr\/wp-json\/wp\/v2\/product_brand?post=1653"},{"taxonomy":"product_cat","embeddable":true,"href":"https:\/\/www.puffsvape.com\/fr\/wp-json\/wp\/v2\/product_cat?post=1653"},{"taxonomy":"product_tag","embeddable":true,"href":"https:\/\/www.puffsvape.com\/fr\/wp-json\/wp\/v2\/product_tag?post=1653"},{"taxonomy":"berocket_brand","embeddable":true,"href":"https:\/\/www.puffsvape.com\/fr\/wp-json\/wp\/v2\/berocket_brand?post=1653"}],"curies":[{"name":"wp","href":"https:\/\/api.w.org\/{rel}","templated":true}]}}