{"id":1412,"date":"2024-08-01T05:47:16","date_gmt":"2024-08-01T05:47:16","guid":{"rendered":"https:\/\/www.puffsvape.com\/?post_type=product&#038;p=1412"},"modified":"2026-04-25T02:33:03","modified_gmt":"2026-04-24T18:33:03","slug":"bang-king-25000-puffs-disposable-vape","status":"publish","type":"product","link":"https:\/\/www.puffsvape.com\/fr\/produit\/bang-king-25000-puffs-jetable-vape\/","title":{"rendered":"Bang King 25000 bouff\u00e9es Vape jetable"},"content":{"rendered":"<p>Le Bang King 25000 Puff est con\u00e7u pour les vapoteurs \u00e0 la recherche de performances exceptionnelles et de commodit\u00e9. Il supporte jusqu'\u00e0 25 000 bouff\u00e9es et deux dosettes de 23 ml (46 ml au total). Disponible en 2% et 5% nicotine. Syst\u00e8me de double dosette pour r\u00e9duire l'accumulation de carbone et restaurer la saveur. utilisant la charge Type-C.<\/p>\n<p>Il est \u00e9quip\u00e9 de coils sub ohm dual mesh et de dual pod to swtich. Commandez en vrac notre large s\u00e9lection de 12 saveurs de Bang King 25000 avec une livraison rapide et au meilleur prix.<\/p>\n<h2><span style=\"font-size: 18pt;\">Bang King 25000 Dual Pods D\u00e9tails<\/span><\/h2>\n<ul>\n<li>Coils Dual Mesh 1.0 ohm (grande+ vapeur)<\/li>\n<li>2\/5% Sel de nicotine<\/li>\n<li>46ML de E-liquide<\/li>\n<li>Deux dosettes<\/li>\n<li>12 saveurs disponibles<\/li>\n<li>10 pi\u00e8ces dans une bo\u00eete de pr\u00e9sentation<\/li>\n<\/ul>\n<h2><span style=\"font-size: 18pt;\">Liste des ar\u00f4mes<\/span><\/h2>\n<p>1.Blue Razz Ice<br \/>\n2. glace p\u00eache juteuse<br \/>\n3. past\u00e8que \u00e0 la fraise<br \/>\n4. glace \u00e0 la past\u00e8que<br \/>\n5. banane fraise<br \/>\n6. glace \u00e0 la pomme acide<br \/>\n7.Triple glace aux baies<br \/>\n8. fruits tropicaux<br \/>\n9. bombe \u00e0 la cerise<br \/>\n10. glace de raisin<br \/>\n11. p\u00eache mangue<br \/>\n12. mangue fraise<\/p>\n<figure id=\"attachment_1416\" aria-describedby=\"caption-attachment-1416\" style=\"width: 800px\" class=\"wp-caption alignnone\"><img fetchpriority=\"high\" decoding=\"async\" class=\"size-full wp-image-1416\" title=\"Bang King 25000 bouff\u00e9es Vape jetable Wholesale Packing Box\" src=\"https:\/\/www.puffsvape.com\/wp-content\/uploads\/2024\/08\/Bang-King-25000-Puffs-Disposable-Vape-Wholesale-Packing-Box.jpg\" alt=\"Bang King 25000 bouff\u00e9es Vape jetable Wholesale Packing Box\" width=\"800\" height=\"800\" srcset=\"https:\/\/www.puffsvape.com\/wp-content\/uploads\/2024\/08\/Bang-King-25000-Puffs-Disposable-Vape-Wholesale-Packing-Box.jpg 800w, https:\/\/www.puffsvape.com\/wp-content\/uploads\/2024\/08\/Bang-King-25000-Puffs-Disposable-Vape-Wholesale-Packing-Box-247x247.jpg 247w, https:\/\/www.puffsvape.com\/wp-content\/uploads\/2024\/08\/Bang-King-25000-Puffs-Disposable-Vape-Wholesale-Packing-Box-100x100.jpg 100w, https:\/\/www.puffsvape.com\/wp-content\/uploads\/2024\/08\/Bang-King-25000-Puffs-Disposable-Vape-Wholesale-Packing-Box-510x510.jpg 510w, https:\/\/www.puffsvape.com\/wp-content\/uploads\/2024\/08\/Bang-King-25000-Puffs-Disposable-Vape-Wholesale-Packing-Box-300x300.jpg 300w, https:\/\/www.puffsvape.com\/wp-content\/uploads\/2024\/08\/Bang-King-25000-Puffs-Disposable-Vape-Wholesale-Packing-Box-150x150.jpg 150w, https:\/\/www.puffsvape.com\/wp-content\/uploads\/2024\/08\/Bang-King-25000-Puffs-Disposable-Vape-Wholesale-Packing-Box-768x768.jpg 768w, https:\/\/www.puffsvape.com\/wp-content\/uploads\/2024\/08\/Bang-King-25000-Puffs-Disposable-Vape-Wholesale-Packing-Box-575x575.jpg 575w, https:\/\/www.puffsvape.com\/wp-content\/uploads\/2024\/08\/Bang-King-25000-Puffs-Disposable-Vape-Wholesale-Packing-Box-380x380.jpg 380w\" sizes=\"(max-width: 800px) 100vw, 800px\" \/><figcaption id=\"caption-attachment-1416\" class=\"wp-caption-text\">Bang King 25000 bouff\u00e9es Vape jetable<\/figcaption><\/figure>\n<figure id=\"attachment_1417\" aria-describedby=\"caption-attachment-1417\" style=\"width: 800px\" class=\"wp-caption alignnone\"><img decoding=\"async\" class=\"size-full wp-image-1417\" title=\"Bang King 25000 bouff\u00e9es Vape jetable en gros Sour Apple Ice\" src=\"https:\/\/www.puffsvape.com\/wp-content\/uploads\/2024\/08\/Bang-King-25000-Puffs-Disposable-Vape-Wholesale-Sour-Apple-Ice.jpg\" alt=\"Bang King 25000 bouff\u00e9es Vape jetable en gros Sour Apple Ice\" width=\"800\" height=\"800\" srcset=\"https:\/\/www.puffsvape.com\/wp-content\/uploads\/2024\/08\/Bang-King-25000-Puffs-Disposable-Vape-Wholesale-Sour-Apple-Ice.jpg 800w, https:\/\/www.puffsvape.com\/wp-content\/uploads\/2024\/08\/Bang-King-25000-Puffs-Disposable-Vape-Wholesale-Sour-Apple-Ice-247x247.jpg 247w, https:\/\/www.puffsvape.com\/wp-content\/uploads\/2024\/08\/Bang-King-25000-Puffs-Disposable-Vape-Wholesale-Sour-Apple-Ice-100x100.jpg 100w, https:\/\/www.puffsvape.com\/wp-content\/uploads\/2024\/08\/Bang-King-25000-Puffs-Disposable-Vape-Wholesale-Sour-Apple-Ice-510x510.jpg 510w, https:\/\/www.puffsvape.com\/wp-content\/uploads\/2024\/08\/Bang-King-25000-Puffs-Disposable-Vape-Wholesale-Sour-Apple-Ice-300x300.jpg 300w, https:\/\/www.puffsvape.com\/wp-content\/uploads\/2024\/08\/Bang-King-25000-Puffs-Disposable-Vape-Wholesale-Sour-Apple-Ice-150x150.jpg 150w, https:\/\/www.puffsvape.com\/wp-content\/uploads\/2024\/08\/Bang-King-25000-Puffs-Disposable-Vape-Wholesale-Sour-Apple-Ice-768x768.jpg 768w, https:\/\/www.puffsvape.com\/wp-content\/uploads\/2024\/08\/Bang-King-25000-Puffs-Disposable-Vape-Wholesale-Sour-Apple-Ice-575x575.jpg 575w, https:\/\/www.puffsvape.com\/wp-content\/uploads\/2024\/08\/Bang-King-25000-Puffs-Disposable-Vape-Wholesale-Sour-Apple-Ice-380x380.jpg 380w\" sizes=\"(max-width: 800px) 100vw, 800px\" \/><figcaption id=\"caption-attachment-1417\" class=\"wp-caption-text\">Bang King 25000 bouff\u00e9es Vape jetable<\/figcaption><\/figure>","protected":false},"excerpt":{"rendered":"<p>Le Bang King 25000 Puff est con\u00e7u pour les vapoteurs \u00e0 la recherche de performances exceptionnelles et de commodit\u00e9. Il supporte jusqu'\u00e0 25 000 bouff\u00e9es et deux dosettes de 23 ml (46 ml au total). Disponible en 2% et 5% nicotine. Syst\u00e8me de double dosette pour r\u00e9duire l'accumulation de carbone et restaurer la saveur. utilisant la charge Type-C. Il est dot\u00e9 de coils sub ohm \u00e0 double maille et de [...]","protected":false},"featured_media":1423,"comment_status":"open","ping_status":"closed","template":"","meta":{"om_disable_all_campaigns":false,"_monsterinsights_skip_tracking":false,"_monsterinsights_sitenote_active":false,"_monsterinsights_sitenote_note":"","_monsterinsights_sitenote_category":0},"product_brand":[],"product_cat":[15],"product_tag":[],"berocket_brand":[22],"class_list":{"0":"post-1412","1":"product","2":"type-product","3":"status-publish","4":"has-post-thumbnail","6":"product_cat-bang","7":"product_shipping_class-free","8":"berocket_brand-bang","9":"wcpa_has_options","11":"first","12":"instock","13":"featured","14":"shipping-taxable","15":"purchasable","16":"product-type-variable","17":"has-default-attributes"},"aioseo_notices":[],"tiered_pricing_fixed_rules":{"20":"9.48","30":"8.83","40":"8.18","50":"7.54","100":"6.11"},"tiered_pricing_percentage_rules":{"20":"9.48","30":"8.83","40":"8.18","50":"7.54","100":"6.11"},"tiered_pricing_type":"fixed","tiered_pricing_minimum":10,"_links":{"self":[{"href":"https:\/\/www.puffsvape.com\/fr\/wp-json\/wp\/v2\/product\/1412","targetHints":{"allow":["GET"]}}],"collection":[{"href":"https:\/\/www.puffsvape.com\/fr\/wp-json\/wp\/v2\/product"}],"about":[{"href":"https:\/\/www.puffsvape.com\/fr\/wp-json\/wp\/v2\/types\/product"}],"replies":[{"embeddable":true,"href":"https:\/\/www.puffsvape.com\/fr\/wp-json\/wp\/v2\/comments?post=1412"}],"wp:featuredmedia":[{"embeddable":true,"href":"https:\/\/www.puffsvape.com\/fr\/wp-json\/wp\/v2\/media\/1423"}],"wp:attachment":[{"href":"https:\/\/www.puffsvape.com\/fr\/wp-json\/wp\/v2\/media?parent=1412"}],"wp:term":[{"taxonomy":"product_brand","embeddable":true,"href":"https:\/\/www.puffsvape.com\/fr\/wp-json\/wp\/v2\/product_brand?post=1412"},{"taxonomy":"product_cat","embeddable":true,"href":"https:\/\/www.puffsvape.com\/fr\/wp-json\/wp\/v2\/product_cat?post=1412"},{"taxonomy":"product_tag","embeddable":true,"href":"https:\/\/www.puffsvape.com\/fr\/wp-json\/wp\/v2\/product_tag?post=1412"},{"taxonomy":"berocket_brand","embeddable":true,"href":"https:\/\/www.puffsvape.com\/fr\/wp-json\/wp\/v2\/berocket_brand?post=1412"}],"curies":[{"name":"wp","href":"https:\/\/api.w.org\/{rel}","templated":true}]}}