{"id":1344,"date":"2024-05-22T03:21:10","date_gmt":"2024-05-22T03:21:10","guid":{"rendered":"https:\/\/www.puffsvape.com\/?post_type=product&#038;p=1344"},"modified":"2025-01-19T14:31:12","modified_gmt":"2025-01-19T14:31:12","slug":"lavie-energy-box-15000-disposable-vape","status":"publish","type":"product","link":"https:\/\/www.puffsvape.com\/fr\/produit\/lavie-energy-box-15000-jetable-vape\/","title":{"rendered":"Lavie Energy Box 15000 Vape jetable"},"content":{"rendered":"<p>Lavie Energy Box 15000 est un dispositif de vape jetable \u00e9quip\u00e9 d'une batterie et d'un affichage du niveau d'ejuice. Elle est \u00e9quip\u00e9e d'une batterie haute performance de 600mAh qui garantit une longue dur\u00e9e de vie, vous permettant de profiter de la vape sans avoir \u00e0 la recharger fr\u00e9quemment. En m\u00eame temps, la capacit\u00e9 de son r\u00e9servoir de 23 ml garantit un temps de fumage prolong\u00e9 pour que vous puissiez en profiter au maximum. Lavie Energy Box 15000 offre \u00e9galement une vari\u00e9t\u00e9 d'options de teneur en nicotine de 2%\/5% pour r\u00e9pondre aux besoins de tous les types de fumeurs.<\/p>\n<h2><span style=\"font-size: 18pt;\">Lavie Energy Box 15000 Vape jetable Sp\u00e9cifications :<\/span><\/h2>\n<ul>\n<li>Marque:Lavie<\/li>\n<li>Bouff\u00e9es:15000 bouff\u00e9es sont disponibles par appareil<\/li>\n<li>Nicotine:2%\/5%<\/li>\n<li>Capacit\u00e9 E-juice:20ML<\/li>\n<li>La r\u00e9silience : 1.0\u03a9<\/li>\n<li>Batterie : 600mAh<\/li>\n<li>Port de charge : Type-C<\/li>\n<\/ul>\n<h2><span style=\"font-size: 18pt;\">Saveurs<\/span><\/h2>\n<ol>\n<li>Glace \u00e0 la past\u00e8que<\/li>\n<li>Past\u00e8que Menthe<\/li>\n<li>Past\u00e8que \u00e0 la fraise<\/li>\n<li>Glace \u00e0 la menthe<\/li>\n<li>Glace \u00e0 la m\u00fbre<\/li>\n<li>Cola au citron<\/li>\n<li>Fraise Kiwi<\/li>\n<li>Glace de raisin<\/li>\n<li>Raisin Framboise<\/li>\n<li>Double pomme<\/li>\n<li>Glace \u00e0 la p\u00eache<\/li>\n<li>Cr\u00e8me glac\u00e9e<\/li>\n<\/ol>\n<figure id=\"attachment_1342\" aria-describedby=\"caption-attachment-1342\" style=\"width: 1000px\" class=\"wp-caption alignnone\"><img fetchpriority=\"high\" decoding=\"async\" class=\"size-full wp-image-1342\" title=\"Lavie Energy Box 15000 bouff\u00e9es Vape jetable\" src=\"https:\/\/www.puffsvape.com\/wp-content\/uploads\/2024\/05\/Lavie-Energy-Box-15000-Puffs-Disposable-Vape.jpg\" alt=\"Lavie Energy Box 15000 bouff\u00e9es Vape jetable\" width=\"1000\" height=\"1947\" srcset=\"https:\/\/www.puffsvape.com\/wp-content\/uploads\/2024\/05\/Lavie-Energy-Box-15000-Puffs-Disposable-Vape.jpg 1000w, https:\/\/www.puffsvape.com\/wp-content\/uploads\/2024\/05\/Lavie-Energy-Box-15000-Puffs-Disposable-Vape-510x993.jpg 510w, https:\/\/www.puffsvape.com\/wp-content\/uploads\/2024\/05\/Lavie-Energy-Box-15000-Puffs-Disposable-Vape-154x300.jpg 154w, https:\/\/www.puffsvape.com\/wp-content\/uploads\/2024\/05\/Lavie-Energy-Box-15000-Puffs-Disposable-Vape-526x1024.jpg 526w, https:\/\/www.puffsvape.com\/wp-content\/uploads\/2024\/05\/Lavie-Energy-Box-15000-Puffs-Disposable-Vape-768x1495.jpg 768w, https:\/\/www.puffsvape.com\/wp-content\/uploads\/2024\/05\/Lavie-Energy-Box-15000-Puffs-Disposable-Vape-789x1536.jpg 789w, https:\/\/www.puffsvape.com\/wp-content\/uploads\/2024\/05\/Lavie-Energy-Box-15000-Puffs-Disposable-Vape-920x1791.jpg 920w, https:\/\/www.puffsvape.com\/wp-content\/uploads\/2024\/05\/Lavie-Energy-Box-15000-Puffs-Disposable-Vape-575x1120.jpg 575w, https:\/\/www.puffsvape.com\/wp-content\/uploads\/2024\/05\/Lavie-Energy-Box-15000-Puffs-Disposable-Vape-380x740.jpg 380w\" sizes=\"(max-width: 1000px) 100vw, 1000px\" \/><figcaption id=\"caption-attachment-1342\" class=\"wp-caption-text\">Lavie Energy Box 15000 bouff\u00e9es Vape jetable<\/figcaption><\/figure>","protected":false},"excerpt":{"rendered":"<p>Lavie Energy Box 15000 est un dispositif de vape jetable \u00e9quip\u00e9 d'une batterie et d'un affichage du niveau d'ejuice. \u00c9quip\u00e9e d'une batterie haute performance de 600mAh pour garantir une longue dur\u00e9e de vie, vous permettant de profiter de la vape sans avoir \u00e0 la recharger fr\u00e9quemment. En m\u00eame temps, la capacit\u00e9 de son r\u00e9servoir de 23 ml garantit un temps de fumage prolong\u00e9 pour que vous puissiez [...]","protected":false},"featured_media":1340,"comment_status":"open","ping_status":"closed","template":"","meta":{"om_disable_all_campaigns":false,"_monsterinsights_skip_tracking":false,"_monsterinsights_sitenote_active":false,"_monsterinsights_sitenote_note":"","_monsterinsights_sitenote_category":0},"product_brand":[],"product_cat":[20],"product_tag":[],"berocket_brand":[21],"class_list":{"0":"post-1344","1":"product","2":"type-product","3":"status-publish","4":"has-post-thumbnail","6":"product_cat-lavie","7":"berocket_brand-lavie","8":"wcpa_has_options","10":"first","11":"instock","12":"shipping-taxable","13":"purchasable","14":"product-type-variable","15":"has-default-attributes"},"aioseo_notices":[],"tiered_pricing_fixed_rules":{"20":"9.68","30":"9.03","40":"8.38","50":"7.73","100":"6.31"},"tiered_pricing_percentage_rules":{"20":"9.68","30":"9.03","40":"8.38","50":"7.73","100":"6.31"},"tiered_pricing_type":"fixed","tiered_pricing_minimum":10,"_links":{"self":[{"href":"https:\/\/www.puffsvape.com\/fr\/wp-json\/wp\/v2\/product\/1344","targetHints":{"allow":["GET"]}}],"collection":[{"href":"https:\/\/www.puffsvape.com\/fr\/wp-json\/wp\/v2\/product"}],"about":[{"href":"https:\/\/www.puffsvape.com\/fr\/wp-json\/wp\/v2\/types\/product"}],"replies":[{"embeddable":true,"href":"https:\/\/www.puffsvape.com\/fr\/wp-json\/wp\/v2\/comments?post=1344"}],"wp:featuredmedia":[{"embeddable":true,"href":"https:\/\/www.puffsvape.com\/fr\/wp-json\/wp\/v2\/media\/1340"}],"wp:attachment":[{"href":"https:\/\/www.puffsvape.com\/fr\/wp-json\/wp\/v2\/media?parent=1344"}],"wp:term":[{"taxonomy":"product_brand","embeddable":true,"href":"https:\/\/www.puffsvape.com\/fr\/wp-json\/wp\/v2\/product_brand?post=1344"},{"taxonomy":"product_cat","embeddable":true,"href":"https:\/\/www.puffsvape.com\/fr\/wp-json\/wp\/v2\/product_cat?post=1344"},{"taxonomy":"product_tag","embeddable":true,"href":"https:\/\/www.puffsvape.com\/fr\/wp-json\/wp\/v2\/product_tag?post=1344"},{"taxonomy":"berocket_brand","embeddable":true,"href":"https:\/\/www.puffsvape.com\/fr\/wp-json\/wp\/v2\/berocket_brand?post=1344"}],"curies":[{"name":"wp","href":"https:\/\/api.w.org\/{rel}","templated":true}]}}