{"id":13,"date":"2024-03-23T11:42:44","date_gmt":"2024-03-23T11:42:44","guid":{"rendered":"https:\/\/www.puffsvape.com\/?post_type=product&#038;p=13"},"modified":"2026-04-26T19:45:29","modified_gmt":"2026-04-26T11:45:29","slug":"lavie-nio-box-9000-disposable-vape","status":"publish","type":"product","link":"https:\/\/www.puffsvape.com\/fr\/produit\/lavie-nio-box-9000-jetable-vape\/","title":{"rendered":"Lavie Nio Box 9000 Vape jetable"},"content":{"rendered":"<p>Lavie Nio Box est une vape jetable au design unique qui contient 18 ml d'e-liquide, et qui dispose d'une batterie rechargeable int\u00e9gr\u00e9e de 500 mAh. Elle peut supporter jusqu'\u00e0 9 000 bouff\u00e9es !<\/p>\n<p>La bo\u00eete de Lavie Nio est pleine de m\u00e9canique, ce qui contraste avec les autocollants tr\u00e8s caricaturaux pr\u00e9sent\u00e9s \u00e0 travers l'int\u00e9rieur transparent de la coque. Le go\u00fbt est exceptionnel, chaque ar\u00f4me \u00e9tant m\u00e9lang\u00e9 plusieurs fois.<\/p>\n<h2><span style=\"font-size: 18pt;\">Lavie Nio Box 9000 Vape jetable Sp\u00e9cifications :<\/span><\/h2>\n<p>Marque:LAVIE<\/p>\n<p>Bouff\u00e9es:9000 bouff\u00e9es sont disponibles par appareil<\/p>\n<p>Nicotine:0%\/2%\/5%<\/p>\n<p>Capacit\u00e9 de l'e-juice : 18ML<\/p>\n<p>Batterie : 550mAh<\/p>\n<p>Port de charge : Type-C<\/p>\n<h2><span style=\"font-size: 18pt;\">Saveurs<\/span><\/h2>\n<ol>\n<li>Cola Ice<\/li>\n<li>Haricots verts Lait de coco<\/li>\n<li>Yakult<\/li>\n<li>Glace fraise-mangue<\/li>\n<li>Glace au melon<\/li>\n<li>Raisin violet<\/li>\n<li>Glace \u00e0 la past\u00e8que<\/li>\n<li>Glace \u00e0 la goyave<\/li>\n<li>Double pomme<\/li>\n<li>Cr\u00e8me glac\u00e9e \u00e0 la fraise<\/li>\n<li>Baies m\u00e9lang\u00e9es<\/li>\n<li>P\u00eache Prune<\/li>\n<\/ol>\n<h2>Emballage et poids<\/h2>\n<p>0.090KG\/PCS, une seule pi\u00e8ce dans un petit emballage, 10 pi\u00e8ces dans une bo\u00eete moyenne.<\/p>\n<p>200PCS en carton, 22KG.<\/p>\n<figure id=\"attachment_893\" aria-describedby=\"caption-attachment-893\" style=\"width: 800px\" class=\"wp-caption alignnone\"><img fetchpriority=\"high\" decoding=\"async\" class=\"wp-image-893 size-full\" title=\"LAVIE NIO BOX 9000 bouff\u00e9es Vape jetable Wholesale All Flavors\" src=\"https:\/\/www.puffsvape.com\/wp-content\/uploads\/2024\/03\/LAVIE-NIO-BOX-9000-Puffs-Disposable-Vape-Wholesale-All-Flavors.jpg\" alt=\"LAVIE NIO BOX 9000 bouff\u00e9es Vape jetable Wholesale All Flavors\" width=\"800\" height=\"800\" srcset=\"https:\/\/www.puffsvape.com\/wp-content\/uploads\/2024\/03\/LAVIE-NIO-BOX-9000-Puffs-Disposable-Vape-Wholesale-All-Flavors.jpg 800w, https:\/\/www.puffsvape.com\/wp-content\/uploads\/2024\/03\/LAVIE-NIO-BOX-9000-Puffs-Disposable-Vape-Wholesale-All-Flavors-247x247.jpg 247w, https:\/\/www.puffsvape.com\/wp-content\/uploads\/2024\/03\/LAVIE-NIO-BOX-9000-Puffs-Disposable-Vape-Wholesale-All-Flavors-100x100.jpg 100w, https:\/\/www.puffsvape.com\/wp-content\/uploads\/2024\/03\/LAVIE-NIO-BOX-9000-Puffs-Disposable-Vape-Wholesale-All-Flavors-510x510.jpg 510w, https:\/\/www.puffsvape.com\/wp-content\/uploads\/2024\/03\/LAVIE-NIO-BOX-9000-Puffs-Disposable-Vape-Wholesale-All-Flavors-300x300.jpg 300w, https:\/\/www.puffsvape.com\/wp-content\/uploads\/2024\/03\/LAVIE-NIO-BOX-9000-Puffs-Disposable-Vape-Wholesale-All-Flavors-150x150.jpg 150w, https:\/\/www.puffsvape.com\/wp-content\/uploads\/2024\/03\/LAVIE-NIO-BOX-9000-Puffs-Disposable-Vape-Wholesale-All-Flavors-768x768.jpg 768w, https:\/\/www.puffsvape.com\/wp-content\/uploads\/2024\/03\/LAVIE-NIO-BOX-9000-Puffs-Disposable-Vape-Wholesale-All-Flavors-575x575.jpg 575w, https:\/\/www.puffsvape.com\/wp-content\/uploads\/2024\/03\/LAVIE-NIO-BOX-9000-Puffs-Disposable-Vape-Wholesale-All-Flavors-380x380.jpg 380w\" sizes=\"(max-width: 800px) 100vw, 800px\" \/><figcaption id=\"caption-attachment-893\" class=\"wp-caption-text\">LAVIE NIO BOX 9000 Puffs Vape jetable- Tous les ar\u00f4mes<\/figcaption><\/figure>","protected":false},"excerpt":{"rendered":"<p>Lavie Nio Box est une vape jetable au design unique qui contient 18ml d'e-liquide, et qui dispose d'une batterie rechargeable int\u00e9gr\u00e9e de 500mah, elle supporte jusqu'\u00e0 9000 bouff\u00e9es ! La Lavie Nio Box est pleine de m\u00e9canique, ce qui est contrast\u00e9 par les autocollants tr\u00e8s cartoonesques pr\u00e9sent\u00e9s \u00e0 travers l'int\u00e9rieur transparent de la coque. et le go\u00fbt [...]","protected":false},"featured_media":903,"comment_status":"open","ping_status":"closed","template":"","meta":{"om_disable_all_campaigns":false,"_monsterinsights_skip_tracking":false,"_monsterinsights_sitenote_active":false,"_monsterinsights_sitenote_note":"","_monsterinsights_sitenote_category":0},"product_brand":[],"product_cat":[20],"product_tag":[],"berocket_brand":[21],"class_list":{"0":"post-13","1":"product","2":"type-product","3":"status-publish","4":"has-post-thumbnail","6":"product_cat-lavie","7":"berocket_brand-lavie","8":"wcpa_has_options","10":"first","11":"instock","12":"featured","13":"shipping-taxable","14":"purchasable","15":"product-type-variable","16":"has-default-attributes"},"aioseo_notices":[],"tiered_pricing_fixed_rules":{"20":"9.21","30":"8.56","40":"7.91","50":"7.26","100":"5.84"},"tiered_pricing_percentage_rules":{"20":"9.21","30":"8.56","40":"7.91","50":"7.26","100":"5.84"},"tiered_pricing_type":"fixed","tiered_pricing_minimum":10,"_links":{"self":[{"href":"https:\/\/www.puffsvape.com\/fr\/wp-json\/wp\/v2\/product\/13","targetHints":{"allow":["GET"]}}],"collection":[{"href":"https:\/\/www.puffsvape.com\/fr\/wp-json\/wp\/v2\/product"}],"about":[{"href":"https:\/\/www.puffsvape.com\/fr\/wp-json\/wp\/v2\/types\/product"}],"replies":[{"embeddable":true,"href":"https:\/\/www.puffsvape.com\/fr\/wp-json\/wp\/v2\/comments?post=13"}],"wp:featuredmedia":[{"embeddable":true,"href":"https:\/\/www.puffsvape.com\/fr\/wp-json\/wp\/v2\/media\/903"}],"wp:attachment":[{"href":"https:\/\/www.puffsvape.com\/fr\/wp-json\/wp\/v2\/media?parent=13"}],"wp:term":[{"taxonomy":"product_brand","embeddable":true,"href":"https:\/\/www.puffsvape.com\/fr\/wp-json\/wp\/v2\/product_brand?post=13"},{"taxonomy":"product_cat","embeddable":true,"href":"https:\/\/www.puffsvape.com\/fr\/wp-json\/wp\/v2\/product_cat?post=13"},{"taxonomy":"product_tag","embeddable":true,"href":"https:\/\/www.puffsvape.com\/fr\/wp-json\/wp\/v2\/product_tag?post=13"},{"taxonomy":"berocket_brand","embeddable":true,"href":"https:\/\/www.puffsvape.com\/fr\/wp-json\/wp\/v2\/berocket_brand?post=13"}],"curies":[{"name":"wp","href":"https:\/\/api.w.org\/{rel}","templated":true}]}}