{"id":1211,"date":"2024-04-08T09:44:46","date_gmt":"2024-04-08T09:44:46","guid":{"rendered":"https:\/\/www.puffsvape.com\/?post_type=product&#038;p=1211"},"modified":"2024-08-04T11:01:19","modified_gmt":"2024-08-04T11:01:19","slug":"oco-carnival-10000-puffs-disposable-vape","status":"publish","type":"product","link":"https:\/\/www.puffsvape.com\/fr\/produit\/oco-carnival-10000-puffs-jetable-vape\/","title":{"rendered":"OCO Carnival 10000 Puffs Vape jetable"},"content":{"rendered":"<p>OCO Carnival 10000 est un dispositif de vape jetable avec contr\u00f4le de l'airflow, batterie haute capacit\u00e9 int\u00e9gr\u00e9e de 600mAh, capacit\u00e9 de 15 ml d'e-liquide pour 10000 vaping, go\u00fbt doux du d\u00e9but \u00e0 la fin, saveur pure, pour r\u00e9pondre aux besoins gustatifs.<\/p>\n<h2><span style=\"font-size: 18pt;\"><strong>OCO Carnival 10000 Vape jetable Caract\u00e9ristiques :<\/strong><\/span><\/h2>\n<ul>\n<li>Puffs : 10000 Puffs<\/li>\n<li>Nicotine : 0, 2%, 5%<\/li>\n<li>Capacit\u00e9 E-juice : 15 ML<\/li>\n<li>Batterie : 600mAh (rechargeable)<\/li>\n<li>Port de charge : Type C<\/li>\n<li>Contr\u00f4le du d\u00e9bit d'air<\/li>\n<li>Lumi\u00e8re RVB 6 couleurs<\/li>\n<\/ul>\n<h2><span style=\"font-size: 18pt;\"><strong> Saveurs<\/strong><\/span><\/h2>\n<ol>\n<li>Glace au cassis<\/li>\n<li>Glace aux myrtilles<\/li>\n<li>Glace de raisin<\/li>\n<li>Glace au citron et au cola<\/li>\n<li>Glace au litchi<\/li>\n<li>Glace \u00e0 la mangue<\/li>\n<li>Menthe<\/li>\n<li>Glace \u00e0 la p\u00eache<\/li>\n<li>Pomme rouge Citron<\/li>\n<li>Fraise Mangue<\/li>\n<li>Past\u00e8que \u00e0 la fraise<\/li>\n<li>Glace \u00e0 la past\u00e8que<\/li>\n<\/ol>\n<figure id=\"attachment_1218\" aria-describedby=\"caption-attachment-1218\" style=\"width: 510px\" class=\"wp-caption alignnone\"><img fetchpriority=\"high\" decoding=\"async\" class=\"size-full wp-image-1218\" title=\"OCO Carnival 10000 Puffs Vape jetable\" src=\"https:\/\/www.puffsvape.com\/wp-content\/uploads\/2024\/04\/OCO-Carnival-10000-Puffs-Disposable-Vape.webp\" alt=\"OCO Carnival 10000 Puffs Vape jetable\" width=\"510\" height=\"364\" srcset=\"https:\/\/www.puffsvape.com\/wp-content\/uploads\/2024\/04\/OCO-Carnival-10000-Puffs-Disposable-Vape.webp 510w, https:\/\/www.puffsvape.com\/wp-content\/uploads\/2024\/04\/OCO-Carnival-10000-Puffs-Disposable-Vape-300x214.webp 300w, https:\/\/www.puffsvape.com\/wp-content\/uploads\/2024\/04\/OCO-Carnival-10000-Puffs-Disposable-Vape-380x271.webp 380w\" sizes=\"(max-width: 510px) 100vw, 510px\" \/><figcaption id=\"caption-attachment-1218\" class=\"wp-caption-text\">OCO Carnival 10000 Puffs Vape jetable<\/figcaption><\/figure>","protected":false},"excerpt":{"rendered":"<p>OCO Carnival 10000 est un dispositif de vape jetable avec contr\u00f4le de l'airflow, batterie haute capacit\u00e9 int\u00e9gr\u00e9e de 600mAh, capacit\u00e9 de 15 ml d'e-liquide pour 10000 vape, go\u00fbt doux du d\u00e9but \u00e0 la fin, saveur pure, pour r\u00e9pondre aux besoins gustatifs. OCO Carnival 10000 Vape jetable Caract\u00e9ristiques : Bouff\u00e9es : 10000 bouff\u00e9es Nicotine : 0, 2%, 5% Capacit\u00e9 E-juice : 15 ML Batterie : 600mAh ( [...]","protected":false},"featured_media":1217,"comment_status":"open","ping_status":"closed","template":"","meta":{"om_disable_all_campaigns":false,"_monsterinsights_skip_tracking":false,"_monsterinsights_sitenote_active":false,"_monsterinsights_sitenote_note":"","_monsterinsights_sitenote_category":0},"product_brand":[],"product_cat":[20],"product_tag":[],"berocket_brand":[21],"class_list":{"0":"post-1211","1":"product","2":"type-product","3":"status-publish","4":"has-post-thumbnail","6":"product_cat-lavie","7":"berocket_brand-lavie","8":"wcpa_has_options","10":"first","11":"instock","12":"shipping-taxable","13":"purchasable","14":"product-type-variable","15":"has-default-attributes"},"aioseo_notices":[],"tiered_pricing_fixed_rules":{"20":"9.5","30":"8.85","40":"8.20","50":"7.56","100":"6.13"},"tiered_pricing_percentage_rules":{"20":"9.5","30":"8.85","40":"8.20","50":"7.56","100":"6.13"},"tiered_pricing_type":"fixed","tiered_pricing_minimum":10,"_links":{"self":[{"href":"https:\/\/www.puffsvape.com\/fr\/wp-json\/wp\/v2\/product\/1211","targetHints":{"allow":["GET"]}}],"collection":[{"href":"https:\/\/www.puffsvape.com\/fr\/wp-json\/wp\/v2\/product"}],"about":[{"href":"https:\/\/www.puffsvape.com\/fr\/wp-json\/wp\/v2\/types\/product"}],"replies":[{"embeddable":true,"href":"https:\/\/www.puffsvape.com\/fr\/wp-json\/wp\/v2\/comments?post=1211"}],"wp:featuredmedia":[{"embeddable":true,"href":"https:\/\/www.puffsvape.com\/fr\/wp-json\/wp\/v2\/media\/1217"}],"wp:attachment":[{"href":"https:\/\/www.puffsvape.com\/fr\/wp-json\/wp\/v2\/media?parent=1211"}],"wp:term":[{"taxonomy":"product_brand","embeddable":true,"href":"https:\/\/www.puffsvape.com\/fr\/wp-json\/wp\/v2\/product_brand?post=1211"},{"taxonomy":"product_cat","embeddable":true,"href":"https:\/\/www.puffsvape.com\/fr\/wp-json\/wp\/v2\/product_cat?post=1211"},{"taxonomy":"product_tag","embeddable":true,"href":"https:\/\/www.puffsvape.com\/fr\/wp-json\/wp\/v2\/product_tag?post=1211"},{"taxonomy":"berocket_brand","embeddable":true,"href":"https:\/\/www.puffsvape.com\/fr\/wp-json\/wp\/v2\/berocket_brand?post=1211"}],"curies":[{"name":"wp","href":"https:\/\/api.w.org\/{rel}","templated":true}]}}