{"id":1181,"date":"2024-04-08T02:53:02","date_gmt":"2024-04-08T02:53:02","guid":{"rendered":"https:\/\/www.puffsvape.com\/?post_type=product&#038;p=1181"},"modified":"2025-04-13T03:31:30","modified_gmt":"2025-04-13T03:31:30","slug":"lavie-disc-10000-puffs-disposable-vape","status":"publish","type":"product","link":"https:\/\/www.puffsvape.com\/fr\/produit\/lavie-disc-10000-puffs-jetable-vape\/","title":{"rendered":"Lavie Disc 10000 Puffs Vape jetable"},"content":{"rendered":"<p>Lavie Disc 10000 est une vape rechargeable jetable avec un design \u00e0 la mode et nouveau, la forme est comme un petit tourne-disque, tr\u00e8s int\u00e9ressant, il est tr\u00e8s textur\u00e9 dans votre main. Batterie haute capacit\u00e9 550mAh int\u00e9gr\u00e9e, capacit\u00e9 de 20 ml d'e-liquide pour 10000 vape, go\u00fbt doux du d\u00e9but \u00e0 la fin, saveur pure, pour r\u00e9pondre aux besoins gustatifs.<\/p>\n<h2><span style=\"font-size: 18pt;\"><strong>Lavie Disc 10000 Vape jetable Sp\u00e9cifications :<\/strong><\/span><\/h2>\n<ul>\n<li>Marque:Lavie<\/li>\n<li>Bouff\u00e9es:10000 bouff\u00e9es sont disponibles par appareil<\/li>\n<li>Nicotine:0%\/2%\/5%<\/li>\n<li>Capacit\u00e9 E-juice:20ML<\/li>\n<li>Batterie : 550mAh<\/li>\n<li>Port de charge : Type-C<\/li>\n<\/ul>\n<h2><strong><span style=\"font-size: 18pt;\">Saveurs<\/span><\/strong><\/h2>\n<ol>\n<li>Double pomme<\/li>\n<li>Baies m\u00e9lang\u00e9es<\/li>\n<li>Glace \u00e0 la past\u00e8que<\/li>\n<li>Th\u00e9 noir au citron<\/li>\n<li>Cola Ice<\/li>\n<li>Milo<\/li>\n<li>Fruit de la passion<\/li>\n<li>Past\u00e8que Fraise<\/li>\n<li>Yakult<\/li>\n<li>Glace de raisin<\/li>\n<li>Jus de p\u00eache<\/li>\n<li>Menthe<\/li>\n<\/ol>\n<figure id=\"attachment_1187\" aria-describedby=\"caption-attachment-1187\" style=\"width: 800px\" class=\"wp-caption alignnone\"><img fetchpriority=\"high\" decoding=\"async\" class=\"size-full wp-image-1187\" title=\"Lavie Disc 10000 Puffs Vape jetable\" src=\"https:\/\/www.puffsvape.com\/wp-content\/uploads\/2024\/04\/Lavie-Disc-10000-Puffs-Disposable-Vape.webp\" alt=\"Lavie Disc 10000 Puffs Vape jetable\" width=\"800\" height=\"800\" srcset=\"https:\/\/www.puffsvape.com\/wp-content\/uploads\/2024\/04\/Lavie-Disc-10000-Puffs-Disposable-Vape.webp 800w, https:\/\/www.puffsvape.com\/wp-content\/uploads\/2024\/04\/Lavie-Disc-10000-Puffs-Disposable-Vape-247x247.webp 247w, https:\/\/www.puffsvape.com\/wp-content\/uploads\/2024\/04\/Lavie-Disc-10000-Puffs-Disposable-Vape-100x100.webp 100w, https:\/\/www.puffsvape.com\/wp-content\/uploads\/2024\/04\/Lavie-Disc-10000-Puffs-Disposable-Vape-510x510.webp 510w, https:\/\/www.puffsvape.com\/wp-content\/uploads\/2024\/04\/Lavie-Disc-10000-Puffs-Disposable-Vape-300x300.webp 300w, https:\/\/www.puffsvape.com\/wp-content\/uploads\/2024\/04\/Lavie-Disc-10000-Puffs-Disposable-Vape-150x150.webp 150w, https:\/\/www.puffsvape.com\/wp-content\/uploads\/2024\/04\/Lavie-Disc-10000-Puffs-Disposable-Vape-768x768.webp 768w, https:\/\/www.puffsvape.com\/wp-content\/uploads\/2024\/04\/Lavie-Disc-10000-Puffs-Disposable-Vape-575x575.webp 575w, https:\/\/www.puffsvape.com\/wp-content\/uploads\/2024\/04\/Lavie-Disc-10000-Puffs-Disposable-Vape-380x380.webp 380w\" sizes=\"(max-width: 800px) 100vw, 800px\" \/><figcaption id=\"caption-attachment-1187\" class=\"wp-caption-text\">Lavie Disc 10000 Puffs Vape jetable<\/figcaption><\/figure>","protected":false},"excerpt":{"rendered":"<p>Lavie Disc 10000 est une vape rechargeable jetable avec un design \u00e0 la mode et nouveau, la forme est comme un petit tourne-disque, tr\u00e8s int\u00e9ressant, il est tr\u00e8s textur\u00e9 dans votre main. Batterie haute capacit\u00e9 550mAh int\u00e9gr\u00e9e, capacit\u00e9 de 20 ml d'e-liquide pour 10000 vape, go\u00fbt doux du d\u00e9but \u00e0 la fin, saveur pure, pour r\u00e9pondre aux besoins gustatifs. Lavie [...]","protected":false},"featured_media":1192,"comment_status":"open","ping_status":"closed","template":"","meta":{"om_disable_all_campaigns":false,"_monsterinsights_skip_tracking":false,"_monsterinsights_sitenote_active":false,"_monsterinsights_sitenote_note":"","_monsterinsights_sitenote_category":0},"product_brand":[],"product_cat":[20],"product_tag":[],"berocket_brand":[21],"class_list":{"0":"post-1181","1":"product","2":"type-product","3":"status-publish","4":"has-post-thumbnail","6":"product_cat-lavie","7":"berocket_brand-lavie","8":"wcpa_has_options","10":"first","11":"instock","12":"shipping-taxable","13":"purchasable","14":"product-type-variable","15":"has-default-attributes"},"aioseo_notices":[],"tiered_pricing_fixed_rules":{"20":"9.49","30":"8.85","40":"8.20","50":"7.55","100":"6.12"},"tiered_pricing_percentage_rules":{"20":"9.49","30":"8.85","40":"8.20","50":"7.55","100":"6.12"},"tiered_pricing_type":"fixed","tiered_pricing_minimum":10,"_links":{"self":[{"href":"https:\/\/www.puffsvape.com\/fr\/wp-json\/wp\/v2\/product\/1181","targetHints":{"allow":["GET"]}}],"collection":[{"href":"https:\/\/www.puffsvape.com\/fr\/wp-json\/wp\/v2\/product"}],"about":[{"href":"https:\/\/www.puffsvape.com\/fr\/wp-json\/wp\/v2\/types\/product"}],"replies":[{"embeddable":true,"href":"https:\/\/www.puffsvape.com\/fr\/wp-json\/wp\/v2\/comments?post=1181"}],"wp:featuredmedia":[{"embeddable":true,"href":"https:\/\/www.puffsvape.com\/fr\/wp-json\/wp\/v2\/media\/1192"}],"wp:attachment":[{"href":"https:\/\/www.puffsvape.com\/fr\/wp-json\/wp\/v2\/media?parent=1181"}],"wp:term":[{"taxonomy":"product_brand","embeddable":true,"href":"https:\/\/www.puffsvape.com\/fr\/wp-json\/wp\/v2\/product_brand?post=1181"},{"taxonomy":"product_cat","embeddable":true,"href":"https:\/\/www.puffsvape.com\/fr\/wp-json\/wp\/v2\/product_cat?post=1181"},{"taxonomy":"product_tag","embeddable":true,"href":"https:\/\/www.puffsvape.com\/fr\/wp-json\/wp\/v2\/product_tag?post=1181"},{"taxonomy":"berocket_brand","embeddable":true,"href":"https:\/\/www.puffsvape.com\/fr\/wp-json\/wp\/v2\/berocket_brand?post=1181"}],"curies":[{"name":"wp","href":"https:\/\/api.w.org\/{rel}","templated":true}]}}