{"id":2095,"date":"2024-09-14T09:05:53","date_gmt":"2024-09-14T09:05:53","guid":{"rendered":"https:\/\/www.puffsvape.com\/?page_id=2095"},"modified":"2024-09-14T09:10:22","modified_gmt":"2024-09-14T09:10:22","slug":"payment-finish","status":"publish","type":"page","link":"https:\/\/www.puffsvape.com\/fr\/contact\/fin-du-paiement\/","title":{"rendered":"Fin de paiement"},"content":{"rendered":"<div class='fluentform ff-default fluentform_wrapper_4 ffs_default_wrap'><form data-form_id=\"4\" id=\"fluentform_4\" class=\"frm-fluent-form fluent_form_4 ff-el-form-top ff_form_instance_4_1 ff-form-loading ffs_default\" data-form_instance=\"ff_form_instance_4_1\" method=\"POST\" action=\"\" ><fieldset  style=\"border: none!important;margin: 0!important;padding: 0!important;background-color: transparent!important;box-shadow: none!important;outline: none!important; min-inline-size: 100%;\">\n                    <legend class=\"ff_screen_reader_title\" style=\"display: block; margin: 0!important;padding: 0!important;height: 0!important;text-indent: -999999px;width: 0!important;overflow:hidden;\">Apr\u00e8s le paiement<\/legend><input type='hidden' name='__fluent_form_embded_post_id' value='2095' \/><input type=\"hidden\" id=\"_fluentform_4_fluentformnonce\" name=\"_fluentform_4_fluentformnonce\" value=\"50db12ddf4\" \/><input type=\"hidden\" name=\"_wp_http_referer\" value=\"\/fr\/wp-json\/wp\/v2\/pages\/2095\" \/><div data-type=\"name-element\" data-name=\"names\" class=\"ff-field_container ff-name-field-wrapper\" ><div class='ff-t-container'><div class='ff-t-cell'><div class='ff-el-group ff-el-form-top'><div class=\"ff-el-input--label ff-el-is-required asterisk-right\"><label for='ff_4_names_first_name_' >Nom du payeur<\/label><\/div><div class='ff-el-input--content'><input type=\"text\" name=\"names[first_name]\" id=\"ff_4_names_first_name_\" class=\"ff-el-form-control\" placeholder=\"Peut \u00eatre diff\u00e9rent du nom du destinataire de l&#039;ordre\" aria-invalid=\"false\" aria-required=\"true\"><\/div><\/div><\/div><\/div><\/div><div class='ff-el-group'><div class=\"ff-el-input--label ff-el-is-required asterisk-right\"><label for='ff_4_email' aria-label=\"Adresse \u00e9lectronique de votre commande\">Adresse \u00e9lectronique de votre commande<\/label><\/div><div class='ff-el-input--content'><input type=\"email\" name=\"email\" id=\"ff_4_email\" class=\"ff-el-form-control\" placeholder=\"L&#039;adresse \u00e9lectronique que vous avez laiss\u00e9e lors de votre commande\" data-name=\"email\"  aria-invalid=\"false\" aria-required=\"true\"><\/div><\/div><div class='ff-el-group'><div class=\"ff-el-input--label ff-el-is-required asterisk-right\"><label for='ff_4_input_text' aria-label=\"Votre num\u00e9ro de commande\">Votre num\u00e9ro de commande<\/label><\/div><div class='ff-el-input--content'><input type=\"text\" name=\"input_text\" class=\"ff-el-form-control\" placeholder=\"Comme PUV1920\" data-name=\"input_text\" id=\"ff_4_input_text\"  aria-invalid=\"false\" aria-required=\"true\"><\/div><\/div><div class='ff-el-group'><div class=\"ff-el-input--label ff-el-is-required asterisk-right\"><label for='ff_4_numeric_field' aria-label=\"Montant de la commande\">Montant de la commande<\/label><\/div><div class='ff-el-input--content'><div class=\"ff_input-group\"><div class=\"ff_input-group-prepend\"><span class=\"ff_input-group-text\">\u20ac<\/span><\/div><input type=\"number\" name=\"numeric_field\" id=\"ff_4_numeric_field\" class=\"ff-el-form-control\" data-name=\"numeric_field\" inputmode=\"numeric\" step=\"any\"  aria-invalid=\"false\" aria-required=\"true\"><\/div><\/div><\/div><div class='ff-el-group'><div class=\"ff-el-input--label ff-el-is-required asterisk-right\"><label for='ff_4_dropdown' aria-label=\"De quel pays envoyez-vous le paiement ?\">De quel pays envoyez-vous le paiement ?<\/label><\/div><div class='ff-el-input--content'><select name=\"dropdown\" id=\"ff_4_dropdown\" class=\"ff-el-form-control\" data-name=\"dropdown\" data-calc_value=\"0\"  aria-invalid=\"false\" aria-required=\"true\"><option value=\"\">- S\u00e9lectionner -<\/option><option value=\"Austria\"  >Autriche<\/option><option value=\"Belgium\"  >Belgique<\/option><option value=\"Bulgaria\"  >Bulgarie<\/option><option value=\"Croatia\"  >Croatie<\/option><option value=\"Czech Republic\"  >R\u00e9publique tch\u00e8que<\/option><option value=\"Denmark\"  >Danemark<\/option><option value=\"Estonia\"  >Estonie<\/option><option value=\"Finland\"  >Finlande<\/option><option value=\"France\"  >France<\/option><option value=\"lreland\"  >Irlande<\/option><option value=\"Germany\"  >Allemagne<\/option><option value=\"Greece\"  >Gr\u00e8ce<\/option><option value=\"Hungary\"  >Hongrie<\/option><option value=\"Italy\"  >Italie<\/option><option value=\"Latvia\"  >Lettonie<\/option><option value=\"Lithuania\"  >Lituanie<\/option><option value=\"Luxembourg\"  >Luxembourg<\/option><option value=\"Netherlands\"  >Pays-Bas<\/option><option value=\"Poland\"  >Pologne<\/option><option value=\"Portugal\"  >Portugal<\/option><option value=\"Romania\"  >Roumanie<\/option><option value=\"Slovakia\"  >Slovaquie<\/option><option value=\"Slovenia\"  >Slov\u00e9nie<\/option><option value=\"Spain\"  >Espagne<\/option><option value=\"Sweden\"  >Su\u00e8de<\/option><\/select><\/div><\/div><div class='ff-el-group ff-text-left ff_submit_btn_wrapper'><button type=\"submit\" class=\"ff-btn ff-btn-submit ff-btn-md ff_btn_style\" >Envoyer au directeur du magasin<\/button><\/div><\/fieldset><input type=\"hidden\" name=\"trp-form-language\" value=\"fr\"\/><\/form><div id='fluentform_4_errors' class='ff-errors-in-stack ff_form_instance_4_1 ff-form-loading_errors ff_form_instance_4_1_errors'><\/div><\/div>        <script type=\"text\/javascript\">\n            window.fluent_form_ff_form_instance_4_1 = {\"id\":\"4\",\"settings\":{\"layout\":{\"labelPlacement\":\"top\",\"helpMessagePlacement\":\"with_label\",\"errorMessagePlacement\":\"inline\",\"cssClassName\":\"\",\"asteriskPlacement\":\"asterisk-right\"},\"restrictions\":{\"denyEmptySubmission\":{\"enabled\":false}}},\"form_instance\":\"ff_form_instance_4_1\",\"form_id_selector\":\"fluentform_4\",\"rules\":{\"names[first_name]\":{\"required\":{\"value\":true,\"message\":\"Ce champ est obligatoire\",\"global_message\":\"This field is required\",\"global\":true}},\"names[middle_name]\":{\"required\":{\"value\":false,\"message\":\"Ce champ est obligatoire\",\"global_message\":\"This field is required\",\"global\":true}},\"names[last_name]\":{\"required\":{\"value\":false,\"message\":\"Ce champ est obligatoire\",\"global_message\":\"This field is required\",\"global\":true}},\"email\":{\"required\":{\"value\":true,\"message\":\"Ce champ est obligatoire\",\"global_message\":\"This field is required\",\"global\":true},\"email\":{\"value\":true,\"message\":\"Ce champ doit contenir un e-mail valide\",\"global_message\":\"This field must contain a valid email\",\"global\":true}},\"input_text\":{\"required\":{\"value\":true,\"message\":\"Ce champ est obligatoire\",\"global_message\":\"This field is required\",\"global\":true}},\"numeric_field\":{\"required\":{\"value\":true,\"message\":\"Ce champ est obligatoire\",\"global_message\":\"This field is required\",\"global\":true},\"numeric\":{\"value\":true,\"message\":\"Ce champ doit contenir une valeur num\\u00e9rique\",\"global_message\":\"This field must contain numeric value\",\"global\":true},\"min\":{\"value\":\"\",\"message\":\"\\u00c9chec de la validation pour la valeur minimale\",\"global_message\":\"Validation fails for minimum value\",\"global\":true},\"max\":{\"value\":\"\",\"message\":\"\\u00c9chec de la validation pour la valeur maximale\",\"global_message\":\"Validation fails for maximum value\",\"global\":true},\"digits\":{\"value\":\"\",\"message\":\"La validation \\u00e9choue pour un nombre limit\\u00e9 de chiffres\",\"global_message\":\"Validation fails for limited digits\",\"global\":true}},\"dropdown\":{\"required\":{\"value\":true,\"message\":\"Ce champ est obligatoire\",\"global_message\":\"This field is required\",\"global\":true}}},\"debounce_time\":300};\n                    <\/script>\n        \n<ol>\n<li>Si votre payeur est le m\u00eame que le nom que vous avez laiss\u00e9 lors de la commande, ou si vous avez not\u00e9 le num\u00e9ro de commande lors du paiement, vous ne devez pas nous en informer en remplissant le formulaire.<\/li>\n<li>Toutefois, si le nom du destinataire que vous avez laiss\u00e9 lors de votre commande n'est pas le m\u00eame que celui de votre payeur, et que vous n'avez pas not\u00e9 le num\u00e9ro de commande lors du paiement, nous vous sugg\u00e9rons de remplir ce formulaire et de nous l'envoyer afin que nous puissions reconna\u00eetre rapidement votre paiement et traiter votre commande dans les plus brefs d\u00e9lais, merci.<\/li>\n<\/ol>","protected":false},"excerpt":{"rendered":"<p>Si votre payeur est le m\u00eame que le nom que vous avez laiss\u00e9 lors de la commande, ou si vous avez not\u00e9 le num\u00e9ro de commande lors du paiement, vous ne devez pas nous en informer en remplissant le formulaire. Toutefois, si le nom du destinataire que vous avez laiss\u00e9 lors de votre [...]","protected":false},"author":1,"featured_media":0,"parent":1169,"menu_order":0,"comment_status":"closed","ping_status":"closed","template":"","meta":{"om_disable_all_campaigns":false,"_monsterinsights_skip_tracking":false,"_monsterinsights_sitenote_active":false,"_monsterinsights_sitenote_note":"","_monsterinsights_sitenote_category":0,"footnotes":""},"class_list":["post-2095","page","type-page","status-publish","hentry"],"aioseo_notices":[],"_links":{"self":[{"href":"https:\/\/www.puffsvape.com\/fr\/wp-json\/wp\/v2\/pages\/2095","targetHints":{"allow":["GET"]}}],"collection":[{"href":"https:\/\/www.puffsvape.com\/fr\/wp-json\/wp\/v2\/pages"}],"about":[{"href":"https:\/\/www.puffsvape.com\/fr\/wp-json\/wp\/v2\/types\/page"}],"author":[{"embeddable":true,"href":"https:\/\/www.puffsvape.com\/fr\/wp-json\/wp\/v2\/users\/1"}],"replies":[{"embeddable":true,"href":"https:\/\/www.puffsvape.com\/fr\/wp-json\/wp\/v2\/comments?post=2095"}],"version-history":[{"count":4,"href":"https:\/\/www.puffsvape.com\/fr\/wp-json\/wp\/v2\/pages\/2095\/revisions"}],"predecessor-version":[{"id":2099,"href":"https:\/\/www.puffsvape.com\/fr\/wp-json\/wp\/v2\/pages\/2095\/revisions\/2099"}],"up":[{"embeddable":true,"href":"https:\/\/www.puffsvape.com\/fr\/wp-json\/wp\/v2\/pages\/1169"}],"wp:attachment":[{"href":"https:\/\/www.puffsvape.com\/fr\/wp-json\/wp\/v2\/media?parent=2095"}],"curies":[{"name":"wp","href":"https:\/\/api.w.org\/{rel}","templated":true}]}}