{"id":1853,"date":"2024-09-01T05:09:47","date_gmt":"2024-09-01T05:09:47","guid":{"rendered":"https:\/\/www.puffsvape.com\/?page_id=1853"},"modified":"2024-09-01T05:57:00","modified_gmt":"2024-09-01T05:57:00","slug":"qpm","status":"publish","type":"page","link":"https:\/\/www.puffsvape.com\/fr\/qpm\/","title":{"rendered":"Quantit\u00e9 &amp; Prix &amp; MOQ"},"content":{"rendered":"<p>Sur la base des questions fr\u00e9quemment pos\u00e9es par nos clients, nous fournissons une explication sp\u00e9ciale de ces mots-cl\u00e9s.<\/p>\n<p>Prenons l'exemple d'un des produits de notre magasin, qui sera expliqu\u00e9 comme suit<\/p>\n<p>https:\/\/www.puffsvape.com\/product\/bang-king-25000-puffs-disposable-vape\/<\/p>\n<ul>\n<li>\n<h3><span style=\"color: #0000ff;\">Quelle est la quantit\u00e9 minimale de commande ?<\/span><\/h3>\n<\/li>\n<\/ul>\n<p>Pour la plupart des produits, la quantit\u00e9 minimale de commande est de 10 pi\u00e8ces, sauf indication contraire sur la page, par exemple 50 pi\u00e8ces, 100 pi\u00e8ces.<\/p>\n<ul>\n<li>\n<h3><span style=\"color: #0000ff;\">Quel est le prix ?<\/span><\/h3>\n<\/li>\n<\/ul>\n<p>Le prix sera affich\u00e9 juste en dessous du titre du produit, c'est le prix le plus bas pour la plus grande quantit\u00e9, si vous commandez la plus petite quantit\u00e9, le prix sera affich\u00e9 juste en dessous.<\/p>\n<figure id=\"attachment_1856\" aria-describedby=\"caption-attachment-1856\" style=\"width: 1024px\" class=\"wp-caption aligncenter\"><img fetchpriority=\"high\" decoding=\"async\" class=\"wp-image-1856 size-large\" title=\"prix\" src=\"https:\/\/www.puffsvape.com\/wp-content\/uploads\/2024\/09\/price-1024x553.jpg\" alt=\"prix\" width=\"1024\" height=\"553\" srcset=\"https:\/\/www.puffsvape.com\/wp-content\/uploads\/2024\/09\/price-1024x553.jpg 1024w, https:\/\/www.puffsvape.com\/wp-content\/uploads\/2024\/09\/price-510x276.jpg 510w, https:\/\/www.puffsvape.com\/wp-content\/uploads\/2024\/09\/price-300x162.jpg 300w, https:\/\/www.puffsvape.com\/wp-content\/uploads\/2024\/09\/price-768x415.jpg 768w, https:\/\/www.puffsvape.com\/wp-content\/uploads\/2024\/09\/price-18x10.jpg 18w, https:\/\/www.puffsvape.com\/wp-content\/uploads\/2024\/09\/price-1140x616.jpg 1140w, https:\/\/www.puffsvape.com\/wp-content\/uploads\/2024\/09\/price-920x497.jpg 920w, https:\/\/www.puffsvape.com\/wp-content\/uploads\/2024\/09\/price-575x311.jpg 575w, https:\/\/www.puffsvape.com\/wp-content\/uploads\/2024\/09\/price-380x205.jpg 380w, https:\/\/www.puffsvape.com\/wp-content\/uploads\/2024\/09\/price.jpg 1199w\" sizes=\"(max-width: 1024px) 100vw, 1024px\" \/><figcaption id=\"caption-attachment-1856\" class=\"wp-caption-text\"><span style=\"color: #800080;\"><em>PRIX du produit<\/em><\/span><\/figcaption><\/figure>\n<ul>\n<li>\n<h3><span style=\"color: #0000ff;\">Le prix est-il valable pour 1 ou 10 pi\u00e8ces ?<\/span><\/h3>\n<\/li>\n<\/ul>\n<p>Le prix est pour 1, c'est \u00e0 dire une seule vape<\/p>\n<ul>\n<li>\n<h3><span style=\"color: #0000ff;\">Puis-je commander diff\u00e9rents parfums pour 10 pcs\uff1f ?<\/span><\/h3>\n<\/li>\n<\/ul>\n<p>Non, typiquement, 10 pi\u00e8ces du m\u00eame parfum sont pr\u00e9sent\u00e9es dans une bo\u00eete de pr\u00e9sentation, c'est tout en un et nous ne les vendons pas de mani\u00e8re dispers\u00e9e.<\/p>\n<ul>\n<li>\n<h3><span style=\"color: #0000ff;\">Je veux commander 20 pi\u00e8ces, puis-je choisir 2 saveurs ?<\/span><\/h3>\n<\/li>\n<\/ul>\n<p>Bien s\u00fbr, ce n'est pas un probl\u00e8me, simplement pour dire que notre moq est de 10 pcs\/ar\u00f4me, si vous voulez commander 20 pcs, vous pouvez choisir 2 ar\u00f4mes maximum, si vous voulez commander 30 pcs, vous pouvez choisir 3 ar\u00f4mes maximum...<\/p>\n<ul>\n<li>\n<h3><span style=\"color: #0000ff;\">Comment ajouter des saveurs diff\u00e9rentes (par exemple 30 pcs 3 saveurs) ?<\/span><\/h3>\n<\/li>\n<\/ul>\n<figure id=\"attachment_1860\" aria-describedby=\"caption-attachment-1860\" style=\"width: 1015px\" class=\"wp-caption aligncenter\"><img decoding=\"async\" class=\"wp-image-1860 size-full\" title=\"diff\u00e9rents parfums \u00e0 choisir\" src=\"https:\/\/www.puffsvape.com\/wp-content\/uploads\/2024\/09\/different-flavors-to-choose.png\" alt=\"diff\u00e9rents parfums \u00e0 choisir\" width=\"1015\" height=\"724\" srcset=\"https:\/\/www.puffsvape.com\/wp-content\/uploads\/2024\/09\/different-flavors-to-choose.png 1015w, https:\/\/www.puffsvape.com\/wp-content\/uploads\/2024\/09\/different-flavors-to-choose-510x364.png 510w, https:\/\/www.puffsvape.com\/wp-content\/uploads\/2024\/09\/different-flavors-to-choose-300x214.png 300w, https:\/\/www.puffsvape.com\/wp-content\/uploads\/2024\/09\/different-flavors-to-choose-768x548.png 768w, https:\/\/www.puffsvape.com\/wp-content\/uploads\/2024\/09\/different-flavors-to-choose-18x12.png 18w, https:\/\/www.puffsvape.com\/wp-content\/uploads\/2024\/09\/different-flavors-to-choose-920x656.png 920w, https:\/\/www.puffsvape.com\/wp-content\/uploads\/2024\/09\/different-flavors-to-choose-575x410.png 575w, https:\/\/www.puffsvape.com\/wp-content\/uploads\/2024\/09\/different-flavors-to-choose-380x271.png 380w\" sizes=\"(max-width: 1015px) 100vw, 1015px\" \/><figcaption id=\"caption-attachment-1860\" class=\"wp-caption-text\"><span style=\"color: #800080;\"><em>Diff\u00e9rents parfums \u00e0 choisir<\/em><\/span><\/figcaption><\/figure>\n<p>Cliquez sur le bouton \u2193 \u00e0 droite de l'ar\u00f4me, vous verrez le tableau des ar\u00f4mes ci-dessus, vous pouvez ajouter 3 ar\u00f4mes diff\u00e9rents au panier un par un, puis cliquez sur le panier, vous verrez 3 ar\u00f4mes diff\u00e9rents, vous pouvez \u00e9galement ajuster la quantit\u00e9 sur la page du panier.<\/p>\n<ul>\n<li>\n<h3><span style=\"color: #0000ff;\">Est-ce qu'il y aura du chaeper si j'en commande plus ?<\/span><\/h3>\n<\/li>\n<\/ul>\n<figure id=\"attachment_1862\" aria-describedby=\"caption-attachment-1862\" style=\"width: 1225px\" class=\"wp-caption aligncenter\"><img decoding=\"async\" class=\"wp-image-1862 size-full\" title=\"plus de quantit\u00e9 moins cher\" src=\"https:\/\/www.puffsvape.com\/wp-content\/uploads\/2024\/09\/more-quantity-cheaper.jpg\" alt=\"plus de quantit\u00e9 moins cher\" width=\"1225\" height=\"610\" srcset=\"https:\/\/www.puffsvape.com\/wp-content\/uploads\/2024\/09\/more-quantity-cheaper.jpg 1225w, https:\/\/www.puffsvape.com\/wp-content\/uploads\/2024\/09\/more-quantity-cheaper-510x254.jpg 510w, https:\/\/www.puffsvape.com\/wp-content\/uploads\/2024\/09\/more-quantity-cheaper-300x149.jpg 300w, https:\/\/www.puffsvape.com\/wp-content\/uploads\/2024\/09\/more-quantity-cheaper-1024x510.jpg 1024w, https:\/\/www.puffsvape.com\/wp-content\/uploads\/2024\/09\/more-quantity-cheaper-768x382.jpg 768w, https:\/\/www.puffsvape.com\/wp-content\/uploads\/2024\/09\/more-quantity-cheaper-18x9.jpg 18w, https:\/\/www.puffsvape.com\/wp-content\/uploads\/2024\/09\/more-quantity-cheaper-1140x568.jpg 1140w, https:\/\/www.puffsvape.com\/wp-content\/uploads\/2024\/09\/more-quantity-cheaper-920x458.jpg 920w, https:\/\/www.puffsvape.com\/wp-content\/uploads\/2024\/09\/more-quantity-cheaper-575x286.jpg 575w, https:\/\/www.puffsvape.com\/wp-content\/uploads\/2024\/09\/more-quantity-cheaper-380x189.jpg 380w\" sizes=\"(max-width: 1225px) 100vw, 1225px\" \/><figcaption id=\"caption-attachment-1862\" class=\"wp-caption-text\"><span style=\"color: #800080;\"><em>Plus de quantit\u00e9, moins cher<\/em><\/span><\/figcaption><\/figure>\n<p>Bien s\u00fbr, notre prix est bas\u00e9 sur la quantit\u00e9, vous pouvez voir un tableau de prix apr\u00e8s le titre du produit, il convient uniquement au m\u00eame produit (peut \u00eatre m\u00e9lang\u00e9 avec d'autres saveurs).<\/p>","protected":false},"excerpt":{"rendered":"<p>Sur la base de certaines questions fr\u00e9quemment pos\u00e9es par nos clients, nous fournissons une explication sp\u00e9ciale de ces mots-cl\u00e9s. Prenons l'exemple d'un des produits de notre magasin, qui sera expliqu\u00e9 comme suit : https:\/\/www.puffsvape.com\/product\/bang-king-25000-puffs-disposable-vape\/ Quelle est la quantit\u00e9 minimale de commande ? Pour la plupart des produits, la quantit\u00e9 minimale de commande est de 10 pi\u00e8ces, sauf indication contraire sur la page, par exemple [...]","protected":false},"author":1,"featured_media":0,"parent":0,"menu_order":0,"comment_status":"closed","ping_status":"closed","template":"","meta":{"om_disable_all_campaigns":false,"_monsterinsights_skip_tracking":false,"_monsterinsights_sitenote_active":false,"_monsterinsights_sitenote_note":"","_monsterinsights_sitenote_category":0,"footnotes":""},"class_list":["post-1853","page","type-page","status-publish","hentry"],"aioseo_notices":[],"_links":{"self":[{"href":"https:\/\/www.puffsvape.com\/fr\/wp-json\/wp\/v2\/pages\/1853","targetHints":{"allow":["GET"]}}],"collection":[{"href":"https:\/\/www.puffsvape.com\/fr\/wp-json\/wp\/v2\/pages"}],"about":[{"href":"https:\/\/www.puffsvape.com\/fr\/wp-json\/wp\/v2\/types\/page"}],"author":[{"embeddable":true,"href":"https:\/\/www.puffsvape.com\/fr\/wp-json\/wp\/v2\/users\/1"}],"replies":[{"embeddable":true,"href":"https:\/\/www.puffsvape.com\/fr\/wp-json\/wp\/v2\/comments?post=1853"}],"version-history":[{"count":12,"href":"https:\/\/www.puffsvape.com\/fr\/wp-json\/wp\/v2\/pages\/1853\/revisions"}],"predecessor-version":[{"id":1868,"href":"https:\/\/www.puffsvape.com\/fr\/wp-json\/wp\/v2\/pages\/1853\/revisions\/1868"}],"wp:attachment":[{"href":"https:\/\/www.puffsvape.com\/fr\/wp-json\/wp\/v2\/media?parent=1853"}],"curies":[{"name":"wp","href":"https:\/\/api.w.org\/{rel}","templated":true}]}}