{"id":851,"date":"2024-03-29T07:46:37","date_gmt":"2024-03-29T07:46:37","guid":{"rendered":"https:\/\/www.puffsvape.com\/?post_type=product&#038;p=851"},"modified":"2024-08-04T12:56:35","modified_gmt":"2024-08-04T12:56:35","slug":"lavie-eternal-10000-puffs-disposable-vape","status":"publish","type":"product","link":"https:\/\/www.puffsvape.com\/es\/producto\/lavie-eternal-10000-caladas-vape-desechable\/","title":{"rendered":"Lavie Eternal 10000 Puffs Vape Desechable"},"content":{"rendered":"<p>Lavie Eternal 10000 es un vapeador recargable desechable con un dise\u00f1o moderno y novedoso, muy empresarial. Tiene una pantalla que puede mostrar la potencia y el nivel de combustible. Tiene una carcasa totalmente met\u00e1lica y se siente bien en la mano. Bater\u00eda incorporada de 550mAh de gran capacidad, 18 ml de capacidad de e-l\u00edquido para 10000 vapeos, sabor suave de principio a fin, sabor puro, para satisfacer las necesidades de sabor.<\/p>\n<h2><span style=\"font-size: 18pt;\"><strong>Especificaciones del Vape Desechable LAVIE ETERNAL 10000:<\/strong><\/span><\/h2>\n<ul>\n<li>Marca:LAVIE<\/li>\n<li>Puffs:10000 Puffs disponibles por dispositivo<\/li>\n<li>Nicotina:2%\/5%<\/li>\n<li>Capacidad del E-jugo:18ML<\/li>\n<li>Bater\u00eda:550mAh<\/li>\n<li>Puerto de carga:Tipo-C<\/li>\n<\/ul>\n<p>&nbsp;<\/p>\n<h2><span style=\"font-size: 18pt;\"><strong>Sabores:<\/strong><\/span><\/h2>\n<ol>\n<li>Caf\u00e9<\/li>\n<li>Sand\u00eda<\/li>\n<li>Uva morada<\/li>\n<li>Manzana doble<\/li>\n<li>Menta<\/li>\n<li>Mango<\/li>\n<li>Fruta de la pasi\u00f3n<\/li>\n<li>Lim\u00f3n Cola<\/li>\n<li>Mojito<\/li>\n<li>Yakult<\/li>\n<li>Fresa Mango<\/li>\n<li>Mezcla de bayas<\/li>\n<\/ol>\n<figure id=\"attachment_871\" aria-describedby=\"caption-attachment-871\" style=\"width: 800px\" class=\"wp-caption alignnone\"><img fetchpriority=\"high\" decoding=\"async\" class=\"size-full wp-image-871\" title=\"LAVIE ETERNAL 10000 Puffs Vape Desechable\" src=\"https:\/\/www.puffsvape.com\/wp-content\/uploads\/2024\/03\/LAVIE-ETERNAL-10000-Puffs-Disposable-Vape.jpg\" alt=\"LAVIE ETERNAL 10000 Puffs Vape Desechable\" width=\"800\" height=\"394\" srcset=\"https:\/\/www.puffsvape.com\/wp-content\/uploads\/2024\/03\/LAVIE-ETERNAL-10000-Puffs-Disposable-Vape.jpg 800w, https:\/\/www.puffsvape.com\/wp-content\/uploads\/2024\/03\/LAVIE-ETERNAL-10000-Puffs-Disposable-Vape-510x251.jpg 510w, https:\/\/www.puffsvape.com\/wp-content\/uploads\/2024\/03\/LAVIE-ETERNAL-10000-Puffs-Disposable-Vape-300x148.jpg 300w, https:\/\/www.puffsvape.com\/wp-content\/uploads\/2024\/03\/LAVIE-ETERNAL-10000-Puffs-Disposable-Vape-768x378.jpg 768w, https:\/\/www.puffsvape.com\/wp-content\/uploads\/2024\/03\/LAVIE-ETERNAL-10000-Puffs-Disposable-Vape-575x283.jpg 575w, https:\/\/www.puffsvape.com\/wp-content\/uploads\/2024\/03\/LAVIE-ETERNAL-10000-Puffs-Disposable-Vape-380x187.jpg 380w\" sizes=\"(max-width: 800px) 100vw, 800px\" \/><figcaption id=\"caption-attachment-871\" class=\"wp-caption-text\">LAVIE ETERNAL 10000 Puffs Vape Desechable<\/figcaption><\/figure>","protected":false},"excerpt":{"rendered":"<p>Lavie Eternal 10000 es un vapeador recargable desechable con un dise\u00f1o moderno y novedoso, muy empresarial. Tiene una pantalla que puede mostrar la potencia y el nivel de combustible. Tiene una carcasa totalmente met\u00e1lica y se siente bien en la mano. Bater\u00eda incorporada de 550mAh de gran capacidad, 18 ml de capacidad de e-l\u00edquido para 10000 vapeos, sabor suave de [...].","protected":false},"featured_media":863,"comment_status":"open","ping_status":"closed","template":"","meta":{"om_disable_all_campaigns":false,"_monsterinsights_skip_tracking":false,"_monsterinsights_sitenote_active":false,"_monsterinsights_sitenote_note":"","_monsterinsights_sitenote_category":0},"product_brand":[],"product_cat":[20],"product_tag":[],"berocket_brand":[21],"class_list":{"0":"post-851","1":"product","2":"type-product","3":"status-publish","4":"has-post-thumbnail","6":"product_cat-lavie","7":"berocket_brand-lavie","8":"wcpa_has_options","10":"first","11":"instock","12":"shipping-taxable","13":"purchasable","14":"product-type-variable","15":"has-default-attributes"},"aioseo_notices":[],"tiered_pricing_fixed_rules":{"20":"9.64","30":"8.99","40":"8.34","50":"7.69","100":"6.27"},"tiered_pricing_percentage_rules":{"20":"9.64","30":"8.99","40":"8.34","50":"7.69","100":"6.27"},"tiered_pricing_type":"fixed","tiered_pricing_minimum":10,"_links":{"self":[{"href":"https:\/\/www.puffsvape.com\/es\/wp-json\/wp\/v2\/product\/851","targetHints":{"allow":["GET"]}}],"collection":[{"href":"https:\/\/www.puffsvape.com\/es\/wp-json\/wp\/v2\/product"}],"about":[{"href":"https:\/\/www.puffsvape.com\/es\/wp-json\/wp\/v2\/types\/product"}],"replies":[{"embeddable":true,"href":"https:\/\/www.puffsvape.com\/es\/wp-json\/wp\/v2\/comments?post=851"}],"wp:featuredmedia":[{"embeddable":true,"href":"https:\/\/www.puffsvape.com\/es\/wp-json\/wp\/v2\/media\/863"}],"wp:attachment":[{"href":"https:\/\/www.puffsvape.com\/es\/wp-json\/wp\/v2\/media?parent=851"}],"wp:term":[{"taxonomy":"product_brand","embeddable":true,"href":"https:\/\/www.puffsvape.com\/es\/wp-json\/wp\/v2\/product_brand?post=851"},{"taxonomy":"product_cat","embeddable":true,"href":"https:\/\/www.puffsvape.com\/es\/wp-json\/wp\/v2\/product_cat?post=851"},{"taxonomy":"product_tag","embeddable":true,"href":"https:\/\/www.puffsvape.com\/es\/wp-json\/wp\/v2\/product_tag?post=851"},{"taxonomy":"berocket_brand","embeddable":true,"href":"https:\/\/www.puffsvape.com\/es\/wp-json\/wp\/v2\/berocket_brand?post=851"}],"curies":[{"name":"wp","href":"https:\/\/api.w.org\/{rel}","templated":true}]}}