{"id":592,"date":"2024-03-28T11:10:23","date_gmt":"2024-03-28T11:10:23","guid":{"rendered":"https:\/\/www.puffsvape.com\/?post_type=product&#038;p=592"},"modified":"2026-04-25T02:33:49","modified_gmt":"2026-04-24T18:33:49","slug":"fumot-digital-box-12000-disposable-vape","status":"publish","type":"product","link":"https:\/\/www.puffsvape.com\/es\/producto\/fumot-digital-box-12000-vape-desechable\/","title":{"rendered":"Fumot Digital Box 12000 Vape desechable"},"content":{"rendered":"<p>Fumot Digital Box 12000 es un dispositivo de vapeo con bater\u00eda y pantalla de nivel de ejuice y es recargable. Contiene 20ml de e-jugo de sal de nicotina 0\/2\/3\/5% y puede vapear hasta 12000 caladas. Hay 16 sabores para elegir. La bater\u00eda y la pantalla de e-l\u00edquido le permiten realizar un seguimiento del estado en tiempo real del dispositivo, adem\u00e1s de que viene con un puerto recargable Tipo-C en la parte inferior del dispositivo, lo que garantiza que termine hasta la \u00faltima gota del e-l\u00edquido en el tanque todo el tiempo.<\/p>\n<h2 class=\"p\"><span style=\"font-size: 18pt;\">Fumot Digital Box 12000 Dispositivo desechable Caracter\u00edsticas:<\/span><\/h2>\n<p class=\"p\">0\/2\/3\/5% Sal de nicotina.<br \/>\n20 ML de E-l\u00edquido.<br \/>\n12000 inhalaciones por dispositivo.<br \/>\nPantalla de bater\u00eda y ejuice<br \/>\nBater\u00eda recargable<br \/>\nBater\u00eda integrada de 850 mAh.<br \/>\n24 sabores disponibles.<br \/>\n10 unidades en caja expositora.<br \/>\n200 unidades por caja.<\/p>\n<h2 class=\"p\"><span style=\"font-size: 18pt;\">Sabores disponibles:<\/span><\/h2>\n<p class=\"p\">Ar\u00e1ndano Frambuesa<br \/>\nCereza Cola<br \/>\nCereza<br \/>\nMenta fresca<br \/>\nHielo de uva<br \/>\nHelados<br \/>\nHielo exuberante<br \/>\nMango sobre hielo<br \/>\nMezcla de bayas<br \/>\nLimonada rosa<br \/>\nFresa Pl\u00e1tano<br \/>\nDonut de fresa<br \/>\nFresa Uva<br \/>\nFresa helada<br \/>\nSand\u00eda con fresa<br \/>\nHielo de sand\u00eda<\/p>\n<figure id=\"attachment_612\" aria-describedby=\"caption-attachment-612\" style=\"width: 640px\" class=\"wp-caption alignnone\"><img fetchpriority=\"high\" decoding=\"async\" class=\"size-full wp-image-612\" title=\"Fumot Digital 12000 Vape desechable\" src=\"https:\/\/www.puffsvape.com\/wp-content\/uploads\/2024\/03\/Fumot-Digital-12000-Disposable-Vape-3.webp\" alt=\"Fumot Digital 12000 Vape desechable\" width=\"640\" height=\"640\" srcset=\"https:\/\/www.puffsvape.com\/wp-content\/uploads\/2024\/03\/Fumot-Digital-12000-Disposable-Vape-3.webp 640w, https:\/\/www.puffsvape.com\/wp-content\/uploads\/2024\/03\/Fumot-Digital-12000-Disposable-Vape-3-247x247.webp 247w, https:\/\/www.puffsvape.com\/wp-content\/uploads\/2024\/03\/Fumot-Digital-12000-Disposable-Vape-3-100x100.webp 100w, https:\/\/www.puffsvape.com\/wp-content\/uploads\/2024\/03\/Fumot-Digital-12000-Disposable-Vape-3-510x510.webp 510w, https:\/\/www.puffsvape.com\/wp-content\/uploads\/2024\/03\/Fumot-Digital-12000-Disposable-Vape-3-300x300.webp 300w, https:\/\/www.puffsvape.com\/wp-content\/uploads\/2024\/03\/Fumot-Digital-12000-Disposable-Vape-3-150x150.webp 150w, https:\/\/www.puffsvape.com\/wp-content\/uploads\/2024\/03\/Fumot-Digital-12000-Disposable-Vape-3-575x575.webp 575w, https:\/\/www.puffsvape.com\/wp-content\/uploads\/2024\/03\/Fumot-Digital-12000-Disposable-Vape-3-380x380.webp 380w\" sizes=\"(max-width: 640px) 100vw, 640px\" \/><figcaption id=\"caption-attachment-612\" class=\"wp-caption-text\">Fumot Digital 12000 Vape desechable<\/figcaption><\/figure>","protected":false},"excerpt":{"rendered":"<p>Fumot Digital Box 12000 es un dispositivo de vapeo con bater\u00eda y pantalla de nivel de ejuice y es recargable. Contiene 20ml de e-jugo de sal de nicotina 0\/2\/3\/5% y puede vapear hasta 12000 caladas. Hay 16 sabores para elegir. La pantalla de la bater\u00eda y el ejuicel le permiten realizar un seguimiento del estado en tiempo real del dispositivo m\u00e1s [...]","protected":false},"featured_media":611,"comment_status":"open","ping_status":"closed","template":"","meta":{"om_disable_all_campaigns":false,"_monsterinsights_skip_tracking":false,"_monsterinsights_sitenote_active":false,"_monsterinsights_sitenote_note":"","_monsterinsights_sitenote_category":0},"product_brand":[],"product_cat":[25],"product_tag":[],"berocket_brand":[26],"class_list":{"0":"post-592","1":"product","2":"type-product","3":"status-publish","4":"has-post-thumbnail","6":"product_cat-randm-fumot","7":"berocket_brand-randm-fumot","8":"wcpa_has_options","10":"first","11":"instock","12":"featured","13":"shipping-taxable","14":"purchasable","15":"product-type-variable","16":"has-default-attributes"},"aioseo_notices":[],"tiered_pricing_fixed_rules":{"20":"11.3","30":"10.68","40":"10.04","50":"9.39","100":"7.96"},"tiered_pricing_percentage_rules":{"20":"11.3","30":"10.68","40":"10.04","50":"9.39","100":"7.96"},"tiered_pricing_type":"fixed","tiered_pricing_minimum":10,"_links":{"self":[{"href":"https:\/\/www.puffsvape.com\/es\/wp-json\/wp\/v2\/product\/592","targetHints":{"allow":["GET"]}}],"collection":[{"href":"https:\/\/www.puffsvape.com\/es\/wp-json\/wp\/v2\/product"}],"about":[{"href":"https:\/\/www.puffsvape.com\/es\/wp-json\/wp\/v2\/types\/product"}],"replies":[{"embeddable":true,"href":"https:\/\/www.puffsvape.com\/es\/wp-json\/wp\/v2\/comments?post=592"}],"wp:featuredmedia":[{"embeddable":true,"href":"https:\/\/www.puffsvape.com\/es\/wp-json\/wp\/v2\/media\/611"}],"wp:attachment":[{"href":"https:\/\/www.puffsvape.com\/es\/wp-json\/wp\/v2\/media?parent=592"}],"wp:term":[{"taxonomy":"product_brand","embeddable":true,"href":"https:\/\/www.puffsvape.com\/es\/wp-json\/wp\/v2\/product_brand?post=592"},{"taxonomy":"product_cat","embeddable":true,"href":"https:\/\/www.puffsvape.com\/es\/wp-json\/wp\/v2\/product_cat?post=592"},{"taxonomy":"product_tag","embeddable":true,"href":"https:\/\/www.puffsvape.com\/es\/wp-json\/wp\/v2\/product_tag?post=592"},{"taxonomy":"berocket_brand","embeddable":true,"href":"https:\/\/www.puffsvape.com\/es\/wp-json\/wp\/v2\/berocket_brand?post=592"}],"curies":[{"name":"wp","href":"https:\/\/api.w.org\/{rel}","templated":true}]}}