{"id":2519,"date":"2024-12-29T07:02:40","date_gmt":"2024-12-29T07:02:40","guid":{"rendered":"https:\/\/www.puffsvape.com\/?post_type=product&#038;p=2519"},"modified":"2026-05-12T09:32:30","modified_gmt":"2026-05-12T01:32:30","slug":"bang-kingdoms-rex-32000-puffs-disposable-vape","status":"publish","type":"product","link":"https:\/\/www.puffsvape.com\/es\/producto\/bang-kingdoms-rex-32000-puffs-vape-desechable\/","title":{"rendered":"Bang Kingdoms Rex 32000 Puffs Vape Desechable"},"content":{"rendered":"<p>el Bang Kingdoms Rex 32000 es un dispositivo de vapeo de alta gama y larga duraci\u00f3n dise\u00f1ado para usuarios que buscan un uso prolongado y una experiencia de sabor intensa. Con su excelente relaci\u00f3n calidad-precio, este producto es altamente competitivo en comparaci\u00f3n con otras plataformas de doble sabor. Ya sea para uso personal o al por mayor, se ha convertido r\u00e1pidamente en un \u00e9xito de ventas en el mercado.<\/p>\n<h2><strong>Bang Kingdoms Rex 32000 Vape Caracter\u00edsticas principales:<\/strong><\/h2>\n<ul>\n<li><strong>Vainas duales, sabores duales<\/strong><\/li>\n<\/ul>\n<p>dise\u00f1ado con 2 Pods y 2 sabores, se puede ajustar f\u00e1cilmente moviendo la punta de goteo.<\/p>\n<ul>\n<li><strong>Vida \u00fatil ultralarga<\/strong><\/li>\n<\/ul>\n<p>Cada dispositivo proporciona hasta\u00a0<strong>32.000 bocanadas<\/strong>Esto permite a los usuarios disfrutar de un uso prolongado sin necesidad de sustituir el dispositivo o rellenar el l\u00edquido con frecuencia. Esto lo hace perfecto para usuarios diarios y fumadores empedernidos que desean una experiencia sin complicaciones.<\/p>\n<ul>\n<li><strong>M\u00faltiples opciones de potencia de nicotina<\/strong><\/li>\n<\/ul>\n<p>Este producto ofrece cuatro concentraciones de nicotina: <strong>0%, 2%, 3% y 5%<\/strong>. Los usuarios pueden elegir el nivel de nicotina adecuado en funci\u00f3n de sus preferencias personales, satisfaciendo as\u00ed las necesidades de quienes desean un menor contenido de nicotina.<\/p>\n<ul>\n<li><strong>Rica selecci\u00f3n de sabores<\/strong><\/li>\n<\/ul>\n<p>Bang Kingdoms Rex 32000 Puffs incluye <strong>12 sabores duales<\/strong>que cubren una variedad de sabores frutales, helados y cl\u00e1sicos. Los usuarios pueden disfrutar de dos sabores diferentes en cada calada, proporcionando una experiencia de sabor \u00fanica y rica.<\/p>\n<ul>\n<li><strong>Gran capacidad de e-l\u00edquido<\/strong><\/li>\n<\/ul>\n<p>Cada dispositivo incluye <strong>26ml + 26ml<\/strong>en total\u00a0<strong>52 ml<\/strong>\u00a0de e-l\u00edquido, proporcionando una experiencia de vapeo duradera. Esta gran capacidad es particularmente conveniente para los usuarios a largo plazo, lo que reduce la frecuencia de recarga.<\/p>\n<ul>\n<li><strong>Bobina de malla Premium<\/strong><\/li>\n<\/ul>\n<p>Equipado con un <strong>Bobina de malla de 1,0ohm<\/strong>El dise\u00f1o de malla garantiza un calentamiento uniforme y una vaporizaci\u00f3n mejorada, ofreciendo un vapor m\u00e1s suave y fino y un golpe de garganta m\u00e1s aut\u00e9ntico. Los usuarios pueden disfrutar de una experiencia de vapeo m\u00e1s refinada y c\u00f3moda.<\/p>\n<ul>\n<li><strong>Dise\u00f1o recargable<\/strong><\/li>\n<\/ul>\n<p>El dispositivo es <strong>recargable<\/strong>El sistema de recarga de la bater\u00eda permite a los usuarios prolongar su vida \u00fatil recarg\u00e1ndola en lugar de recurrir a productos desechables. Este dise\u00f1o no solo ahorra dinero, sino que tambi\u00e9n hace que el producto sea m\u00e1s respetuoso con el medio ambiente.<\/p>\n<h2 class=\"&quot;second-title&quot;\">Especificaci\u00f3n<\/h2>\n<ol>\n<li><strong>Puffs<\/strong>: 32.000 caladas<\/li>\n<li><strong>Opciones de nicotina<\/strong>: 0%, 2%, 3%, 5%<\/li>\n<li><strong>Sabores disponibles<\/strong>: 12 sabores<\/li>\n<li><strong>Capacidad<\/strong>: 26ml + 26ml (total 52ml de e-l\u00edquido)<\/li>\n<li><strong>Embalaje<\/strong>200 unidades por caja<\/li>\n<li><strong>Recargable<\/strong>: S\u00ed<\/li>\n<li><strong>Tipo de bobina<\/strong>: Bobina de malla de 1.0ohm<\/li>\n<\/ol>\n<h2>Sabores<\/h2>\n<ol>\n<li>Hielo de ar\u00e1ndano y hielo de drag\u00f3n negro<\/li>\n<li>Hielo de ar\u00e1ndano y fresa y pl\u00e1tano<\/li>\n<li>Ar\u00e1ndano Frambuesa y Melocot\u00f3n Mango Sand\u00eda<\/li>\n<li>Sand\u00eda con ar\u00e1ndanos y mango con fresas<\/li>\n<li>Red Bull y sand\u00eda con ar\u00e1ndanos<\/li>\n<li>Red Bull &amp; Sand\u00eda Bubble Gandy<\/li>\n<li>Hielo de fresa, sand\u00eda y uva<\/li>\n<li>Helado de fresa, kiwi y melocot\u00f3n<\/li>\n<li>Fresa Kiwi &amp; Manzana \u00e1cida Frambuesa<\/li>\n<li>Fresa Sand\u00eda y Kiwi Fruta de la Pasi\u00f3n Guayaba<\/li>\n<li>Hielo de sand\u00eda y menta con ar\u00e1ndanos<\/li>\n<li>Hielo de Sand\u00eda y Fresa y Mongo<\/li>\n<\/ol>\n<figure id=\"attachment_2532\" aria-describedby=\"caption-attachment-2532\" style=\"width: 800px\" class=\"wp-caption alignnone\"><img fetchpriority=\"high\" decoding=\"async\" class=\"wp-image-2532 size-full\" title=\"Bang Kingdom Rex 32000 Puffs Vape Desechable Mayorista Ar\u00e1ndano Rasperry Melocot\u00f3n Mango Sand\u00eda\" src=\"https:\/\/www.puffsvape.com\/wp-content\/uploads\/2024\/12\/Bang-Kingdom-Rex-32000-Puffs-Disposable-Vape-Wholesale-Blueberry-Rasperry-Peach-Mango-Watermelon.jpg\" alt=\"Bang Kingdom Rex 32000 Puffs Vape Desechable Mayorista Ar\u00e1ndano Rasperry Melocot\u00f3n Mango Sand\u00eda\" width=\"800\" height=\"800\" srcset=\"https:\/\/www.puffsvape.com\/wp-content\/uploads\/2024\/12\/Bang-Kingdom-Rex-32000-Puffs-Disposable-Vape-Wholesale-Blueberry-Rasperry-Peach-Mango-Watermelon.jpg 800w, https:\/\/www.puffsvape.com\/wp-content\/uploads\/2024\/12\/Bang-Kingdom-Rex-32000-Puffs-Disposable-Vape-Wholesale-Blueberry-Rasperry-Peach-Mango-Watermelon-247x247.jpg 247w, https:\/\/www.puffsvape.com\/wp-content\/uploads\/2024\/12\/Bang-Kingdom-Rex-32000-Puffs-Disposable-Vape-Wholesale-Blueberry-Rasperry-Peach-Mango-Watermelon-100x100.jpg 100w, https:\/\/www.puffsvape.com\/wp-content\/uploads\/2024\/12\/Bang-Kingdom-Rex-32000-Puffs-Disposable-Vape-Wholesale-Blueberry-Rasperry-Peach-Mango-Watermelon-510x510.jpg 510w, https:\/\/www.puffsvape.com\/wp-content\/uploads\/2024\/12\/Bang-Kingdom-Rex-32000-Puffs-Disposable-Vape-Wholesale-Blueberry-Rasperry-Peach-Mango-Watermelon-300x300.jpg 300w, https:\/\/www.puffsvape.com\/wp-content\/uploads\/2024\/12\/Bang-Kingdom-Rex-32000-Puffs-Disposable-Vape-Wholesale-Blueberry-Rasperry-Peach-Mango-Watermelon-150x150.jpg 150w, https:\/\/www.puffsvape.com\/wp-content\/uploads\/2024\/12\/Bang-Kingdom-Rex-32000-Puffs-Disposable-Vape-Wholesale-Blueberry-Rasperry-Peach-Mango-Watermelon-768x768.jpg 768w, https:\/\/www.puffsvape.com\/wp-content\/uploads\/2024\/12\/Bang-Kingdom-Rex-32000-Puffs-Disposable-Vape-Wholesale-Blueberry-Rasperry-Peach-Mango-Watermelon-12x12.jpg 12w, https:\/\/www.puffsvape.com\/wp-content\/uploads\/2024\/12\/Bang-Kingdom-Rex-32000-Puffs-Disposable-Vape-Wholesale-Blueberry-Rasperry-Peach-Mango-Watermelon-575x575.jpg 575w, https:\/\/www.puffsvape.com\/wp-content\/uploads\/2024\/12\/Bang-Kingdom-Rex-32000-Puffs-Disposable-Vape-Wholesale-Blueberry-Rasperry-Peach-Mango-Watermelon-380x380.jpg 380w, https:\/\/www.puffsvape.com\/wp-content\/uploads\/2024\/12\/Bang-Kingdom-Rex-32000-Puffs-Disposable-Vape-Wholesale-Blueberry-Rasperry-Peach-Mango-Watermelon-50x50.jpg 50w, https:\/\/www.puffsvape.com\/wp-content\/uploads\/2024\/12\/Bang-Kingdom-Rex-32000-Puffs-Disposable-Vape-Wholesale-Blueberry-Rasperry-Peach-Mango-Watermelon-26x26.jpg 26w\" sizes=\"(max-width: 800px) 100vw, 800px\" \/><figcaption id=\"caption-attachment-2532\" class=\"wp-caption-text\">Bang Kingdom Rex 32000 Puffs Vape Desechable<\/figcaption><\/figure>","protected":false},"excerpt":{"rendered":"<p>el Bang Kingdoms Rex 32000 es un dispositivo de vapeo de alta gama y larga duraci\u00f3n, dise\u00f1ado para usuarios que buscan un uso prolongado y una experiencia de rico sabor. Con su excelente relaci\u00f3n calidad-precio, este producto es altamente competitivo en comparaci\u00f3n con otras plataformas de doble sabor. Ya sea para uso personal o al por mayor, se ha convertido r\u00e1pidamente en un popular hot-seller en el mercado. Bang [...]","protected":false},"featured_media":2534,"comment_status":"open","ping_status":"closed","template":"","meta":{"om_disable_all_campaigns":false,"_monsterinsights_skip_tracking":false,"_monsterinsights_sitenote_active":false,"_monsterinsights_sitenote_note":"","_monsterinsights_sitenote_category":0},"product_brand":[],"product_cat":[15],"product_tag":[],"berocket_brand":[22],"class_list":{"0":"post-2519","1":"product","2":"type-product","3":"status-publish","4":"has-post-thumbnail","6":"product_cat-bang","7":"berocket_brand-bang","8":"wcpa_has_options","10":"first","11":"instock","12":"shipping-taxable","13":"purchasable","14":"product-type-variable","15":"has-default-attributes"},"aioseo_notices":[],"tiered_pricing_fixed_rules":{"20":"9.90","30":"9.25","40":"8.60","50":"7.95","100":"6.52"},"tiered_pricing_percentage_rules":{"20":"9.90","30":"9.25","40":"8.60","50":"7.95","100":"6.52"},"tiered_pricing_type":"fixed","tiered_pricing_minimum":10,"_links":{"self":[{"href":"https:\/\/www.puffsvape.com\/es\/wp-json\/wp\/v2\/product\/2519","targetHints":{"allow":["GET"]}}],"collection":[{"href":"https:\/\/www.puffsvape.com\/es\/wp-json\/wp\/v2\/product"}],"about":[{"href":"https:\/\/www.puffsvape.com\/es\/wp-json\/wp\/v2\/types\/product"}],"replies":[{"embeddable":true,"href":"https:\/\/www.puffsvape.com\/es\/wp-json\/wp\/v2\/comments?post=2519"}],"wp:featuredmedia":[{"embeddable":true,"href":"https:\/\/www.puffsvape.com\/es\/wp-json\/wp\/v2\/media\/2534"}],"wp:attachment":[{"href":"https:\/\/www.puffsvape.com\/es\/wp-json\/wp\/v2\/media?parent=2519"}],"wp:term":[{"taxonomy":"product_brand","embeddable":true,"href":"https:\/\/www.puffsvape.com\/es\/wp-json\/wp\/v2\/product_brand?post=2519"},{"taxonomy":"product_cat","embeddable":true,"href":"https:\/\/www.puffsvape.com\/es\/wp-json\/wp\/v2\/product_cat?post=2519"},{"taxonomy":"product_tag","embeddable":true,"href":"https:\/\/www.puffsvape.com\/es\/wp-json\/wp\/v2\/product_tag?post=2519"},{"taxonomy":"berocket_brand","embeddable":true,"href":"https:\/\/www.puffsvape.com\/es\/wp-json\/wp\/v2\/berocket_brand?post=2519"}],"curies":[{"name":"wp","href":"https:\/\/api.w.org\/{rel}","templated":true}]}}