{"id":2055,"date":"2024-09-07T17:15:06","date_gmt":"2024-09-07T17:15:06","guid":{"rendered":"https:\/\/www.puffsvape.com\/?post_type=product&#038;p=2055"},"modified":"2026-04-26T19:44:24","modified_gmt":"2026-04-26T11:44:24","slug":"bang-gear-tick-tock-20000-puffs-disposable-vape","status":"publish","type":"product","link":"https:\/\/www.puffsvape.com\/es\/producto\/bang-gear-tick-tock-20000-caladas-vape-desechable\/","title":{"rendered":"Bang Gear Tick Tock 20000 Puffs Vape Desechable"},"content":{"rendered":"<p><b>El Bang Gear Tick Tock 20000 Vape desechable<\/b>\u00a0es un kit desechable de estilo industrial con 16ml de e-juice precargado, dos modos de vapeo, y un alto puff-co en s segundos. para cambiar al Modo Silencioso y los engranajes dejar\u00e1n de girar. La informaci\u00f3n importante, como el nivel de e-jugo y el volumen de la bater\u00eda se muestra en una pantalla din\u00e1mica. Puede controlar el estado de BANG 20000 con facilidad. Si est\u00e1 buscando un vapeador desechable para un uso prolongado, no deber\u00eda perderse el BANG 20000. BANG 20000 le ofrece una nueva experiencia de vapeo din\u00e1mico.<\/p>\n<h2><span style=\"font-size: 18pt;\">Bang Gear Tick Tock 20000 Detalles del producto<\/span><\/h2>\n<ul>\n<li>Bater\u00eda recargable integrada de 650 mAh<\/li>\n<li>Cantidad de puffs: Aproximadamente 20000 Puffs<\/li>\n<li>Jugo electr\u00f3nico precargado de 16 ml<\/li>\n<li>Pantalla de visualizaci\u00f3n din\u00e1mica<\/li>\n<li>Dos modos de vapeo: Modo din\u00e1mico (los engranajes giran al vapear)\/Modo silencioso (3 caladas r\u00e1pidas en 2 segundos para detener los engranajes)<\/li>\n<li>5%(50mg) Potencia de nicotina<\/li>\n<li>Carga USB Tipo-C (no incluida)<\/li>\n<li>Activado por dibujo<\/li>\n<li>MTL Vaping<\/li>\n<\/ul>\n<h2>Sabores<\/h2>\n<p>1.Mango fresa<br \/>\n2.Bebida energ\u00e9tica<br \/>\n3.Limonada de ar\u00e1ndanos y cerezas<br \/>\n4.Hielo de drag\u00f3n negro<br \/>\n5. Hielo de melocot\u00f3n<br \/>\n6.Fresa Pl\u00e1tano<br \/>\n7.Mezcla de frutas<br \/>\n8.Hielo de ar\u00e1ndano<br \/>\n9.Hielo de sand\u00eda<br \/>\n10.Kiwi fresa<br \/>\n11.Frambuesa Bleueberry<br \/>\n12.Sand\u00eda con fresa<\/p>\n<figure id=\"attachment_2074\" aria-describedby=\"caption-attachment-2074\" style=\"width: 800px\" class=\"wp-caption alignnone\"><img fetchpriority=\"high\" decoding=\"async\" class=\"wp-image-2074 size-full\" title=\"Bang Mechanical Gear 20000 Puffs Vape desechable al por mayor (6)\" src=\"https:\/\/www.puffsvape.com\/wp-content\/uploads\/2024\/09\/Bang-Mechanical-Gear-20000-Puffs-Disposable-Vape-Wholesale-6.jpg\" alt=\"Bang Mechanical Gear 20000 Puffs Vape desechable al por mayor (6)\" width=\"800\" height=\"800\" srcset=\"https:\/\/www.puffsvape.com\/wp-content\/uploads\/2024\/09\/Bang-Mechanical-Gear-20000-Puffs-Disposable-Vape-Wholesale-6.jpg 800w, https:\/\/www.puffsvape.com\/wp-content\/uploads\/2024\/09\/Bang-Mechanical-Gear-20000-Puffs-Disposable-Vape-Wholesale-6-247x247.jpg 247w, https:\/\/www.puffsvape.com\/wp-content\/uploads\/2024\/09\/Bang-Mechanical-Gear-20000-Puffs-Disposable-Vape-Wholesale-6-100x100.jpg 100w, https:\/\/www.puffsvape.com\/wp-content\/uploads\/2024\/09\/Bang-Mechanical-Gear-20000-Puffs-Disposable-Vape-Wholesale-6-510x510.jpg 510w, https:\/\/www.puffsvape.com\/wp-content\/uploads\/2024\/09\/Bang-Mechanical-Gear-20000-Puffs-Disposable-Vape-Wholesale-6-300x300.jpg 300w, https:\/\/www.puffsvape.com\/wp-content\/uploads\/2024\/09\/Bang-Mechanical-Gear-20000-Puffs-Disposable-Vape-Wholesale-6-150x150.jpg 150w, https:\/\/www.puffsvape.com\/wp-content\/uploads\/2024\/09\/Bang-Mechanical-Gear-20000-Puffs-Disposable-Vape-Wholesale-6-768x768.jpg 768w, https:\/\/www.puffsvape.com\/wp-content\/uploads\/2024\/09\/Bang-Mechanical-Gear-20000-Puffs-Disposable-Vape-Wholesale-6-12x12.jpg 12w, https:\/\/www.puffsvape.com\/wp-content\/uploads\/2024\/09\/Bang-Mechanical-Gear-20000-Puffs-Disposable-Vape-Wholesale-6-575x575.jpg 575w, https:\/\/www.puffsvape.com\/wp-content\/uploads\/2024\/09\/Bang-Mechanical-Gear-20000-Puffs-Disposable-Vape-Wholesale-6-380x380.jpg 380w, https:\/\/www.puffsvape.com\/wp-content\/uploads\/2024\/09\/Bang-Mechanical-Gear-20000-Puffs-Disposable-Vape-Wholesale-6-50x50.jpg 50w, https:\/\/www.puffsvape.com\/wp-content\/uploads\/2024\/09\/Bang-Mechanical-Gear-20000-Puffs-Disposable-Vape-Wholesale-6-26x26.jpg 26w\" sizes=\"(max-width: 800px) 100vw, 800px\" \/><figcaption id=\"caption-attachment-2074\" class=\"wp-caption-text\">Bang Mechanical Gear 20000 Puffs Vape Desechable<\/figcaption><\/figure>","protected":false},"excerpt":{"rendered":"<p>El Bang Gear Tick Tock 20000 Disposable Vape es un kit desechable de estilo industrial con 16ml de e-juice precargado, dos modos de vapeo, y un alto puff-co en s segundos. para cambiar al Modo Silencioso y los engranajes dejar\u00e1n de girar. La informaci\u00f3n importante, como el nivel de e-jugo y el volumen de la bater\u00eda se muestra en una pantalla din\u00e1mica. Puede controlar [...]","protected":false},"featured_media":2072,"comment_status":"open","ping_status":"closed","template":"","meta":{"om_disable_all_campaigns":false,"_monsterinsights_skip_tracking":false,"_monsterinsights_sitenote_active":false,"_monsterinsights_sitenote_note":"","_monsterinsights_sitenote_category":0},"product_brand":[],"product_cat":[15],"product_tag":[],"berocket_brand":[22],"class_list":{"0":"post-2055","1":"product","2":"type-product","3":"status-publish","4":"has-post-thumbnail","6":"product_cat-bang","7":"berocket_brand-bang","9":"first","10":"instock","11":"shipping-taxable","12":"purchasable","13":"product-type-variable","14":"has-default-attributes"},"aioseo_notices":[],"tiered_pricing_fixed_rules":{"20":"10.56","30":"9.91","40":"9.26","50":"8.61","100":"7.19"},"tiered_pricing_percentage_rules":{"20":"10.56","30":"9.91","40":"9.26","50":"8.61","100":"7.19"},"tiered_pricing_type":"fixed","tiered_pricing_minimum":10,"_links":{"self":[{"href":"https:\/\/www.puffsvape.com\/es\/wp-json\/wp\/v2\/product\/2055","targetHints":{"allow":["GET"]}}],"collection":[{"href":"https:\/\/www.puffsvape.com\/es\/wp-json\/wp\/v2\/product"}],"about":[{"href":"https:\/\/www.puffsvape.com\/es\/wp-json\/wp\/v2\/types\/product"}],"replies":[{"embeddable":true,"href":"https:\/\/www.puffsvape.com\/es\/wp-json\/wp\/v2\/comments?post=2055"}],"wp:featuredmedia":[{"embeddable":true,"href":"https:\/\/www.puffsvape.com\/es\/wp-json\/wp\/v2\/media\/2072"}],"wp:attachment":[{"href":"https:\/\/www.puffsvape.com\/es\/wp-json\/wp\/v2\/media?parent=2055"}],"wp:term":[{"taxonomy":"product_brand","embeddable":true,"href":"https:\/\/www.puffsvape.com\/es\/wp-json\/wp\/v2\/product_brand?post=2055"},{"taxonomy":"product_cat","embeddable":true,"href":"https:\/\/www.puffsvape.com\/es\/wp-json\/wp\/v2\/product_cat?post=2055"},{"taxonomy":"product_tag","embeddable":true,"href":"https:\/\/www.puffsvape.com\/es\/wp-json\/wp\/v2\/product_tag?post=2055"},{"taxonomy":"berocket_brand","embeddable":true,"href":"https:\/\/www.puffsvape.com\/es\/wp-json\/wp\/v2\/berocket_brand?post=2055"}],"curies":[{"name":"wp","href":"https:\/\/api.w.org\/{rel}","templated":true}]}}