{"id":1837,"date":"2024-08-30T12:55:15","date_gmt":"2024-08-30T12:55:15","guid":{"rendered":"https:\/\/www.puffsvape.com\/?post_type=product&#038;p=1837"},"modified":"2024-09-04T09:11:07","modified_gmt":"2024-09-04T09:11:07","slug":"elfbar-te6000-buy-200-get-5-pcs","status":"publish","type":"product","link":"https:\/\/www.puffsvape.com\/es\/producto\/elf-bar-te6000-vape-desechable-regalo\/","title":{"rendered":"Compre 200 \u20ac Obtenga ElfBar TE6000x 5 PCS"},"content":{"rendered":"<p>ELF BAR TE6000 VAPE DESECHABLE REGALO<br \/>\nPor favor, no compre este producto directamente.<br \/>\nCompre 200 \u20ac Obtenga ElfBar TE6000x 5 PCS<\/p>\n<p>Por favor, no pida este producto directamente<\/p>\n<p>Aumentaremos su pedido en funci\u00f3n de la cantidad solicitada.<\/p>\n<table style=\"border-collapse: collapse; width: 208.53pt;\" border=\"0\" width=\"278\" cellspacing=\"0\" cellpadding=\"0\">\n<tbody>\n<tr style=\"height: 25.00pt;\">\n<td class=\"et2\" style=\"height: 25.00pt; width: 105.00pt;\" width=\"140\" height=\"33\">Importe del pedido<\/td>\n<td class=\"et2\" style=\"width: 103.50pt;\" width=\"138\">Cantidad gratuita<\/td>\n<\/tr>\n<tr style=\"height: 15.75pt;\">\n<td class=\"et3\" style=\"height: 15.75pt;\" height=\"21\">200.00 \u20ac<\/td>\n<td class=\"et2\">5<\/td>\n<\/tr>\n<tr style=\"height: 15.75pt;\">\n<td class=\"et3\" style=\"height: 15.75pt;\" height=\"21\">300.00 \u20ac<\/td>\n<td class=\"et2\">10<\/td>\n<\/tr>\n<tr style=\"height: 15.75pt;\">\n<td class=\"et3\" style=\"height: 15.75pt;\" height=\"21\">400.00 \u20ac<\/td>\n<td class=\"et2\">15<\/td>\n<\/tr>\n<tr style=\"height: 15.75pt;\">\n<td class=\"et3\" style=\"height: 15.75pt;\" height=\"21\">500.00 \u20ac<\/td>\n<td class=\"et2\">20<\/td>\n<\/tr>\n<tr style=\"height: 15.75pt;\">\n<td class=\"et3\" style=\"height: 15.75pt;\" height=\"21\">600.00 \u20ac<\/td>\n<td class=\"et2\">25<\/td>\n<\/tr>\n<\/tbody>\n<\/table>","protected":false},"excerpt":{"rendered":"<p>Compre 200 \u20ac Obtenga ElfBar TE6000x 5 PCS<br \/>\nSabores aleatorios <strong>REGALO<\/strong><\/p>\n<p>Por favor, no pida este producto directamente<br \/>\nA\u00f1adiremos art\u00edculos gratuitos a su pedido en funci\u00f3n de la cantidad que pida.<\/p>\n<table style=\"border-collapse: collapse; width: 33.1434%; height: 100px;\" border=\"0\" width=\"278\" cellspacing=\"0\" cellpadding=\"0\">\n<tbody>\n<tr style=\"height: 25.00pt;\">\n<td class=\"et2\" style=\"height: 25px; width: 51.937%;\" width=\"140\" height=\"33\">Importe del pedido<\/td>\n<td class=\"et2\" style=\"width: 93.4191%; height: 25px;\" width=\"138\">Cantidad gratuita<\/td>\n<\/tr>\n<tr style=\"height: 15.75pt;\">\n<td class=\"et3\" style=\"height: 15px; width: 51.937%;\" height=\"21\">200.00 \u20ac<\/td>\n<td class=\"et2\" style=\"height: 15px; width: 93.4191%;\">5 PIEZAS<\/td>\n<\/tr>\n<tr style=\"height: 15.75pt;\">\n<td class=\"et3\" style=\"height: 15px; width: 51.937%;\" height=\"21\">300.00 \u20ac<\/td>\n<td class=\"et2\" style=\"height: 15px; width: 93.4191%;\">10 UNIDADES<\/td>\n<\/tr>\n<tr style=\"height: 15.75pt;\">\n<td class=\"et3\" style=\"height: 15px; width: 51.937%;\" height=\"21\">400.00 \u20ac<\/td>\n<td class=\"et2\" style=\"height: 15px; width: 93.4191%;\">15 UNIDADES<\/td>\n<\/tr>\n<tr style=\"height: 15.75pt;\">\n<td class=\"et3\" style=\"height: 15px; width: 51.937%;\" height=\"21\">500.00 \u20ac<\/td>\n<td class=\"et2\" style=\"height: 15px; width: 93.4191%;\">20 UNIDADES<\/td>\n<\/tr>\n<tr style=\"height: 15.75pt;\">\n<td class=\"et3\" style=\"height: 15px; width: 51.937%;\" height=\"21\">600.00 \u20ac<\/td>\n<td class=\"et2\" style=\"height: 15px; width: 93.4191%;\">25 UNIDADES<\/td>\n<\/tr>\n<\/tbody>\n<\/table>","protected":false},"featured_media":2016,"comment_status":"open","ping_status":"closed","template":"","meta":{"om_disable_all_campaigns":false,"_monsterinsights_skip_tracking":false,"_monsterinsights_sitenote_active":false,"_monsterinsights_sitenote_note":"","_monsterinsights_sitenote_category":0},"product_brand":[],"product_cat":[31],"product_tag":[39,40],"berocket_brand":[30],"class_list":{"0":"post-1837","1":"product","2":"type-product","3":"status-publish","4":"has-post-thumbnail","6":"product_cat-elf-bar","7":"product_tag-elf-bar","8":"product_tag-give-away","9":"berocket_brand-elf-bar","11":"first","12":"instock","13":"shipping-taxable","14":"purchasable","15":"product-type-simple"},"aioseo_notices":[],"tiered_pricing_fixed_rules":[],"tiered_pricing_percentage_rules":[],"tiered_pricing_type":"fixed","tiered_pricing_minimum":1,"_links":{"self":[{"href":"https:\/\/www.puffsvape.com\/es\/wp-json\/wp\/v2\/product\/1837","targetHints":{"allow":["GET"]}}],"collection":[{"href":"https:\/\/www.puffsvape.com\/es\/wp-json\/wp\/v2\/product"}],"about":[{"href":"https:\/\/www.puffsvape.com\/es\/wp-json\/wp\/v2\/types\/product"}],"replies":[{"embeddable":true,"href":"https:\/\/www.puffsvape.com\/es\/wp-json\/wp\/v2\/comments?post=1837"}],"wp:featuredmedia":[{"embeddable":true,"href":"https:\/\/www.puffsvape.com\/es\/wp-json\/wp\/v2\/media\/2016"}],"wp:attachment":[{"href":"https:\/\/www.puffsvape.com\/es\/wp-json\/wp\/v2\/media?parent=1837"}],"wp:term":[{"taxonomy":"product_brand","embeddable":true,"href":"https:\/\/www.puffsvape.com\/es\/wp-json\/wp\/v2\/product_brand?post=1837"},{"taxonomy":"product_cat","embeddable":true,"href":"https:\/\/www.puffsvape.com\/es\/wp-json\/wp\/v2\/product_cat?post=1837"},{"taxonomy":"product_tag","embeddable":true,"href":"https:\/\/www.puffsvape.com\/es\/wp-json\/wp\/v2\/product_tag?post=1837"},{"taxonomy":"berocket_brand","embeddable":true,"href":"https:\/\/www.puffsvape.com\/es\/wp-json\/wp\/v2\/berocket_brand?post=1837"}],"curies":[{"name":"wp","href":"https:\/\/api.w.org\/{rel}","templated":true}]}}