{"id":1653,"date":"2024-08-06T10:42:16","date_gmt":"2024-08-06T10:42:16","guid":{"rendered":"https:\/\/www.puffsvape.com\/?post_type=product&#038;p=1653"},"modified":"2026-04-25T02:35:57","modified_gmt":"2026-04-24T18:35:57","slug":"vapsolo-viking-12000-disposable-vape","status":"publish","type":"product","link":"https:\/\/www.puffsvape.com\/es\/producto\/vapsolo-viking-12000-vape-desechable\/","title":{"rendered":"Vapeador desechable VapSolo Viking 12000"},"content":{"rendered":"<p>El VapSolo Viking 12000 Puffs ofrece la mejor experiencia de vapeo tanto para principiantes como para vapeadores experimentados. Este moderno vaporizador desechable est\u00e1 dise\u00f1ado para ofrecer calidad, longevidad y variedad. Su dise\u00f1o elegante y compacto garantiza estilo y comodidad, perfecto para el uso sobre la marcha.<\/p>\n<p>Equipado con caracter\u00edsticas avanzadas, el VapSolo Viking 12000 Puffs cuenta con una capacidad de 22ml de e-l\u00edquido y una bater\u00eda recargable de 650mAh, proporcionando energ\u00eda de larga duraci\u00f3n para sesiones de vapeo prolongadas. La tecnolog\u00eda de bobina de malla y la resistencia de la bobina de 1.0\u03a9 ofrecen una producci\u00f3n de vapor consistente y rica, mejorando la pureza del sabor. Un puerto de carga de tipo C permite recargas r\u00e1pidas y eficientes, mientras que el dise\u00f1o ligero, con s\u00f3lo 85 gramos, lo hace muy port\u00e1til.<\/p>\n<p>El VapSolo Viking 12000 Puffs cuenta con una pantalla LCD para controlar sin esfuerzo el estado y la configuraci\u00f3n del vapeador, y cuatro niveles de flujo de aire ajustables para personalizar tu experiencia de vapeo. Las opciones de compra a granel est\u00e1n disponibles, con cada cart\u00f3n que contiene 200 piezas y 10 cartones por caja, ideal para compradores al por mayor.<\/p>\n<p>Para aquellos que buscan comprar al por mayor, Gleevape ofrece un excelente valor en el VapSolo Viking 12000 Puffs. Abastecerse de una variedad de sabores y disfrutar de una experiencia vaping fiable y agradable. Cada caja contiene 200 unidades, con 10 cajas por caja, por lo que la gesti\u00f3n de inventario y distribuci\u00f3n sin problemas.<\/p>\n<h2>VapSolo Viking 12000 Puffs Caracter\u00edsticas<\/h2>\n<ul>\n<li>Capacidad de 22ml de E-l\u00edquido: Disfruta de largas sesiones de vapeo sin necesidad de recargas frecuentes.<\/li>\n<li>Bater\u00eda recargable de 650mAh: Proporciona energ\u00eda de larga duraci\u00f3n para hasta 12000 caladas, asegurando que te mantengas cargado todo el d\u00eda.<\/li>\n<li>Tecnolog\u00eda de bobina de malla: Proporciona un vapor consistente y rico con cada calada, mejorando la experiencia de sabor.<\/li>\n<li>Resistencia de la bobina de 1.0\u03a9: Optimizado para una producci\u00f3n de vapor suave y sabrosa.<\/li>\n<li>Puerto de carga Tipo-C: Facilita una recarga r\u00e1pida y c\u00f3moda.<\/li>\n<li>Pantalla LCD: Le permite controlar el estado y la configuraci\u00f3n de su vape sin esfuerzo.<\/li>\n<li>Cuatro niveles de flujo de aire: Personaliza tu experiencia de vapeo con configuraciones de flujo de aire ajustables para una extracci\u00f3n perfecta.<\/li>\n<li>Compacta y port\u00e1til: Con un peso de s\u00f3lo 85 gramos, es f\u00e1cil de transportar y utilizar all\u00e1 donde vayas.<\/li>\n<li>Opciones de compra al por mayor: Disponible en 200 piezas por cart\u00f3n, 10 cartones por caja, por lo que es perfecto para compradores al por mayor.<\/li>\n<\/ul>\n<div class=\"wmkc-template-12\">\n<h2 class=\"wmkc-white\">Lista de sabores<\/h2>\n<\/div>\n<ul>\n<li>Ar\u00e1ndano Frambuesa<\/li>\n<li>Ar\u00e1ndanos<\/li>\n<li>Cereza efervescente<\/li>\n<li>Hielo de sand\u00eda<\/li>\n<li>Fresa Kiwi<\/li>\n<li>Sand\u00eda con fresa<\/li>\n<li>Sue\u00f1o de verano<\/li>\n<li>Ar\u00e1ndano Cereza Ar\u00e1ndano<\/li>\n<li>Lim\u00f3n Lima<\/li>\n<li>Osito de goma<\/li>\n<li>Fresa Pl\u00e1tano<\/li>\n<li>Menta fresca<\/li>\n<li>Helado de fresa y frambuesa<\/li>\n<li>Melocot\u00f3n lim\u00f3n<\/li>\n<li>Hielo de manzana roja<\/li>\n<\/ul>\n<figure id=\"attachment_1663\" aria-describedby=\"caption-attachment-1663\" style=\"width: 800px\" class=\"wp-caption alignnone\"><img fetchpriority=\"high\" decoding=\"async\" class=\"size-full wp-image-1663\" title=\"Vapsolo Viking 12000 Puffs Vape Desechable Mayorista Fresa Pl\u00e1tano\" src=\"https:\/\/www.puffsvape.com\/wp-content\/uploads\/2024\/08\/Vapsolo-Viking-12000-Puffs-Disposable-Vape-Wholesale-Strawberry-Banana.jpg\" alt=\"Vapsolo Viking 12000 Puffs Vape Desechable Mayorista Fresa Pl\u00e1tano\" width=\"800\" height=\"815\" srcset=\"https:\/\/www.puffsvape.com\/wp-content\/uploads\/2024\/08\/Vapsolo-Viking-12000-Puffs-Disposable-Vape-Wholesale-Strawberry-Banana.jpg 800w, https:\/\/www.puffsvape.com\/wp-content\/uploads\/2024\/08\/Vapsolo-Viking-12000-Puffs-Disposable-Vape-Wholesale-Strawberry-Banana-510x520.jpg 510w, https:\/\/www.puffsvape.com\/wp-content\/uploads\/2024\/08\/Vapsolo-Viking-12000-Puffs-Disposable-Vape-Wholesale-Strawberry-Banana-294x300.jpg 294w, https:\/\/www.puffsvape.com\/wp-content\/uploads\/2024\/08\/Vapsolo-Viking-12000-Puffs-Disposable-Vape-Wholesale-Strawberry-Banana-768x782.jpg 768w, https:\/\/www.puffsvape.com\/wp-content\/uploads\/2024\/08\/Vapsolo-Viking-12000-Puffs-Disposable-Vape-Wholesale-Strawberry-Banana-12x12.jpg 12w, https:\/\/www.puffsvape.com\/wp-content\/uploads\/2024\/08\/Vapsolo-Viking-12000-Puffs-Disposable-Vape-Wholesale-Strawberry-Banana-575x586.jpg 575w, https:\/\/www.puffsvape.com\/wp-content\/uploads\/2024\/08\/Vapsolo-Viking-12000-Puffs-Disposable-Vape-Wholesale-Strawberry-Banana-380x387.jpg 380w, https:\/\/www.puffsvape.com\/wp-content\/uploads\/2024\/08\/Vapsolo-Viking-12000-Puffs-Disposable-Vape-Wholesale-Strawberry-Banana-50x50.jpg 50w, https:\/\/www.puffsvape.com\/wp-content\/uploads\/2024\/08\/Vapsolo-Viking-12000-Puffs-Disposable-Vape-Wholesale-Strawberry-Banana-26x26.jpg 26w\" sizes=\"(max-width: 800px) 100vw, 800px\" \/><figcaption id=\"caption-attachment-1663\" class=\"wp-caption-text\">Vapsolo Viking 12000 Puffs Vape Desechable<\/figcaption><\/figure>","protected":false},"excerpt":{"rendered":"<p>Cantidad m\u00ednima de pedido: 50 unidades\/Mezcla de sabores<\/p>","protected":false},"featured_media":1665,"comment_status":"open","ping_status":"closed","template":"","meta":{"om_disable_all_campaigns":false,"_monsterinsights_skip_tracking":false,"_monsterinsights_sitenote_active":false,"_monsterinsights_sitenote_note":"","_monsterinsights_sitenote_category":0},"product_brand":[],"product_cat":[37],"product_tag":[],"berocket_brand":[38],"class_list":{"0":"post-1653","1":"product","2":"type-product","3":"status-publish","4":"has-post-thumbnail","6":"product_cat-vapsolo","7":"berocket_brand-vapsolo","8":"wcpa_has_options","10":"first","11":"instock","12":"shipping-taxable","13":"purchasable","14":"product-type-variable","15":"has-default-attributes"},"aioseo_notices":[],"tiered_pricing_fixed_rules":{"50":"8.29","100":"6.86"},"tiered_pricing_percentage_rules":{"50":"8.29","100":"6.86"},"tiered_pricing_type":"fixed","tiered_pricing_minimum":10,"_links":{"self":[{"href":"https:\/\/www.puffsvape.com\/es\/wp-json\/wp\/v2\/product\/1653","targetHints":{"allow":["GET"]}}],"collection":[{"href":"https:\/\/www.puffsvape.com\/es\/wp-json\/wp\/v2\/product"}],"about":[{"href":"https:\/\/www.puffsvape.com\/es\/wp-json\/wp\/v2\/types\/product"}],"replies":[{"embeddable":true,"href":"https:\/\/www.puffsvape.com\/es\/wp-json\/wp\/v2\/comments?post=1653"}],"wp:featuredmedia":[{"embeddable":true,"href":"https:\/\/www.puffsvape.com\/es\/wp-json\/wp\/v2\/media\/1665"}],"wp:attachment":[{"href":"https:\/\/www.puffsvape.com\/es\/wp-json\/wp\/v2\/media?parent=1653"}],"wp:term":[{"taxonomy":"product_brand","embeddable":true,"href":"https:\/\/www.puffsvape.com\/es\/wp-json\/wp\/v2\/product_brand?post=1653"},{"taxonomy":"product_cat","embeddable":true,"href":"https:\/\/www.puffsvape.com\/es\/wp-json\/wp\/v2\/product_cat?post=1653"},{"taxonomy":"product_tag","embeddable":true,"href":"https:\/\/www.puffsvape.com\/es\/wp-json\/wp\/v2\/product_tag?post=1653"},{"taxonomy":"berocket_brand","embeddable":true,"href":"https:\/\/www.puffsvape.com\/es\/wp-json\/wp\/v2\/berocket_brand?post=1653"}],"curies":[{"name":"wp","href":"https:\/\/api.w.org\/{rel}","templated":true}]}}