{"id":1605,"date":"2024-08-05T05:08:15","date_gmt":"2024-08-05T05:08:15","guid":{"rendered":"https:\/\/www.puffsvape.com\/?post_type=product&#038;p=1605"},"modified":"2026-04-28T18:41:59","modified_gmt":"2026-04-28T10:41:59","slug":"al-fakher-crown-bar-15000-pro-max-shisha-disposable-vape","status":"publish","type":"product","link":"https:\/\/www.puffsvape.com\/es\/producto\/al-fakher-crown-bar-15000-pro-max-shisha-vape-desechable\/","title":{"rendered":"Al Fakher Crown Bar 15000 Pro Max Shisha Vape Desechable"},"content":{"rendered":"<p>Al Fakher Crown Bar 15000 puffs es un potente dispositivo de vapeo desechable de forma \u00fanica que tiene una bater\u00eda recargable USB-C de 600mAh, 22mL de delicioso ejuice, y le durar\u00e1 15000 puffs. El Al Fakher Crown Bar 15000 Puffs es la NUEVA versi\u00f3n de su original Crown Bar de 8000 puffs. Cuenta con una avanzada pantalla LED que permite a los vapers ver tanto el nivel de e-l\u00edquido y la vida de la bater\u00eda con cada calada. El Crown Bar 15000 Puffs de Al Fakher produce nubes masivas y el logotipo est\u00e1 incrustado en el dispositivo para un tema interesante para las discusiones sociales. El Al Fakher Crown Bar 15000 puffs te durar\u00e1 d\u00edas y se carga f\u00e1cilmente sobre la marcha. Echa un vistazo a nuestra colecci\u00f3n de paquetes de vapeadores desechables.<\/p>\n<h2><span style=\"font-size: 18pt;\"><strong>Detalles del dispositivo Al Fakher Crown Bar 15000 Pro Max<\/strong>:<\/span><\/h2>\n<ul>\n<li>Capacidad: 22 ml<\/li>\n<li>Potencia de nicotina: 5% (50mg)<\/li>\n<li><span style=\"font-size: 0.875rem;\">Capacidad de la bater\u00eda: Recargable 600mAh USB Tipo-C (<\/span><strong style=\"font-size: 0.875rem;\"><em>cable no incluido<\/em><\/strong><span style=\"font-size: 0.875rem;\">)<\/span><\/li>\n<li>Conteo de Puff: + 15000<\/li>\n<li>Sabores: 20 sabores disponibles<\/li>\n<\/ul>\n<h2><span style=\"font-size: 18pt;\"><strong>Sabores disponibles:<\/strong><\/span><\/h2>\n<ul>\n<li>Hielo de bayas<\/li>\n<li>Menta<\/li>\n<li>Grosella negra helada<\/li>\n<li>Goma de ar\u00e1ndano<\/li>\n<li>Limonada Blue Razz<\/li>\n<li>Fiesta de la cereza<\/li>\n<li>Uva Menta<\/li>\n<li>Sabor a chicle<\/li>\n<li>Chicle Menta<\/li>\n<li>Menta lim\u00f3n<\/li>\n<li>Sue\u00f1o l\u00facido<\/li>\n<li>Hielo exuberante<\/li>\n<li>Amor m\u00e1gico<\/li>\n<li>Mango Ice<\/li>\n<li>Menta<\/li>\n<li>Melocot\u00f3n helado<\/li>\n<li>Dos manzanas<\/li>\n<li>Ponche de fresa<\/li>\n<li>Fruta de la pasi\u00f3n dulce<\/li>\n<li>Flash blanco<\/li>\n<\/ul>\n<figure id=\"attachment_1624\" aria-describedby=\"caption-attachment-1624\" style=\"width: 500px\" class=\"wp-caption alignnone\"><img fetchpriority=\"high\" decoding=\"async\" class=\"wp-image-1624 size-full\" title=\"al fakher crown bar 15000 vape desechable\" src=\"https:\/\/www.puffsvape.com\/wp-content\/uploads\/2024\/08\/al-fakher_crown_bar-15000-disposable_vape.jpg\" alt=\"al fakher crown bar 15000 vape desechable\" width=\"500\" height=\"500\" srcset=\"https:\/\/www.puffsvape.com\/wp-content\/uploads\/2024\/08\/al-fakher_crown_bar-15000-disposable_vape.jpg 500w, https:\/\/www.puffsvape.com\/wp-content\/uploads\/2024\/08\/al-fakher_crown_bar-15000-disposable_vape-247x247.jpg 247w, https:\/\/www.puffsvape.com\/wp-content\/uploads\/2024\/08\/al-fakher_crown_bar-15000-disposable_vape-100x100.jpg 100w, https:\/\/www.puffsvape.com\/wp-content\/uploads\/2024\/08\/al-fakher_crown_bar-15000-disposable_vape-300x300.jpg 300w, https:\/\/www.puffsvape.com\/wp-content\/uploads\/2024\/08\/al-fakher_crown_bar-15000-disposable_vape-150x150.jpg 150w, https:\/\/www.puffsvape.com\/wp-content\/uploads\/2024\/08\/al-fakher_crown_bar-15000-disposable_vape-12x12.jpg 12w, https:\/\/www.puffsvape.com\/wp-content\/uploads\/2024\/08\/al-fakher_crown_bar-15000-disposable_vape-380x380.jpg 380w, https:\/\/www.puffsvape.com\/wp-content\/uploads\/2024\/08\/al-fakher_crown_bar-15000-disposable_vape-50x50.jpg 50w, https:\/\/www.puffsvape.com\/wp-content\/uploads\/2024\/08\/al-fakher_crown_bar-15000-disposable_vape-26x26.jpg 26w\" sizes=\"(max-width: 500px) 100vw, 500px\" \/><figcaption id=\"caption-attachment-1624\" class=\"wp-caption-text\">Al Fakher Crown Bar 15000 Pro Max Shisha Vape Desechable<\/figcaption><\/figure>","protected":false},"excerpt":{"rendered":"<p>Cantidad m\u00ednima de pedido: 10 unidades\/Mezcla de sabores<\/p>","protected":false},"featured_media":1624,"comment_status":"open","ping_status":"closed","template":"","meta":{"om_disable_all_campaigns":false,"_monsterinsights_skip_tracking":false,"_monsterinsights_sitenote_active":false,"_monsterinsights_sitenote_note":"","_monsterinsights_sitenote_category":0},"product_brand":[],"product_cat":[36],"product_tag":[],"berocket_brand":[35],"class_list":{"0":"post-1605","1":"product","2":"type-product","3":"status-publish","4":"has-post-thumbnail","6":"product_cat-al-fakher","7":"berocket_brand-al-fakher","9":"first","10":"outofstock","11":"shipping-taxable","12":"purchasable","13":"product-type-variable","14":"has-default-attributes"},"aioseo_notices":[],"tiered_pricing_fixed_rules":{"20":"10","30":"15","40":"20","50":"25","100":"30"},"tiered_pricing_percentage_rules":{"20":"10","30":"15","40":"20","50":"25","100":"30"},"tiered_pricing_type":"percentage","tiered_pricing_minimum":1,"_links":{"self":[{"href":"https:\/\/www.puffsvape.com\/es\/wp-json\/wp\/v2\/product\/1605","targetHints":{"allow":["GET"]}}],"collection":[{"href":"https:\/\/www.puffsvape.com\/es\/wp-json\/wp\/v2\/product"}],"about":[{"href":"https:\/\/www.puffsvape.com\/es\/wp-json\/wp\/v2\/types\/product"}],"replies":[{"embeddable":true,"href":"https:\/\/www.puffsvape.com\/es\/wp-json\/wp\/v2\/comments?post=1605"}],"wp:featuredmedia":[{"embeddable":true,"href":"https:\/\/www.puffsvape.com\/es\/wp-json\/wp\/v2\/media\/1624"}],"wp:attachment":[{"href":"https:\/\/www.puffsvape.com\/es\/wp-json\/wp\/v2\/media?parent=1605"}],"wp:term":[{"taxonomy":"product_brand","embeddable":true,"href":"https:\/\/www.puffsvape.com\/es\/wp-json\/wp\/v2\/product_brand?post=1605"},{"taxonomy":"product_cat","embeddable":true,"href":"https:\/\/www.puffsvape.com\/es\/wp-json\/wp\/v2\/product_cat?post=1605"},{"taxonomy":"product_tag","embeddable":true,"href":"https:\/\/www.puffsvape.com\/es\/wp-json\/wp\/v2\/product_tag?post=1605"},{"taxonomy":"berocket_brand","embeddable":true,"href":"https:\/\/www.puffsvape.com\/es\/wp-json\/wp\/v2\/berocket_brand?post=1605"}],"curies":[{"name":"wp","href":"https:\/\/api.w.org\/{rel}","templated":true}]}}