{"id":1412,"date":"2024-08-01T05:47:16","date_gmt":"2024-08-01T05:47:16","guid":{"rendered":"https:\/\/www.puffsvape.com\/?post_type=product&#038;p=1412"},"modified":"2026-04-25T02:33:03","modified_gmt":"2026-04-24T18:33:03","slug":"bang-king-25000-puffs-disposable-vape","status":"publish","type":"product","link":"https:\/\/www.puffsvape.com\/es\/producto\/bang-king-25000-puffs-vape-desechable\/","title":{"rendered":"Bang King 25000 Puffs Vape Desechable"},"content":{"rendered":"<p>El Bang King 25000 Puff est\u00e1 dise\u00f1ado para los vapers que buscan un rendimiento y una comodidad excepcionales. que soportan hasta 25.000 caladas y vainas duales de 23ml (46ml en total). Disponible en nicotina 2% y 5%. Sistema de doble vaina para reducir la acumulaci\u00f3n de carb\u00f3n y restaurar el sabor. mediante carga Type-C.<\/p>\n<p>Cuenta con doble malla sub ohm bobinas y con doble vaina para swtich. orden a granel nuestra amplia selecci\u00f3n 12 sabores de Bang King 25000 con el env\u00edo r\u00e1pido y el mejor precio.<\/p>\n<h2><span style=\"font-size: 18pt;\">Bang King 25000 Dual Pods Detalles<\/span><\/h2>\n<ul>\n<li>Bobinas Dual Mesh 1.0 ohm (vapor grande+)<\/li>\n<li>2\/5% Sal de nicotina<\/li>\n<li>46ML de E-l\u00edquido<\/li>\n<li>Vainas dobles<\/li>\n<li>12 sabores disponibles<\/li>\n<li>10 unidades en caja expositora<\/li>\n<\/ul>\n<h2><span style=\"font-size: 18pt;\">Lista de sabores<\/span><\/h2>\n<p>1.Blue Razz Ice<br \/>\n2.Helado de melocot\u00f3n jugoso<br \/>\n3.Sand\u00eda con fresa<br \/>\n4.Hielo de sand\u00eda<br \/>\n5.Fresa Pl\u00e1tano<br \/>\n6.Hielo de manzana \u00e1cida<br \/>\n7.Triple hielo de bayas<br \/>\n8.Frutas tropicales<br \/>\n9.Bomba de cereza<br \/>\n10.Hielo de uva<br \/>\n11.Melocot\u00f3n Mango<br \/>\n12.Mango fresa<\/p>\n<figure id=\"attachment_1416\" aria-describedby=\"caption-attachment-1416\" style=\"width: 800px\" class=\"wp-caption alignnone\"><img fetchpriority=\"high\" decoding=\"async\" class=\"size-full wp-image-1416\" title=\"Bang King 25000 Puffs Vape Desechable Caja de embalaje al por mayor\" src=\"https:\/\/www.puffsvape.com\/wp-content\/uploads\/2024\/08\/Bang-King-25000-Puffs-Disposable-Vape-Wholesale-Packing-Box.jpg\" alt=\"Bang King 25000 Puffs Vape Desechable Caja de embalaje al por mayor\" width=\"800\" height=\"800\" srcset=\"https:\/\/www.puffsvape.com\/wp-content\/uploads\/2024\/08\/Bang-King-25000-Puffs-Disposable-Vape-Wholesale-Packing-Box.jpg 800w, https:\/\/www.puffsvape.com\/wp-content\/uploads\/2024\/08\/Bang-King-25000-Puffs-Disposable-Vape-Wholesale-Packing-Box-247x247.jpg 247w, https:\/\/www.puffsvape.com\/wp-content\/uploads\/2024\/08\/Bang-King-25000-Puffs-Disposable-Vape-Wholesale-Packing-Box-100x100.jpg 100w, https:\/\/www.puffsvape.com\/wp-content\/uploads\/2024\/08\/Bang-King-25000-Puffs-Disposable-Vape-Wholesale-Packing-Box-510x510.jpg 510w, https:\/\/www.puffsvape.com\/wp-content\/uploads\/2024\/08\/Bang-King-25000-Puffs-Disposable-Vape-Wholesale-Packing-Box-300x300.jpg 300w, https:\/\/www.puffsvape.com\/wp-content\/uploads\/2024\/08\/Bang-King-25000-Puffs-Disposable-Vape-Wholesale-Packing-Box-150x150.jpg 150w, https:\/\/www.puffsvape.com\/wp-content\/uploads\/2024\/08\/Bang-King-25000-Puffs-Disposable-Vape-Wholesale-Packing-Box-768x768.jpg 768w, https:\/\/www.puffsvape.com\/wp-content\/uploads\/2024\/08\/Bang-King-25000-Puffs-Disposable-Vape-Wholesale-Packing-Box-575x575.jpg 575w, https:\/\/www.puffsvape.com\/wp-content\/uploads\/2024\/08\/Bang-King-25000-Puffs-Disposable-Vape-Wholesale-Packing-Box-380x380.jpg 380w\" sizes=\"(max-width: 800px) 100vw, 800px\" \/><figcaption id=\"caption-attachment-1416\" class=\"wp-caption-text\">Bang King 25000 Puffs Vape Desechable<\/figcaption><\/figure>\n<figure id=\"attachment_1417\" aria-describedby=\"caption-attachment-1417\" style=\"width: 800px\" class=\"wp-caption alignnone\"><img decoding=\"async\" class=\"size-full wp-image-1417\" title=\"Bang King 25000 Puffs Vape Desechable al por mayor Sour Apple Ice\" src=\"https:\/\/www.puffsvape.com\/wp-content\/uploads\/2024\/08\/Bang-King-25000-Puffs-Disposable-Vape-Wholesale-Sour-Apple-Ice.jpg\" alt=\"Bang King 25000 Puffs Vape Desechable al por mayor Sour Apple Ice\" width=\"800\" height=\"800\" srcset=\"https:\/\/www.puffsvape.com\/wp-content\/uploads\/2024\/08\/Bang-King-25000-Puffs-Disposable-Vape-Wholesale-Sour-Apple-Ice.jpg 800w, https:\/\/www.puffsvape.com\/wp-content\/uploads\/2024\/08\/Bang-King-25000-Puffs-Disposable-Vape-Wholesale-Sour-Apple-Ice-247x247.jpg 247w, https:\/\/www.puffsvape.com\/wp-content\/uploads\/2024\/08\/Bang-King-25000-Puffs-Disposable-Vape-Wholesale-Sour-Apple-Ice-100x100.jpg 100w, https:\/\/www.puffsvape.com\/wp-content\/uploads\/2024\/08\/Bang-King-25000-Puffs-Disposable-Vape-Wholesale-Sour-Apple-Ice-510x510.jpg 510w, https:\/\/www.puffsvape.com\/wp-content\/uploads\/2024\/08\/Bang-King-25000-Puffs-Disposable-Vape-Wholesale-Sour-Apple-Ice-300x300.jpg 300w, https:\/\/www.puffsvape.com\/wp-content\/uploads\/2024\/08\/Bang-King-25000-Puffs-Disposable-Vape-Wholesale-Sour-Apple-Ice-150x150.jpg 150w, https:\/\/www.puffsvape.com\/wp-content\/uploads\/2024\/08\/Bang-King-25000-Puffs-Disposable-Vape-Wholesale-Sour-Apple-Ice-768x768.jpg 768w, https:\/\/www.puffsvape.com\/wp-content\/uploads\/2024\/08\/Bang-King-25000-Puffs-Disposable-Vape-Wholesale-Sour-Apple-Ice-575x575.jpg 575w, https:\/\/www.puffsvape.com\/wp-content\/uploads\/2024\/08\/Bang-King-25000-Puffs-Disposable-Vape-Wholesale-Sour-Apple-Ice-380x380.jpg 380w\" sizes=\"(max-width: 800px) 100vw, 800px\" \/><figcaption id=\"caption-attachment-1417\" class=\"wp-caption-text\">Bang King 25000 Puffs Vape Desechable<\/figcaption><\/figure>","protected":false},"excerpt":{"rendered":"<p>El Bang King 25000 Puff est\u00e1 dise\u00f1ado para los vapers que buscan un rendimiento y comodidad excepcionales. que soportan hasta 25.000 caladas y pods duales de 23ml (46ml en total). Disponible en nicotina 2% y 5%. Sistema de vaina dual para reducir la acumulaci\u00f3n de carb\u00f3n y restaurar el sabor. utilizando carga Tipo-C. Cuenta con doble malla sub ohmios bobinas y con [...]","protected":false},"featured_media":1423,"comment_status":"open","ping_status":"closed","template":"","meta":{"om_disable_all_campaigns":false,"_monsterinsights_skip_tracking":false,"_monsterinsights_sitenote_active":false,"_monsterinsights_sitenote_note":"","_monsterinsights_sitenote_category":0},"product_brand":[],"product_cat":[15],"product_tag":[],"berocket_brand":[22],"class_list":{"0":"post-1412","1":"product","2":"type-product","3":"status-publish","4":"has-post-thumbnail","6":"product_cat-bang","7":"product_shipping_class-free","8":"berocket_brand-bang","9":"wcpa_has_options","11":"first","12":"instock","13":"featured","14":"shipping-taxable","15":"purchasable","16":"product-type-variable","17":"has-default-attributes"},"aioseo_notices":[],"tiered_pricing_fixed_rules":{"20":"9.48","30":"8.83","40":"8.18","50":"7.54","100":"6.11"},"tiered_pricing_percentage_rules":{"20":"9.48","30":"8.83","40":"8.18","50":"7.54","100":"6.11"},"tiered_pricing_type":"fixed","tiered_pricing_minimum":10,"_links":{"self":[{"href":"https:\/\/www.puffsvape.com\/es\/wp-json\/wp\/v2\/product\/1412","targetHints":{"allow":["GET"]}}],"collection":[{"href":"https:\/\/www.puffsvape.com\/es\/wp-json\/wp\/v2\/product"}],"about":[{"href":"https:\/\/www.puffsvape.com\/es\/wp-json\/wp\/v2\/types\/product"}],"replies":[{"embeddable":true,"href":"https:\/\/www.puffsvape.com\/es\/wp-json\/wp\/v2\/comments?post=1412"}],"wp:featuredmedia":[{"embeddable":true,"href":"https:\/\/www.puffsvape.com\/es\/wp-json\/wp\/v2\/media\/1423"}],"wp:attachment":[{"href":"https:\/\/www.puffsvape.com\/es\/wp-json\/wp\/v2\/media?parent=1412"}],"wp:term":[{"taxonomy":"product_brand","embeddable":true,"href":"https:\/\/www.puffsvape.com\/es\/wp-json\/wp\/v2\/product_brand?post=1412"},{"taxonomy":"product_cat","embeddable":true,"href":"https:\/\/www.puffsvape.com\/es\/wp-json\/wp\/v2\/product_cat?post=1412"},{"taxonomy":"product_tag","embeddable":true,"href":"https:\/\/www.puffsvape.com\/es\/wp-json\/wp\/v2\/product_tag?post=1412"},{"taxonomy":"berocket_brand","embeddable":true,"href":"https:\/\/www.puffsvape.com\/es\/wp-json\/wp\/v2\/berocket_brand?post=1412"}],"curies":[{"name":"wp","href":"https:\/\/api.w.org\/{rel}","templated":true}]}}