{"id":1344,"date":"2024-05-22T03:21:10","date_gmt":"2024-05-22T03:21:10","guid":{"rendered":"https:\/\/www.puffsvape.com\/?post_type=product&#038;p=1344"},"modified":"2025-01-19T14:31:12","modified_gmt":"2025-01-19T14:31:12","slug":"lavie-energy-box-15000-disposable-vape","status":"publish","type":"product","link":"https:\/\/www.puffsvape.com\/es\/producto\/lavie-energy-box-15000-vape-desechable\/","title":{"rendered":"Lavie Energy Box 15000 Vape desechable"},"content":{"rendered":"<p>Lavie Energy Box 15000 es un dispositivo de vapeo desechable equipado con un indicador de nivel de bater\u00eda y ejuice. Equipado con una bater\u00eda de alto rendimiento de 600mAh para garantizar una larga duraci\u00f3n de la bater\u00eda, lo que le permite disfrutar de vapear sin necesidad de cargas frecuentes. Al mismo tiempo, su dep\u00f3sito de combustible de 23ml de capacidad garantiza un tiempo de vapeo prolongado para que disfrutes al m\u00e1ximo. Lavie Energy Box 15000 tambi\u00e9n ofrece una variedad de opciones de contenido de nicotina de 2%\/5% para satisfacer las necesidades de todo tipo de fumadores.<\/p>\n<h2><span style=\"font-size: 18pt;\">Especificaciones del Vape Desechable Lavie Energy Box 15000:<\/span><\/h2>\n<ul>\n<li>Marca:Lavie<\/li>\n<li>Puffs:15000 Puffs disponibles por dispositivo<\/li>\n<li>Nicotina:2%\/5%<\/li>\n<li>Capacidad del E-jugo:20ML<\/li>\n<li>Resistencia: 1.0\u03a9<\/li>\n<li>Bater\u00eda:600mAh<\/li>\n<li>Puerto de carga:Tipo-C<\/li>\n<\/ul>\n<h2><span style=\"font-size: 18pt;\">Sabores<\/span><\/h2>\n<ol>\n<li>Hielo de sand\u00eda<\/li>\n<li>Menta sand\u00eda<\/li>\n<li>Sand\u00eda con fresa<\/li>\n<li>Hielo de menta<\/li>\n<li>Hielo de mora<\/li>\n<li>Lim\u00f3n Cola<\/li>\n<li>Fresa Kiwi<\/li>\n<li>Hielo de uva<\/li>\n<li>Uva Frambuesa<\/li>\n<li>Manzana doble<\/li>\n<li>Melocot\u00f3n helado<\/li>\n<li>Helados<\/li>\n<\/ol>\n<figure id=\"attachment_1342\" aria-describedby=\"caption-attachment-1342\" style=\"width: 1000px\" class=\"wp-caption alignnone\"><img fetchpriority=\"high\" decoding=\"async\" class=\"size-full wp-image-1342\" title=\"Lavie Energy Box 15000 Puffs Vape Desechable\" src=\"https:\/\/www.puffsvape.com\/wp-content\/uploads\/2024\/05\/Lavie-Energy-Box-15000-Puffs-Disposable-Vape.jpg\" alt=\"Lavie Energy Box 15000 Puffs Vape Desechable\" width=\"1000\" height=\"1947\" srcset=\"https:\/\/www.puffsvape.com\/wp-content\/uploads\/2024\/05\/Lavie-Energy-Box-15000-Puffs-Disposable-Vape.jpg 1000w, https:\/\/www.puffsvape.com\/wp-content\/uploads\/2024\/05\/Lavie-Energy-Box-15000-Puffs-Disposable-Vape-510x993.jpg 510w, https:\/\/www.puffsvape.com\/wp-content\/uploads\/2024\/05\/Lavie-Energy-Box-15000-Puffs-Disposable-Vape-154x300.jpg 154w, https:\/\/www.puffsvape.com\/wp-content\/uploads\/2024\/05\/Lavie-Energy-Box-15000-Puffs-Disposable-Vape-526x1024.jpg 526w, https:\/\/www.puffsvape.com\/wp-content\/uploads\/2024\/05\/Lavie-Energy-Box-15000-Puffs-Disposable-Vape-768x1495.jpg 768w, https:\/\/www.puffsvape.com\/wp-content\/uploads\/2024\/05\/Lavie-Energy-Box-15000-Puffs-Disposable-Vape-789x1536.jpg 789w, https:\/\/www.puffsvape.com\/wp-content\/uploads\/2024\/05\/Lavie-Energy-Box-15000-Puffs-Disposable-Vape-920x1791.jpg 920w, https:\/\/www.puffsvape.com\/wp-content\/uploads\/2024\/05\/Lavie-Energy-Box-15000-Puffs-Disposable-Vape-575x1120.jpg 575w, https:\/\/www.puffsvape.com\/wp-content\/uploads\/2024\/05\/Lavie-Energy-Box-15000-Puffs-Disposable-Vape-380x740.jpg 380w\" sizes=\"(max-width: 1000px) 100vw, 1000px\" \/><figcaption id=\"caption-attachment-1342\" class=\"wp-caption-text\">Lavie Energy Box 15000 Puffs Vape Desechable<\/figcaption><\/figure>","protected":false},"excerpt":{"rendered":"<p>Lavie Energy Box 15000 es un dispositivo de vapeo desechable equipado con un indicador de nivel de bater\u00eda y ejuice. Equipado con una bater\u00eda de alto rendimiento de 600mAh para garantizar una larga duraci\u00f3n de la bater\u00eda, lo que le permite disfrutar de vapear sin necesidad de cargas frecuentes. Al mismo tiempo, su dep\u00f3sito de combustible de 23 ml de capacidad garantiza un mayor tiempo de vapeo para que disfrutes al [...]","protected":false},"featured_media":1340,"comment_status":"open","ping_status":"closed","template":"","meta":{"om_disable_all_campaigns":false,"_monsterinsights_skip_tracking":false,"_monsterinsights_sitenote_active":false,"_monsterinsights_sitenote_note":"","_monsterinsights_sitenote_category":0},"product_brand":[],"product_cat":[20],"product_tag":[],"berocket_brand":[21],"class_list":{"0":"post-1344","1":"product","2":"type-product","3":"status-publish","4":"has-post-thumbnail","6":"product_cat-lavie","7":"berocket_brand-lavie","8":"wcpa_has_options","10":"first","11":"instock","12":"shipping-taxable","13":"purchasable","14":"product-type-variable","15":"has-default-attributes"},"aioseo_notices":[],"tiered_pricing_fixed_rules":{"20":"9.68","30":"9.03","40":"8.38","50":"7.73","100":"6.31"},"tiered_pricing_percentage_rules":{"20":"9.68","30":"9.03","40":"8.38","50":"7.73","100":"6.31"},"tiered_pricing_type":"fixed","tiered_pricing_minimum":10,"_links":{"self":[{"href":"https:\/\/www.puffsvape.com\/es\/wp-json\/wp\/v2\/product\/1344","targetHints":{"allow":["GET"]}}],"collection":[{"href":"https:\/\/www.puffsvape.com\/es\/wp-json\/wp\/v2\/product"}],"about":[{"href":"https:\/\/www.puffsvape.com\/es\/wp-json\/wp\/v2\/types\/product"}],"replies":[{"embeddable":true,"href":"https:\/\/www.puffsvape.com\/es\/wp-json\/wp\/v2\/comments?post=1344"}],"wp:featuredmedia":[{"embeddable":true,"href":"https:\/\/www.puffsvape.com\/es\/wp-json\/wp\/v2\/media\/1340"}],"wp:attachment":[{"href":"https:\/\/www.puffsvape.com\/es\/wp-json\/wp\/v2\/media?parent=1344"}],"wp:term":[{"taxonomy":"product_brand","embeddable":true,"href":"https:\/\/www.puffsvape.com\/es\/wp-json\/wp\/v2\/product_brand?post=1344"},{"taxonomy":"product_cat","embeddable":true,"href":"https:\/\/www.puffsvape.com\/es\/wp-json\/wp\/v2\/product_cat?post=1344"},{"taxonomy":"product_tag","embeddable":true,"href":"https:\/\/www.puffsvape.com\/es\/wp-json\/wp\/v2\/product_tag?post=1344"},{"taxonomy":"berocket_brand","embeddable":true,"href":"https:\/\/www.puffsvape.com\/es\/wp-json\/wp\/v2\/berocket_brand?post=1344"}],"curies":[{"name":"wp","href":"https:\/\/api.w.org\/{rel}","templated":true}]}}