{"id":1262,"date":"2024-08-17T12:30:35","date_gmt":"2024-08-17T12:30:35","guid":{"rendered":"https:\/\/www.puffsvape.com\/?post_type=product&#038;p=1262"},"modified":"2026-04-14T20:03:41","modified_gmt":"2026-04-14T12:03:41","slug":"elf-bar-te6000-disposable-vape","status":"publish","type":"product","link":"https:\/\/www.puffsvape.com\/es\/producto\/elf-bar-te6000-vape-desechable\/","title":{"rendered":"Vapeador desechable Elf Bar TE6000"},"content":{"rendered":"<p>El Elf Bar TE 6000 viene en sabrosos sabores afrutados y es super silencioso cuando das caladas, perfecto para novatos porque es muy f\u00e1cil. No hay complicaciones con las bobinas o la carga - s\u00f3lo tienes que apagarlo cuando haya terminado. Aunque es peque\u00f1o, te da hasta 6.000 caladas, como 40 cigarrillos. Con nicotina fuerte, te ayuda a dejar de fumar m\u00e1s f\u00e1cilmente. S\u00f3lo tienes que darle una calada, y funciona como magia.<\/p>\n<table style=\"border-collapse: collapse; width: 37.9947%;\" border=\"0\" width=\"425\" cellspacing=\"0\" cellpadding=\"0\">\n<tbody>\n<tr style=\"height: 27.00pt;\">\n<td class=\"et2\" style=\"height: 27pt; width: 51.5081%;\" width=\"219\" height=\"36\"><strong>Fecha de caducidad<\/strong><\/td>\n<td class=\"et2\" style=\"width: 61.949%;\" width=\"206\"><strong>Sabores<\/strong><\/td>\n<\/tr>\n<tr style=\"height: 15.75pt;\">\n<td class=\"et3\" style=\"height: 15.75pt; width: 51.5081%;\" height=\"21\">05-mayo-25<\/td>\n<td class=\"et4\" style=\"width: 61.949%;\">Cayo Hueso<\/td>\n<\/tr>\n<tr style=\"height: 15.75pt;\">\n<td class=\"et3\" style=\"height: 15.75pt; width: 51.5081%;\" height=\"21\">05-mayo-25<\/td>\n<td class=\"et4\" style=\"width: 61.949%;\">Menta lce<\/td>\n<\/tr>\n<tr style=\"height: 15.75pt;\">\n<td class=\"et3\" style=\"height: 15.75pt; width: 51.5081%;\" height=\"21\">05-mayo-25<\/td>\n<td class=\"et4\" style=\"width: 61.949%;\">Claro<\/td>\n<\/tr>\n<tr style=\"height: 15.75pt;\">\n<td class=\"et3\" style=\"height: 15.75pt; width: 51.5081%;\" height=\"21\">05-mayo-25<\/td>\n<td class=\"et4\" style=\"width: 61.949%;\">Oto\u00f1o<\/td>\n<\/tr>\n<tr style=\"height: 15.75pt;\">\n<td class=\"et3\" style=\"height: 15.75pt; width: 51.5081%;\" height=\"21\">08-Nov-24<\/td>\n<td class=\"et4\" style=\"width: 61.949%;\">Pi\u00f1a Mango Naranja<\/td>\n<\/tr>\n<tr style=\"height: 15.75pt;\">\n<td class=\"et3\" style=\"height: 15.75pt; width: 51.5081%;\" height=\"21\">08-Nov-24<\/td>\n<td class=\"et4\" style=\"width: 61.949%;\">Kiwi Fruta de la pasi\u00f3n Guayaba<\/td>\n<\/tr>\n<tr style=\"height: 15.75pt;\">\n<td class=\"et3\" style=\"height: 15.75pt; width: 51.5081%;\" height=\"21\">08-Nov-24<\/td>\n<td class=\"et4\" style=\"width: 61.949%;\">Toro Elfo<\/td>\n<\/tr>\n<tr style=\"height: 15.75pt;\">\n<td class=\"et3\" style=\"height: 15.75pt; width: 51.5081%;\" height=\"21\">08-Nov-24<\/td>\n<td class=\"et4\" style=\"width: 61.949%;\">Algod\u00f3n de az\u00facar<\/td>\n<\/tr>\n<\/tbody>\n<\/table>\n<h2><span style=\"font-size: 18pt;\">Elf Bar TE6000 Vape al por mayor Quick Details<\/span><\/h2>\n<ol>\n<li>6.000 bocanadas<\/li>\n<li>50mg de nicotina en sal (5%)<\/li>\n<li>Bater\u00eda de 550 mAh (micro usb recargable, cable no incluido)<\/li>\n<li>Activaci\u00f3n por inhalaci\u00f3n (no hay que pulsar ning\u00fan bot\u00f3n)<\/li>\n<li>Capacidad de 15 ml de l\u00edquido (no recargable)<\/li>\n<li>Tensi\u00f3n constante desde la primera hasta la \u00faltima calada para garantizar un sabor suave y uniforme en todo momento<\/li>\n<li>Dise\u00f1o delgado, boquilla c\u00f3moda, ligera y de bolsillo<\/li>\n<li>Envasado al vac\u00edo para mayor frescura.<\/li>\n<li>Viene con una pegatina de seguridad para verificar su autenticidad<\/li>\n<\/ol>\n<p>&nbsp;<\/p>\n<figure id=\"attachment_1267\" aria-describedby=\"caption-attachment-1267\" style=\"width: 608px\" class=\"wp-caption alignleft\"><img fetchpriority=\"high\" decoding=\"async\" class=\"size-full wp-image-1267\" title=\"Elf Bar TE6000 Vape desechable al por mayor Todos los sabores\" src=\"https:\/\/www.puffsvape.com\/wp-content\/uploads\/2024\/04\/Elf-Bar-TE6000-Disposable-Vape-Wholesale-All-flavors.jpg\" alt=\"Elf Bar TE6000 Vape desechable al por mayor Todos los sabores\" width=\"608\" height=\"608\" srcset=\"https:\/\/www.puffsvape.com\/wp-content\/uploads\/2024\/04\/Elf-Bar-TE6000-Disposable-Vape-Wholesale-All-flavors.jpg 608w, https:\/\/www.puffsvape.com\/wp-content\/uploads\/2024\/04\/Elf-Bar-TE6000-Disposable-Vape-Wholesale-All-flavors-247x247.jpg 247w, https:\/\/www.puffsvape.com\/wp-content\/uploads\/2024\/04\/Elf-Bar-TE6000-Disposable-Vape-Wholesale-All-flavors-100x100.jpg 100w, https:\/\/www.puffsvape.com\/wp-content\/uploads\/2024\/04\/Elf-Bar-TE6000-Disposable-Vape-Wholesale-All-flavors-510x510.jpg 510w, https:\/\/www.puffsvape.com\/wp-content\/uploads\/2024\/04\/Elf-Bar-TE6000-Disposable-Vape-Wholesale-All-flavors-300x300.jpg 300w, https:\/\/www.puffsvape.com\/wp-content\/uploads\/2024\/04\/Elf-Bar-TE6000-Disposable-Vape-Wholesale-All-flavors-150x150.jpg 150w, https:\/\/www.puffsvape.com\/wp-content\/uploads\/2024\/04\/Elf-Bar-TE6000-Disposable-Vape-Wholesale-All-flavors-575x575.jpg 575w, https:\/\/www.puffsvape.com\/wp-content\/uploads\/2024\/04\/Elf-Bar-TE6000-Disposable-Vape-Wholesale-All-flavors-380x380.jpg 380w\" sizes=\"(max-width: 608px) 100vw, 608px\" \/><figcaption id=\"caption-attachment-1267\" class=\"wp-caption-text\">Elf Bar TE6000 Vape desechable al por mayor Todos los sabores<\/figcaption><\/figure>\n<figure id=\"attachment_1278\" aria-describedby=\"caption-attachment-1278\" style=\"width: 600px\" class=\"wp-caption alignleft\"><img decoding=\"async\" class=\"wp-image-1278\" title=\"TE6000 EN STOCK\" src=\"https:\/\/www.puffsvape.com\/wp-content\/uploads\/2024\/04\/TE6000-IN-STOCK.jpg\" alt=\"TE6000 EN STOCK\" width=\"600\" height=\"571\" srcset=\"https:\/\/www.puffsvape.com\/wp-content\/uploads\/2024\/04\/TE6000-IN-STOCK.jpg 1280w, https:\/\/www.puffsvape.com\/wp-content\/uploads\/2024\/04\/TE6000-IN-STOCK-510x486.jpg 510w, https:\/\/www.puffsvape.com\/wp-content\/uploads\/2024\/04\/TE6000-IN-STOCK-300x286.jpg 300w, https:\/\/www.puffsvape.com\/wp-content\/uploads\/2024\/04\/TE6000-IN-STOCK-1024x975.jpg 1024w, https:\/\/www.puffsvape.com\/wp-content\/uploads\/2024\/04\/TE6000-IN-STOCK-768x731.jpg 768w, https:\/\/www.puffsvape.com\/wp-content\/uploads\/2024\/04\/TE6000-IN-STOCK-1140x1086.jpg 1140w, https:\/\/www.puffsvape.com\/wp-content\/uploads\/2024\/04\/TE6000-IN-STOCK-920x876.jpg 920w, https:\/\/www.puffsvape.com\/wp-content\/uploads\/2024\/04\/TE6000-IN-STOCK-575x548.jpg 575w, https:\/\/www.puffsvape.com\/wp-content\/uploads\/2024\/04\/TE6000-IN-STOCK-380x362.jpg 380w\" sizes=\"(max-width: 600px) 100vw, 600px\" \/><figcaption id=\"caption-attachment-1278\" class=\"wp-caption-text\">TE6000 EN STOCK<\/figcaption><\/figure>","protected":false},"excerpt":{"rendered":"<ul>\n<li>Cantidad m\u00ednima de pedido: 10 uds\/mismo sabor, 50 uds\/pedido<\/li>\n<\/ul>","protected":false},"featured_media":1264,"comment_status":"open","ping_status":"closed","template":"","meta":{"om_disable_all_campaigns":false,"_monsterinsights_skip_tracking":false,"_monsterinsights_sitenote_active":false,"_monsterinsights_sitenote_note":"","_monsterinsights_sitenote_category":0},"product_brand":[],"product_cat":[31],"product_tag":[],"berocket_brand":[30],"class_list":{"0":"post-1262","1":"product","2":"type-product","3":"status-publish","4":"has-post-thumbnail","6":"product_cat-elf-bar","7":"berocket_brand-elf-bar","9":"first","10":"outofstock","11":"sale","12":"shipping-taxable","13":"purchasable","14":"product-type-variable"},"aioseo_notices":[],"tiered_pricing_fixed_rules":{"60":"1","70":"2","80":"3","90":"4","100":"5"},"tiered_pricing_percentage_rules":{"60":"1","70":"2","80":"3","90":"4","100":"5"},"tiered_pricing_type":"percentage","tiered_pricing_minimum":10,"_links":{"self":[{"href":"https:\/\/www.puffsvape.com\/es\/wp-json\/wp\/v2\/product\/1262","targetHints":{"allow":["GET"]}}],"collection":[{"href":"https:\/\/www.puffsvape.com\/es\/wp-json\/wp\/v2\/product"}],"about":[{"href":"https:\/\/www.puffsvape.com\/es\/wp-json\/wp\/v2\/types\/product"}],"replies":[{"embeddable":true,"href":"https:\/\/www.puffsvape.com\/es\/wp-json\/wp\/v2\/comments?post=1262"}],"wp:featuredmedia":[{"embeddable":true,"href":"https:\/\/www.puffsvape.com\/es\/wp-json\/wp\/v2\/media\/1264"}],"wp:attachment":[{"href":"https:\/\/www.puffsvape.com\/es\/wp-json\/wp\/v2\/media?parent=1262"}],"wp:term":[{"taxonomy":"product_brand","embeddable":true,"href":"https:\/\/www.puffsvape.com\/es\/wp-json\/wp\/v2\/product_brand?post=1262"},{"taxonomy":"product_cat","embeddable":true,"href":"https:\/\/www.puffsvape.com\/es\/wp-json\/wp\/v2\/product_cat?post=1262"},{"taxonomy":"product_tag","embeddable":true,"href":"https:\/\/www.puffsvape.com\/es\/wp-json\/wp\/v2\/product_tag?post=1262"},{"taxonomy":"berocket_brand","embeddable":true,"href":"https:\/\/www.puffsvape.com\/es\/wp-json\/wp\/v2\/berocket_brand?post=1262"}],"curies":[{"name":"wp","href":"https:\/\/api.w.org\/{rel}","templated":true}]}}