{"id":2095,"date":"2024-09-14T09:05:53","date_gmt":"2024-09-14T09:05:53","guid":{"rendered":"https:\/\/www.puffsvape.com\/?page_id=2095"},"modified":"2024-09-14T09:10:22","modified_gmt":"2024-09-14T09:10:22","slug":"payment-finish","status":"publish","type":"page","link":"https:\/\/www.puffsvape.com\/es\/pongase-en-contacto-con\/fin-de-pago\/","title":{"rendered":"Fin de pago"},"content":{"rendered":"<div class='fluentform ff-default fluentform_wrapper_4 ffs_default_wrap'><form data-form_id=\"4\" id=\"fluentform_4\" class=\"frm-fluent-form fluent_form_4 ff-el-form-top ff_form_instance_4_1 ff-form-loading ffs_default\" data-form_instance=\"ff_form_instance_4_1\" method=\"POST\" action=\"\" ><fieldset  style=\"border: none!important;margin: 0!important;padding: 0!important;background-color: transparent!important;box-shadow: none!important;outline: none!important; min-inline-size: 100%;\">\n                    <legend class=\"ff_screen_reader_title\" style=\"display: block; margin: 0!important;padding: 0!important;height: 0!important;text-indent: -999999px;width: 0!important;overflow:hidden;\">Despu\u00e9s del pago<\/legend><input type='hidden' name='__fluent_form_embded_post_id' value='2095' \/><input type=\"hidden\" id=\"_fluentform_4_fluentformnonce\" name=\"_fluentform_4_fluentformnonce\" value=\"50db12ddf4\" \/><input type=\"hidden\" name=\"_wp_http_referer\" value=\"\/es\/wp-json\/wp\/v2\/pages\/2095\" \/><div data-type=\"name-element\" data-name=\"names\" class=\"ff-field_container ff-name-field-wrapper\" ><div class='ff-t-container'><div class='ff-t-cell'><div class='ff-el-group ff-el-form-top'><div class=\"ff-el-input--label ff-el-is-required asterisk-right\"><label for='ff_4_names_first_name_' >Nombre del pagador<\/label><\/div><div class='ff-el-input--content'><input type=\"text\" name=\"names[first_name]\" id=\"ff_4_names_first_name_\" class=\"ff-el-form-control\" placeholder=\"Puede ser diferente del nombre del destinatario de la orden\" aria-invalid=\"false\" aria-required=\"true\"><\/div><\/div><\/div><\/div><\/div><div class='ff-el-group'><div class=\"ff-el-input--label ff-el-is-required asterisk-right\"><label for='ff_4_email' aria-label=\"Direcci\u00f3n de correo electr\u00f3nico de su pedido\">Direcci\u00f3n de correo electr\u00f3nico de su pedido<\/label><\/div><div class='ff-el-input--content'><input type=\"email\" name=\"email\" id=\"ff_4_email\" class=\"ff-el-form-control\" placeholder=\"La direcci\u00f3n de correo electr\u00f3nico que dej\u00f3 al realizar el pedido\" data-name=\"email\"  aria-invalid=\"false\" aria-required=\"true\"><\/div><\/div><div class='ff-el-group'><div class=\"ff-el-input--label ff-el-is-required asterisk-right\"><label for='ff_4_input_text' aria-label=\"Su n\u00famero de pedido\">Su n\u00famero de pedido<\/label><\/div><div class='ff-el-input--content'><input type=\"text\" name=\"input_text\" class=\"ff-el-form-control\" placeholder=\"Como PUV1920\" data-name=\"input_text\" id=\"ff_4_input_text\"  aria-invalid=\"false\" aria-required=\"true\"><\/div><\/div><div class='ff-el-group'><div class=\"ff-el-input--label ff-el-is-required asterisk-right\"><label for='ff_4_numeric_field' aria-label=\"Importe de su pedido\">Importe de su pedido<\/label><\/div><div class='ff-el-input--content'><div class=\"ff_input-group\"><div class=\"ff_input-group-prepend\"><span class=\"ff_input-group-text\">\u20ac<\/span><\/div><input type=\"number\" name=\"numeric_field\" id=\"ff_4_numeric_field\" class=\"ff-el-form-control\" data-name=\"numeric_field\" inputmode=\"numeric\" step=\"any\"  aria-invalid=\"false\" aria-required=\"true\"><\/div><\/div><\/div><div class='ff-el-group'><div class=\"ff-el-input--label ff-el-is-required asterisk-right\"><label for='ff_4_dropdown' aria-label=\"\u00bfDesde qu\u00e9 pa\u00eds env\u00eda el pago?\">\u00bfDesde qu\u00e9 pa\u00eds env\u00eda el pago?<\/label><\/div><div class='ff-el-input--content'><select name=\"dropdown\" id=\"ff_4_dropdown\" class=\"ff-el-form-control\" data-name=\"dropdown\" data-calc_value=\"0\"  aria-invalid=\"false\" aria-required=\"true\"><option value=\"\">- Seleccionar -<\/option><option value=\"Austria\"  >Austria<\/option><option value=\"Belgium\"  >B\u00e9lgica<\/option><option value=\"Bulgaria\"  >Bulgaria<\/option><option value=\"Croatia\"  >Croacia<\/option><option value=\"Czech Republic\"  >Rep\u00fablica Checa<\/option><option value=\"Denmark\"  >Dinamarca<\/option><option value=\"Estonia\"  >Estonia<\/option><option value=\"Finland\"  >Finlandia<\/option><option value=\"France\"  >Francia<\/option><option value=\"lreland\"  >lreland<\/option><option value=\"Germany\"  >Alemania<\/option><option value=\"Greece\"  >Grecia<\/option><option value=\"Hungary\"  >Hungr\u00eda<\/option><option value=\"Italy\"  >Italia<\/option><option value=\"Latvia\"  >Letonia<\/option><option value=\"Lithuania\"  >Lituania<\/option><option value=\"Luxembourg\"  >Luxemburgo<\/option><option value=\"Netherlands\"  >Pa\u00edses Bajos<\/option><option value=\"Poland\"  >Polonia<\/option><option value=\"Portugal\"  >Portugal<\/option><option value=\"Romania\"  >Ruman\u00eda<\/option><option value=\"Slovakia\"  >Eslovaquia<\/option><option value=\"Slovenia\"  >Eslovenia<\/option><option value=\"Spain\"  >Espa\u00f1a<\/option><option value=\"Sweden\"  >Suecia<\/option><\/select><\/div><\/div><div class='ff-el-group ff-text-left ff_submit_btn_wrapper'><button type=\"submit\" class=\"ff-btn ff-btn-submit ff-btn-md ff_btn_style\" >Enviar al director de la tienda<\/button><\/div><\/fieldset><input type=\"hidden\" name=\"trp-form-language\" value=\"es\"\/><\/form><div id='fluentform_4_errors' class='ff-errors-in-stack ff_form_instance_4_1 ff-form-loading_errors ff_form_instance_4_1_errors'><\/div><\/div>        <script type=\"text\/javascript\">\n            window.fluent_form_ff_form_instance_4_1 = {\"id\":\"4\",\"settings\":{\"layout\":{\"labelPlacement\":\"top\",\"helpMessagePlacement\":\"with_label\",\"errorMessagePlacement\":\"inline\",\"cssClassName\":\"\",\"asteriskPlacement\":\"asterisk-right\"},\"restrictions\":{\"denyEmptySubmission\":{\"enabled\":false}}},\"form_instance\":\"ff_form_instance_4_1\",\"form_id_selector\":\"fluentform_4\",\"rules\":{\"names[first_name]\":{\"required\":{\"value\":true,\"message\":\"Este campo es obligatorio\",\"global_message\":\"This field is required\",\"global\":true}},\"names[middle_name]\":{\"required\":{\"value\":false,\"message\":\"Este campo es obligatorio\",\"global_message\":\"This field is required\",\"global\":true}},\"names[last_name]\":{\"required\":{\"value\":false,\"message\":\"Este campo es obligatorio\",\"global_message\":\"This field is required\",\"global\":true}},\"email\":{\"required\":{\"value\":true,\"message\":\"Este campo es obligatorio\",\"global_message\":\"This field is required\",\"global\":true},\"email\":{\"value\":true,\"message\":\"Este campo debe contener un correo electr\\u00f3nico v\\u00e1lido\",\"global_message\":\"This field must contain a valid email\",\"global\":true}},\"input_text\":{\"required\":{\"value\":true,\"message\":\"Este campo es obligatorio\",\"global_message\":\"This field is required\",\"global\":true}},\"numeric_field\":{\"required\":{\"value\":true,\"message\":\"Este campo es obligatorio\",\"global_message\":\"This field is required\",\"global\":true},\"numeric\":{\"value\":true,\"message\":\"Este campo debe contener valor num\\u00e9rico\",\"global_message\":\"This field must contain numeric value\",\"global\":true},\"min\":{\"value\":\"\",\"message\":\"La validaci\\u00f3n falla por el valor m\\u00ednimo\",\"global_message\":\"Validation fails for minimum value\",\"global\":true},\"max\":{\"value\":\"\",\"message\":\"La validaci\\u00f3n falla por el valor m\\u00e1ximo\",\"global_message\":\"Validation fails for maximum value\",\"global\":true},\"digits\":{\"value\":\"\",\"message\":\"La validaci\\u00f3n falla por d\\u00edgitos limitados\",\"global_message\":\"Validation fails for limited digits\",\"global\":true}},\"dropdown\":{\"required\":{\"value\":true,\"message\":\"Este campo es obligatorio\",\"global_message\":\"This field is required\",\"global\":true}}},\"debounce_time\":300};\n                    <\/script>\n        \n<ol>\n<li>Si su pagador es el mismo que el nombre que dej\u00f3 al hacer el pedido, o si anot\u00f3 el n\u00famero de pedido al hacer el pago, no tiene que notific\u00e1rnoslo rellenando el formulario.<\/li>\n<li>No obstante, si el nombre del destinatario que dej\u00f3 al realizar el pedido no coincide con el nombre del pagador y no anot\u00f3 el n\u00famero de pedido al realizar el pago, le sugerimos que rellene este formulario y nos lo env\u00ede para que podamos reconocer r\u00e1pidamente su pago y tramitar su pedido lo antes posible, gracias.<\/li>\n<\/ol>","protected":false},"excerpt":{"rendered":"<p>Si su beneficiario es el mismo que el nombre que dej\u00f3 al hacer el pedido, o si anot\u00f3 el n\u00famero de pedido al hacer el pago, no tiene que notific\u00e1rnoslo rellenando el formulario. Sin embargo, si el nombre del beneficiario que dej\u00f3 cuando [...]","protected":false},"author":1,"featured_media":0,"parent":1169,"menu_order":0,"comment_status":"closed","ping_status":"closed","template":"","meta":{"om_disable_all_campaigns":false,"_monsterinsights_skip_tracking":false,"_monsterinsights_sitenote_active":false,"_monsterinsights_sitenote_note":"","_monsterinsights_sitenote_category":0,"footnotes":""},"class_list":["post-2095","page","type-page","status-publish","hentry"],"aioseo_notices":[],"_links":{"self":[{"href":"https:\/\/www.puffsvape.com\/es\/wp-json\/wp\/v2\/pages\/2095","targetHints":{"allow":["GET"]}}],"collection":[{"href":"https:\/\/www.puffsvape.com\/es\/wp-json\/wp\/v2\/pages"}],"about":[{"href":"https:\/\/www.puffsvape.com\/es\/wp-json\/wp\/v2\/types\/page"}],"author":[{"embeddable":true,"href":"https:\/\/www.puffsvape.com\/es\/wp-json\/wp\/v2\/users\/1"}],"replies":[{"embeddable":true,"href":"https:\/\/www.puffsvape.com\/es\/wp-json\/wp\/v2\/comments?post=2095"}],"version-history":[{"count":4,"href":"https:\/\/www.puffsvape.com\/es\/wp-json\/wp\/v2\/pages\/2095\/revisions"}],"predecessor-version":[{"id":2099,"href":"https:\/\/www.puffsvape.com\/es\/wp-json\/wp\/v2\/pages\/2095\/revisions\/2099"}],"up":[{"embeddable":true,"href":"https:\/\/www.puffsvape.com\/es\/wp-json\/wp\/v2\/pages\/1169"}],"wp:attachment":[{"href":"https:\/\/www.puffsvape.com\/es\/wp-json\/wp\/v2\/media?parent=2095"}],"curies":[{"name":"wp","href":"https:\/\/api.w.org\/{rel}","templated":true}]}}