{"id":1853,"date":"2024-09-01T05:09:47","date_gmt":"2024-09-01T05:09:47","guid":{"rendered":"https:\/\/www.puffsvape.com\/?page_id=1853"},"modified":"2024-09-01T05:57:00","modified_gmt":"2024-09-01T05:57:00","slug":"qpm","status":"publish","type":"page","link":"https:\/\/www.puffsvape.com\/es\/qpm\/","title":{"rendered":"Cantidad &amp; Precio &amp; MOQ"},"content":{"rendered":"<p>Bas\u00e1ndonos en algunas preguntas frecuentes de nuestros clientes, ofrecemos una explicaci\u00f3n especial de estas palabras clave<\/p>\n<p>Tomemos como ejemplo uno de los productos de nuestra tienda, que se explicar\u00e1 del siguiente modo<\/p>\n<p>https:\/\/www.puffsvape.com\/product\/bang-king-25000-puffs-disposable-vape\/<\/p>\n<ul>\n<li>\n<h3><span style=\"color: #0000ff;\">\u00bfCu\u00e1l es la cantidad m\u00ednima de pedido?<\/span><\/h3>\n<\/li>\n<\/ul>\n<p>Para la mayor\u00eda de los productos, nuestra cantidad m\u00ednima de pedido es de 10 unidades, a menos que se especifique en la p\u00e1gina, por ejemplo, 50 unidades, 100 unidades.<\/p>\n<ul>\n<li>\n<h3><span style=\"color: #0000ff;\">\u00bfCu\u00e1l es el precio?<\/span><\/h3>\n<\/li>\n<\/ul>\n<p>El precio se mostrar\u00e1 justo debajo del t\u00edtulo del producto, este es el precio m\u00e1s barato para la mayor cantidad, si usted pide la menor cantidad, entonces el precio se muestra justo debajo.<\/p>\n<figure id=\"attachment_1856\" aria-describedby=\"caption-attachment-1856\" style=\"width: 1024px\" class=\"wp-caption aligncenter\"><img fetchpriority=\"high\" decoding=\"async\" class=\"wp-image-1856 size-large\" title=\"precio\" src=\"https:\/\/www.puffsvape.com\/wp-content\/uploads\/2024\/09\/price-1024x553.jpg\" alt=\"precio\" width=\"1024\" height=\"553\" srcset=\"https:\/\/www.puffsvape.com\/wp-content\/uploads\/2024\/09\/price-1024x553.jpg 1024w, https:\/\/www.puffsvape.com\/wp-content\/uploads\/2024\/09\/price-510x276.jpg 510w, https:\/\/www.puffsvape.com\/wp-content\/uploads\/2024\/09\/price-300x162.jpg 300w, https:\/\/www.puffsvape.com\/wp-content\/uploads\/2024\/09\/price-768x415.jpg 768w, https:\/\/www.puffsvape.com\/wp-content\/uploads\/2024\/09\/price-18x10.jpg 18w, https:\/\/www.puffsvape.com\/wp-content\/uploads\/2024\/09\/price-1140x616.jpg 1140w, https:\/\/www.puffsvape.com\/wp-content\/uploads\/2024\/09\/price-920x497.jpg 920w, https:\/\/www.puffsvape.com\/wp-content\/uploads\/2024\/09\/price-575x311.jpg 575w, https:\/\/www.puffsvape.com\/wp-content\/uploads\/2024\/09\/price-380x205.jpg 380w, https:\/\/www.puffsvape.com\/wp-content\/uploads\/2024\/09\/price.jpg 1199w\" sizes=\"(max-width: 1024px) 100vw, 1024px\" \/><figcaption id=\"caption-attachment-1856\" class=\"wp-caption-text\"><span style=\"color: #800080;\"><em>PRECIO del producto<\/em><\/span><\/figcaption><\/figure>\n<ul>\n<li>\n<h3><span style=\"color: #0000ff;\">\u00bfEl precio es por 1 \u00f3 10 unidades?<\/span><\/h3>\n<\/li>\n<\/ul>\n<p>El precio es por 1, es decir, un solo vape<\/p>\n<ul>\n<li>\n<h3><span style=\"color: #0000ff;\">\u00bfPuedo pedir diferentes sabores para 10 pcs\uff1f<\/span><\/h3>\n<\/li>\n<\/ul>\n<p>No, normalmente vienen 10 piezas del mismo sabor en una caja expositora, es todo en uno y no las vendemos desperdigadas.<\/p>\n<ul>\n<li>\n<h3><span style=\"color: #0000ff;\">Quiero pedir 20 unidades, \u00bfpuedo elegir 2 sabores?<\/span><\/h3>\n<\/li>\n<\/ul>\n<p>Claro, eso no es problema, simplemente decir, nuestro moq es 10 pcs\/ sabor, si usted tiene gusto de pedir 20 pcs, despu\u00e9s usted puede elegir 2 sabores m\u00e1ximos, si usted tiene gusto de pedir 30 pcs, usted puede elegir 3 sabores m\u00e1ximos...<\/p>\n<ul>\n<li>\n<h3><span style=\"color: #0000ff;\">\u00bfC\u00f3mo puedo a\u00f1adir diferentes sabores (por ejemplo, 30 unidades de 3 sabores)?<\/span><\/h3>\n<\/li>\n<\/ul>\n<figure id=\"attachment_1860\" aria-describedby=\"caption-attachment-1860\" style=\"width: 1015px\" class=\"wp-caption aligncenter\"><img decoding=\"async\" class=\"wp-image-1860 size-full\" title=\"diferentes sabores para elegir\" src=\"https:\/\/www.puffsvape.com\/wp-content\/uploads\/2024\/09\/different-flavors-to-choose.png\" alt=\"diferentes sabores para elegir\" width=\"1015\" height=\"724\" srcset=\"https:\/\/www.puffsvape.com\/wp-content\/uploads\/2024\/09\/different-flavors-to-choose.png 1015w, https:\/\/www.puffsvape.com\/wp-content\/uploads\/2024\/09\/different-flavors-to-choose-510x364.png 510w, https:\/\/www.puffsvape.com\/wp-content\/uploads\/2024\/09\/different-flavors-to-choose-300x214.png 300w, https:\/\/www.puffsvape.com\/wp-content\/uploads\/2024\/09\/different-flavors-to-choose-768x548.png 768w, https:\/\/www.puffsvape.com\/wp-content\/uploads\/2024\/09\/different-flavors-to-choose-18x12.png 18w, https:\/\/www.puffsvape.com\/wp-content\/uploads\/2024\/09\/different-flavors-to-choose-920x656.png 920w, https:\/\/www.puffsvape.com\/wp-content\/uploads\/2024\/09\/different-flavors-to-choose-575x410.png 575w, https:\/\/www.puffsvape.com\/wp-content\/uploads\/2024\/09\/different-flavors-to-choose-380x271.png 380w\" sizes=\"(max-width: 1015px) 100vw, 1015px\" \/><figcaption id=\"caption-attachment-1860\" class=\"wp-caption-text\"><span style=\"color: #800080;\"><em>Diferentes sabores para elegir<\/em><\/span><\/figcaption><\/figure>\n<p>Haga clic en el bot\u00f3n \u2193 a la derecha del Sabor, ver\u00e1 la tabla de sabores arriba, puede agregar 3 sabores diferentes al carrito uno por uno, luego haga clic en el carrito ver\u00e1 3 sabores diferentes all\u00ed, tambi\u00e9n puede ajustar la cantidad en la p\u00e1gina del carrito.<\/p>\n<ul>\n<li>\n<h3><span style=\"color: #0000ff;\">\u00bfSer\u00e1 m\u00e1s caro si pido m\u00e1s?<\/span><\/h3>\n<\/li>\n<\/ul>\n<figure id=\"attachment_1862\" aria-describedby=\"caption-attachment-1862\" style=\"width: 1225px\" class=\"wp-caption aligncenter\"><img decoding=\"async\" class=\"wp-image-1862 size-full\" title=\"m\u00e1s cantidad m\u00e1s barato\" src=\"https:\/\/www.puffsvape.com\/wp-content\/uploads\/2024\/09\/more-quantity-cheaper.jpg\" alt=\"m\u00e1s cantidad m\u00e1s barato\" width=\"1225\" height=\"610\" srcset=\"https:\/\/www.puffsvape.com\/wp-content\/uploads\/2024\/09\/more-quantity-cheaper.jpg 1225w, https:\/\/www.puffsvape.com\/wp-content\/uploads\/2024\/09\/more-quantity-cheaper-510x254.jpg 510w, https:\/\/www.puffsvape.com\/wp-content\/uploads\/2024\/09\/more-quantity-cheaper-300x149.jpg 300w, https:\/\/www.puffsvape.com\/wp-content\/uploads\/2024\/09\/more-quantity-cheaper-1024x510.jpg 1024w, https:\/\/www.puffsvape.com\/wp-content\/uploads\/2024\/09\/more-quantity-cheaper-768x382.jpg 768w, https:\/\/www.puffsvape.com\/wp-content\/uploads\/2024\/09\/more-quantity-cheaper-18x9.jpg 18w, https:\/\/www.puffsvape.com\/wp-content\/uploads\/2024\/09\/more-quantity-cheaper-1140x568.jpg 1140w, https:\/\/www.puffsvape.com\/wp-content\/uploads\/2024\/09\/more-quantity-cheaper-920x458.jpg 920w, https:\/\/www.puffsvape.com\/wp-content\/uploads\/2024\/09\/more-quantity-cheaper-575x286.jpg 575w, https:\/\/www.puffsvape.com\/wp-content\/uploads\/2024\/09\/more-quantity-cheaper-380x189.jpg 380w\" sizes=\"(max-width: 1225px) 100vw, 1225px\" \/><figcaption id=\"caption-attachment-1862\" class=\"wp-caption-text\"><span style=\"color: #800080;\"><em>M\u00e1s cantidad, m\u00e1s barato<\/em><\/span><\/figcaption><\/figure>\n<p>Claro, nuestro precio se basa en la cantidad, se puede ver una tabla de precios despu\u00e9s de que el producto tittle, es adecuado para el mismo producto (puede ser mezcla de sabores) solamente.<\/p>","protected":false},"excerpt":{"rendered":"<p>Sobre la base de algunas preguntas frecuentes de nuestros clientes, ofrecemos una explicaci\u00f3n especial de estas palabras clave Tomemos un ejemplo de uno de los productos de nuestra tienda, que se explicar\u00e1 de la siguiente manera https:\/\/www.puffsvape.com\/product\/bang-king-25000-puffs-disposable-vape\/ \u00bfCu\u00e1l es la cantidad m\u00ednima de pedido? Para la mayor\u00eda de los productos, nuestra cantidad m\u00ednima de pedido es de 10 unidades, a menos que se especifique en la p\u00e1gina, por ejemplo [...].","protected":false},"author":1,"featured_media":0,"parent":0,"menu_order":0,"comment_status":"closed","ping_status":"closed","template":"","meta":{"om_disable_all_campaigns":false,"_monsterinsights_skip_tracking":false,"_monsterinsights_sitenote_active":false,"_monsterinsights_sitenote_note":"","_monsterinsights_sitenote_category":0,"footnotes":""},"class_list":["post-1853","page","type-page","status-publish","hentry"],"aioseo_notices":[],"_links":{"self":[{"href":"https:\/\/www.puffsvape.com\/es\/wp-json\/wp\/v2\/pages\/1853","targetHints":{"allow":["GET"]}}],"collection":[{"href":"https:\/\/www.puffsvape.com\/es\/wp-json\/wp\/v2\/pages"}],"about":[{"href":"https:\/\/www.puffsvape.com\/es\/wp-json\/wp\/v2\/types\/page"}],"author":[{"embeddable":true,"href":"https:\/\/www.puffsvape.com\/es\/wp-json\/wp\/v2\/users\/1"}],"replies":[{"embeddable":true,"href":"https:\/\/www.puffsvape.com\/es\/wp-json\/wp\/v2\/comments?post=1853"}],"version-history":[{"count":12,"href":"https:\/\/www.puffsvape.com\/es\/wp-json\/wp\/v2\/pages\/1853\/revisions"}],"predecessor-version":[{"id":1868,"href":"https:\/\/www.puffsvape.com\/es\/wp-json\/wp\/v2\/pages\/1853\/revisions\/1868"}],"wp:attachment":[{"href":"https:\/\/www.puffsvape.com\/es\/wp-json\/wp\/v2\/media?parent=1853"}],"curies":[{"name":"wp","href":"https:\/\/api.w.org\/{rel}","templated":true}]}}