{"id":105,"date":"2024-03-24T03:19:06","date_gmt":"2024-03-24T03:19:06","guid":{"rendered":"https:\/\/www.puffsvape.com\/?page_id=105"},"modified":"2024-09-01T05:58:33","modified_gmt":"2024-09-01T05:58:33","slug":"faq","status":"publish","type":"page","link":"https:\/\/www.puffsvape.com\/es\/faq\/","title":{"rendered":"PREGUNTAS FRECUENTES"},"content":{"rendered":"<div data-elementor-type=\"wp-page\" data-elementor-id=\"105\" class=\"elementor elementor-105\">\n\t\t\t\t<div class=\"elementor-element elementor-element-775ee17 e-flex e-con-boxed e-con e-parent\" data-id=\"775ee17\" data-element_type=\"container\">\n\t\t\t\t\t<div class=\"e-con-inner\">\n\t\t\t\t<div class=\"elementor-element elementor-element-7b412a1 elementor-widget elementor-widget-heading\" data-id=\"7b412a1\" data-element_type=\"widget\" data-widget_type=\"heading.default\">\n\t\t\t\t<div class=\"elementor-widget-container\">\n\t\t\t\t\t<h2 class=\"elementor-heading-title elementor-size-default\">Pago<\/h2>\t\t\t\t<\/div>\n\t\t\t\t<\/div>\n\t\t\t\t\t<\/div>\n\t\t\t\t<\/div>\n\t\t<div class=\"elementor-element elementor-element-1694e46 e-flex e-con-boxed e-con e-parent\" data-id=\"1694e46\" data-element_type=\"container\">\n\t\t\t\t\t<div class=\"e-con-inner\">\n\t\t\t\t<div class=\"elementor-element elementor-element-c0ea13d elementor-widget elementor-widget-accordion\" data-id=\"c0ea13d\" data-element_type=\"widget\" data-widget_type=\"accordion.default\">\n\t\t\t\t<div class=\"elementor-widget-container\">\n\t\t\t\t\t\t\t<div class=\"elementor-accordion\">\n\t\t\t\t\t\t\t<div class=\"elementor-accordion-item\">\n\t\t\t\t\t<div id=\"elementor-tab-title-2021\" class=\"elementor-tab-title\" data-tab=\"1\" role=\"button\" aria-controls=\"elementor-tab-content-2021\" aria-expanded=\"false\">\n\t\t\t\t\t\t\t\t\t\t\t\t\t<span class=\"elementor-accordion-icon elementor-accordion-icon-left\" aria-hidden=\"true\">\n\t\t\t\t\t\t\t\t\t\t\t\t\t\t\t<span class=\"elementor-accordion-icon-closed\"><svg xmlns=\"http:\/\/www.w3.org\/2000\/svg\" xmlns:xlink=\"http:\/\/www.w3.org\/1999\/xlink\" class=\"icon\" viewbox=\"0 0 1024 1024\" width=\"48\" height=\"48\"><path d=\"M564.193 950.085l-515.103-515.103c-28.212-28.212-28.212-74.125 0-102.35l283.555-283.542c28.225-28.212 74.138-28.212 102.35 0l26.003 26.003c8.527 8.527 8.527 22.354 0 30.881s-22.341 8.527-30.869 0l-26.003-26.016c-11.196-11.196-29.405-11.196-40.601 0l-283.567 283.567c-11.196 11.183-11.196 29.405 0 40.601l515.103 515.103c11.183 11.196 29.392 11.196 40.588 0l283.567-283.567c11.196-11.183 11.196-29.392 0-40.588l-396.48-396.493c-8.54-8.527-8.54-22.341 0-30.869 8.527-8.527 22.354-8.527 30.869 0l396.468 396.48c28.212 28.201 28.212 74.125 0 102.338l-283.542 283.555c-28.212 28.212-74.125 28.212-102.338 0z\"><\/path><path d=\"M303.301 104.197l504.787 504.787-91.839 91.839-504.787-504.787 91.839-91.839z\"><\/path><path d=\"M95.866 324.060l486.172 486.172-17.553 17.553-486.172-486.172 17.553-17.553z\"><\/path><\/svg><\/span>\n\t\t\t\t\t\t\t\t<span class=\"elementor-accordion-icon-opened\"><svg class=\"e-font-icon-svg e-fas-minus\" viewbox=\"0 0 448 512\" xmlns=\"http:\/\/www.w3.org\/2000\/svg\"><path d=\"M416 208H32c-17.67 0-32 14.33-32 32v32c0 17.67 14.33 32 32 32h384c17.67 0 32-14.33 32-32v-32c0-17.67-14.33-32-32-32z\"><\/path><\/svg><\/span>\n\t\t\t\t\t\t\t\t\t\t\t\t\t\t<\/span>\n\t\t\t\t\t\t\t\t\t\t\t\t<a class=\"elementor-accordion-title\" tabindex=\"0\">\u00bfQu\u00e9 m\u00e9todos de pago aceptan?<\/a>\n\t\t\t\t\t<\/div>\n\t\t\t\t\t<div id=\"elementor-tab-content-2021\" class=\"elementor-tab-content elementor-clearfix\" data-tab=\"1\" role=\"region\" aria-labelledby=\"elementor-tab-title-2021\"><p>Aceptamos transferencia bancaria (cuenta local en EUR\/cuenta bancaria internacional) y pago por Western Union.<\/p><\/div>\n\t\t\t\t<\/div>\n\t\t\t\t\t\t\t<div class=\"elementor-accordion-item\">\n\t\t\t\t\t<div id=\"elementor-tab-title-2022\" class=\"elementor-tab-title\" data-tab=\"2\" role=\"button\" aria-controls=\"elementor-tab-content-2022\" aria-expanded=\"false\">\n\t\t\t\t\t\t\t\t\t\t\t\t\t<span class=\"elementor-accordion-icon elementor-accordion-icon-left\" aria-hidden=\"true\">\n\t\t\t\t\t\t\t\t\t\t\t\t\t\t\t<span class=\"elementor-accordion-icon-closed\"><svg xmlns=\"http:\/\/www.w3.org\/2000\/svg\" xmlns:xlink=\"http:\/\/www.w3.org\/1999\/xlink\" class=\"icon\" viewbox=\"0 0 1024 1024\" width=\"48\" height=\"48\"><path d=\"M564.193 950.085l-515.103-515.103c-28.212-28.212-28.212-74.125 0-102.35l283.555-283.542c28.225-28.212 74.138-28.212 102.35 0l26.003 26.003c8.527 8.527 8.527 22.354 0 30.881s-22.341 8.527-30.869 0l-26.003-26.016c-11.196-11.196-29.405-11.196-40.601 0l-283.567 283.567c-11.196 11.183-11.196 29.405 0 40.601l515.103 515.103c11.183 11.196 29.392 11.196 40.588 0l283.567-283.567c11.196-11.183 11.196-29.392 0-40.588l-396.48-396.493c-8.54-8.527-8.54-22.341 0-30.869 8.527-8.527 22.354-8.527 30.869 0l396.468 396.48c28.212 28.201 28.212 74.125 0 102.338l-283.542 283.555c-28.212 28.212-74.125 28.212-102.338 0z\"><\/path><path d=\"M303.301 104.197l504.787 504.787-91.839 91.839-504.787-504.787 91.839-91.839z\"><\/path><path d=\"M95.866 324.060l486.172 486.172-17.553 17.553-486.172-486.172 17.553-17.553z\"><\/path><\/svg><\/span>\n\t\t\t\t\t\t\t\t<span class=\"elementor-accordion-icon-opened\"><svg class=\"e-font-icon-svg e-fas-minus\" viewbox=\"0 0 448 512\" xmlns=\"http:\/\/www.w3.org\/2000\/svg\"><path d=\"M416 208H32c-17.67 0-32 14.33-32 32v32c0 17.67 14.33 32 32 32h384c17.67 0 32-14.33 32-32v-32c0-17.67-14.33-32-32-32z\"><\/path><\/svg><\/span>\n\t\t\t\t\t\t\t\t\t\t\t\t\t\t<\/span>\n\t\t\t\t\t\t\t\t\t\t\t\t<a class=\"elementor-accordion-title\" tabindex=\"0\">\u00bfC\u00f3mo puedo obtener una factura?<\/a>\n\t\t\t\t\t<\/div>\n\t\t\t\t\t<div id=\"elementor-tab-content-2022\" class=\"elementor-tab-content elementor-clearfix\" data-tab=\"2\" role=\"region\" aria-labelledby=\"elementor-tab-title-2022\"><p>Una vez que realice el pedido en nuestra tienda online, recibir\u00e1 una factura por correo electr\u00f3nico.<\/p><\/div>\n\t\t\t\t<\/div>\n\t\t\t\t\t\t\t<div class=\"elementor-accordion-item\">\n\t\t\t\t\t<div id=\"elementor-tab-title-2023\" class=\"elementor-tab-title\" data-tab=\"3\" role=\"button\" aria-controls=\"elementor-tab-content-2023\" aria-expanded=\"false\">\n\t\t\t\t\t\t\t\t\t\t\t\t\t<span class=\"elementor-accordion-icon elementor-accordion-icon-left\" aria-hidden=\"true\">\n\t\t\t\t\t\t\t\t\t\t\t\t\t\t\t<span class=\"elementor-accordion-icon-closed\"><svg xmlns=\"http:\/\/www.w3.org\/2000\/svg\" xmlns:xlink=\"http:\/\/www.w3.org\/1999\/xlink\" class=\"icon\" viewbox=\"0 0 1024 1024\" width=\"48\" height=\"48\"><path d=\"M564.193 950.085l-515.103-515.103c-28.212-28.212-28.212-74.125 0-102.35l283.555-283.542c28.225-28.212 74.138-28.212 102.35 0l26.003 26.003c8.527 8.527 8.527 22.354 0 30.881s-22.341 8.527-30.869 0l-26.003-26.016c-11.196-11.196-29.405-11.196-40.601 0l-283.567 283.567c-11.196 11.183-11.196 29.405 0 40.601l515.103 515.103c11.183 11.196 29.392 11.196 40.588 0l283.567-283.567c11.196-11.183 11.196-29.392 0-40.588l-396.48-396.493c-8.54-8.527-8.54-22.341 0-30.869 8.527-8.527 22.354-8.527 30.869 0l396.468 396.48c28.212 28.201 28.212 74.125 0 102.338l-283.542 283.555c-28.212 28.212-74.125 28.212-102.338 0z\"><\/path><path d=\"M303.301 104.197l504.787 504.787-91.839 91.839-504.787-504.787 91.839-91.839z\"><\/path><path d=\"M95.866 324.060l486.172 486.172-17.553 17.553-486.172-486.172 17.553-17.553z\"><\/path><\/svg><\/span>\n\t\t\t\t\t\t\t\t<span class=\"elementor-accordion-icon-opened\"><svg class=\"e-font-icon-svg e-fas-minus\" viewbox=\"0 0 448 512\" xmlns=\"http:\/\/www.w3.org\/2000\/svg\"><path d=\"M416 208H32c-17.67 0-32 14.33-32 32v32c0 17.67 14.33 32 32 32h384c17.67 0 32-14.33 32-32v-32c0-17.67-14.33-32-32-32z\"><\/path><\/svg><\/span>\n\t\t\t\t\t\t\t\t\t\t\t\t\t\t<\/span>\n\t\t\t\t\t\t\t\t\t\t\t\t<a class=\"elementor-accordion-title\" tabindex=\"0\">\u00bfHay alguna opci\u00f3n para introducir un c\u00f3digo de descuento o una tarjeta regalo?<\/a>\n\t\t\t\t\t<\/div>\n\t\t\t\t\t<div id=\"elementor-tab-content-2023\" class=\"elementor-tab-content elementor-clearfix\" data-tab=\"3\" role=\"region\" aria-labelledby=\"elementor-tab-title-2023\"><p>S\u00ed, si tiene un c\u00f3digo de descuento o una tarjeta regalo, puede introducir la informaci\u00f3n correspondiente en la p\u00e1gina de pago para disfrutar de los descuentos.<\/p><\/div>\n\t\t\t\t<\/div>\n\t\t\t\t\t\t\t<div class=\"elementor-accordion-item\">\n\t\t\t\t\t<div id=\"elementor-tab-title-2024\" class=\"elementor-tab-title\" data-tab=\"4\" role=\"button\" aria-controls=\"elementor-tab-content-2024\" aria-expanded=\"false\">\n\t\t\t\t\t\t\t\t\t\t\t\t\t<span class=\"elementor-accordion-icon elementor-accordion-icon-left\" aria-hidden=\"true\">\n\t\t\t\t\t\t\t\t\t\t\t\t\t\t\t<span class=\"elementor-accordion-icon-closed\"><svg xmlns=\"http:\/\/www.w3.org\/2000\/svg\" xmlns:xlink=\"http:\/\/www.w3.org\/1999\/xlink\" class=\"icon\" viewbox=\"0 0 1024 1024\" width=\"48\" height=\"48\"><path d=\"M564.193 950.085l-515.103-515.103c-28.212-28.212-28.212-74.125 0-102.35l283.555-283.542c28.225-28.212 74.138-28.212 102.35 0l26.003 26.003c8.527 8.527 8.527 22.354 0 30.881s-22.341 8.527-30.869 0l-26.003-26.016c-11.196-11.196-29.405-11.196-40.601 0l-283.567 283.567c-11.196 11.183-11.196 29.405 0 40.601l515.103 515.103c11.183 11.196 29.392 11.196 40.588 0l283.567-283.567c11.196-11.183 11.196-29.392 0-40.588l-396.48-396.493c-8.54-8.527-8.54-22.341 0-30.869 8.527-8.527 22.354-8.527 30.869 0l396.468 396.48c28.212 28.201 28.212 74.125 0 102.338l-283.542 283.555c-28.212 28.212-74.125 28.212-102.338 0z\"><\/path><path d=\"M303.301 104.197l504.787 504.787-91.839 91.839-504.787-504.787 91.839-91.839z\"><\/path><path d=\"M95.866 324.060l486.172 486.172-17.553 17.553-486.172-486.172 17.553-17.553z\"><\/path><\/svg><\/span>\n\t\t\t\t\t\t\t\t<span class=\"elementor-accordion-icon-opened\"><svg class=\"e-font-icon-svg e-fas-minus\" viewbox=\"0 0 448 512\" xmlns=\"http:\/\/www.w3.org\/2000\/svg\"><path d=\"M416 208H32c-17.67 0-32 14.33-32 32v32c0 17.67 14.33 32 32 32h384c17.67 0 32-14.33 32-32v-32c0-17.67-14.33-32-32-32z\"><\/path><\/svg><\/span>\n\t\t\t\t\t\t\t\t\t\t\t\t\t\t<\/span>\n\t\t\t\t\t\t\t\t\t\t\t\t<a class=\"elementor-accordion-title\" tabindex=\"0\">\u00bfOfrecen la opci\u00f3n de pago contra reembolso?<\/a>\n\t\t\t\t\t<\/div>\n\t\t\t\t\t<div id=\"elementor-tab-content-2024\" class=\"elementor-tab-content elementor-clearfix\" data-tab=\"4\" role=\"region\" aria-labelledby=\"elementor-tab-title-2024\"><p>No ofrecemos pago contra reembolso. Debe utilizar m\u00e9todos de pago en l\u00ednea al realizar un pedido.<\/p><\/div>\n\t\t\t\t<\/div>\n\t\t\t\t\t\t\t<div class=\"elementor-accordion-item\">\n\t\t\t\t\t<div id=\"elementor-tab-title-2025\" class=\"elementor-tab-title\" data-tab=\"5\" role=\"button\" aria-controls=\"elementor-tab-content-2025\" aria-expanded=\"false\">\n\t\t\t\t\t\t\t\t\t\t\t\t\t<span class=\"elementor-accordion-icon elementor-accordion-icon-left\" aria-hidden=\"true\">\n\t\t\t\t\t\t\t\t\t\t\t\t\t\t\t<span class=\"elementor-accordion-icon-closed\"><svg xmlns=\"http:\/\/www.w3.org\/2000\/svg\" xmlns:xlink=\"http:\/\/www.w3.org\/1999\/xlink\" class=\"icon\" viewbox=\"0 0 1024 1024\" width=\"48\" height=\"48\"><path d=\"M564.193 950.085l-515.103-515.103c-28.212-28.212-28.212-74.125 0-102.35l283.555-283.542c28.225-28.212 74.138-28.212 102.35 0l26.003 26.003c8.527 8.527 8.527 22.354 0 30.881s-22.341 8.527-30.869 0l-26.003-26.016c-11.196-11.196-29.405-11.196-40.601 0l-283.567 283.567c-11.196 11.183-11.196 29.405 0 40.601l515.103 515.103c11.183 11.196 29.392 11.196 40.588 0l283.567-283.567c11.196-11.183 11.196-29.392 0-40.588l-396.48-396.493c-8.54-8.527-8.54-22.341 0-30.869 8.527-8.527 22.354-8.527 30.869 0l396.468 396.48c28.212 28.201 28.212 74.125 0 102.338l-283.542 283.555c-28.212 28.212-74.125 28.212-102.338 0z\"><\/path><path d=\"M303.301 104.197l504.787 504.787-91.839 91.839-504.787-504.787 91.839-91.839z\"><\/path><path d=\"M95.866 324.060l486.172 486.172-17.553 17.553-486.172-486.172 17.553-17.553z\"><\/path><\/svg><\/span>\n\t\t\t\t\t\t\t\t<span class=\"elementor-accordion-icon-opened\"><svg class=\"e-font-icon-svg e-fas-minus\" viewbox=\"0 0 448 512\" xmlns=\"http:\/\/www.w3.org\/2000\/svg\"><path d=\"M416 208H32c-17.67 0-32 14.33-32 32v32c0 17.67 14.33 32 32 32h384c17.67 0 32-14.33 32-32v-32c0-17.67-14.33-32-32-32z\"><\/path><\/svg><\/span>\n\t\t\t\t\t\t\t\t\t\t\t\t\t\t<\/span>\n\t\t\t\t\t\t\t\t\t\t\t\t<a class=\"elementor-accordion-title\" tabindex=\"0\">\u00bfEs seguro el pago?<\/a>\n\t\t\t\t\t<\/div>\n\t\t\t\t\t<div id=\"elementor-tab-content-2025\" class=\"elementor-tab-content elementor-clearfix\" data-tab=\"5\" role=\"region\" aria-labelledby=\"elementor-tab-title-2025\"><p>Tomamos m\u00faltiples medidas para garantizar la seguridad de los pagos, incluida la tecnolog\u00eda de cifrado y el procesamiento de pagos conforme a las normas PCI.<\/p><\/div>\n\t\t\t\t<\/div>\n\t\t\t\t\t\t\t<div class=\"elementor-accordion-item\">\n\t\t\t\t\t<div id=\"elementor-tab-title-2026\" class=\"elementor-tab-title\" data-tab=\"6\" role=\"button\" aria-controls=\"elementor-tab-content-2026\" aria-expanded=\"false\">\n\t\t\t\t\t\t\t\t\t\t\t\t\t<span class=\"elementor-accordion-icon elementor-accordion-icon-left\" aria-hidden=\"true\">\n\t\t\t\t\t\t\t\t\t\t\t\t\t\t\t<span class=\"elementor-accordion-icon-closed\"><svg xmlns=\"http:\/\/www.w3.org\/2000\/svg\" xmlns:xlink=\"http:\/\/www.w3.org\/1999\/xlink\" class=\"icon\" viewbox=\"0 0 1024 1024\" width=\"48\" height=\"48\"><path d=\"M564.193 950.085l-515.103-515.103c-28.212-28.212-28.212-74.125 0-102.35l283.555-283.542c28.225-28.212 74.138-28.212 102.35 0l26.003 26.003c8.527 8.527 8.527 22.354 0 30.881s-22.341 8.527-30.869 0l-26.003-26.016c-11.196-11.196-29.405-11.196-40.601 0l-283.567 283.567c-11.196 11.183-11.196 29.405 0 40.601l515.103 515.103c11.183 11.196 29.392 11.196 40.588 0l283.567-283.567c11.196-11.183 11.196-29.392 0-40.588l-396.48-396.493c-8.54-8.527-8.54-22.341 0-30.869 8.527-8.527 22.354-8.527 30.869 0l396.468 396.48c28.212 28.201 28.212 74.125 0 102.338l-283.542 283.555c-28.212 28.212-74.125 28.212-102.338 0z\"><\/path><path d=\"M303.301 104.197l504.787 504.787-91.839 91.839-504.787-504.787 91.839-91.839z\"><\/path><path d=\"M95.866 324.060l486.172 486.172-17.553 17.553-486.172-486.172 17.553-17.553z\"><\/path><\/svg><\/span>\n\t\t\t\t\t\t\t\t<span class=\"elementor-accordion-icon-opened\"><svg class=\"e-font-icon-svg e-fas-minus\" viewbox=\"0 0 448 512\" xmlns=\"http:\/\/www.w3.org\/2000\/svg\"><path d=\"M416 208H32c-17.67 0-32 14.33-32 32v32c0 17.67 14.33 32 32 32h384c17.67 0 32-14.33 32-32v-32c0-17.67-14.33-32-32-32z\"><\/path><\/svg><\/span>\n\t\t\t\t\t\t\t\t\t\t\t\t\t\t<\/span>\n\t\t\t\t\t\t\t\t\t\t\t\t<a class=\"elementor-accordion-title\" tabindex=\"0\">\u00bfC\u00f3mo puedo recibir una confirmaci\u00f3n de pedido despu\u00e9s de realizar un pago?<\/a>\n\t\t\t\t\t<\/div>\n\t\t\t\t\t<div id=\"elementor-tab-content-2026\" class=\"elementor-tab-content elementor-clearfix\" data-tab=\"6\" role=\"region\" aria-labelledby=\"elementor-tab-title-2026\"><p>Inmediatamente despu\u00e9s de realizar el pago, recibir\u00e1 un correo electr\u00f3nico de confirmaci\u00f3n con informaci\u00f3n detallada sobre el pedido.<\/p><\/div>\n\t\t\t\t<\/div>\n\t\t\t\t\t\t\t<div class=\"elementor-accordion-item\">\n\t\t\t\t\t<div id=\"elementor-tab-title-2027\" class=\"elementor-tab-title\" data-tab=\"7\" role=\"button\" aria-controls=\"elementor-tab-content-2027\" aria-expanded=\"false\">\n\t\t\t\t\t\t\t\t\t\t\t\t\t<span class=\"elementor-accordion-icon elementor-accordion-icon-left\" aria-hidden=\"true\">\n\t\t\t\t\t\t\t\t\t\t\t\t\t\t\t<span class=\"elementor-accordion-icon-closed\"><svg xmlns=\"http:\/\/www.w3.org\/2000\/svg\" xmlns:xlink=\"http:\/\/www.w3.org\/1999\/xlink\" class=\"icon\" viewbox=\"0 0 1024 1024\" width=\"48\" height=\"48\"><path d=\"M564.193 950.085l-515.103-515.103c-28.212-28.212-28.212-74.125 0-102.35l283.555-283.542c28.225-28.212 74.138-28.212 102.35 0l26.003 26.003c8.527 8.527 8.527 22.354 0 30.881s-22.341 8.527-30.869 0l-26.003-26.016c-11.196-11.196-29.405-11.196-40.601 0l-283.567 283.567c-11.196 11.183-11.196 29.405 0 40.601l515.103 515.103c11.183 11.196 29.392 11.196 40.588 0l283.567-283.567c11.196-11.183 11.196-29.392 0-40.588l-396.48-396.493c-8.54-8.527-8.54-22.341 0-30.869 8.527-8.527 22.354-8.527 30.869 0l396.468 396.48c28.212 28.201 28.212 74.125 0 102.338l-283.542 283.555c-28.212 28.212-74.125 28.212-102.338 0z\"><\/path><path d=\"M303.301 104.197l504.787 504.787-91.839 91.839-504.787-504.787 91.839-91.839z\"><\/path><path d=\"M95.866 324.060l486.172 486.172-17.553 17.553-486.172-486.172 17.553-17.553z\"><\/path><\/svg><\/span>\n\t\t\t\t\t\t\t\t<span class=\"elementor-accordion-icon-opened\"><svg class=\"e-font-icon-svg e-fas-minus\" viewbox=\"0 0 448 512\" xmlns=\"http:\/\/www.w3.org\/2000\/svg\"><path d=\"M416 208H32c-17.67 0-32 14.33-32 32v32c0 17.67 14.33 32 32 32h384c17.67 0 32-14.33 32-32v-32c0-17.67-14.33-32-32-32z\"><\/path><\/svg><\/span>\n\t\t\t\t\t\t\t\t\t\t\t\t\t\t<\/span>\n\t\t\t\t\t\t\t\t\t\t\t\t<a class=\"elementor-accordion-title\" tabindex=\"0\">\u00bfC\u00f3mo puedo consultar mi historial de pedidos despu\u00e9s de realizar un pago?<\/a>\n\t\t\t\t\t<\/div>\n\t\t\t\t\t<div id=\"elementor-tab-content-2027\" class=\"elementor-tab-content elementor-clearfix\" data-tab=\"7\" role=\"region\" aria-labelledby=\"elementor-tab-title-2027\"><p>Acceda a su cuenta y vaya a la p\u00e1gina \"Mi cuenta\". En la secci\u00f3n de historial de pedidos, puede ver la informaci\u00f3n de pago y el estado de los pedidos anteriores.<\/p><\/div>\n\t\t\t\t<\/div>\n\t\t\t\t\t\t\t\t\t\t<script type=\"application\/ld+json\">{\n    \"@context\": \"https:\\\/\\\/schema.org\",\n    \"@type\": \"FAQPage\",\n    \"mainEntity\": [\n        {\n            \"@type\": \"Question\",\n            \"name\": \"Which payment methods do you accept?\",\n            \"acceptedAnswer\": {\n                \"@type\": \"Answer\",\n                \"text\": \"<p>We accept Bank Transfer (Local EUR account\\\/ International bank account) and western union payment.<\\\/p>\"\n            }\n        },\n        {\n            \"@type\": \"Question\",\n            \"name\": \"How can I obtain an invoice?\",\n            \"acceptedAnswer\": {\n                \"@type\": \"Answer\",\n                \"text\": \"<p>Once you submit the order at our shop online, you will get an invoice through your email.<\\\/p>\"\n            }\n        },\n        {\n            \"@type\": \"Question\",\n            \"name\": \"Is there an option to enter a discount code or gift card?\",\n            \"acceptedAnswer\": {\n                \"@type\": \"Answer\",\n                \"text\": \"<p>Yes, if you have a discount code or gift card, you can enter the relevant information on the checkout page to enjoy discounts.<\\\/p>\"\n            }\n        },\n        {\n            \"@type\": \"Question\",\n            \"name\": \"Do you offer cash-on-delivery (COD) payment option?\",\n            \"acceptedAnswer\": {\n                \"@type\": \"Answer\",\n                \"text\": \"<p>We do not offer cash-on-delivery. You need to use online payment methods when placing an order.<\\\/p>\"\n            }\n        },\n        {\n            \"@type\": \"Question\",\n            \"name\": \"Is payment secure?\",\n            \"acceptedAnswer\": {\n                \"@type\": \"Answer\",\n                \"text\": \"<p>We take multiple measures to ensure the security of payments, including encryption technology and payment processing compliant with PCI standards.<\\\/p>\"\n            }\n        },\n        {\n            \"@type\": \"Question\",\n            \"name\": \"How can I receive an order confirmation after making a payment?\",\n            \"acceptedAnswer\": {\n                \"@type\": \"Answer\",\n                \"text\": \"<p>You will receive an order confirmation email immediately after a successful payment, containing detailed order information.<\\\/p>\"\n            }\n        },\n        {\n            \"@type\": \"Question\",\n            \"name\": \"How can I view my order history after making a payment?\",\n            \"acceptedAnswer\": {\n                \"@type\": \"Answer\",\n                \"text\": \"<p>Log in to your account and go to the \\u201cMy Account\\u201d page. In the order history section, you can view payment information and order status for past orders.<\\\/p>\"\n            }\n        }\n    ]\n}<\/script>\n\t\t\t\t\t<\/div>\n\t\t\t\t\t\t<\/div>\n\t\t\t\t<\/div>\n\t\t\t\t\t<\/div>\n\t\t\t\t<\/div>\n\t\t<div class=\"elementor-element elementor-element-16d0680 e-flex e-con-boxed e-con e-parent\" data-id=\"16d0680\" data-element_type=\"container\">\n\t\t\t\t\t<div class=\"e-con-inner\">\n\t\t\t\t<div class=\"elementor-element elementor-element-18c2e07 elementor-widget elementor-widget-text-editor\" data-id=\"18c2e07\" data-element_type=\"widget\" data-widget_type=\"text-editor.default\">\n\t\t\t\t<div class=\"elementor-widget-container\">\n\t\t\t\t\t\t\t\t\t<p>Para las FAQ MOQ, haga clic en el siguiente enlace<\/p><p><a href=\"https:\/\/www.puffsvape.com\/es\/qpm\/\">https:\/\/www.puffsvape.com\/qpm<\/a><\/p>\t\t\t\t\t\t\t\t<\/div>\n\t\t\t\t<\/div>\n\t\t\t\t\t<\/div>\n\t\t\t\t<\/div>\n\t\t\t\t<\/div>","protected":false},"excerpt":{"rendered":"<p>Pago \u00bfQu\u00e9 m\u00e9todos de pago aceptan? Aceptamos transferencia bancaria (cuenta local en euros\/cuenta bancaria internacional) y pago por Western Union. \u00bfC\u00f3mo puedo obtener una factura? Una vez realizado el pedido en nuestra tienda online, recibir\u00e1 una factura por correo electr\u00f3nico. \u00bfExiste la posibilidad de introducir un c\u00f3digo de descuento o [...]","protected":false},"author":1,"featured_media":0,"parent":0,"menu_order":0,"comment_status":"closed","ping_status":"closed","template":"","meta":{"om_disable_all_campaigns":false,"_monsterinsights_skip_tracking":false,"_monsterinsights_sitenote_active":false,"_monsterinsights_sitenote_note":"","_monsterinsights_sitenote_category":0,"footnotes":""},"class_list":["post-105","page","type-page","status-publish","hentry"],"aioseo_notices":[],"_links":{"self":[{"href":"https:\/\/www.puffsvape.com\/es\/wp-json\/wp\/v2\/pages\/105","targetHints":{"allow":["GET"]}}],"collection":[{"href":"https:\/\/www.puffsvape.com\/es\/wp-json\/wp\/v2\/pages"}],"about":[{"href":"https:\/\/www.puffsvape.com\/es\/wp-json\/wp\/v2\/types\/page"}],"author":[{"embeddable":true,"href":"https:\/\/www.puffsvape.com\/es\/wp-json\/wp\/v2\/users\/1"}],"replies":[{"embeddable":true,"href":"https:\/\/www.puffsvape.com\/es\/wp-json\/wp\/v2\/comments?post=105"}],"version-history":[{"count":9,"href":"https:\/\/www.puffsvape.com\/es\/wp-json\/wp\/v2\/pages\/105\/revisions"}],"predecessor-version":[{"id":1871,"href":"https:\/\/www.puffsvape.com\/es\/wp-json\/wp\/v2\/pages\/105\/revisions\/1871"}],"wp:attachment":[{"href":"https:\/\/www.puffsvape.com\/es\/wp-json\/wp\/v2\/media?parent=105"}],"curies":[{"name":"wp","href":"https:\/\/api.w.org\/{rel}","templated":true}]}}