{"id":781,"date":"2024-03-29T07:00:05","date_gmt":"2024-03-29T07:00:05","guid":{"rendered":"https:\/\/www.puffsvape.com\/?post_type=product&#038;p=781"},"modified":"2024-08-04T13:56:09","modified_gmt":"2024-08-04T13:56:09","slug":"lavie-kiss-8000-puffs-disposable-vape","status":"publish","type":"product","link":"https:\/\/www.puffsvape.com\/de\/produkt\/lavie-kiss-8000-puffs-wegwerfbare-vape\/","title":{"rendered":"Lavie Kiss 8000 Puffs Einweg Vape"},"content":{"rendered":"<p>Lavie Kiss 8000 Puffs ist ein wiederaufladbarer Einwegdampfer mit einem modischen und neuartigen Design und einer einzigartigen Form wie eine Lippe. Es ist sehr interessant und f\u00fchlt sich gut in der Hand. Built-in 400mAh Akku mit gro\u00dfer Kapazit\u00e4t, 12 ml e-Fl\u00fcssigkeit Kapazit\u00e4t f\u00fcr 8000 vaping, glatten Geschmack von Anfang bis Ende, reines Aroma, um den Geschmack Bed\u00fcrfnisse zu erf\u00fcllen.<\/p>\n<h2><span style=\"font-size: 18pt\"><strong>Lavie Kiss 8000 Einweg Vape Spezifikationen:<\/strong><\/span><\/h2>\n<ul>\n<li>Puffs: 8000 Puffs<\/li>\n<li>Nikotin: 0%, 2%, 5%<\/li>\n<li>E-Saft Kapazit\u00e4t: 14 ML<\/li>\n<li>Akku: 650mAh (wiederaufladbar)<\/li>\n<li>Ladeanschluss: Typ C<\/li>\n<li>Batterie + Pod<\/li>\n<\/ul>\n<h2><strong>Geschm\u00e4cker:<\/strong><\/h2>\n<ol>\n<li>Erdbeer-Mango-Eis<\/li>\n<li>Doppelter Apfel<\/li>\n<li>Wassermelone<\/li>\n<li>Energy-Drinks<\/li>\n<li>Gemischte Beeren<\/li>\n<li>Yakult<\/li>\n<li>Minze<\/li>\n<li>Zitrone Cola<\/li>\n<li>Mango<\/li>\n<li>Lila Traube<\/li>\n<li>Mojito<\/li>\n<li>Tropische Fr\u00fcchte<\/li>\n<\/ol>\n<figure id=\"attachment_835\" aria-describedby=\"caption-attachment-835\" style=\"width: 800px\" class=\"wp-caption alignnone\"><img fetchpriority=\"high\" decoding=\"async\" class=\"size-full wp-image-835\" title=\"LAVIE KISS 8000 Puffs Einweg-Vape\" src=\"https:\/\/www.puffsvape.com\/wp-content\/uploads\/2024\/03\/LAVIE-KISS-8000-Puffs-Disposable-Vape.jpg\" alt=\"LAVIE KISS 8000 Puffs Einweg-Vape\" width=\"800\" height=\"499\" srcset=\"https:\/\/www.puffsvape.com\/wp-content\/uploads\/2024\/03\/LAVIE-KISS-8000-Puffs-Disposable-Vape.jpg 800w, https:\/\/www.puffsvape.com\/wp-content\/uploads\/2024\/03\/LAVIE-KISS-8000-Puffs-Disposable-Vape-510x318.jpg 510w, https:\/\/www.puffsvape.com\/wp-content\/uploads\/2024\/03\/LAVIE-KISS-8000-Puffs-Disposable-Vape-300x187.jpg 300w, https:\/\/www.puffsvape.com\/wp-content\/uploads\/2024\/03\/LAVIE-KISS-8000-Puffs-Disposable-Vape-768x479.jpg 768w, https:\/\/www.puffsvape.com\/wp-content\/uploads\/2024\/03\/LAVIE-KISS-8000-Puffs-Disposable-Vape-575x359.jpg 575w, https:\/\/www.puffsvape.com\/wp-content\/uploads\/2024\/03\/LAVIE-KISS-8000-Puffs-Disposable-Vape-380x237.jpg 380w\" sizes=\"(max-width: 800px) 100vw, 800px\" \/><figcaption id=\"caption-attachment-835\" class=\"wp-caption-text\">LAVIE KISS 8000 Puffs Einweg-Vape<\/figcaption><\/figure>","protected":false},"excerpt":{"rendered":"<p>Lavie Kiss 8000 Puffs ist ein wiederaufladbarer Einwegdampfer mit einem modischen und neuartigen Design und einer einzigartigen Form wie eine Lippe. Es ist sehr interessant und f\u00fchlt sich gut in der Hand. Built-in 400mAh Akku mit gro\u00dfer Kapazit\u00e4t, 12 ml e-Fl\u00fcssigkeit Kapazit\u00e4t f\u00fcr 8000 vaping, glatten Geschmack von Anfang bis Ende, reines Aroma, um den Geschmack zu treffen [...]","protected":false},"featured_media":831,"comment_status":"open","ping_status":"closed","template":"","meta":{"om_disable_all_campaigns":false,"_monsterinsights_skip_tracking":false,"_monsterinsights_sitenote_active":false,"_monsterinsights_sitenote_note":"","_monsterinsights_sitenote_category":0},"product_brand":[],"product_cat":[20],"product_tag":[],"berocket_brand":[21],"class_list":{"0":"post-781","1":"product","2":"type-product","3":"status-publish","4":"has-post-thumbnail","6":"product_cat-lavie","7":"berocket_brand-lavie","8":"wcpa_has_options","10":"first","11":"instock","12":"shipping-taxable","13":"purchasable","14":"product-type-variable","15":"has-default-attributes"},"aioseo_notices":[],"tiered_pricing_fixed_rules":{"20":"9.42","30":"8.77","40":"8.12","50":"7.47","100":"6.05"},"tiered_pricing_percentage_rules":{"20":"9.42","30":"8.77","40":"8.12","50":"7.47","100":"6.05"},"tiered_pricing_type":"fixed","tiered_pricing_minimum":10,"_links":{"self":[{"href":"https:\/\/www.puffsvape.com\/de\/wp-json\/wp\/v2\/product\/781","targetHints":{"allow":["GET"]}}],"collection":[{"href":"https:\/\/www.puffsvape.com\/de\/wp-json\/wp\/v2\/product"}],"about":[{"href":"https:\/\/www.puffsvape.com\/de\/wp-json\/wp\/v2\/types\/product"}],"replies":[{"embeddable":true,"href":"https:\/\/www.puffsvape.com\/de\/wp-json\/wp\/v2\/comments?post=781"}],"wp:featuredmedia":[{"embeddable":true,"href":"https:\/\/www.puffsvape.com\/de\/wp-json\/wp\/v2\/media\/831"}],"wp:attachment":[{"href":"https:\/\/www.puffsvape.com\/de\/wp-json\/wp\/v2\/media?parent=781"}],"wp:term":[{"taxonomy":"product_brand","embeddable":true,"href":"https:\/\/www.puffsvape.com\/de\/wp-json\/wp\/v2\/product_brand?post=781"},{"taxonomy":"product_cat","embeddable":true,"href":"https:\/\/www.puffsvape.com\/de\/wp-json\/wp\/v2\/product_cat?post=781"},{"taxonomy":"product_tag","embeddable":true,"href":"https:\/\/www.puffsvape.com\/de\/wp-json\/wp\/v2\/product_tag?post=781"},{"taxonomy":"berocket_brand","embeddable":true,"href":"https:\/\/www.puffsvape.com\/de\/wp-json\/wp\/v2\/berocket_brand?post=781"}],"curies":[{"name":"wp","href":"https:\/\/api.w.org\/{rel}","templated":true}]}}