{"id":592,"date":"2024-03-28T11:10:23","date_gmt":"2024-03-28T11:10:23","guid":{"rendered":"https:\/\/www.puffsvape.com\/?post_type=product&#038;p=592"},"modified":"2026-04-25T02:33:49","modified_gmt":"2026-04-24T18:33:49","slug":"fumot-digital-box-12000-disposable-vape","status":"publish","type":"product","link":"https:\/\/www.puffsvape.com\/de\/produkt\/fumot-digital-box-12000-einweg-vape\/","title":{"rendered":"Fumot Digital Box 12000 Einweg Vape"},"content":{"rendered":"<p>Fumot Digital Box 12000 ist ein Vape-Ger\u00e4t mit Batterie und ejuice Ebene Anzeige und es ist wiederaufladbar. Es enth\u00e4lt 20ml 0\/2\/3\/5% Nikotinsalz E-Saft und verdampfen bis zu 12000 Z\u00fcge. Es gibt 16 Geschmacksrichtungen f\u00fcr Sie zu w\u00e4hlen. Die Batterie und ejuice displayl k\u00f6nnen Sie den Echtzeit-Status des Ger\u00e4ts zu verfolgen und es kommt mit einem wiederaufladbaren Typ-C-Anschluss an der Unterseite des Ger\u00e4ts, die Sie den letzten Tropfen des e-Saft in den Tank die ganze Zeit zu beenden garantieren.<\/p>\n<h2 class=\"p\"><span style=\"font-size: 18pt;\">Fumot Digital Box 12000 Einwegger\u00e4t Merkmale:<\/span><\/h2>\n<p class=\"p\">0\/2\/3\/5% Nikotinsalz.<br \/>\n20 ML von E-Fl\u00fcssigkeit.<br \/>\n12000 Puffs pro Ger\u00e4t.<br \/>\nBatterie und Ejuice Anzeige<br \/>\nWiederaufladbare Batterie<br \/>\nIntegrierter 850mAh-Akku.<br \/>\n24 Geschmacksrichtungen verf\u00fcgbar.<br \/>\n10 St\u00fcck in einem Displaykarton.<br \/>\n200 St\u00fcck in einer Schachtel.<\/p>\n<h2 class=\"p\"><span style=\"font-size: 18pt;\">Verf\u00fcgbare Geschmacksrichtungen:<\/span><\/h2>\n<p class=\"p\">Heidelbeere-Himbeere<br \/>\nKirsche Cola<br \/>\nKirsche<br \/>\nK\u00fchle Minze<br \/>\nTraubeneis<br \/>\nEis am Stiel<br \/>\n\u00dcppiges Eis<br \/>\nMango auf Eis<br \/>\nGemischte Beeren<br \/>\nRosa Limonade<br \/>\nErdbeere-Banane<br \/>\nErdbeer-Donut<br \/>\nErdbeere Traube<br \/>\nErdbeereis<br \/>\nErdbeere Wassermelone<br \/>\nWassermelone Eis<\/p>\n<figure id=\"attachment_612\" aria-describedby=\"caption-attachment-612\" style=\"width: 640px\" class=\"wp-caption alignnone\"><img fetchpriority=\"high\" decoding=\"async\" class=\"size-full wp-image-612\" title=\"Fumot Digital 12000 Einweg Vape\" src=\"https:\/\/www.puffsvape.com\/wp-content\/uploads\/2024\/03\/Fumot-Digital-12000-Disposable-Vape-3.webp\" alt=\"Fumot Digital 12000 Einweg Vape\" width=\"640\" height=\"640\" srcset=\"https:\/\/www.puffsvape.com\/wp-content\/uploads\/2024\/03\/Fumot-Digital-12000-Disposable-Vape-3.webp 640w, https:\/\/www.puffsvape.com\/wp-content\/uploads\/2024\/03\/Fumot-Digital-12000-Disposable-Vape-3-247x247.webp 247w, https:\/\/www.puffsvape.com\/wp-content\/uploads\/2024\/03\/Fumot-Digital-12000-Disposable-Vape-3-100x100.webp 100w, https:\/\/www.puffsvape.com\/wp-content\/uploads\/2024\/03\/Fumot-Digital-12000-Disposable-Vape-3-510x510.webp 510w, https:\/\/www.puffsvape.com\/wp-content\/uploads\/2024\/03\/Fumot-Digital-12000-Disposable-Vape-3-300x300.webp 300w, https:\/\/www.puffsvape.com\/wp-content\/uploads\/2024\/03\/Fumot-Digital-12000-Disposable-Vape-3-150x150.webp 150w, https:\/\/www.puffsvape.com\/wp-content\/uploads\/2024\/03\/Fumot-Digital-12000-Disposable-Vape-3-575x575.webp 575w, https:\/\/www.puffsvape.com\/wp-content\/uploads\/2024\/03\/Fumot-Digital-12000-Disposable-Vape-3-380x380.webp 380w\" sizes=\"(max-width: 640px) 100vw, 640px\" \/><figcaption id=\"caption-attachment-612\" class=\"wp-caption-text\">Fumot Digital 12000 Einweg Vape<\/figcaption><\/figure>","protected":false},"excerpt":{"rendered":"<p>Fumot Digital Box 12000 ist ein Vape-Ger\u00e4t mit Batterie und ejuice Ebene Anzeige und es ist wiederaufladbar. Es enth\u00e4lt 20ml 0\/2\/3\/5% Nikotinsalz E-Saft und verdampfen bis zu 12000 Z\u00fcge. Es gibt 16 Geschmacksrichtungen f\u00fcr Sie zu w\u00e4hlen. Die Batterie und ejuice displayl k\u00f6nnen Sie die Echtzeit-Status des Ger\u00e4ts sowie [...]","protected":false},"featured_media":611,"comment_status":"open","ping_status":"closed","template":"","meta":{"om_disable_all_campaigns":false,"_monsterinsights_skip_tracking":false,"_monsterinsights_sitenote_active":false,"_monsterinsights_sitenote_note":"","_monsterinsights_sitenote_category":0},"product_brand":[],"product_cat":[25],"product_tag":[],"berocket_brand":[26],"class_list":{"0":"post-592","1":"product","2":"type-product","3":"status-publish","4":"has-post-thumbnail","6":"product_cat-randm-fumot","7":"berocket_brand-randm-fumot","8":"wcpa_has_options","10":"first","11":"instock","12":"featured","13":"shipping-taxable","14":"purchasable","15":"product-type-variable","16":"has-default-attributes"},"aioseo_notices":[],"tiered_pricing_fixed_rules":{"20":"11.3","30":"10.68","40":"10.04","50":"9.39","100":"7.96"},"tiered_pricing_percentage_rules":{"20":"11.3","30":"10.68","40":"10.04","50":"9.39","100":"7.96"},"tiered_pricing_type":"fixed","tiered_pricing_minimum":10,"_links":{"self":[{"href":"https:\/\/www.puffsvape.com\/de\/wp-json\/wp\/v2\/product\/592","targetHints":{"allow":["GET"]}}],"collection":[{"href":"https:\/\/www.puffsvape.com\/de\/wp-json\/wp\/v2\/product"}],"about":[{"href":"https:\/\/www.puffsvape.com\/de\/wp-json\/wp\/v2\/types\/product"}],"replies":[{"embeddable":true,"href":"https:\/\/www.puffsvape.com\/de\/wp-json\/wp\/v2\/comments?post=592"}],"wp:featuredmedia":[{"embeddable":true,"href":"https:\/\/www.puffsvape.com\/de\/wp-json\/wp\/v2\/media\/611"}],"wp:attachment":[{"href":"https:\/\/www.puffsvape.com\/de\/wp-json\/wp\/v2\/media?parent=592"}],"wp:term":[{"taxonomy":"product_brand","embeddable":true,"href":"https:\/\/www.puffsvape.com\/de\/wp-json\/wp\/v2\/product_brand?post=592"},{"taxonomy":"product_cat","embeddable":true,"href":"https:\/\/www.puffsvape.com\/de\/wp-json\/wp\/v2\/product_cat?post=592"},{"taxonomy":"product_tag","embeddable":true,"href":"https:\/\/www.puffsvape.com\/de\/wp-json\/wp\/v2\/product_tag?post=592"},{"taxonomy":"berocket_brand","embeddable":true,"href":"https:\/\/www.puffsvape.com\/de\/wp-json\/wp\/v2\/berocket_brand?post=592"}],"curies":[{"name":"wp","href":"https:\/\/api.w.org\/{rel}","templated":true}]}}