{"id":528,"date":"2024-03-28T10:43:58","date_gmt":"2024-03-28T10:43:58","guid":{"rendered":"https:\/\/www.puffsvape.com\/?post_type=product&#038;p=528"},"modified":"2026-04-14T20:06:00","modified_gmt":"2026-04-14T12:06:00","slug":"randm-tornado-9000-disposable-vape","status":"publish","type":"product","link":"https:\/\/www.puffsvape.com\/de\/produkt\/randm-tornado-9000-einweg-vape\/","title":{"rendered":"Randm Tornado 9000 Einweg-Vape"},"content":{"rendered":"<p>RandM Tornado 9000 Pro ist eine aktualisierte Version des Tornado 9000 mit Batterie und ejuice Niveauanzeige. Es enth\u00e4lt 18ml 0\/2\/3\/5% Nikotinsalz E-Saft und vape bis zu 9000 Z\u00fcge. Es gibt 52 Geschmacksrichtungen f\u00fcr Sie zu w\u00e4hlen. Der wiederaufladbare Anschluss an der Unterseite des Ger\u00e4tes garantiert, dass Sie den letzten Tropfen des E-Saftes im Tank die ganze Zeit beenden.<\/p>\n<h2 class=\"p\"><span style=\"font-size: 18pt;\"><b>FUMOT RandM Tornado 9000 Pro Einwegger\u00e4t Merkmale:<\/b><\/span><\/h2>\n<p class=\"p\">0\/2\/3\/5% Nikotinsalz.<br \/>\n18ML von E-Fl\u00fcssigkeit.<br \/>\nMaschenspule<br \/>\nBatterie aufladbar<br \/>\nIntegrierter 850mAh-Akku.<br \/>\n52 Geschmacksrichtungen verf\u00fcgbar.<br \/>\n10 St\u00fcck in einem Displaykarton.<br \/>\n200 St\u00fcck in einer Schachtel.<\/p>\n<h2 class=\"p\"><span style=\"font-size: 18pt;\"><b>Verf\u00fcgbare Geschmacksrichtungen:<\/b><\/span><\/h2>\n<p class=\"p\"><b><br \/>\n<\/b>1 Wassermelone mit Erdbeeren<br \/>\n2 Wassermelone Eis<br \/>\n3 Erdbeere Wassermelone Bubblegum<br \/>\n4 Himbeere Wassermelone<br \/>\n5 Gemischte Beeren<br \/>\n6 Gummib\u00e4rchen<br \/>\n7 Pfirsich Ananas Mango<br \/>\n8 Kegel<br \/>\n9 Erdbeereis<br \/>\n10 Kirsche<br \/>\n11 Heidelbeere Kirsche Preiselbeere<br \/>\n12 Wassermelone Bubblegum<br \/>\n13 Heidelbeere-Himbeere<br \/>\n14 Erdbeer-Himbeer-Kirsch-Eis<br \/>\n15 Kiwi Passionsfrucht Guave<br \/>\n16 Herr Blau<br \/>\n17 Fizzy Cherry<br \/>\n18 Blaubeereis<br \/>\n19 Prime Strawberry Watermelon (Erdbeer-Wassermelone)<br \/>\n20 Ananas<br \/>\n21. rosa Limonade<br \/>\n22. \u00fcppiges Eis<br \/>\n23.blaues Razz-Eis<br \/>\n24. erdbeerlimonade<br \/>\nWassermelone Brazz Ice 25.<br \/>\n26.Pfirsichbeere<br \/>\n27.zitrone&amp;lime<br \/>\n28.Vimto<br \/>\n29.Weintraube<br \/>\n30.Ice Pop<br \/>\n31.blaubeere-sauer-himbeere<br \/>\n32.Strohhalm Mango<br \/>\n33.Erdbeere Pomp\uff08Granatapfel\uff09<br \/>\n34.Kirsche Beere<br \/>\n35.Kirsche Cola<br \/>\n36.erdbeere banane<br \/>\n37.schwarzer Drache Eis<br \/>\n38.Aloe Traube<br \/>\n39.K\u00fchle Minze<br \/>\n40 Pfirsichlimonade<br \/>\n41 Guave-Eis<br \/>\n42.Bananen-Custard<br \/>\n43. erdbeersahne<br \/>\n44.saures Bonbon<br \/>\n45.schwarzes Eis<br \/>\n46.bluelicious Eis<br \/>\n47.blaues Razz Kush<br \/>\n48.kirschpfirsich limonade<br \/>\n49.Dreifach Mango<br \/>\n50.erdbeer-himbeer-eis<br \/>\nWassermelonen-Kegeln 51.<br \/>\n52.Sommer Pfirsich Eis<\/p>\n<figure id=\"attachment_590\" aria-describedby=\"caption-attachment-590\" style=\"width: 642px\" class=\"wp-caption alignnone\"><img fetchpriority=\"high\" decoding=\"async\" class=\"size-full wp-image-590\" title=\"Randm Tornado 9000 Einweg-Vape (12)\" src=\"https:\/\/www.puffsvape.com\/wp-content\/uploads\/2024\/03\/Randm-Tornado-9000-Disposable-Vape-12.webp\" alt=\"Randm Tornado 9000 Einweg-Vape (12)\" width=\"642\" height=\"928\" srcset=\"https:\/\/www.puffsvape.com\/wp-content\/uploads\/2024\/03\/Randm-Tornado-9000-Disposable-Vape-12.webp 642w, https:\/\/www.puffsvape.com\/wp-content\/uploads\/2024\/03\/Randm-Tornado-9000-Disposable-Vape-12-510x737.webp 510w, https:\/\/www.puffsvape.com\/wp-content\/uploads\/2024\/03\/Randm-Tornado-9000-Disposable-Vape-12-208x300.webp 208w, https:\/\/www.puffsvape.com\/wp-content\/uploads\/2024\/03\/Randm-Tornado-9000-Disposable-Vape-12-575x831.webp 575w, https:\/\/www.puffsvape.com\/wp-content\/uploads\/2024\/03\/Randm-Tornado-9000-Disposable-Vape-12-380x549.webp 380w\" sizes=\"(max-width: 642px) 100vw, 642px\" \/><figcaption id=\"caption-attachment-590\" class=\"wp-caption-text\">Randm Tornado 9000 Einweg-Vape<\/figcaption><\/figure>","protected":false},"excerpt":{"rendered":"<p>RandM Tornado 9000 Pro ist eine aktualisierte Version des Tornado 9000 mit Batterie und ejuice Niveauanzeige. Es enth\u00e4lt 18ml 0\/2\/3\/5% Nikotinsalz E-Saft und vape bis zu 9000 Z\u00fcge. Es gibt 52 Geschmacksrichtungen f\u00fcr Sie zu w\u00e4hlen. Der wiederaufladbare Anschluss an der Unterseite des Ger\u00e4ts garantiert, dass Sie den letzten Tropfen des [...]","protected":false},"featured_media":587,"comment_status":"open","ping_status":"closed","template":"","meta":{"om_disable_all_campaigns":false,"_monsterinsights_skip_tracking":false,"_monsterinsights_sitenote_active":false,"_monsterinsights_sitenote_note":"","_monsterinsights_sitenote_category":0},"product_brand":[],"product_cat":[25],"product_tag":[],"berocket_brand":[26],"class_list":{"0":"post-528","1":"product","2":"type-product","3":"status-publish","4":"has-post-thumbnail","6":"product_cat-randm-fumot","7":"berocket_brand-randm-fumot","8":"wcpa_has_options","10":"first","11":"instock","12":"featured","13":"shipping-taxable","14":"purchasable","15":"product-type-variable","16":"has-default-attributes"},"aioseo_notices":[],"tiered_pricing_fixed_rules":{"20":"11.11","30":"10.46","40":"9.81","50":"9.16","100":"7.74"},"tiered_pricing_percentage_rules":{"20":"11.11","30":"10.46","40":"9.81","50":"9.16","100":"7.74"},"tiered_pricing_type":"fixed","tiered_pricing_minimum":10,"_links":{"self":[{"href":"https:\/\/www.puffsvape.com\/de\/wp-json\/wp\/v2\/product\/528","targetHints":{"allow":["GET"]}}],"collection":[{"href":"https:\/\/www.puffsvape.com\/de\/wp-json\/wp\/v2\/product"}],"about":[{"href":"https:\/\/www.puffsvape.com\/de\/wp-json\/wp\/v2\/types\/product"}],"replies":[{"embeddable":true,"href":"https:\/\/www.puffsvape.com\/de\/wp-json\/wp\/v2\/comments?post=528"}],"wp:featuredmedia":[{"embeddable":true,"href":"https:\/\/www.puffsvape.com\/de\/wp-json\/wp\/v2\/media\/587"}],"wp:attachment":[{"href":"https:\/\/www.puffsvape.com\/de\/wp-json\/wp\/v2\/media?parent=528"}],"wp:term":[{"taxonomy":"product_brand","embeddable":true,"href":"https:\/\/www.puffsvape.com\/de\/wp-json\/wp\/v2\/product_brand?post=528"},{"taxonomy":"product_cat","embeddable":true,"href":"https:\/\/www.puffsvape.com\/de\/wp-json\/wp\/v2\/product_cat?post=528"},{"taxonomy":"product_tag","embeddable":true,"href":"https:\/\/www.puffsvape.com\/de\/wp-json\/wp\/v2\/product_tag?post=528"},{"taxonomy":"berocket_brand","embeddable":true,"href":"https:\/\/www.puffsvape.com\/de\/wp-json\/wp\/v2\/berocket_brand?post=528"}],"curies":[{"name":"wp","href":"https:\/\/api.w.org\/{rel}","templated":true}]}}