{"id":2519,"date":"2024-12-29T07:02:40","date_gmt":"2024-12-29T07:02:40","guid":{"rendered":"https:\/\/www.puffsvape.com\/?post_type=product&#038;p=2519"},"modified":"2026-05-12T09:32:30","modified_gmt":"2026-05-12T01:32:30","slug":"bang-kingdoms-rex-32000-puffs-disposable-vape","status":"publish","type":"product","link":"https:\/\/www.puffsvape.com\/de\/produkt\/bang-kingdoms-rex-32000-puffs-wegwerfbare-vape\/","title":{"rendered":"Bang Kingdoms Rex 32000 Puffs Einweg Vape"},"content":{"rendered":"<p>Der Bang Kingdoms Rex 32000 ist ein hochwertiges, langlebiges Vape-Ger\u00e4t, das f\u00fcr Benutzer entwickelt wurde, die eine lange Nutzungsdauer und ein reichhaltiges Geschmackserlebnis suchen. Mit seinem ausgezeichneten Preis-Leistungs-Verh\u00e4ltnis ist dieses Produkt sehr wettbewerbsf\u00e4hig im Vergleich zu anderen Dual-Flavor-Plattformen. Ob f\u00fcr den pers\u00f6nlichen Gebrauch oder den Gro\u00dfhandel, es hat sich schnell zu einem beliebten Hot-Seller auf dem Markt.<\/p>\n<h2><strong>Bang Kingdoms Rex 32000 Vape Hauptmerkmale:<\/strong><\/h2>\n<ul>\n<li><strong>Zwei H\u00fclsen, zwei Geschmacksrichtungen<\/strong><\/li>\n<\/ul>\n<p>es mit 2 Pods und 2 Geschmacksrichtungen entworfen, k\u00f6nnen Sie es leicht durch Bewegen der Tropfspitze anpassen.<\/p>\n<ul>\n<li><strong>Ultra-lange Lebensdauer<\/strong><\/li>\n<\/ul>\n<p>Jedes Ger\u00e4t bietet bis zu\u00a0<strong>32.000 Z\u00fcge<\/strong>Dadurch k\u00f6nnen die Benutzer eine lange Nutzungsdauer genie\u00dfen, ohne dass sie das Ger\u00e4t austauschen oder die Fl\u00fcssigkeit h\u00e4ufig nachf\u00fcllen m\u00fcssen. Dies macht ihn perfekt f\u00fcr t\u00e4gliche Nutzer und starke Raucher, die eine problemlose Erfahrung w\u00fcnschen.<\/p>\n<ul>\n<li><strong>Mehrere Optionen f\u00fcr die Nikotinst\u00e4rke<\/strong><\/li>\n<\/ul>\n<p>Dieses Produkt bietet vier Nikotinst\u00e4rken: <strong>0%, 2%, 3% und 5%<\/strong>. Die Nutzer k\u00f6nnen den geeigneten Nikotingehalt je nach pers\u00f6nlicher Vorliebe w\u00e4hlen und so den Bed\u00fcrfnissen derjenigen gerecht werden, die einen niedrigeren Nikotingehalt w\u00fcnschen.<\/p>\n<ul>\n<li><strong>Reichhaltige Geschmacksauswahl<\/strong><\/li>\n<\/ul>\n<p>Bang Kingdoms Rex 32000 Puffs kommt mit <strong>12 Doppelgeschmacksrichtungen<\/strong>die eine Vielzahl von fruchtigen, eisigen und klassischen Geschmacksprofilen abdecken. Benutzer k\u00f6nnen zwei verschiedene Geschmacksrichtungen in jedem Zug genie\u00dfen, was ein einzigartiges und reichhaltiges Geschmackserlebnis bietet.<\/p>\n<ul>\n<li><strong>Gro\u00dfe E-Liquid-Kapazit\u00e4t<\/strong><\/li>\n<\/ul>\n<p>Jedes Ger\u00e4t ist ausgestattet mit <strong>26ml + 26ml<\/strong>in H\u00f6he von insgesamt\u00a0<strong>52ml<\/strong>\u00a0E-Fl\u00fcssigkeit und sorgt so f\u00fcr ein lang anhaltendes Dampferlebnis. Diese gro\u00dfe Kapazit\u00e4t ist besonders praktisch f\u00fcr Langzeitnutzer, da sie die H\u00e4ufigkeit des Nachf\u00fcllens reduziert.<\/p>\n<ul>\n<li><strong>Premium-Mesh-Spule<\/strong><\/li>\n<\/ul>\n<p>Ausgestattet mit einem <strong>1.0ohm Netzspule<\/strong>Das Mesh-Design sorgt f\u00fcr eine gleichm\u00e4\u00dfige Erw\u00e4rmung und eine verbesserte Verdampfung, die einen sanfteren, feineren Dampf und einen authentischeren Kehlkopfschlag bietet. Benutzer k\u00f6nnen eine verfeinerte und komfortable Verdampfungserfahrung genie\u00dfen.<\/p>\n<ul>\n<li><strong>Wiederaufladbares Design<\/strong><\/li>\n<\/ul>\n<p>Das Ger\u00e4t ist <strong>wiederaufladbar<\/strong>Dadurch k\u00f6nnen die Nutzer die Lebensdauer des Ger\u00e4ts durch Aufladen verl\u00e4ngern, anstatt auf Wegwerfprodukte zur\u00fcckzugreifen. Dieses Design spart nicht nur Geld, sondern macht das Produkt auch umweltfreundlicher.<\/p>\n<h2 class=\"&quot;second-title&quot;\">Spezifikation<\/h2>\n<ol>\n<li><strong>Puffs<\/strong>: 32.000 Z\u00fcge<\/li>\n<li><strong>Nikotin-Optionen<\/strong>: 0%, 2%, 3%, 5%<\/li>\n<li><strong>Verf\u00fcgbare Geschmacksrichtungen<\/strong>: 12 Geschmacksrichtungen<\/li>\n<li><strong>Kapazit\u00e4t<\/strong>26ml + 26ml (insgesamt 52ml e-Fl\u00fcssigkeit)<\/li>\n<li><strong>Verpackung<\/strong>: 200 St\u00fcck pro Karton<\/li>\n<li><strong>Wiederaufladbar<\/strong>: Ja<\/li>\n<li><strong>Spule Typ<\/strong>: 1.0ohm Mesh Coil<\/li>\n<\/ol>\n<h2>Geschm\u00e4cker<\/h2>\n<ol>\n<li>Blaubeereis &amp; Schwarzer Drache Eis<\/li>\n<li>Heidelbeereis &amp; Erdbeere und Banane<\/li>\n<li>Heidelbeere Himbeere &amp; Pfirsich Mango Wassermelone<\/li>\n<li>Heidelbeere-Wassermelone &amp; Erdbeer-Mango<\/li>\n<li>Red Bull &amp; Blaubeer-Wassermelone<\/li>\n<li>Red Bull &amp; Wassermelone Bubble Gandy<\/li>\n<li>Erdbeere, Wassermelone und Traubeneis<\/li>\n<li>Erdbeer-Kiwi-Pfirsich-Eis<\/li>\n<li>Erdbeere-Kiwi &amp; Saurer Apfel-Himbeere<\/li>\n<li>Erdbeere Wassermelone &amp; Kiwi Passionsfrucht Guave<\/li>\n<li>Wassermelonen-Eis &amp; Heidelbeer-Minze<\/li>\n<li>Wassermeloneneis &amp; Erdbeere und Mongo<\/li>\n<\/ol>\n<figure id=\"attachment_2532\" aria-describedby=\"caption-attachment-2532\" style=\"width: 800px\" class=\"wp-caption alignnone\"><img fetchpriority=\"high\" decoding=\"async\" class=\"wp-image-2532 size-full\" title=\"Bang Kingdom Rex 32000 Puffs Einweg Vape Gro\u00dfhandel Heidelbeere Rasperry Pfirsich Mango Wassermelone\" src=\"https:\/\/www.puffsvape.com\/wp-content\/uploads\/2024\/12\/Bang-Kingdom-Rex-32000-Puffs-Disposable-Vape-Wholesale-Blueberry-Rasperry-Peach-Mango-Watermelon.jpg\" alt=\"Bang Kingdom Rex 32000 Puffs Einweg Vape Gro\u00dfhandel Heidelbeere Rasperry Pfirsich Mango Wassermelone\" width=\"800\" height=\"800\" srcset=\"https:\/\/www.puffsvape.com\/wp-content\/uploads\/2024\/12\/Bang-Kingdom-Rex-32000-Puffs-Disposable-Vape-Wholesale-Blueberry-Rasperry-Peach-Mango-Watermelon.jpg 800w, https:\/\/www.puffsvape.com\/wp-content\/uploads\/2024\/12\/Bang-Kingdom-Rex-32000-Puffs-Disposable-Vape-Wholesale-Blueberry-Rasperry-Peach-Mango-Watermelon-247x247.jpg 247w, https:\/\/www.puffsvape.com\/wp-content\/uploads\/2024\/12\/Bang-Kingdom-Rex-32000-Puffs-Disposable-Vape-Wholesale-Blueberry-Rasperry-Peach-Mango-Watermelon-100x100.jpg 100w, https:\/\/www.puffsvape.com\/wp-content\/uploads\/2024\/12\/Bang-Kingdom-Rex-32000-Puffs-Disposable-Vape-Wholesale-Blueberry-Rasperry-Peach-Mango-Watermelon-510x510.jpg 510w, https:\/\/www.puffsvape.com\/wp-content\/uploads\/2024\/12\/Bang-Kingdom-Rex-32000-Puffs-Disposable-Vape-Wholesale-Blueberry-Rasperry-Peach-Mango-Watermelon-300x300.jpg 300w, https:\/\/www.puffsvape.com\/wp-content\/uploads\/2024\/12\/Bang-Kingdom-Rex-32000-Puffs-Disposable-Vape-Wholesale-Blueberry-Rasperry-Peach-Mango-Watermelon-150x150.jpg 150w, https:\/\/www.puffsvape.com\/wp-content\/uploads\/2024\/12\/Bang-Kingdom-Rex-32000-Puffs-Disposable-Vape-Wholesale-Blueberry-Rasperry-Peach-Mango-Watermelon-768x768.jpg 768w, https:\/\/www.puffsvape.com\/wp-content\/uploads\/2024\/12\/Bang-Kingdom-Rex-32000-Puffs-Disposable-Vape-Wholesale-Blueberry-Rasperry-Peach-Mango-Watermelon-12x12.jpg 12w, https:\/\/www.puffsvape.com\/wp-content\/uploads\/2024\/12\/Bang-Kingdom-Rex-32000-Puffs-Disposable-Vape-Wholesale-Blueberry-Rasperry-Peach-Mango-Watermelon-575x575.jpg 575w, https:\/\/www.puffsvape.com\/wp-content\/uploads\/2024\/12\/Bang-Kingdom-Rex-32000-Puffs-Disposable-Vape-Wholesale-Blueberry-Rasperry-Peach-Mango-Watermelon-380x380.jpg 380w, https:\/\/www.puffsvape.com\/wp-content\/uploads\/2024\/12\/Bang-Kingdom-Rex-32000-Puffs-Disposable-Vape-Wholesale-Blueberry-Rasperry-Peach-Mango-Watermelon-50x50.jpg 50w, https:\/\/www.puffsvape.com\/wp-content\/uploads\/2024\/12\/Bang-Kingdom-Rex-32000-Puffs-Disposable-Vape-Wholesale-Blueberry-Rasperry-Peach-Mango-Watermelon-26x26.jpg 26w\" sizes=\"(max-width: 800px) 100vw, 800px\" \/><figcaption id=\"caption-attachment-2532\" class=\"wp-caption-text\">Bang Kingdom Rex 32000 Puffs Einweg-Vape<\/figcaption><\/figure>","protected":false},"excerpt":{"rendered":"<p>Der Bang Kingdoms Rex 32000 ist ein hochwertiges, langlebiges Vape-Ger\u00e4t, das f\u00fcr Benutzer entwickelt wurde, die eine lange Nutzungsdauer und ein reichhaltiges Geschmackserlebnis suchen. Mit seinem ausgezeichneten Preis-Leistungs-Verh\u00e4ltnis ist dieses Produkt sehr wettbewerbsf\u00e4hig im Vergleich zu anderen Dual-Flavor-Plattformen. Ob f\u00fcr den pers\u00f6nlichen Gebrauch oder f\u00fcr den Gro\u00dfhandel, es hat sich schnell zu einem beliebten Verkaufsschlager auf dem Markt entwickelt. Bang [...]","protected":false},"featured_media":2534,"comment_status":"open","ping_status":"closed","template":"","meta":{"om_disable_all_campaigns":false,"_monsterinsights_skip_tracking":false,"_monsterinsights_sitenote_active":false,"_monsterinsights_sitenote_note":"","_monsterinsights_sitenote_category":0},"product_brand":[],"product_cat":[15],"product_tag":[],"berocket_brand":[22],"class_list":{"0":"post-2519","1":"product","2":"type-product","3":"status-publish","4":"has-post-thumbnail","6":"product_cat-bang","7":"berocket_brand-bang","8":"wcpa_has_options","10":"first","11":"instock","12":"shipping-taxable","13":"purchasable","14":"product-type-variable","15":"has-default-attributes"},"aioseo_notices":[],"tiered_pricing_fixed_rules":{"20":"9.90","30":"9.25","40":"8.60","50":"7.95","100":"6.52"},"tiered_pricing_percentage_rules":{"20":"9.90","30":"9.25","40":"8.60","50":"7.95","100":"6.52"},"tiered_pricing_type":"fixed","tiered_pricing_minimum":10,"_links":{"self":[{"href":"https:\/\/www.puffsvape.com\/de\/wp-json\/wp\/v2\/product\/2519","targetHints":{"allow":["GET"]}}],"collection":[{"href":"https:\/\/www.puffsvape.com\/de\/wp-json\/wp\/v2\/product"}],"about":[{"href":"https:\/\/www.puffsvape.com\/de\/wp-json\/wp\/v2\/types\/product"}],"replies":[{"embeddable":true,"href":"https:\/\/www.puffsvape.com\/de\/wp-json\/wp\/v2\/comments?post=2519"}],"wp:featuredmedia":[{"embeddable":true,"href":"https:\/\/www.puffsvape.com\/de\/wp-json\/wp\/v2\/media\/2534"}],"wp:attachment":[{"href":"https:\/\/www.puffsvape.com\/de\/wp-json\/wp\/v2\/media?parent=2519"}],"wp:term":[{"taxonomy":"product_brand","embeddable":true,"href":"https:\/\/www.puffsvape.com\/de\/wp-json\/wp\/v2\/product_brand?post=2519"},{"taxonomy":"product_cat","embeddable":true,"href":"https:\/\/www.puffsvape.com\/de\/wp-json\/wp\/v2\/product_cat?post=2519"},{"taxonomy":"product_tag","embeddable":true,"href":"https:\/\/www.puffsvape.com\/de\/wp-json\/wp\/v2\/product_tag?post=2519"},{"taxonomy":"berocket_brand","embeddable":true,"href":"https:\/\/www.puffsvape.com\/de\/wp-json\/wp\/v2\/berocket_brand?post=2519"}],"curies":[{"name":"wp","href":"https:\/\/api.w.org\/{rel}","templated":true}]}}