{"id":2399,"date":"2024-11-16T17:26:34","date_gmt":"2024-11-16T17:26:34","guid":{"rendered":"https:\/\/www.puffsvape.com\/?post_type=product&#038;p=2399"},"modified":"2026-05-12T09:33:34","modified_gmt":"2026-05-12T01:33:34","slug":"fumot-tornado-30k-music-disposable-vape","status":"publish","type":"product","link":"https:\/\/www.puffsvape.com\/de\/produkt\/fumot-tornado-30k-musik-einweg-vape\/","title":{"rendered":"Fumot Tornado 30K Musik Einweg Vape"},"content":{"rendered":"<p><a href=\"\/de\/product-category\/randm-fumot\/\">Fumot<\/a>\u00a0Tornado 30K Music ist ein 30K Puffs Einweg-Dampfger\u00e4t von RandM angetrieben. Tornado 30K Music verwendet eine 1.0\u03a9 Mesh Coil und eine eingebaute 600mAh wiederaufladbare Batterie. Es gibt insgesamt 30 Geschmacksrichtungen und 4 Nikotinst\u00e4rken f\u00fcr Sie zur Auswahl.<\/p>\n<p>Die interessanteste Eigenschaft der Tornado 30K Music ist, dass das RGB-Licht im Rhythmus der Musik blinken kann. Stellen Sie sich vor, Sie k\u00f6nnen damit in einer Bar zu Ihrer eigenen Musik tanzen.<\/p>\n<h2><strong>Fumot Tornado 30K Musik Details:<\/strong><\/h2>\n<ul>\n<li>0% 2% 3% 5% Nikotin<\/li>\n<li>Puffs: 30000<\/li>\n<li>30 Geschmacksrichtungen verf\u00fcgbar<\/li>\n<li>600mAh Wiederaufladbar<\/li>\n<li>1.0\u03a9 Masche Spule<\/li>\n<li>Typ-C<\/li>\n<li>pro Karton kg<\/li>\n<li>Lichter wechseln mit der Musik<\/li>\n<\/ul>\n<h2><strong>Fumot Tornado 30K Music Optionale Geschmacksrichtungen:<\/strong><\/h2>\n<p>1. Bananeneis<br \/>\n2. Schwarzes Eis<br \/>\n3. Blaues Razzia-Eis<br \/>\n4. Heidelbeere auf Eis<br \/>\n5. Heidelbeere-Himbeere<br \/>\n6. Blaubeere-Sauer-Himbeere<br \/>\n7. Kirsche Eis<br \/>\n8. Kirsche Cola<br \/>\n9. Cola-Eis<br \/>\n10. K\u00fchle Minze<br \/>\n11. Doppelter Apfel<br \/>\n12. Dr. Blau<br \/>\n13. Traubeneis<br \/>\n14. Eis-Pop<br \/>\n15. Kiwi Passionsfrucht Guave<br \/>\n16. Liebe 66<br \/>\n17. \u00dcppiges Eis<br \/>\n18. Gemischte Beeren<br \/>\n19. Pfirsichbeere<br \/>\n20. Pfirsich-Eis<br \/>\n21. Pfirsich-Mango-Ananas<br \/>\n22. Ananaseis<br \/>\n23. Rosa Limonade<br \/>\n24. Kegeln<br \/>\n25. Erdbeere-Banane<br \/>\n26. Erdbeere Traube<br \/>\n27. Erdbeereis<br \/>\n28. Wassermelone mit Erdbeeren<br \/>\n29. Dreifache Mango<br \/>\n30. Vimto<\/p>\n<figure id=\"attachment_2431\" aria-describedby=\"caption-attachment-2431\" style=\"width: 800px\" class=\"wp-caption alignnone\"><img fetchpriority=\"high\" decoding=\"async\" class=\"wp-image-2431 size-full\" title=\"Fumot Tornado 30K Musik Einweg Vape Gro\u00dfhandel (2)\" src=\"https:\/\/www.puffsvape.com\/wp-content\/uploads\/2024\/11\/Fumot-Tornado-30K-Music-Disposable-Vape-Wholesale-2.jpg\" alt=\"Fumot Tornado 30K Musik Einweg Vape Gro\u00dfhandel (2)\" width=\"800\" height=\"800\" srcset=\"https:\/\/www.puffsvape.com\/wp-content\/uploads\/2024\/11\/Fumot-Tornado-30K-Music-Disposable-Vape-Wholesale-2.jpg 800w, https:\/\/www.puffsvape.com\/wp-content\/uploads\/2024\/11\/Fumot-Tornado-30K-Music-Disposable-Vape-Wholesale-2-247x247.jpg 247w, https:\/\/www.puffsvape.com\/wp-content\/uploads\/2024\/11\/Fumot-Tornado-30K-Music-Disposable-Vape-Wholesale-2-100x100.jpg 100w, https:\/\/www.puffsvape.com\/wp-content\/uploads\/2024\/11\/Fumot-Tornado-30K-Music-Disposable-Vape-Wholesale-2-510x510.jpg 510w, https:\/\/www.puffsvape.com\/wp-content\/uploads\/2024\/11\/Fumot-Tornado-30K-Music-Disposable-Vape-Wholesale-2-300x300.jpg 300w, https:\/\/www.puffsvape.com\/wp-content\/uploads\/2024\/11\/Fumot-Tornado-30K-Music-Disposable-Vape-Wholesale-2-150x150.jpg 150w, https:\/\/www.puffsvape.com\/wp-content\/uploads\/2024\/11\/Fumot-Tornado-30K-Music-Disposable-Vape-Wholesale-2-768x768.jpg 768w, https:\/\/www.puffsvape.com\/wp-content\/uploads\/2024\/11\/Fumot-Tornado-30K-Music-Disposable-Vape-Wholesale-2-12x12.jpg 12w, https:\/\/www.puffsvape.com\/wp-content\/uploads\/2024\/11\/Fumot-Tornado-30K-Music-Disposable-Vape-Wholesale-2-575x575.jpg 575w, https:\/\/www.puffsvape.com\/wp-content\/uploads\/2024\/11\/Fumot-Tornado-30K-Music-Disposable-Vape-Wholesale-2-380x380.jpg 380w, https:\/\/www.puffsvape.com\/wp-content\/uploads\/2024\/11\/Fumot-Tornado-30K-Music-Disposable-Vape-Wholesale-2-50x50.jpg 50w, https:\/\/www.puffsvape.com\/wp-content\/uploads\/2024\/11\/Fumot-Tornado-30K-Music-Disposable-Vape-Wholesale-2-26x26.jpg 26w\" sizes=\"(max-width: 800px) 100vw, 800px\" \/><figcaption id=\"caption-attachment-2431\" class=\"wp-caption-text\">Fumot Tornado 30K Musik Einweg Vape<\/figcaption><\/figure>\n<p><img decoding=\"async\" class=\"alignnone wp-image-2432 size-full\" title=\"Fumot Tornado 30K Musik Einweg Vape Gro\u00dfhandel (3)\" src=\"https:\/\/www.puffsvape.com\/wp-content\/uploads\/2024\/11\/Fumot-Tornado-30K-Music-Disposable-Vape-Wholesale-3.jpg\" alt=\"Fumot Tornado 30K Musik Einweg Vape Gro\u00dfhandel (3)\" width=\"800\" height=\"800\" srcset=\"https:\/\/www.puffsvape.com\/wp-content\/uploads\/2024\/11\/Fumot-Tornado-30K-Music-Disposable-Vape-Wholesale-3.jpg 800w, https:\/\/www.puffsvape.com\/wp-content\/uploads\/2024\/11\/Fumot-Tornado-30K-Music-Disposable-Vape-Wholesale-3-247x247.jpg 247w, https:\/\/www.puffsvape.com\/wp-content\/uploads\/2024\/11\/Fumot-Tornado-30K-Music-Disposable-Vape-Wholesale-3-100x100.jpg 100w, https:\/\/www.puffsvape.com\/wp-content\/uploads\/2024\/11\/Fumot-Tornado-30K-Music-Disposable-Vape-Wholesale-3-510x510.jpg 510w, https:\/\/www.puffsvape.com\/wp-content\/uploads\/2024\/11\/Fumot-Tornado-30K-Music-Disposable-Vape-Wholesale-3-300x300.jpg 300w, https:\/\/www.puffsvape.com\/wp-content\/uploads\/2024\/11\/Fumot-Tornado-30K-Music-Disposable-Vape-Wholesale-3-150x150.jpg 150w, https:\/\/www.puffsvape.com\/wp-content\/uploads\/2024\/11\/Fumot-Tornado-30K-Music-Disposable-Vape-Wholesale-3-768x768.jpg 768w, https:\/\/www.puffsvape.com\/wp-content\/uploads\/2024\/11\/Fumot-Tornado-30K-Music-Disposable-Vape-Wholesale-3-12x12.jpg 12w, https:\/\/www.puffsvape.com\/wp-content\/uploads\/2024\/11\/Fumot-Tornado-30K-Music-Disposable-Vape-Wholesale-3-575x575.jpg 575w, https:\/\/www.puffsvape.com\/wp-content\/uploads\/2024\/11\/Fumot-Tornado-30K-Music-Disposable-Vape-Wholesale-3-380x380.jpg 380w, https:\/\/www.puffsvape.com\/wp-content\/uploads\/2024\/11\/Fumot-Tornado-30K-Music-Disposable-Vape-Wholesale-3-50x50.jpg 50w, https:\/\/www.puffsvape.com\/wp-content\/uploads\/2024\/11\/Fumot-Tornado-30K-Music-Disposable-Vape-Wholesale-3-26x26.jpg 26w\" sizes=\"(max-width: 800px) 100vw, 800px\" \/><\/p>\n<p><img decoding=\"async\" class=\"alignnone wp-image-2430 size-full\" title=\"Fumot Tornado 30K Musik Einweg Vape Gro\u00dfhandel (1)\" src=\"https:\/\/www.puffsvape.com\/wp-content\/uploads\/2024\/11\/Fumot-Tornado-30K-Music-Disposable-Vape-Wholesale-1.jpg\" alt=\"Fumot Tornado 30K Musik Einweg Vape Gro\u00dfhandel (1)\" width=\"800\" height=\"800\" srcset=\"https:\/\/www.puffsvape.com\/wp-content\/uploads\/2024\/11\/Fumot-Tornado-30K-Music-Disposable-Vape-Wholesale-1.jpg 800w, https:\/\/www.puffsvape.com\/wp-content\/uploads\/2024\/11\/Fumot-Tornado-30K-Music-Disposable-Vape-Wholesale-1-247x247.jpg 247w, https:\/\/www.puffsvape.com\/wp-content\/uploads\/2024\/11\/Fumot-Tornado-30K-Music-Disposable-Vape-Wholesale-1-100x100.jpg 100w, https:\/\/www.puffsvape.com\/wp-content\/uploads\/2024\/11\/Fumot-Tornado-30K-Music-Disposable-Vape-Wholesale-1-510x510.jpg 510w, https:\/\/www.puffsvape.com\/wp-content\/uploads\/2024\/11\/Fumot-Tornado-30K-Music-Disposable-Vape-Wholesale-1-300x300.jpg 300w, https:\/\/www.puffsvape.com\/wp-content\/uploads\/2024\/11\/Fumot-Tornado-30K-Music-Disposable-Vape-Wholesale-1-150x150.jpg 150w, https:\/\/www.puffsvape.com\/wp-content\/uploads\/2024\/11\/Fumot-Tornado-30K-Music-Disposable-Vape-Wholesale-1-768x768.jpg 768w, https:\/\/www.puffsvape.com\/wp-content\/uploads\/2024\/11\/Fumot-Tornado-30K-Music-Disposable-Vape-Wholesale-1-12x12.jpg 12w, https:\/\/www.puffsvape.com\/wp-content\/uploads\/2024\/11\/Fumot-Tornado-30K-Music-Disposable-Vape-Wholesale-1-575x575.jpg 575w, https:\/\/www.puffsvape.com\/wp-content\/uploads\/2024\/11\/Fumot-Tornado-30K-Music-Disposable-Vape-Wholesale-1-380x380.jpg 380w, https:\/\/www.puffsvape.com\/wp-content\/uploads\/2024\/11\/Fumot-Tornado-30K-Music-Disposable-Vape-Wholesale-1-50x50.jpg 50w, https:\/\/www.puffsvape.com\/wp-content\/uploads\/2024\/11\/Fumot-Tornado-30K-Music-Disposable-Vape-Wholesale-1-26x26.jpg 26w\" sizes=\"(max-width: 800px) 100vw, 800px\" \/><\/p>","protected":false},"excerpt":{"rendered":"<p>Fumot Tornado 30K Music ist ein 30K Puffs Einweg vape Ger\u00e4t von RandM angetrieben. Tornado 30K Music verwendet eine 1.0\u03a9 Mesh Coil und eine eingebaute 600mAh wiederaufladbare Batterie. Es gibt insgesamt 30 Geschmacksrichtungen und 4 Nikotinst\u00e4rken, aus denen Sie w\u00e4hlen k\u00f6nnen. Die interessanteste Eigenschaft der Tornado 30K Music ist, dass die RGB [...]","protected":false},"featured_media":2431,"comment_status":"open","ping_status":"closed","template":"","meta":{"om_disable_all_campaigns":false,"_monsterinsights_skip_tracking":false,"_monsterinsights_sitenote_active":false,"_monsterinsights_sitenote_note":"","_monsterinsights_sitenote_category":0},"product_brand":[],"product_cat":[25],"product_tag":[],"berocket_brand":[26],"class_list":{"0":"post-2399","1":"product","2":"type-product","3":"status-publish","4":"has-post-thumbnail","6":"product_cat-randm-fumot","7":"berocket_brand-randm-fumot","8":"wcpa_has_options","10":"first","11":"instock","12":"shipping-taxable","13":"purchasable","14":"product-type-variable","15":"has-default-attributes"},"aioseo_notices":[],"tiered_pricing_fixed_rules":{"20":"11.55","30":"10.91","40":"10.26","50":"9.61","100":"8.18"},"tiered_pricing_percentage_rules":{"20":"11.55","30":"10.91","40":"10.26","50":"9.61","100":"8.18"},"tiered_pricing_type":"fixed","tiered_pricing_minimum":10,"_links":{"self":[{"href":"https:\/\/www.puffsvape.com\/de\/wp-json\/wp\/v2\/product\/2399","targetHints":{"allow":["GET"]}}],"collection":[{"href":"https:\/\/www.puffsvape.com\/de\/wp-json\/wp\/v2\/product"}],"about":[{"href":"https:\/\/www.puffsvape.com\/de\/wp-json\/wp\/v2\/types\/product"}],"replies":[{"embeddable":true,"href":"https:\/\/www.puffsvape.com\/de\/wp-json\/wp\/v2\/comments?post=2399"}],"wp:featuredmedia":[{"embeddable":true,"href":"https:\/\/www.puffsvape.com\/de\/wp-json\/wp\/v2\/media\/2431"}],"wp:attachment":[{"href":"https:\/\/www.puffsvape.com\/de\/wp-json\/wp\/v2\/media?parent=2399"}],"wp:term":[{"taxonomy":"product_brand","embeddable":true,"href":"https:\/\/www.puffsvape.com\/de\/wp-json\/wp\/v2\/product_brand?post=2399"},{"taxonomy":"product_cat","embeddable":true,"href":"https:\/\/www.puffsvape.com\/de\/wp-json\/wp\/v2\/product_cat?post=2399"},{"taxonomy":"product_tag","embeddable":true,"href":"https:\/\/www.puffsvape.com\/de\/wp-json\/wp\/v2\/product_tag?post=2399"},{"taxonomy":"berocket_brand","embeddable":true,"href":"https:\/\/www.puffsvape.com\/de\/wp-json\/wp\/v2\/berocket_brand?post=2399"}],"curies":[{"name":"wp","href":"https:\/\/api.w.org\/{rel}","templated":true}]}}