{"id":2055,"date":"2024-09-07T17:15:06","date_gmt":"2024-09-07T17:15:06","guid":{"rendered":"https:\/\/www.puffsvape.com\/?post_type=product&#038;p=2055"},"modified":"2026-04-26T19:44:24","modified_gmt":"2026-04-26T11:44:24","slug":"bang-gear-tick-tock-20000-puffs-disposable-vape","status":"publish","type":"product","link":"https:\/\/www.puffsvape.com\/de\/produkt\/bang-gear-tick-tock-20000-puffs-wegwerfbare-vape\/","title":{"rendered":"Bang Gear Tick Tock 20000 Puffs Einweg Vape"},"content":{"rendered":"<p><b>Die Bang Gear Tick Tock 20000 Einweg Vape<\/b>\u00a0ist ein industrielles Einweg-Kit mit 16ml vorgef\u00fclltem E-Saft, zwei Vaping-Modi und einem hohen Puff-co innerhalb von s Sekunden. um in den Silent Mode zu wechseln und die Zahnr\u00e4der h\u00f6ren auf zu drehen. Wichtige Informationen, wie z.B. der F\u00fcllstand des E-Juice und die Lautst\u00e4rke des Akkus, werden auf einem dynamischen Bildschirm angezeigt. Sie k\u00f6nnen den Status des BANG 20000 mit Leichtigkeit \u00fcberwachen. Wenn Sie auf der Suche nach einem coolen Einwegdampfer f\u00fcr den Langzeitgebrauch sind, sollten Sie sich BANG 20000 nicht entgehen lassen. BANG 20000 bietet Ihnen ein brandneues dynamisches Dampferlebnis.<\/p>\n<h2><span style=\"font-size: 18pt;\">Bang Gear Tick Tock 20000 Produkt-Details<\/span><\/h2>\n<ul>\n<li>Wiederaufladbarer integrierter 650mAh-Akku<\/li>\n<li>Anzahl der Puffs: Ungef\u00e4hr 20000 Puffs<\/li>\n<li>Vorgef\u00fclltes 16ml E-Juice<\/li>\n<li>Dynamischer Anzeigebildschirm<\/li>\n<li>Zwei Vaping-Modi: Dynamischer Modus (die Zahnr\u00e4der drehen sich beim Dampfen) \/ Stiller Modus (3 schnelle Z\u00fcge innerhalb von 2 Sekunden, um die Zahnr\u00e4der zu stoppen)<\/li>\n<li>5%(50mg) Nikotinst\u00e4rke<\/li>\n<li>USB-Typ-C-Laden (nicht im Lieferumfang enthalten)<\/li>\n<li>Zeichnungsaktiviert<\/li>\n<li>MTL-Vaping<\/li>\n<\/ul>\n<h2>Geschm\u00e4cker<\/h2>\n<p>1. erdbeere mango<br \/>\n2. ein Energy-Drink<br \/>\n3 Blaubeer-Kirsch-Limonade<br \/>\n4. schwarzer Drache Eis<br \/>\n5.Pfirsich-Eis<br \/>\n6. erdbeere banane<br \/>\n7. mischen Sie Obst<br \/>\n8. blaubeereis<br \/>\nWassermeloneneis 9.<br \/>\n10. erdbeerige Kiwi<br \/>\nBlaubeere-Himbeere 11.<br \/>\n12. erdbeerige Wassermelone<\/p>\n<figure id=\"attachment_2074\" aria-describedby=\"caption-attachment-2074\" style=\"width: 800px\" class=\"wp-caption alignnone\"><img fetchpriority=\"high\" decoding=\"async\" class=\"wp-image-2074 size-full\" title=\"Bang Mechanical Gear 20000 Puffs Einweg Vape Gro\u00dfhandel (6)\" src=\"https:\/\/www.puffsvape.com\/wp-content\/uploads\/2024\/09\/Bang-Mechanical-Gear-20000-Puffs-Disposable-Vape-Wholesale-6.jpg\" alt=\"Bang Mechanical Gear 20000 Puffs Einweg Vape Gro\u00dfhandel (6)\" width=\"800\" height=\"800\" srcset=\"https:\/\/www.puffsvape.com\/wp-content\/uploads\/2024\/09\/Bang-Mechanical-Gear-20000-Puffs-Disposable-Vape-Wholesale-6.jpg 800w, https:\/\/www.puffsvape.com\/wp-content\/uploads\/2024\/09\/Bang-Mechanical-Gear-20000-Puffs-Disposable-Vape-Wholesale-6-247x247.jpg 247w, https:\/\/www.puffsvape.com\/wp-content\/uploads\/2024\/09\/Bang-Mechanical-Gear-20000-Puffs-Disposable-Vape-Wholesale-6-100x100.jpg 100w, https:\/\/www.puffsvape.com\/wp-content\/uploads\/2024\/09\/Bang-Mechanical-Gear-20000-Puffs-Disposable-Vape-Wholesale-6-510x510.jpg 510w, https:\/\/www.puffsvape.com\/wp-content\/uploads\/2024\/09\/Bang-Mechanical-Gear-20000-Puffs-Disposable-Vape-Wholesale-6-300x300.jpg 300w, https:\/\/www.puffsvape.com\/wp-content\/uploads\/2024\/09\/Bang-Mechanical-Gear-20000-Puffs-Disposable-Vape-Wholesale-6-150x150.jpg 150w, https:\/\/www.puffsvape.com\/wp-content\/uploads\/2024\/09\/Bang-Mechanical-Gear-20000-Puffs-Disposable-Vape-Wholesale-6-768x768.jpg 768w, https:\/\/www.puffsvape.com\/wp-content\/uploads\/2024\/09\/Bang-Mechanical-Gear-20000-Puffs-Disposable-Vape-Wholesale-6-12x12.jpg 12w, https:\/\/www.puffsvape.com\/wp-content\/uploads\/2024\/09\/Bang-Mechanical-Gear-20000-Puffs-Disposable-Vape-Wholesale-6-575x575.jpg 575w, https:\/\/www.puffsvape.com\/wp-content\/uploads\/2024\/09\/Bang-Mechanical-Gear-20000-Puffs-Disposable-Vape-Wholesale-6-380x380.jpg 380w, https:\/\/www.puffsvape.com\/wp-content\/uploads\/2024\/09\/Bang-Mechanical-Gear-20000-Puffs-Disposable-Vape-Wholesale-6-50x50.jpg 50w, https:\/\/www.puffsvape.com\/wp-content\/uploads\/2024\/09\/Bang-Mechanical-Gear-20000-Puffs-Disposable-Vape-Wholesale-6-26x26.jpg 26w\" sizes=\"(max-width: 800px) 100vw, 800px\" \/><figcaption id=\"caption-attachment-2074\" class=\"wp-caption-text\">Bang Mechanical Gear 20000 Puffs Einweg Vape<\/figcaption><\/figure>","protected":false},"excerpt":{"rendered":"<p>Der Bang Gear Tick Tock 20000 Disposable Vape ist ein Einweg-Kit im Industriestil mit 16ml vorgef\u00fclltem E-Saft, zwei Vaping-Modi und einem hohen Puff-co innerhalb von s Sekunden. um in den Silent Mode zu wechseln und die Zahnr\u00e4der h\u00f6ren auf zu rotieren. Wichtige Informationen, wie z.B. der F\u00fcllstand des E-Juice und die Akkuladung, werden auf einem dynamischen Display angezeigt. Sie k\u00f6nnen den [...]","protected":false},"featured_media":2072,"comment_status":"open","ping_status":"closed","template":"","meta":{"om_disable_all_campaigns":false,"_monsterinsights_skip_tracking":false,"_monsterinsights_sitenote_active":false,"_monsterinsights_sitenote_note":"","_monsterinsights_sitenote_category":0},"product_brand":[],"product_cat":[15],"product_tag":[],"berocket_brand":[22],"class_list":{"0":"post-2055","1":"product","2":"type-product","3":"status-publish","4":"has-post-thumbnail","6":"product_cat-bang","7":"berocket_brand-bang","9":"first","10":"instock","11":"shipping-taxable","12":"purchasable","13":"product-type-variable","14":"has-default-attributes"},"aioseo_notices":[],"tiered_pricing_fixed_rules":{"20":"10.56","30":"9.91","40":"9.26","50":"8.61","100":"7.19"},"tiered_pricing_percentage_rules":{"20":"10.56","30":"9.91","40":"9.26","50":"8.61","100":"7.19"},"tiered_pricing_type":"fixed","tiered_pricing_minimum":10,"_links":{"self":[{"href":"https:\/\/www.puffsvape.com\/de\/wp-json\/wp\/v2\/product\/2055","targetHints":{"allow":["GET"]}}],"collection":[{"href":"https:\/\/www.puffsvape.com\/de\/wp-json\/wp\/v2\/product"}],"about":[{"href":"https:\/\/www.puffsvape.com\/de\/wp-json\/wp\/v2\/types\/product"}],"replies":[{"embeddable":true,"href":"https:\/\/www.puffsvape.com\/de\/wp-json\/wp\/v2\/comments?post=2055"}],"wp:featuredmedia":[{"embeddable":true,"href":"https:\/\/www.puffsvape.com\/de\/wp-json\/wp\/v2\/media\/2072"}],"wp:attachment":[{"href":"https:\/\/www.puffsvape.com\/de\/wp-json\/wp\/v2\/media?parent=2055"}],"wp:term":[{"taxonomy":"product_brand","embeddable":true,"href":"https:\/\/www.puffsvape.com\/de\/wp-json\/wp\/v2\/product_brand?post=2055"},{"taxonomy":"product_cat","embeddable":true,"href":"https:\/\/www.puffsvape.com\/de\/wp-json\/wp\/v2\/product_cat?post=2055"},{"taxonomy":"product_tag","embeddable":true,"href":"https:\/\/www.puffsvape.com\/de\/wp-json\/wp\/v2\/product_tag?post=2055"},{"taxonomy":"berocket_brand","embeddable":true,"href":"https:\/\/www.puffsvape.com\/de\/wp-json\/wp\/v2\/berocket_brand?post=2055"}],"curies":[{"name":"wp","href":"https:\/\/api.w.org\/{rel}","templated":true}]}}