{"id":1705,"date":"2024-08-06T11:33:59","date_gmt":"2024-08-06T11:33:59","guid":{"rendered":"https:\/\/www.puffsvape.com\/?post_type=product&#038;p=1705"},"modified":"2026-04-28T21:32:54","modified_gmt":"2026-04-28T13:32:54","slug":"vapsolo-super-15000-puffs-disposable-vape","status":"publish","type":"product","link":"https:\/\/www.puffsvape.com\/de\/produkt\/vapsolo-super-15000-puffs-wegwerfbares-vape\/","title":{"rendered":"Vapsolo Super 15000 Puffs Einweg Vape"},"content":{"rendered":"<p>Der Vapsolo Super 15000 Puffs von Puffsvape ist ein hochwertiger, wiederaufladbarer Einwegdampfer, der bis zu 15.000 Z\u00fcge mit 2%- oder 5%-Nikotinoptionen, einem 650mAh-Akku, 25ml E-Liquid und einer Vielzahl von reichhaltigen Geschmacksrichtungen bietet und sich perfekt f\u00fcr Gro\u00df- und Einzelh\u00e4ndler eignet, die hochwertige Vaping-Produkte suchen.<\/p>\n<p>Der Vapsolo Super 15000 Puffs verf\u00fcgt \u00fcber zwei Nikotinst\u00e4rken, 2% und 5%, die sowohl f\u00fcr leichte als auch f\u00fcr regelm\u00e4\u00dfige Nikotinbenutzer geeignet sind. Ausgestattet mit einem 650mAh Akku und einer 25ml E-Liquid-Kapazit\u00e4t, bietet dieses Ger\u00e4t langes Dampfen ohne h\u00e4ufiges Nachf\u00fcllen. Gefertigt mit einer Mesh-Spule und einem Spulenwiderstand von 1,0\u03a9, liefert es konsistenten, reichen Geschmack und glatte Dampfproduktion. Der innovative Typ-C-Anschluss sorgt f\u00fcr ein schnelles und effizientes Aufladen, so dass es eine zuverl\u00e4ssige Wahl f\u00fcr Vaper auf dem Sprung.<\/p>\n<p>Zu den wichtigsten Merkmalen geh\u00f6ren vier Luftstromstufen f\u00fcr individuelles Dampfen, ein robuster 650mAh-Akku, ein gro\u00dfes Fassungsverm\u00f6gen von 25ml E-Liquid und eine hochmoderne Mesh-Spule f\u00fcr verbesserten Geschmack und Dampfproduktion. Gro\u00dfpackungen sind verf\u00fcgbar, mit 200 Einheiten pro Karton und 10 Kartons pro Box, was ihn zu einer idealen Wahl f\u00fcr Gro\u00dfeink\u00e4ufe macht.<\/p>\n<h2>Vapsolo Super 15000 Puffs Merkmale<\/h2>\n<ul>\n<li>4 Stufen der Luftstr\u00f6mung: Passen Sie Ihr Dampferlebnis mit einstellbarer Airflow-Einstellungen, um Ihre Vorlieben anzupassen.<\/li>\n<li>E-Liquid-Kapazit\u00e4t: Ein gro\u00dfes Fassungsverm\u00f6gen von 25 ml, das langes Dampfen ohne h\u00e4ufiges Nachf\u00fcllen erm\u00f6glicht.<\/li>\n<li>Akku-Kapazit\u00e4t: Eine robuste 650mAh wiederaufladbare Batterie sorgt daf\u00fcr, dass Sie Ihre vape f\u00fcr einen l\u00e4ngeren Zeitraum genie\u00dfen k\u00f6nnen, bevor Sie wieder aufladen m\u00fcssen.<\/li>\n<li>Mesh-Spule: Verbessert den Geschmack und die Dampfproduktion und bietet ein hervorragendes Dampferlebnis.<\/li>\n<li>Coil-Widerstand: 1.0\u03a9 f\u00fcr glatten und gleichm\u00e4\u00dfigen Dampf.<\/li>\n<li>Typ-C-Anschluss: Schnelles und bequemes Aufladen mit moderner Typ-C-Kompatibilit\u00e4t.<\/li>\n<li>Gro\u00dfhandelspackung: Erh\u00e4ltlich in Gro\u00dfhandelsverpackungen mit 200 St\u00fcck pro Karton und 10 Kartons pro Schachtel, wobei jede Einheit 103 g wiegt.<\/li>\n<\/ul>\n<h2>Geschmacksliste<\/h2>\n<ol>\n<li>Blauer Razzia<\/li>\n<li>Blaubeereis<\/li>\n<li>Doppelter Apfel<\/li>\n<li>Wassermelone Eis<\/li>\n<li>Erdbeer-Kiwi<\/li>\n<li>Gemischte Beere<\/li>\n<li>Red Bull<\/li>\n<li>Heidelbeere Kirsche Cranberry<\/li>\n<li>Zitrone-Limette<\/li>\n<li>Kegeln<\/li>\n<li>Sommertraum<\/li>\n<li>Erdbeere-Banane<\/li>\n<li>Himbeere Wassermelone<\/li>\n<li>Heidelbeer-Kirsch-Cola<\/li>\n<li>Schwarzes Eis Drachenfrucht-Erdbeere<\/li>\n<\/ol>\n<figure id=\"attachment_1720\" aria-describedby=\"caption-attachment-1720\" style=\"width: 800px\" class=\"wp-caption alignnone\"><img fetchpriority=\"high\" decoding=\"async\" class=\"size-full wp-image-1720\" title=\"Vapsolo Super 15000 Puffs Einweg Vape Gro\u00dfhandel Wassermelone Eis\" src=\"https:\/\/www.puffsvape.com\/wp-content\/uploads\/2024\/08\/Vapsolo-Super-15000-Puffs-Disposable-Vape-Wholesale-watermelon-ice.jpg\" alt=\"Vapsolo Super 15000 Puffs Einweg Vape Gro\u00dfhandel Wassermelone Eis\" width=\"800\" height=\"800\" srcset=\"https:\/\/www.puffsvape.com\/wp-content\/uploads\/2024\/08\/Vapsolo-Super-15000-Puffs-Disposable-Vape-Wholesale-watermelon-ice.jpg 800w, https:\/\/www.puffsvape.com\/wp-content\/uploads\/2024\/08\/Vapsolo-Super-15000-Puffs-Disposable-Vape-Wholesale-watermelon-ice-247x247.jpg 247w, https:\/\/www.puffsvape.com\/wp-content\/uploads\/2024\/08\/Vapsolo-Super-15000-Puffs-Disposable-Vape-Wholesale-watermelon-ice-100x100.jpg 100w, https:\/\/www.puffsvape.com\/wp-content\/uploads\/2024\/08\/Vapsolo-Super-15000-Puffs-Disposable-Vape-Wholesale-watermelon-ice-510x510.jpg 510w, https:\/\/www.puffsvape.com\/wp-content\/uploads\/2024\/08\/Vapsolo-Super-15000-Puffs-Disposable-Vape-Wholesale-watermelon-ice-300x300.jpg 300w, https:\/\/www.puffsvape.com\/wp-content\/uploads\/2024\/08\/Vapsolo-Super-15000-Puffs-Disposable-Vape-Wholesale-watermelon-ice-150x150.jpg 150w, https:\/\/www.puffsvape.com\/wp-content\/uploads\/2024\/08\/Vapsolo-Super-15000-Puffs-Disposable-Vape-Wholesale-watermelon-ice-768x768.jpg 768w, https:\/\/www.puffsvape.com\/wp-content\/uploads\/2024\/08\/Vapsolo-Super-15000-Puffs-Disposable-Vape-Wholesale-watermelon-ice-12x12.jpg 12w, https:\/\/www.puffsvape.com\/wp-content\/uploads\/2024\/08\/Vapsolo-Super-15000-Puffs-Disposable-Vape-Wholesale-watermelon-ice-575x575.jpg 575w, https:\/\/www.puffsvape.com\/wp-content\/uploads\/2024\/08\/Vapsolo-Super-15000-Puffs-Disposable-Vape-Wholesale-watermelon-ice-380x380.jpg 380w, https:\/\/www.puffsvape.com\/wp-content\/uploads\/2024\/08\/Vapsolo-Super-15000-Puffs-Disposable-Vape-Wholesale-watermelon-ice-50x50.jpg 50w, https:\/\/www.puffsvape.com\/wp-content\/uploads\/2024\/08\/Vapsolo-Super-15000-Puffs-Disposable-Vape-Wholesale-watermelon-ice-26x26.jpg 26w\" sizes=\"(max-width: 800px) 100vw, 800px\" \/><figcaption id=\"caption-attachment-1720\" class=\"wp-caption-text\">Vapsolo Super 15000 Puffs Einweg Vape<\/figcaption><\/figure>","protected":false},"excerpt":{"rendered":"<div class=\"woocommerce-product-details__short-description\">\n<div class=\"woocommerce-product-details__short-description\">\n<p>Mindestbestellmenge: 50 St\u00fcck\/Geschmacksmischung<\/p>\n<\/div>\n<\/div>","protected":false},"featured_media":1720,"comment_status":"open","ping_status":"closed","template":"","meta":{"om_disable_all_campaigns":false,"_monsterinsights_skip_tracking":false,"_monsterinsights_sitenote_active":false,"_monsterinsights_sitenote_note":"","_monsterinsights_sitenote_category":0},"product_brand":[],"product_cat":[37],"product_tag":[],"berocket_brand":[38],"class_list":{"0":"post-1705","1":"product","2":"type-product","3":"status-publish","4":"has-post-thumbnail","6":"product_cat-vapsolo","7":"berocket_brand-vapsolo","8":"wcpa_has_options","10":"first","11":"instock","12":"shipping-taxable","13":"purchasable","14":"product-type-variable","15":"has-default-attributes"},"aioseo_notices":[],"tiered_pricing_fixed_rules":{"50":"8.29","100":"6.86"},"tiered_pricing_percentage_rules":{"50":"8.29","100":"6.86"},"tiered_pricing_type":"fixed","tiered_pricing_minimum":10,"_links":{"self":[{"href":"https:\/\/www.puffsvape.com\/de\/wp-json\/wp\/v2\/product\/1705","targetHints":{"allow":["GET"]}}],"collection":[{"href":"https:\/\/www.puffsvape.com\/de\/wp-json\/wp\/v2\/product"}],"about":[{"href":"https:\/\/www.puffsvape.com\/de\/wp-json\/wp\/v2\/types\/product"}],"replies":[{"embeddable":true,"href":"https:\/\/www.puffsvape.com\/de\/wp-json\/wp\/v2\/comments?post=1705"}],"wp:featuredmedia":[{"embeddable":true,"href":"https:\/\/www.puffsvape.com\/de\/wp-json\/wp\/v2\/media\/1720"}],"wp:attachment":[{"href":"https:\/\/www.puffsvape.com\/de\/wp-json\/wp\/v2\/media?parent=1705"}],"wp:term":[{"taxonomy":"product_brand","embeddable":true,"href":"https:\/\/www.puffsvape.com\/de\/wp-json\/wp\/v2\/product_brand?post=1705"},{"taxonomy":"product_cat","embeddable":true,"href":"https:\/\/www.puffsvape.com\/de\/wp-json\/wp\/v2\/product_cat?post=1705"},{"taxonomy":"product_tag","embeddable":true,"href":"https:\/\/www.puffsvape.com\/de\/wp-json\/wp\/v2\/product_tag?post=1705"},{"taxonomy":"berocket_brand","embeddable":true,"href":"https:\/\/www.puffsvape.com\/de\/wp-json\/wp\/v2\/berocket_brand?post=1705"}],"curies":[{"name":"wp","href":"https:\/\/api.w.org\/{rel}","templated":true}]}}