{"id":1653,"date":"2024-08-06T10:42:16","date_gmt":"2024-08-06T10:42:16","guid":{"rendered":"https:\/\/www.puffsvape.com\/?post_type=product&#038;p=1653"},"modified":"2026-04-25T02:35:57","modified_gmt":"2026-04-24T18:35:57","slug":"vapsolo-viking-12000-disposable-vape","status":"publish","type":"product","link":"https:\/\/www.puffsvape.com\/de\/produkt\/vapesolo-viking-12000-einweg-vape\/","title":{"rendered":"VapSolo Viking 12000 Einweg Vape"},"content":{"rendered":"<p>Der VapSolo Viking 12000 Puffs bietet das ultimative Dampferlebnis sowohl f\u00fcr Anf\u00e4nger als auch f\u00fcr erfahrene Dampfer. Dieser hochmoderne Einweg-Vape Pen ist auf Qualit\u00e4t, Langlebigkeit und Vielfalt ausgelegt. Sein schlankes und kompaktes Design sorgt f\u00fcr Stil und Bequemlichkeit, perfekt f\u00fcr den Gebrauch unterwegs.<\/p>\n<p>Ausgestattet mit fortschrittlichen Funktionen, bietet der VapSolo Viking 12000 Puffs eine 22ml e-Liquid-Kapazit\u00e4t und eine 650mAh wiederaufladbare Batterie, die lang anhaltende Leistung f\u00fcr l\u00e4ngere Verdampfungssitzungen bietet. Die Mesh-Spule Technologie und 1.0\u03a9 Spule Widerstand liefern konsistente und reiche Dampfproduktion, die Verbesserung der Geschmacksreinheit. Ein Typ-C-Ladeanschluss erm\u00f6glicht ein schnelles und effizientes Aufladen, w\u00e4hrend das leichte Design, mit nur 85 Gramm, es sehr tragbar macht.<\/p>\n<p>Der VapSolo Viking 12000 Puffs verf\u00fcgt \u00fcber ein LCD-Display f\u00fcr eine m\u00fchelose \u00dcberwachung des Status und der Einstellungen des Vapes und vier einstellbare Luftstromebenen, um Ihr Dampferlebnis individuell zu gestalten. Gro\u00dfeinkaufsoptionen sind verf\u00fcgbar, wobei jeder Karton 200 St\u00fcck und 10 Kartons pro Box enth\u00e4lt, ideal f\u00fcr Gro\u00dfhandelsk\u00e4ufer.<\/p>\n<p>F\u00fcr diejenigen, die in gro\u00dfen Mengen kaufen m\u00f6chten, bietet Gleevape ein ausgezeichnetes Preis-Leistungs-Verh\u00e4ltnis f\u00fcr den VapSolo Viking 12000 Puffs. Decken Sie sich mit einer Vielzahl von Geschmacksrichtungen ein und genie\u00dfen Sie ein zuverl\u00e4ssiges und angenehmes Dampferlebnis. Jeder Karton enth\u00e4lt 200 St\u00fcck, mit 10 Kartons pro Box, was die Lagerverwaltung und den Vertrieb nahtlos macht.<\/p>\n<h2>VapSolo Viking 12000 Puffs Merkmale<\/h2>\n<ul>\n<li>22ml E-Liquid Kapazit\u00e4t: Genie\u00dfen Sie l\u00e4ngere Vaping-Sessions ohne die Notwendigkeit f\u00fcr h\u00e4ufige Nachf\u00fcllungen.<\/li>\n<li>650mAh wiederaufladbare Batterie: Bietet lang anhaltende Energie f\u00fcr bis zu 12000 Z\u00fcge, so dass Sie den ganzen Tag \u00fcber aufgeladen bleiben.<\/li>\n<li>Mesh Coil Technologie: Liefert konsistenten und reichhaltigen Dampf mit jedem Zug, die Verbesserung der Geschmackserlebnis.<\/li>\n<li>1.0\u03a9 Coil-Widerstand: Optimiert f\u00fcr glatte und geschmackvolle Dampfproduktion.<\/li>\n<li>Typ-C-Ladeanschluss: Erm\u00f6glicht ein schnelles und bequemes Aufladen.<\/li>\n<li>LCD-Anzeige: Erm\u00f6glicht es Ihnen, den Status und die Einstellungen Ihres Vapes m\u00fchelos zu \u00fcberwachen.<\/li>\n<li>Vier Stufen der Luftstr\u00f6mung: Passen Sie Ihr Dampferlebnis mit einstellbaren Luftstromeinstellungen f\u00fcr einen perfekten Zug an.<\/li>\n<li>Kompakt und tragbar: Mit einem Gewicht von nur 85 Gramm ist es leicht zu transportieren und \u00fcberall zu verwenden.<\/li>\n<li>Optionen f\u00fcr Gro\u00dfeink\u00e4ufe: Erh\u00e4ltlich in 200 St\u00fcck pro Karton, 10 Kartons pro Box, ideal f\u00fcr Gro\u00dfabnehmer.<\/li>\n<\/ul>\n<div class=\"wmkc-template-12\">\n<h2 class=\"wmkc-white\">Geschmacksliste<\/h2>\n<\/div>\n<ul>\n<li>Heidelbeere-Himbeere<\/li>\n<li>Blaubeere<\/li>\n<li>Prickelnde Kirsche<\/li>\n<li>Wassermelone Eis<\/li>\n<li>Erdbeer-Kiwi<\/li>\n<li>Erdbeere Wassermelone<\/li>\n<li>Sommertraum<\/li>\n<li>Heidelbeere Kirsche Cranberry<\/li>\n<li>Zitrone-Limette<\/li>\n<li>Gummib\u00e4rchen<\/li>\n<li>Erdbeere-Banane<\/li>\n<li>Frische Minze<\/li>\n<li>Erdbeer-Himbeer-Eis<\/li>\n<li>Zitrone Pfirsich<\/li>\n<li>Rotes Apfel-Eis<\/li>\n<\/ul>\n<figure id=\"attachment_1663\" aria-describedby=\"caption-attachment-1663\" style=\"width: 800px\" class=\"wp-caption alignnone\"><img fetchpriority=\"high\" decoding=\"async\" class=\"size-full wp-image-1663\" title=\"Vapsolo Viking 12000 Puffs Einweg Vape Gro\u00dfhandel Erdbeere Banane\" src=\"https:\/\/www.puffsvape.com\/wp-content\/uploads\/2024\/08\/Vapsolo-Viking-12000-Puffs-Disposable-Vape-Wholesale-Strawberry-Banana.jpg\" alt=\"Vapsolo Viking 12000 Puffs Einweg Vape Gro\u00dfhandel Erdbeere Banane\" width=\"800\" height=\"815\" srcset=\"https:\/\/www.puffsvape.com\/wp-content\/uploads\/2024\/08\/Vapsolo-Viking-12000-Puffs-Disposable-Vape-Wholesale-Strawberry-Banana.jpg 800w, https:\/\/www.puffsvape.com\/wp-content\/uploads\/2024\/08\/Vapsolo-Viking-12000-Puffs-Disposable-Vape-Wholesale-Strawberry-Banana-510x520.jpg 510w, https:\/\/www.puffsvape.com\/wp-content\/uploads\/2024\/08\/Vapsolo-Viking-12000-Puffs-Disposable-Vape-Wholesale-Strawberry-Banana-294x300.jpg 294w, https:\/\/www.puffsvape.com\/wp-content\/uploads\/2024\/08\/Vapsolo-Viking-12000-Puffs-Disposable-Vape-Wholesale-Strawberry-Banana-768x782.jpg 768w, https:\/\/www.puffsvape.com\/wp-content\/uploads\/2024\/08\/Vapsolo-Viking-12000-Puffs-Disposable-Vape-Wholesale-Strawberry-Banana-12x12.jpg 12w, https:\/\/www.puffsvape.com\/wp-content\/uploads\/2024\/08\/Vapsolo-Viking-12000-Puffs-Disposable-Vape-Wholesale-Strawberry-Banana-575x586.jpg 575w, https:\/\/www.puffsvape.com\/wp-content\/uploads\/2024\/08\/Vapsolo-Viking-12000-Puffs-Disposable-Vape-Wholesale-Strawberry-Banana-380x387.jpg 380w, https:\/\/www.puffsvape.com\/wp-content\/uploads\/2024\/08\/Vapsolo-Viking-12000-Puffs-Disposable-Vape-Wholesale-Strawberry-Banana-50x50.jpg 50w, https:\/\/www.puffsvape.com\/wp-content\/uploads\/2024\/08\/Vapsolo-Viking-12000-Puffs-Disposable-Vape-Wholesale-Strawberry-Banana-26x26.jpg 26w\" sizes=\"(max-width: 800px) 100vw, 800px\" \/><figcaption id=\"caption-attachment-1663\" class=\"wp-caption-text\">Vapsolo Viking 12000 Puffs Einweg Vape<\/figcaption><\/figure>","protected":false},"excerpt":{"rendered":"<p>Mindestbestellmenge: 50 St\u00fcck\/Geschmacksmischung<\/p>","protected":false},"featured_media":1665,"comment_status":"open","ping_status":"closed","template":"","meta":{"om_disable_all_campaigns":false,"_monsterinsights_skip_tracking":false,"_monsterinsights_sitenote_active":false,"_monsterinsights_sitenote_note":"","_monsterinsights_sitenote_category":0},"product_brand":[],"product_cat":[37],"product_tag":[],"berocket_brand":[38],"class_list":{"0":"post-1653","1":"product","2":"type-product","3":"status-publish","4":"has-post-thumbnail","6":"product_cat-vapsolo","7":"berocket_brand-vapsolo","8":"wcpa_has_options","10":"first","11":"instock","12":"shipping-taxable","13":"purchasable","14":"product-type-variable","15":"has-default-attributes"},"aioseo_notices":[],"tiered_pricing_fixed_rules":{"50":"8.29","100":"6.86"},"tiered_pricing_percentage_rules":{"50":"8.29","100":"6.86"},"tiered_pricing_type":"fixed","tiered_pricing_minimum":10,"_links":{"self":[{"href":"https:\/\/www.puffsvape.com\/de\/wp-json\/wp\/v2\/product\/1653","targetHints":{"allow":["GET"]}}],"collection":[{"href":"https:\/\/www.puffsvape.com\/de\/wp-json\/wp\/v2\/product"}],"about":[{"href":"https:\/\/www.puffsvape.com\/de\/wp-json\/wp\/v2\/types\/product"}],"replies":[{"embeddable":true,"href":"https:\/\/www.puffsvape.com\/de\/wp-json\/wp\/v2\/comments?post=1653"}],"wp:featuredmedia":[{"embeddable":true,"href":"https:\/\/www.puffsvape.com\/de\/wp-json\/wp\/v2\/media\/1665"}],"wp:attachment":[{"href":"https:\/\/www.puffsvape.com\/de\/wp-json\/wp\/v2\/media?parent=1653"}],"wp:term":[{"taxonomy":"product_brand","embeddable":true,"href":"https:\/\/www.puffsvape.com\/de\/wp-json\/wp\/v2\/product_brand?post=1653"},{"taxonomy":"product_cat","embeddable":true,"href":"https:\/\/www.puffsvape.com\/de\/wp-json\/wp\/v2\/product_cat?post=1653"},{"taxonomy":"product_tag","embeddable":true,"href":"https:\/\/www.puffsvape.com\/de\/wp-json\/wp\/v2\/product_tag?post=1653"},{"taxonomy":"berocket_brand","embeddable":true,"href":"https:\/\/www.puffsvape.com\/de\/wp-json\/wp\/v2\/berocket_brand?post=1653"}],"curies":[{"name":"wp","href":"https:\/\/api.w.org\/{rel}","templated":true}]}}