{"id":1605,"date":"2024-08-05T05:08:15","date_gmt":"2024-08-05T05:08:15","guid":{"rendered":"https:\/\/www.puffsvape.com\/?post_type=product&#038;p=1605"},"modified":"2026-04-28T18:41:59","modified_gmt":"2026-04-28T10:41:59","slug":"al-fakher-crown-bar-15000-pro-max-shisha-disposable-vape","status":"publish","type":"product","link":"https:\/\/www.puffsvape.com\/de\/produkt\/al-fakher-krone-bar-15000-pro-max-shisha-einweg-vape\/","title":{"rendered":"Al Fakher Crown Bar 15000 Pro Max Shisha Einweg Vape"},"content":{"rendered":"<p>Al Fakher Crown Bar 15000 Puffs Einweg-Vape-Pod-Ger\u00e4t ist ein leistungsf\u00e4higes einzigartig geformte Ger\u00e4t, das einen Schlag mit einem 600mAh USB-C Akku, 22mL von k\u00f6stlichen ejuice packt, und wird Sie 15000 Puffs dauern. Die Al Fakher Crown Bar 15000 Puffs ist die NEUESTE Version ihrer urspr\u00fcnglichen 8000 Puffs Crown Bar. Er verf\u00fcgt \u00fcber eine fortschrittliche LED-Anzeige, die es dem Vaper erm\u00f6glicht, bei jedem Zug sowohl den F\u00fcllstand des E-Liquids als auch die Akkulaufzeit zu sehen. Der Crown Bar 15000 Puffs von Al Fakher produziert massive Wolken und das Logo ist auf dem Ger\u00e4t eingebettet, was ein interessantes Thema f\u00fcr soziale Diskussionen ist. Der Al Fakher Crown Bar 15000 Puffs h\u00e4lt tagelang und l\u00e4sst sich unterwegs problemlos aufladen. Sehen Sie sich unsere Sammlung von Einweg-Vape-Bundles an.<\/p>\n<h2><span style=\"font-size: 18pt;\"><strong>Al Fakher Crown Bar 15000 Pro Max Ger\u00e4t Details<\/strong>:<\/span><\/h2>\n<ul>\n<li>Fassungsverm\u00f6gen: 22ml<\/li>\n<li>Nikotinst\u00e4rke: 5% (50mg)<\/li>\n<li><span style=\"font-size: 0.875rem;\">Akku-Kapazit\u00e4t: Wiederaufladbar 600mAh USB Typ-C (<\/span><strong style=\"font-size: 0.875rem;\"><em>Kabel nicht enthalten<\/em><\/strong><span style=\"font-size: 0.875rem;\">)<\/span><\/li>\n<li>Anzahl der Puffs: + 15000<\/li>\n<li>Geschmacksrichtungen: 20 verf\u00fcgbare Geschmacksrichtungen<\/li>\n<\/ul>\n<h2><span style=\"font-size: 18pt;\"><strong>Verf\u00fcgbare Geschmacksrichtungen:<\/strong><\/span><\/h2>\n<ul>\n<li>Beereneis<\/li>\n<li>Beeren-Minze<\/li>\n<li>Schwarzes Johannisbeereis<\/li>\n<li>Blaubeerkaugummi<\/li>\n<li>Blue Razz Limonade<\/li>\n<li>Kirsche Fiesta<\/li>\n<li>Weintrauben-Minze<\/li>\n<li>Kaugummi-Aroma<\/li>\n<li>Kaugummi-Minze<\/li>\n<li>Zitrone-Minze<\/li>\n<li>Luzider Traum<\/li>\n<li>\u00dcppiges Eis<\/li>\n<li>Magische Liebe<\/li>\n<li>Mango-Eis<\/li>\n<li>Minze<\/li>\n<li>Pfirsich-Eis<\/li>\n<li>Zwei \u00c4pfel<\/li>\n<li>Erdbeer-Punsch<\/li>\n<li>S\u00fc\u00dfe Passionsfrucht<\/li>\n<li>Wei\u00dfer Blitz<\/li>\n<\/ul>\n<figure id=\"attachment_1624\" aria-describedby=\"caption-attachment-1624\" style=\"width: 500px\" class=\"wp-caption alignnone\"><img fetchpriority=\"high\" decoding=\"async\" class=\"wp-image-1624 size-full\" title=\"al fakher Krone bar 15000 Einweg vape\" src=\"https:\/\/www.puffsvape.com\/wp-content\/uploads\/2024\/08\/al-fakher_crown_bar-15000-disposable_vape.jpg\" alt=\"al fakher Krone bar 15000 Einweg vape\" width=\"500\" height=\"500\" srcset=\"https:\/\/www.puffsvape.com\/wp-content\/uploads\/2024\/08\/al-fakher_crown_bar-15000-disposable_vape.jpg 500w, https:\/\/www.puffsvape.com\/wp-content\/uploads\/2024\/08\/al-fakher_crown_bar-15000-disposable_vape-247x247.jpg 247w, https:\/\/www.puffsvape.com\/wp-content\/uploads\/2024\/08\/al-fakher_crown_bar-15000-disposable_vape-100x100.jpg 100w, https:\/\/www.puffsvape.com\/wp-content\/uploads\/2024\/08\/al-fakher_crown_bar-15000-disposable_vape-300x300.jpg 300w, https:\/\/www.puffsvape.com\/wp-content\/uploads\/2024\/08\/al-fakher_crown_bar-15000-disposable_vape-150x150.jpg 150w, https:\/\/www.puffsvape.com\/wp-content\/uploads\/2024\/08\/al-fakher_crown_bar-15000-disposable_vape-12x12.jpg 12w, https:\/\/www.puffsvape.com\/wp-content\/uploads\/2024\/08\/al-fakher_crown_bar-15000-disposable_vape-380x380.jpg 380w, https:\/\/www.puffsvape.com\/wp-content\/uploads\/2024\/08\/al-fakher_crown_bar-15000-disposable_vape-50x50.jpg 50w, https:\/\/www.puffsvape.com\/wp-content\/uploads\/2024\/08\/al-fakher_crown_bar-15000-disposable_vape-26x26.jpg 26w\" sizes=\"(max-width: 500px) 100vw, 500px\" \/><figcaption id=\"caption-attachment-1624\" class=\"wp-caption-text\">Al Fakher Crown Bar 15000 Pro Max Shisha Einweg Vape<\/figcaption><\/figure>","protected":false},"excerpt":{"rendered":"<p>Mindestbestellmenge: 10 St\u00fcck\/Geschmacksmischung<\/p>","protected":false},"featured_media":1624,"comment_status":"open","ping_status":"closed","template":"","meta":{"om_disable_all_campaigns":false,"_monsterinsights_skip_tracking":false,"_monsterinsights_sitenote_active":false,"_monsterinsights_sitenote_note":"","_monsterinsights_sitenote_category":0},"product_brand":[],"product_cat":[36],"product_tag":[],"berocket_brand":[35],"class_list":{"0":"post-1605","1":"product","2":"type-product","3":"status-publish","4":"has-post-thumbnail","6":"product_cat-al-fakher","7":"berocket_brand-al-fakher","9":"first","10":"outofstock","11":"shipping-taxable","12":"purchasable","13":"product-type-variable","14":"has-default-attributes"},"aioseo_notices":[],"tiered_pricing_fixed_rules":{"20":"10","30":"15","40":"20","50":"25","100":"30"},"tiered_pricing_percentage_rules":{"20":"10","30":"15","40":"20","50":"25","100":"30"},"tiered_pricing_type":"percentage","tiered_pricing_minimum":1,"_links":{"self":[{"href":"https:\/\/www.puffsvape.com\/de\/wp-json\/wp\/v2\/product\/1605","targetHints":{"allow":["GET"]}}],"collection":[{"href":"https:\/\/www.puffsvape.com\/de\/wp-json\/wp\/v2\/product"}],"about":[{"href":"https:\/\/www.puffsvape.com\/de\/wp-json\/wp\/v2\/types\/product"}],"replies":[{"embeddable":true,"href":"https:\/\/www.puffsvape.com\/de\/wp-json\/wp\/v2\/comments?post=1605"}],"wp:featuredmedia":[{"embeddable":true,"href":"https:\/\/www.puffsvape.com\/de\/wp-json\/wp\/v2\/media\/1624"}],"wp:attachment":[{"href":"https:\/\/www.puffsvape.com\/de\/wp-json\/wp\/v2\/media?parent=1605"}],"wp:term":[{"taxonomy":"product_brand","embeddable":true,"href":"https:\/\/www.puffsvape.com\/de\/wp-json\/wp\/v2\/product_brand?post=1605"},{"taxonomy":"product_cat","embeddable":true,"href":"https:\/\/www.puffsvape.com\/de\/wp-json\/wp\/v2\/product_cat?post=1605"},{"taxonomy":"product_tag","embeddable":true,"href":"https:\/\/www.puffsvape.com\/de\/wp-json\/wp\/v2\/product_tag?post=1605"},{"taxonomy":"berocket_brand","embeddable":true,"href":"https:\/\/www.puffsvape.com\/de\/wp-json\/wp\/v2\/berocket_brand?post=1605"}],"curies":[{"name":"wp","href":"https:\/\/api.w.org\/{rel}","templated":true}]}}