{"id":1412,"date":"2024-08-01T05:47:16","date_gmt":"2024-08-01T05:47:16","guid":{"rendered":"https:\/\/www.puffsvape.com\/?post_type=product&#038;p=1412"},"modified":"2026-04-25T02:33:03","modified_gmt":"2026-04-24T18:33:03","slug":"bang-king-25000-puffs-disposable-vape","status":"publish","type":"product","link":"https:\/\/www.puffsvape.com\/de\/produkt\/bang-king-25000-puffs-wegwerfbares-vape\/","title":{"rendered":"Bang King 25000 Puffs Einweg-Vape"},"content":{"rendered":"<p>Die Bang King 25000 Puff wurde f\u00fcr Vaper entwickelt, die au\u00dfergew\u00f6hnliche Leistung und Komfort suchen. Sie unterst\u00fctzt bis zu 25.000 Z\u00fcge und zwei 23ml Pods (46ml insgesamt). Erh\u00e4ltlich in 2% und 5% Nikotin. Dual-Pod-System zur Reduzierung von Kohlenstoffablagerungen und Wiederherstellung des Geschmacks. mit Typ-C-Ladung.<\/p>\n<p>Es verf\u00fcgt \u00fcber Dual-Mesh-Sub-Ohm-Spulen und mit Dual-Pod zu swtich. Gro\u00df bestellen unsere gro\u00dfe Auswahl 12 Aromen von Bang King 25000 mit schnellem Versand und besten Preis.<\/p>\n<h2><span style=\"font-size: 18pt;\">Bang King 25000 Doppel-Pods Details<\/span><\/h2>\n<ul>\n<li>Dual Mesh 1.0 ohm Spulen (big+ Dampf)<\/li>\n<li>2\/5% Nikotinsalz<\/li>\n<li>46ML E-Fl\u00fcssigkeit<\/li>\n<li>Doppelte H\u00fclsen<\/li>\n<li>12 Geschmacksrichtungen verf\u00fcgbar<\/li>\n<li>10 St\u00fcck in einem Displaykarton<\/li>\n<\/ul>\n<h2><span style=\"font-size: 18pt;\">Aromen Liste<\/span><\/h2>\n<p>1.blaues Razz-Eis<br \/>\n2.saftiges Pfirsicheis<br \/>\n3. erdbeerige Wassermelone<br \/>\n4 Wassermelone Eis<br \/>\n5. erdbeere banane<br \/>\n6. saures Apfel-Eis<br \/>\n7.dreifaches Beereneis<br \/>\n8. tropische Fr\u00fcchte<br \/>\n9. die Kirschbombe<br \/>\n10. traubeneis<br \/>\n11. pfirsich-mango<br \/>\n12. erdbeer-mango<\/p>\n<figure id=\"attachment_1416\" aria-describedby=\"caption-attachment-1416\" style=\"width: 800px\" class=\"wp-caption alignnone\"><img fetchpriority=\"high\" decoding=\"async\" class=\"size-full wp-image-1416\" title=\"Bang King 25000 Puffs Einweg Vape Gro\u00dfhandel Verpackung Box\" src=\"https:\/\/www.puffsvape.com\/wp-content\/uploads\/2024\/08\/Bang-King-25000-Puffs-Disposable-Vape-Wholesale-Packing-Box.jpg\" alt=\"Bang King 25000 Puffs Einweg Vape Gro\u00dfhandel Verpackung Box\" width=\"800\" height=\"800\" srcset=\"https:\/\/www.puffsvape.com\/wp-content\/uploads\/2024\/08\/Bang-King-25000-Puffs-Disposable-Vape-Wholesale-Packing-Box.jpg 800w, https:\/\/www.puffsvape.com\/wp-content\/uploads\/2024\/08\/Bang-King-25000-Puffs-Disposable-Vape-Wholesale-Packing-Box-247x247.jpg 247w, https:\/\/www.puffsvape.com\/wp-content\/uploads\/2024\/08\/Bang-King-25000-Puffs-Disposable-Vape-Wholesale-Packing-Box-100x100.jpg 100w, https:\/\/www.puffsvape.com\/wp-content\/uploads\/2024\/08\/Bang-King-25000-Puffs-Disposable-Vape-Wholesale-Packing-Box-510x510.jpg 510w, https:\/\/www.puffsvape.com\/wp-content\/uploads\/2024\/08\/Bang-King-25000-Puffs-Disposable-Vape-Wholesale-Packing-Box-300x300.jpg 300w, https:\/\/www.puffsvape.com\/wp-content\/uploads\/2024\/08\/Bang-King-25000-Puffs-Disposable-Vape-Wholesale-Packing-Box-150x150.jpg 150w, https:\/\/www.puffsvape.com\/wp-content\/uploads\/2024\/08\/Bang-King-25000-Puffs-Disposable-Vape-Wholesale-Packing-Box-768x768.jpg 768w, https:\/\/www.puffsvape.com\/wp-content\/uploads\/2024\/08\/Bang-King-25000-Puffs-Disposable-Vape-Wholesale-Packing-Box-575x575.jpg 575w, https:\/\/www.puffsvape.com\/wp-content\/uploads\/2024\/08\/Bang-King-25000-Puffs-Disposable-Vape-Wholesale-Packing-Box-380x380.jpg 380w\" sizes=\"(max-width: 800px) 100vw, 800px\" \/><figcaption id=\"caption-attachment-1416\" class=\"wp-caption-text\">Bang King 25000 Puffs Einweg-Vape<\/figcaption><\/figure>\n<figure id=\"attachment_1417\" aria-describedby=\"caption-attachment-1417\" style=\"width: 800px\" class=\"wp-caption alignnone\"><img decoding=\"async\" class=\"size-full wp-image-1417\" title=\"Bang King 25000 Puffs Einweg Vape Gro\u00dfhandel Sour Apple Ice\" src=\"https:\/\/www.puffsvape.com\/wp-content\/uploads\/2024\/08\/Bang-King-25000-Puffs-Disposable-Vape-Wholesale-Sour-Apple-Ice.jpg\" alt=\"Bang King 25000 Puffs Einweg Vape Gro\u00dfhandel Sour Apple Ice\" width=\"800\" height=\"800\" srcset=\"https:\/\/www.puffsvape.com\/wp-content\/uploads\/2024\/08\/Bang-King-25000-Puffs-Disposable-Vape-Wholesale-Sour-Apple-Ice.jpg 800w, https:\/\/www.puffsvape.com\/wp-content\/uploads\/2024\/08\/Bang-King-25000-Puffs-Disposable-Vape-Wholesale-Sour-Apple-Ice-247x247.jpg 247w, https:\/\/www.puffsvape.com\/wp-content\/uploads\/2024\/08\/Bang-King-25000-Puffs-Disposable-Vape-Wholesale-Sour-Apple-Ice-100x100.jpg 100w, https:\/\/www.puffsvape.com\/wp-content\/uploads\/2024\/08\/Bang-King-25000-Puffs-Disposable-Vape-Wholesale-Sour-Apple-Ice-510x510.jpg 510w, https:\/\/www.puffsvape.com\/wp-content\/uploads\/2024\/08\/Bang-King-25000-Puffs-Disposable-Vape-Wholesale-Sour-Apple-Ice-300x300.jpg 300w, https:\/\/www.puffsvape.com\/wp-content\/uploads\/2024\/08\/Bang-King-25000-Puffs-Disposable-Vape-Wholesale-Sour-Apple-Ice-150x150.jpg 150w, https:\/\/www.puffsvape.com\/wp-content\/uploads\/2024\/08\/Bang-King-25000-Puffs-Disposable-Vape-Wholesale-Sour-Apple-Ice-768x768.jpg 768w, https:\/\/www.puffsvape.com\/wp-content\/uploads\/2024\/08\/Bang-King-25000-Puffs-Disposable-Vape-Wholesale-Sour-Apple-Ice-575x575.jpg 575w, https:\/\/www.puffsvape.com\/wp-content\/uploads\/2024\/08\/Bang-King-25000-Puffs-Disposable-Vape-Wholesale-Sour-Apple-Ice-380x380.jpg 380w\" sizes=\"(max-width: 800px) 100vw, 800px\" \/><figcaption id=\"caption-attachment-1417\" class=\"wp-caption-text\">Bang King 25000 Puffs Einweg-Vape<\/figcaption><\/figure>","protected":false},"excerpt":{"rendered":"<p>Die Bang King 25000 Puff wurde f\u00fcr Vaper entwickelt, die au\u00dfergew\u00f6hnliche Leistung und Komfort suchen. Sie unterst\u00fctzt bis zu 25.000 Z\u00fcge und zwei 23ml Pods (46ml insgesamt). Erh\u00e4ltlich in 2% und 5% Nikotin. Dual-Pod-System f\u00fcr reduziert Kohlenstoffablagerungen und stellt den Geschmack wieder her. mit Typ-C-Ladung. Es featured mit Dual-Mesh-Sub-Ohm-Spulen und mit [...]","protected":false},"featured_media":1423,"comment_status":"open","ping_status":"closed","template":"","meta":{"om_disable_all_campaigns":false,"_monsterinsights_skip_tracking":false,"_monsterinsights_sitenote_active":false,"_monsterinsights_sitenote_note":"","_monsterinsights_sitenote_category":0},"product_brand":[],"product_cat":[15],"product_tag":[],"berocket_brand":[22],"class_list":{"0":"post-1412","1":"product","2":"type-product","3":"status-publish","4":"has-post-thumbnail","6":"product_cat-bang","7":"product_shipping_class-free","8":"berocket_brand-bang","9":"wcpa_has_options","11":"first","12":"instock","13":"featured","14":"shipping-taxable","15":"purchasable","16":"product-type-variable","17":"has-default-attributes"},"aioseo_notices":[],"tiered_pricing_fixed_rules":{"20":"9.48","30":"8.83","40":"8.18","50":"7.54","100":"6.11"},"tiered_pricing_percentage_rules":{"20":"9.48","30":"8.83","40":"8.18","50":"7.54","100":"6.11"},"tiered_pricing_type":"fixed","tiered_pricing_minimum":10,"_links":{"self":[{"href":"https:\/\/www.puffsvape.com\/de\/wp-json\/wp\/v2\/product\/1412","targetHints":{"allow":["GET"]}}],"collection":[{"href":"https:\/\/www.puffsvape.com\/de\/wp-json\/wp\/v2\/product"}],"about":[{"href":"https:\/\/www.puffsvape.com\/de\/wp-json\/wp\/v2\/types\/product"}],"replies":[{"embeddable":true,"href":"https:\/\/www.puffsvape.com\/de\/wp-json\/wp\/v2\/comments?post=1412"}],"wp:featuredmedia":[{"embeddable":true,"href":"https:\/\/www.puffsvape.com\/de\/wp-json\/wp\/v2\/media\/1423"}],"wp:attachment":[{"href":"https:\/\/www.puffsvape.com\/de\/wp-json\/wp\/v2\/media?parent=1412"}],"wp:term":[{"taxonomy":"product_brand","embeddable":true,"href":"https:\/\/www.puffsvape.com\/de\/wp-json\/wp\/v2\/product_brand?post=1412"},{"taxonomy":"product_cat","embeddable":true,"href":"https:\/\/www.puffsvape.com\/de\/wp-json\/wp\/v2\/product_cat?post=1412"},{"taxonomy":"product_tag","embeddable":true,"href":"https:\/\/www.puffsvape.com\/de\/wp-json\/wp\/v2\/product_tag?post=1412"},{"taxonomy":"berocket_brand","embeddable":true,"href":"https:\/\/www.puffsvape.com\/de\/wp-json\/wp\/v2\/berocket_brand?post=1412"}],"curies":[{"name":"wp","href":"https:\/\/api.w.org\/{rel}","templated":true}]}}