{"id":1386,"date":"2024-07-31T16:34:51","date_gmt":"2024-07-31T16:34:51","guid":{"rendered":"https:\/\/www.puffsvape.com\/?post_type=product&#038;p=1386"},"modified":"2026-04-09T19:50:23","modified_gmt":"2026-04-09T11:50:23","slug":"bang-king-coloor-30000-puffs-disposable-vape","status":"publish","type":"product","link":"https:\/\/www.puffsvape.com\/de\/produkt\/bang-king-coloor-30000-puffs-wegwerfbares-vape\/","title":{"rendered":"Bang King Coloor 30000 Puffs Einweg-Vape"},"content":{"rendered":"<p>Der Bang King Coloor 30000 Puffs ist ein cooler Einwegdampfer mit zwei Geschmacksrichtungen, der auf ein au\u00dfergew\u00f6hnliches Dampferlebnis abzielt. Er ist mit einer 1,0-Ohm-Mesh-Spule ausgestattet und enth\u00e4lt 36 ml E-Liquid.<\/p>\n<p>Erh\u00e4ltlich in den Nikotinst\u00e4rken 0%, 2%, 3% und 5%, um verschiedenen Vorlieben und Bed\u00fcrfnissen gerecht zu werden. Der wiederaufladbare 550-mAh-Akku mit Typ-C-Ladeunterst\u00fctzung sorgt daf\u00fcr, dass Sie Ihren Verdampfer schnell und effizient aufladen k\u00f6nnen, damit er jederzeit einsatzbereit ist.<\/p>\n<p>Bestellen Sie unsere gro\u00dfe Auswahl an 12 Geschmacksrichtungen Bang King Coloor 30.000 zum besten Preis und mit schnellem Versand<\/p>\n<h2><span style=\"font-size: 18pt;\"><strong>Bang King Coloor 30000 Puffs Schnelle Details<\/strong><\/span><\/h2>\n<ul>\n<li>Puffs: Bis zu 30000 Z\u00fcge<\/li>\n<li>Kern: Mesh Spule 1.0ohm<\/li>\n<li>E-Fl\u00fcssigkeit: 36ml<\/li>\n<li>Nikotin: 0%\/ 2%\/ 3%\/ 5%<\/li>\n<li>Akku: 550mAh<\/li>\n<li>Wiederaufladbar: Typ-C<\/li>\n<li>LCD-Digitalanzeige<\/li>\n<li>Doppelter Geschmack<\/li>\n<li>Bang 30000 Puffs<\/li>\n<\/ul>\n<h2><span style=\"font-size: 18pt;\"><strong>Geschmacksliste<\/strong><\/span><\/h2>\n<ol>\n<li>Wassermelonen-Eis &amp; Heidelbeer-Minze<\/li>\n<li>Wassermeloneneis &amp; Erdbeere und Mango<\/li>\n<li>Erdbeere Wassermelone &amp; Kiwi Passionsfrucht Guave<\/li>\n<li>Erdbeere, Wassermelone und Traubeneis<\/li>\n<li>Blaubeereis &amp; Schwarzer Drache Eis<\/li>\n<li>Heidelbeereis &amp; Erdbeere und Banane<\/li>\n<li>Red Bull &amp; Blaubeer-Wassermelone<\/li>\n<li>Red Bull &amp; Wassermelone Bubble Candy<\/li>\n<li>Heidelbeere Himbeere &amp; Pfirsich Mango Wassermelone<\/li>\n<li>Heidelbeere-Himbeere &amp; gemischtes Schimmelobst<\/li>\n<li>Erdbeer-Kiwi-Pfirsich-Eis<\/li>\n<li>Erdbeere-Kiwi &amp; Saurer Apfel-Himbeere<\/li>\n<\/ol>\n<figure id=\"attachment_1398\" aria-describedby=\"caption-attachment-1398\" style=\"width: 800px\" class=\"wp-caption alignnone\"><img fetchpriority=\"high\" decoding=\"async\" class=\"wp-image-1398 size-full\" title=\"Bang King Coloor 30000 Puffs Einweg Vape Gro\u00dfhandel (1)\" src=\"https:\/\/www.puffsvape.com\/wp-content\/uploads\/2024\/07\/Bang-King-Coloor-30000-Puffs-Disposable-Vape-Wholesale-1.jpg\" alt=\"Bang King Coloor 30000 Puffs Einweg Vape Gro\u00dfhandel (1)\" width=\"800\" height=\"800\" srcset=\"https:\/\/www.puffsvape.com\/wp-content\/uploads\/2024\/07\/Bang-King-Coloor-30000-Puffs-Disposable-Vape-Wholesale-1.jpg 800w, https:\/\/www.puffsvape.com\/wp-content\/uploads\/2024\/07\/Bang-King-Coloor-30000-Puffs-Disposable-Vape-Wholesale-1-247x247.jpg 247w, https:\/\/www.puffsvape.com\/wp-content\/uploads\/2024\/07\/Bang-King-Coloor-30000-Puffs-Disposable-Vape-Wholesale-1-100x100.jpg 100w, https:\/\/www.puffsvape.com\/wp-content\/uploads\/2024\/07\/Bang-King-Coloor-30000-Puffs-Disposable-Vape-Wholesale-1-510x510.jpg 510w, https:\/\/www.puffsvape.com\/wp-content\/uploads\/2024\/07\/Bang-King-Coloor-30000-Puffs-Disposable-Vape-Wholesale-1-300x300.jpg 300w, https:\/\/www.puffsvape.com\/wp-content\/uploads\/2024\/07\/Bang-King-Coloor-30000-Puffs-Disposable-Vape-Wholesale-1-150x150.jpg 150w, https:\/\/www.puffsvape.com\/wp-content\/uploads\/2024\/07\/Bang-King-Coloor-30000-Puffs-Disposable-Vape-Wholesale-1-768x768.jpg 768w, https:\/\/www.puffsvape.com\/wp-content\/uploads\/2024\/07\/Bang-King-Coloor-30000-Puffs-Disposable-Vape-Wholesale-1-575x575.jpg 575w, https:\/\/www.puffsvape.com\/wp-content\/uploads\/2024\/07\/Bang-King-Coloor-30000-Puffs-Disposable-Vape-Wholesale-1-380x380.jpg 380w\" sizes=\"(max-width: 800px) 100vw, 800px\" \/><figcaption id=\"caption-attachment-1398\" class=\"wp-caption-text\">Bang King Coloor 30000 Puffs Einweg-Vape<\/figcaption><\/figure>","protected":false},"excerpt":{"rendered":"<p>Der Bang King Coloor 30000 Puffs ist ein cool designter Einwegdampfer mit zwei Geschmacksrichtungen, der auf ein au\u00dfergew\u00f6hnliches Dampferlebnis abzielt. Er ist mit einer 1,0-Ohm-Mesh-Spule ausgestattet und enth\u00e4lt 36 ml E-Liquid. Erh\u00e4ltlich in Nikotin St\u00e4rken von 0%, 2%, 3%, und 5%, Catering f\u00fcr verschiedene Vorlieben und Bed\u00fcrfnisse. Der wiederaufladbare 550mAh Akku mit Typ-C Ladeunterst\u00fctzung [...]","protected":false},"featured_media":1388,"comment_status":"open","ping_status":"closed","template":"","meta":{"om_disable_all_campaigns":false,"_monsterinsights_skip_tracking":false,"_monsterinsights_sitenote_active":false,"_monsterinsights_sitenote_note":"","_monsterinsights_sitenote_category":0},"product_brand":[],"product_cat":[15],"product_tag":[],"berocket_brand":[22],"class_list":{"0":"post-1386","1":"product","2":"type-product","3":"status-publish","4":"has-post-thumbnail","6":"product_cat-bang","7":"berocket_brand-bang","8":"wcpa_has_options","10":"first","11":"instock","12":"featured","13":"shipping-taxable","14":"purchasable","15":"product-type-variable","16":"has-default-attributes"},"aioseo_notices":[],"tiered_pricing_fixed_rules":{"20":"10.30","30":"9.65","40":"9","50":"8.36","100":"6.93"},"tiered_pricing_percentage_rules":{"20":"10.30","30":"9.65","40":"9","50":"8.36","100":"6.93"},"tiered_pricing_type":"fixed","tiered_pricing_minimum":10,"_links":{"self":[{"href":"https:\/\/www.puffsvape.com\/de\/wp-json\/wp\/v2\/product\/1386","targetHints":{"allow":["GET"]}}],"collection":[{"href":"https:\/\/www.puffsvape.com\/de\/wp-json\/wp\/v2\/product"}],"about":[{"href":"https:\/\/www.puffsvape.com\/de\/wp-json\/wp\/v2\/types\/product"}],"replies":[{"embeddable":true,"href":"https:\/\/www.puffsvape.com\/de\/wp-json\/wp\/v2\/comments?post=1386"}],"wp:featuredmedia":[{"embeddable":true,"href":"https:\/\/www.puffsvape.com\/de\/wp-json\/wp\/v2\/media\/1388"}],"wp:attachment":[{"href":"https:\/\/www.puffsvape.com\/de\/wp-json\/wp\/v2\/media?parent=1386"}],"wp:term":[{"taxonomy":"product_brand","embeddable":true,"href":"https:\/\/www.puffsvape.com\/de\/wp-json\/wp\/v2\/product_brand?post=1386"},{"taxonomy":"product_cat","embeddable":true,"href":"https:\/\/www.puffsvape.com\/de\/wp-json\/wp\/v2\/product_cat?post=1386"},{"taxonomy":"product_tag","embeddable":true,"href":"https:\/\/www.puffsvape.com\/de\/wp-json\/wp\/v2\/product_tag?post=1386"},{"taxonomy":"berocket_brand","embeddable":true,"href":"https:\/\/www.puffsvape.com\/de\/wp-json\/wp\/v2\/berocket_brand?post=1386"}],"curies":[{"name":"wp","href":"https:\/\/api.w.org\/{rel}","templated":true}]}}