{"id":1344,"date":"2024-05-22T03:21:10","date_gmt":"2024-05-22T03:21:10","guid":{"rendered":"https:\/\/www.puffsvape.com\/?post_type=product&#038;p=1344"},"modified":"2025-01-19T14:31:12","modified_gmt":"2025-01-19T14:31:12","slug":"lavie-energy-box-15000-disposable-vape","status":"publish","type":"product","link":"https:\/\/www.puffsvape.com\/de\/produkt\/lavie-energy-box-15000-einweg-vape\/","title":{"rendered":"Lavie Energy Box 15000 Einweg-Vape"},"content":{"rendered":"<p>Die Lavie Energy Box 15000 ist ein Einwegger\u00e4t, das mit einer Batterie- und Saftstandsanzeige ausgestattet ist. Ausgestattet mit einem leistungsstarken 600mAh-Akku, um eine lange Akkulaufzeit zu gew\u00e4hrleisten, so dass Sie das Verdampfen ohne h\u00e4ufiges Aufladen genie\u00dfen k\u00f6nnen. Gleichzeitig sorgt der 23 ml fassende Tank f\u00fcr eine l\u00e4ngere Rauchzeit, die Sie in vollen Z\u00fcgen genie\u00dfen k\u00f6nnen. Die Lavie Energy Box 15000 bietet au\u00dferdem eine Reihe von Optionen f\u00fcr den Nikotingehalt (2%\/5%), um die Bed\u00fcrfnisse aller Arten von Rauchern zu erf\u00fcllen.<\/p>\n<h2><span style=\"font-size: 18pt;\">Lavie Energy Box 15000 Einweg-Vape Spezifikationen:<\/span><\/h2>\n<ul>\n<li>Marke:Lavie<\/li>\n<li>Puffs:15000 Puffs sind pro Ger\u00e4t verf\u00fcgbar<\/li>\n<li>Nikotin:2%\/5%<\/li>\n<li>E-Saft Kapazit\u00e4t:20ML<\/li>\n<li>Widerstandsf\u00e4higkeit: 1.0\u03a9<\/li>\n<li>Akku:600mAh<\/li>\n<li>Ladeanschluss:Typ-C<\/li>\n<\/ul>\n<h2><span style=\"font-size: 18pt;\">Geschm\u00e4cker<\/span><\/h2>\n<ol>\n<li>Wassermelone Eis<\/li>\n<li>Wassermelone-Minze<\/li>\n<li>Erdbeere Wassermelone<\/li>\n<li>Minze Eis<\/li>\n<li>Brombeereis<\/li>\n<li>Zitrone Cola<\/li>\n<li>Erdbeer-Kiwi<\/li>\n<li>Traubeneis<\/li>\n<li>Weintraube Himbeere<\/li>\n<li>Doppelter Apfel<\/li>\n<li>Pfirsich-Eis<\/li>\n<li>Eiscreme<\/li>\n<\/ol>\n<figure id=\"attachment_1342\" aria-describedby=\"caption-attachment-1342\" style=\"width: 1000px\" class=\"wp-caption alignnone\"><img fetchpriority=\"high\" decoding=\"async\" class=\"size-full wp-image-1342\" title=\"Lavie Energy Box 15000 Puffs Einweg-Vape\" src=\"https:\/\/www.puffsvape.com\/wp-content\/uploads\/2024\/05\/Lavie-Energy-Box-15000-Puffs-Disposable-Vape.jpg\" alt=\"Lavie Energy Box 15000 Puffs Einweg-Vape\" width=\"1000\" height=\"1947\" srcset=\"https:\/\/www.puffsvape.com\/wp-content\/uploads\/2024\/05\/Lavie-Energy-Box-15000-Puffs-Disposable-Vape.jpg 1000w, https:\/\/www.puffsvape.com\/wp-content\/uploads\/2024\/05\/Lavie-Energy-Box-15000-Puffs-Disposable-Vape-510x993.jpg 510w, https:\/\/www.puffsvape.com\/wp-content\/uploads\/2024\/05\/Lavie-Energy-Box-15000-Puffs-Disposable-Vape-154x300.jpg 154w, https:\/\/www.puffsvape.com\/wp-content\/uploads\/2024\/05\/Lavie-Energy-Box-15000-Puffs-Disposable-Vape-526x1024.jpg 526w, https:\/\/www.puffsvape.com\/wp-content\/uploads\/2024\/05\/Lavie-Energy-Box-15000-Puffs-Disposable-Vape-768x1495.jpg 768w, https:\/\/www.puffsvape.com\/wp-content\/uploads\/2024\/05\/Lavie-Energy-Box-15000-Puffs-Disposable-Vape-789x1536.jpg 789w, https:\/\/www.puffsvape.com\/wp-content\/uploads\/2024\/05\/Lavie-Energy-Box-15000-Puffs-Disposable-Vape-920x1791.jpg 920w, https:\/\/www.puffsvape.com\/wp-content\/uploads\/2024\/05\/Lavie-Energy-Box-15000-Puffs-Disposable-Vape-575x1120.jpg 575w, https:\/\/www.puffsvape.com\/wp-content\/uploads\/2024\/05\/Lavie-Energy-Box-15000-Puffs-Disposable-Vape-380x740.jpg 380w\" sizes=\"(max-width: 1000px) 100vw, 1000px\" \/><figcaption id=\"caption-attachment-1342\" class=\"wp-caption-text\">Lavie Energy Box 15000 Puffs Einweg-Vape<\/figcaption><\/figure>","protected":false},"excerpt":{"rendered":"<p>Die Lavie Energy Box 15000 ist ein Einwegger\u00e4t, das mit einer Batterie- und Saftstandsanzeige ausgestattet ist. Ausgestattet mit einem leistungsstarken 600mAh Akku, um eine lange Lebensdauer der Batterie zu gew\u00e4hrleisten, so dass Sie vape ohne h\u00e4ufiges Aufladen zu genie\u00dfen. Zur gleichen Zeit, seine 23ml Kraftstofftank Kapazit\u00e4t sorgt f\u00fcr l\u00e4ngere Rauchzeit f\u00fcr Sie zu genie\u00dfen, um die [...]","protected":false},"featured_media":1340,"comment_status":"open","ping_status":"closed","template":"","meta":{"om_disable_all_campaigns":false,"_monsterinsights_skip_tracking":false,"_monsterinsights_sitenote_active":false,"_monsterinsights_sitenote_note":"","_monsterinsights_sitenote_category":0},"product_brand":[],"product_cat":[20],"product_tag":[],"berocket_brand":[21],"class_list":{"0":"post-1344","1":"product","2":"type-product","3":"status-publish","4":"has-post-thumbnail","6":"product_cat-lavie","7":"berocket_brand-lavie","8":"wcpa_has_options","10":"first","11":"instock","12":"shipping-taxable","13":"purchasable","14":"product-type-variable","15":"has-default-attributes"},"aioseo_notices":[],"tiered_pricing_fixed_rules":{"20":"9.68","30":"9.03","40":"8.38","50":"7.73","100":"6.31"},"tiered_pricing_percentage_rules":{"20":"9.68","30":"9.03","40":"8.38","50":"7.73","100":"6.31"},"tiered_pricing_type":"fixed","tiered_pricing_minimum":10,"_links":{"self":[{"href":"https:\/\/www.puffsvape.com\/de\/wp-json\/wp\/v2\/product\/1344","targetHints":{"allow":["GET"]}}],"collection":[{"href":"https:\/\/www.puffsvape.com\/de\/wp-json\/wp\/v2\/product"}],"about":[{"href":"https:\/\/www.puffsvape.com\/de\/wp-json\/wp\/v2\/types\/product"}],"replies":[{"embeddable":true,"href":"https:\/\/www.puffsvape.com\/de\/wp-json\/wp\/v2\/comments?post=1344"}],"wp:featuredmedia":[{"embeddable":true,"href":"https:\/\/www.puffsvape.com\/de\/wp-json\/wp\/v2\/media\/1340"}],"wp:attachment":[{"href":"https:\/\/www.puffsvape.com\/de\/wp-json\/wp\/v2\/media?parent=1344"}],"wp:term":[{"taxonomy":"product_brand","embeddable":true,"href":"https:\/\/www.puffsvape.com\/de\/wp-json\/wp\/v2\/product_brand?post=1344"},{"taxonomy":"product_cat","embeddable":true,"href":"https:\/\/www.puffsvape.com\/de\/wp-json\/wp\/v2\/product_cat?post=1344"},{"taxonomy":"product_tag","embeddable":true,"href":"https:\/\/www.puffsvape.com\/de\/wp-json\/wp\/v2\/product_tag?post=1344"},{"taxonomy":"berocket_brand","embeddable":true,"href":"https:\/\/www.puffsvape.com\/de\/wp-json\/wp\/v2\/berocket_brand?post=1344"}],"curies":[{"name":"wp","href":"https:\/\/api.w.org\/{rel}","templated":true}]}}