{"id":1211,"date":"2024-04-08T09:44:46","date_gmt":"2024-04-08T09:44:46","guid":{"rendered":"https:\/\/www.puffsvape.com\/?post_type=product&#038;p=1211"},"modified":"2024-08-04T11:01:19","modified_gmt":"2024-08-04T11:01:19","slug":"oco-carnival-10000-puffs-disposable-vape","status":"publish","type":"product","link":"https:\/\/www.puffsvape.com\/de\/produkt\/oco-karneval-10000-puffs-wegwerfbare-vape\/","title":{"rendered":"OCO Karneval 10000 Puffs Einweg Vape"},"content":{"rendered":"<p>OCO Carnival 10000 ist ein Einweg-Vape-Ger\u00e4t mit Airflow-Steuerung, Built-in 600mAh Akku mit hoher Kapazit\u00e4t, 15 ml e-Fl\u00fcssigkeit Kapazit\u00e4t f\u00fcr 10000 vaping, glatten Geschmack von Anfang bis Ende, reines Aroma, um den Geschmack Bed\u00fcrfnisse zu erf\u00fcllen.<\/p>\n<h2><span style=\"font-size: 18pt;\"><strong>OCO Carnival 10000 Disposable Vape Eigenschaften:<\/strong><\/span><\/h2>\n<ul>\n<li>Puffs: 10000 Puffs<\/li>\n<li>Nikotin: 0, 2%, 5%<\/li>\n<li>E-Saft Kapazit\u00e4t: 15 ML<\/li>\n<li>Akku: 600mAh (wiederaufladbar)<\/li>\n<li>Ladeanschluss: Typ C<\/li>\n<li>Luftstromregelung<\/li>\n<li>6 Farben RGB-Licht<\/li>\n<\/ul>\n<h2><span style=\"font-size: 18pt;\"><strong> Geschm\u00e4cker<\/strong><\/span><\/h2>\n<ol>\n<li>Schwarzes Johannisbeereis<\/li>\n<li>Blaubeereis<\/li>\n<li>Traubeneis<\/li>\n<li>Zitronen-Cola-Eis<\/li>\n<li>Lychee-Eis<\/li>\n<li>Mango-Eis<\/li>\n<li>Minze<\/li>\n<li>Pfirsich-Eis<\/li>\n<li>Roter Apfel-Zitrone<\/li>\n<li>Erdbeer-Mango<\/li>\n<li>Erdbeere Wassermelone<\/li>\n<li>Wassermelone Eis<\/li>\n<\/ol>\n<figure id=\"attachment_1218\" aria-describedby=\"caption-attachment-1218\" style=\"width: 510px\" class=\"wp-caption alignnone\"><img fetchpriority=\"high\" decoding=\"async\" class=\"size-full wp-image-1218\" title=\"OCO Karneval 10000 Puffs Einweg Vape\" src=\"https:\/\/www.puffsvape.com\/wp-content\/uploads\/2024\/04\/OCO-Carnival-10000-Puffs-Disposable-Vape.webp\" alt=\"OCO Karneval 10000 Puffs Einweg Vape\" width=\"510\" height=\"364\" srcset=\"https:\/\/www.puffsvape.com\/wp-content\/uploads\/2024\/04\/OCO-Carnival-10000-Puffs-Disposable-Vape.webp 510w, https:\/\/www.puffsvape.com\/wp-content\/uploads\/2024\/04\/OCO-Carnival-10000-Puffs-Disposable-Vape-300x214.webp 300w, https:\/\/www.puffsvape.com\/wp-content\/uploads\/2024\/04\/OCO-Carnival-10000-Puffs-Disposable-Vape-380x271.webp 380w\" sizes=\"(max-width: 510px) 100vw, 510px\" \/><figcaption id=\"caption-attachment-1218\" class=\"wp-caption-text\">OCO Karneval 10000 Puffs Einweg Vape<\/figcaption><\/figure>","protected":false},"excerpt":{"rendered":"<p>OCO Carnival 10000 ist ein Einweg-Vape-Ger\u00e4t mit Airflow-Steuerung, Built-in 600mAh Akku mit hoher Kapazit\u00e4t, 15 ml e-Fl\u00fcssigkeit Kapazit\u00e4t f\u00fcr 10000 vaping, glatten Geschmack von Anfang bis Ende, reines Aroma, um den Geschmack Bed\u00fcrfnisse zu erf\u00fcllen. OCO Carnival 10000 Disposable Vape Eigenschaften: Z\u00fcge: 10000 Z\u00fcge Nikotin: 0, 2%, 5% E-Saft Kapazit\u00e4t: 15 ML Batterie: 600mAh ( [...]","protected":false},"featured_media":1217,"comment_status":"open","ping_status":"closed","template":"","meta":{"om_disable_all_campaigns":false,"_monsterinsights_skip_tracking":false,"_monsterinsights_sitenote_active":false,"_monsterinsights_sitenote_note":"","_monsterinsights_sitenote_category":0},"product_brand":[],"product_cat":[20],"product_tag":[],"berocket_brand":[21],"class_list":{"0":"post-1211","1":"product","2":"type-product","3":"status-publish","4":"has-post-thumbnail","6":"product_cat-lavie","7":"berocket_brand-lavie","8":"wcpa_has_options","10":"first","11":"instock","12":"shipping-taxable","13":"purchasable","14":"product-type-variable","15":"has-default-attributes"},"aioseo_notices":[],"tiered_pricing_fixed_rules":{"20":"9.5","30":"8.85","40":"8.20","50":"7.56","100":"6.13"},"tiered_pricing_percentage_rules":{"20":"9.5","30":"8.85","40":"8.20","50":"7.56","100":"6.13"},"tiered_pricing_type":"fixed","tiered_pricing_minimum":10,"_links":{"self":[{"href":"https:\/\/www.puffsvape.com\/de\/wp-json\/wp\/v2\/product\/1211","targetHints":{"allow":["GET"]}}],"collection":[{"href":"https:\/\/www.puffsvape.com\/de\/wp-json\/wp\/v2\/product"}],"about":[{"href":"https:\/\/www.puffsvape.com\/de\/wp-json\/wp\/v2\/types\/product"}],"replies":[{"embeddable":true,"href":"https:\/\/www.puffsvape.com\/de\/wp-json\/wp\/v2\/comments?post=1211"}],"wp:featuredmedia":[{"embeddable":true,"href":"https:\/\/www.puffsvape.com\/de\/wp-json\/wp\/v2\/media\/1217"}],"wp:attachment":[{"href":"https:\/\/www.puffsvape.com\/de\/wp-json\/wp\/v2\/media?parent=1211"}],"wp:term":[{"taxonomy":"product_brand","embeddable":true,"href":"https:\/\/www.puffsvape.com\/de\/wp-json\/wp\/v2\/product_brand?post=1211"},{"taxonomy":"product_cat","embeddable":true,"href":"https:\/\/www.puffsvape.com\/de\/wp-json\/wp\/v2\/product_cat?post=1211"},{"taxonomy":"product_tag","embeddable":true,"href":"https:\/\/www.puffsvape.com\/de\/wp-json\/wp\/v2\/product_tag?post=1211"},{"taxonomy":"berocket_brand","embeddable":true,"href":"https:\/\/www.puffsvape.com\/de\/wp-json\/wp\/v2\/berocket_brand?post=1211"}],"curies":[{"name":"wp","href":"https:\/\/api.w.org\/{rel}","templated":true}]}}