{"id":1181,"date":"2024-04-08T02:53:02","date_gmt":"2024-04-08T02:53:02","guid":{"rendered":"https:\/\/www.puffsvape.com\/?post_type=product&#038;p=1181"},"modified":"2025-04-13T03:31:30","modified_gmt":"2025-04-13T03:31:30","slug":"lavie-disc-10000-puffs-disposable-vape","status":"publish","type":"product","link":"https:\/\/www.puffsvape.com\/de\/produkt\/lavie-disc-10000-puffs-wegwerfbares-vape\/","title":{"rendered":"Lavie Disc 10000 Puffs Einweg Vape"},"content":{"rendered":"<p>Lavie Disc 10000 ist ein Einweg wiederaufladbare vape mit einem modischen und neuartigen Design, die Form ist wie ein kleiner Plattenspieler, sehr interessant, es ist sehr strukturiert in der Hand. Built-in 550mAh Akku mit hoher Kapazit\u00e4t, 20 ml e-Fl\u00fcssigkeit Kapazit\u00e4t f\u00fcr 10000 vaping, glatten Geschmack von Anfang bis Ende, reines Aroma, um den Geschmack Bed\u00fcrfnisse zu erf\u00fcllen.<\/p>\n<h2><span style=\"font-size: 18pt;\"><strong>Lavie Disc 10000 Einweg-Vape Spezifikationen:<\/strong><\/span><\/h2>\n<ul>\n<li>Marke:Lavie<\/li>\n<li>Puffs:10000 Puffs sind pro Ger\u00e4t verf\u00fcgbar<\/li>\n<li>Nicotine:0%\/2%\/5%<\/li>\n<li>E-Saft Kapazit\u00e4t:20ML<\/li>\n<li>Akku:550mAh<\/li>\n<li>Ladeanschluss:Typ-C<\/li>\n<\/ul>\n<h2><strong><span style=\"font-size: 18pt;\">Geschm\u00e4cker<\/span><\/strong><\/h2>\n<ol>\n<li>Doppelter Apfel<\/li>\n<li>Gemischte Beeren<\/li>\n<li>Wassermelone Eis<\/li>\n<li>Zitrone Schwarzer Tee<\/li>\n<li>Cola-Eis<\/li>\n<li>Milo<\/li>\n<li>Passionsfrucht<\/li>\n<li>Wassermelone-Erdbeere<\/li>\n<li>Yakult<\/li>\n<li>Traubeneis<\/li>\n<li>Pfirsichsaft<\/li>\n<li>Minze<\/li>\n<\/ol>\n<figure id=\"attachment_1187\" aria-describedby=\"caption-attachment-1187\" style=\"width: 800px\" class=\"wp-caption alignnone\"><img fetchpriority=\"high\" decoding=\"async\" class=\"size-full wp-image-1187\" title=\"Lavie Disc 10000 Puffs Einweg Vape\" src=\"https:\/\/www.puffsvape.com\/wp-content\/uploads\/2024\/04\/Lavie-Disc-10000-Puffs-Disposable-Vape.webp\" alt=\"Lavie Disc 10000 Puffs Einweg Vape\" width=\"800\" height=\"800\" srcset=\"https:\/\/www.puffsvape.com\/wp-content\/uploads\/2024\/04\/Lavie-Disc-10000-Puffs-Disposable-Vape.webp 800w, https:\/\/www.puffsvape.com\/wp-content\/uploads\/2024\/04\/Lavie-Disc-10000-Puffs-Disposable-Vape-247x247.webp 247w, https:\/\/www.puffsvape.com\/wp-content\/uploads\/2024\/04\/Lavie-Disc-10000-Puffs-Disposable-Vape-100x100.webp 100w, https:\/\/www.puffsvape.com\/wp-content\/uploads\/2024\/04\/Lavie-Disc-10000-Puffs-Disposable-Vape-510x510.webp 510w, https:\/\/www.puffsvape.com\/wp-content\/uploads\/2024\/04\/Lavie-Disc-10000-Puffs-Disposable-Vape-300x300.webp 300w, https:\/\/www.puffsvape.com\/wp-content\/uploads\/2024\/04\/Lavie-Disc-10000-Puffs-Disposable-Vape-150x150.webp 150w, https:\/\/www.puffsvape.com\/wp-content\/uploads\/2024\/04\/Lavie-Disc-10000-Puffs-Disposable-Vape-768x768.webp 768w, https:\/\/www.puffsvape.com\/wp-content\/uploads\/2024\/04\/Lavie-Disc-10000-Puffs-Disposable-Vape-575x575.webp 575w, https:\/\/www.puffsvape.com\/wp-content\/uploads\/2024\/04\/Lavie-Disc-10000-Puffs-Disposable-Vape-380x380.webp 380w\" sizes=\"(max-width: 800px) 100vw, 800px\" \/><figcaption id=\"caption-attachment-1187\" class=\"wp-caption-text\">Lavie Disc 10000 Puffs Einweg Vape<\/figcaption><\/figure>","protected":false},"excerpt":{"rendered":"<p>Lavie Disc 10000 ist ein Einweg wiederaufladbare vape mit einem modischen und neuartigen Design, die Form ist wie ein kleiner Plattenspieler, sehr interessant, es ist sehr strukturiert in der Hand. Built-in 550mAh Akku mit hoher Kapazit\u00e4t, 20 ml e-Fl\u00fcssigkeit Kapazit\u00e4t f\u00fcr 10000 vaping, glatten Geschmack von Anfang bis Ende, reines Aroma, um den Geschmack Bed\u00fcrfnisse zu erf\u00fcllen. Lavie [...]","protected":false},"featured_media":1192,"comment_status":"open","ping_status":"closed","template":"","meta":{"om_disable_all_campaigns":false,"_monsterinsights_skip_tracking":false,"_monsterinsights_sitenote_active":false,"_monsterinsights_sitenote_note":"","_monsterinsights_sitenote_category":0},"product_brand":[],"product_cat":[20],"product_tag":[],"berocket_brand":[21],"class_list":{"0":"post-1181","1":"product","2":"type-product","3":"status-publish","4":"has-post-thumbnail","6":"product_cat-lavie","7":"berocket_brand-lavie","8":"wcpa_has_options","10":"first","11":"instock","12":"shipping-taxable","13":"purchasable","14":"product-type-variable","15":"has-default-attributes"},"aioseo_notices":[],"tiered_pricing_fixed_rules":{"20":"9.49","30":"8.85","40":"8.20","50":"7.55","100":"6.12"},"tiered_pricing_percentage_rules":{"20":"9.49","30":"8.85","40":"8.20","50":"7.55","100":"6.12"},"tiered_pricing_type":"fixed","tiered_pricing_minimum":10,"_links":{"self":[{"href":"https:\/\/www.puffsvape.com\/de\/wp-json\/wp\/v2\/product\/1181","targetHints":{"allow":["GET"]}}],"collection":[{"href":"https:\/\/www.puffsvape.com\/de\/wp-json\/wp\/v2\/product"}],"about":[{"href":"https:\/\/www.puffsvape.com\/de\/wp-json\/wp\/v2\/types\/product"}],"replies":[{"embeddable":true,"href":"https:\/\/www.puffsvape.com\/de\/wp-json\/wp\/v2\/comments?post=1181"}],"wp:featuredmedia":[{"embeddable":true,"href":"https:\/\/www.puffsvape.com\/de\/wp-json\/wp\/v2\/media\/1192"}],"wp:attachment":[{"href":"https:\/\/www.puffsvape.com\/de\/wp-json\/wp\/v2\/media?parent=1181"}],"wp:term":[{"taxonomy":"product_brand","embeddable":true,"href":"https:\/\/www.puffsvape.com\/de\/wp-json\/wp\/v2\/product_brand?post=1181"},{"taxonomy":"product_cat","embeddable":true,"href":"https:\/\/www.puffsvape.com\/de\/wp-json\/wp\/v2\/product_cat?post=1181"},{"taxonomy":"product_tag","embeddable":true,"href":"https:\/\/www.puffsvape.com\/de\/wp-json\/wp\/v2\/product_tag?post=1181"},{"taxonomy":"berocket_brand","embeddable":true,"href":"https:\/\/www.puffsvape.com\/de\/wp-json\/wp\/v2\/berocket_brand?post=1181"}],"curies":[{"name":"wp","href":"https:\/\/api.w.org\/{rel}","templated":true}]}}