{"id":1853,"date":"2024-09-01T05:09:47","date_gmt":"2024-09-01T05:09:47","guid":{"rendered":"https:\/\/www.puffsvape.com\/?page_id=1853"},"modified":"2024-09-01T05:57:00","modified_gmt":"2024-09-01T05:57:00","slug":"qpm","status":"publish","type":"page","link":"https:\/\/www.puffsvape.com\/de\/qpm\/","title":{"rendered":"Menge &amp; Preis &amp; MOQ"},"content":{"rendered":"<p>Auf der Grundlage einiger h\u00e4ufig gestellter Fragen unserer Kunden bieten wir eine spezielle Erkl\u00e4rung dieser Schl\u00fcsselw\u00f6rter<\/p>\n<p>Nehmen wir ein Beispiel f\u00fcr eines der Produkte in unserem Gesch\u00e4ft, das wie folgt erl\u00e4utert wird<\/p>\n<p>https:\/\/www.puffsvape.com\/product\/bang-king-25000-puffs-disposable-vape\/<\/p>\n<ul>\n<li>\n<h3><span style=\"color: #0000ff;\">Wie hoch ist die Mindestbestellmenge?<\/span><\/h3>\n<\/li>\n<\/ul>\n<p>F\u00fcr die meisten Produkte betr\u00e4gt die Mindestbestellmenge 10 St\u00fcck, es sei denn, dies ist auf der Seite angegeben, z. B. 50 St\u00fcck, 100 St\u00fcck.<\/p>\n<ul>\n<li>\n<h3><span style=\"color: #0000ff;\">Wie hoch ist der Preis?<\/span><\/h3>\n<\/li>\n<\/ul>\n<p>Der Preis wird direkt unter dem Produkttitel angezeigt, dies ist der g\u00fcnstigste Preis f\u00fcr die gr\u00f6\u00dfte Menge, wenn Sie die kleinste Menge bestellen, dann wird der Preis direkt darunter angezeigt.<\/p>\n<figure id=\"attachment_1856\" aria-describedby=\"caption-attachment-1856\" style=\"width: 1024px\" class=\"wp-caption aligncenter\"><img fetchpriority=\"high\" decoding=\"async\" class=\"wp-image-1856 size-large\" title=\"Preis\" src=\"https:\/\/www.puffsvape.com\/wp-content\/uploads\/2024\/09\/price-1024x553.jpg\" alt=\"Preis\" width=\"1024\" height=\"553\" srcset=\"https:\/\/www.puffsvape.com\/wp-content\/uploads\/2024\/09\/price-1024x553.jpg 1024w, https:\/\/www.puffsvape.com\/wp-content\/uploads\/2024\/09\/price-510x276.jpg 510w, https:\/\/www.puffsvape.com\/wp-content\/uploads\/2024\/09\/price-300x162.jpg 300w, https:\/\/www.puffsvape.com\/wp-content\/uploads\/2024\/09\/price-768x415.jpg 768w, https:\/\/www.puffsvape.com\/wp-content\/uploads\/2024\/09\/price-18x10.jpg 18w, https:\/\/www.puffsvape.com\/wp-content\/uploads\/2024\/09\/price-1140x616.jpg 1140w, https:\/\/www.puffsvape.com\/wp-content\/uploads\/2024\/09\/price-920x497.jpg 920w, https:\/\/www.puffsvape.com\/wp-content\/uploads\/2024\/09\/price-575x311.jpg 575w, https:\/\/www.puffsvape.com\/wp-content\/uploads\/2024\/09\/price-380x205.jpg 380w, https:\/\/www.puffsvape.com\/wp-content\/uploads\/2024\/09\/price.jpg 1199w\" sizes=\"(max-width: 1024px) 100vw, 1024px\" \/><figcaption id=\"caption-attachment-1856\" class=\"wp-caption-text\"><span style=\"color: #800080;\"><em>PREIS des Produkts<\/em><\/span><\/figcaption><\/figure>\n<ul>\n<li>\n<h3><span style=\"color: #0000ff;\">Gilt der Preis f\u00fcr 1 oder 10 St\u00fcck?<\/span><\/h3>\n<\/li>\n<\/ul>\n<p>Der Preis ist f\u00fcr 1, das hei\u00dft ein vape nur<\/p>\n<ul>\n<li>\n<h3><span style=\"color: #0000ff;\">Kann ich verschiedene Geschmacksrichtungen f\u00fcr 10 St\u00fcck bestellen\uff1f<\/span><\/h3>\n<\/li>\n<\/ul>\n<p>Nein, in der Regel kommen 10 St\u00fcck der gleichen Geschmacksrichtung in einer Display-Box, es ist alles in einem und wir verkaufen sie nicht verstreut.<\/p>\n<ul>\n<li>\n<h3><span style=\"color: #0000ff;\">Ich m\u00f6chte 20 St\u00fcck bestellen, kann ich 2 Geschmacksrichtungen w\u00e4hlen?<\/span><\/h3>\n<\/li>\n<\/ul>\n<p>Sicher, das ist kein Problem, einfach zu sagen, unsere moq ist 10 St\u00fcck \/ Geschmack, wenn Sie 20 St\u00fcck bestellen m\u00f6chten, dann k\u00f6nnen Sie w\u00e4hlen, 2 Geschmacksrichtungen max, wenn Sie 30 St\u00fcck bestellen m\u00f6chten, k\u00f6nnen Sie w\u00e4hlen, 3 Geschmacksrichtungen max ...<\/p>\n<ul>\n<li>\n<h3><span style=\"color: #0000ff;\">Wie kann ich verschiedene Geschmacksrichtungen hinzuf\u00fcgen (z.B. 30 St\u00fcck 3 Geschmacksrichtungen)?<\/span><\/h3>\n<\/li>\n<\/ul>\n<figure id=\"attachment_1860\" aria-describedby=\"caption-attachment-1860\" style=\"width: 1015px\" class=\"wp-caption aligncenter\"><img decoding=\"async\" class=\"wp-image-1860 size-full\" title=\"verschiedene Geschmacksrichtungen zur Auswahl\" src=\"https:\/\/www.puffsvape.com\/wp-content\/uploads\/2024\/09\/different-flavors-to-choose.png\" alt=\"verschiedene Geschmacksrichtungen zur Auswahl\" width=\"1015\" height=\"724\" srcset=\"https:\/\/www.puffsvape.com\/wp-content\/uploads\/2024\/09\/different-flavors-to-choose.png 1015w, https:\/\/www.puffsvape.com\/wp-content\/uploads\/2024\/09\/different-flavors-to-choose-510x364.png 510w, https:\/\/www.puffsvape.com\/wp-content\/uploads\/2024\/09\/different-flavors-to-choose-300x214.png 300w, https:\/\/www.puffsvape.com\/wp-content\/uploads\/2024\/09\/different-flavors-to-choose-768x548.png 768w, https:\/\/www.puffsvape.com\/wp-content\/uploads\/2024\/09\/different-flavors-to-choose-18x12.png 18w, https:\/\/www.puffsvape.com\/wp-content\/uploads\/2024\/09\/different-flavors-to-choose-920x656.png 920w, https:\/\/www.puffsvape.com\/wp-content\/uploads\/2024\/09\/different-flavors-to-choose-575x410.png 575w, https:\/\/www.puffsvape.com\/wp-content\/uploads\/2024\/09\/different-flavors-to-choose-380x271.png 380w\" sizes=\"(max-width: 1015px) 100vw, 1015px\" \/><figcaption id=\"caption-attachment-1860\" class=\"wp-caption-text\"><span style=\"color: #800080;\"><em>Verschiedene Geschmacksrichtungen zur Auswahl<\/em><\/span><\/figcaption><\/figure>\n<p>Klicken Sie auf die Schaltfl\u00e4che \u2193 rechts von der Geschmacksrichtung, sehen Sie die Geschmackstabelle oben, k\u00f6nnen Sie 3 verschiedene Geschmacksrichtungen in den Warenkorb eins nach dem anderen, dann klicken Sie auf den Warenkorb sehen Sie 3 verschiedene Geschmacksrichtungen gibt, auch k\u00f6nnen Sie die Menge auf der Seite der Warenkorb anpassen.<\/p>\n<ul>\n<li>\n<h3><span style=\"color: #0000ff;\">Wird es chaeper sein, wenn ich mehr bestelle?<\/span><\/h3>\n<\/li>\n<\/ul>\n<figure id=\"attachment_1862\" aria-describedby=\"caption-attachment-1862\" style=\"width: 1225px\" class=\"wp-caption aligncenter\"><img decoding=\"async\" class=\"wp-image-1862 size-full\" title=\"mehr Menge billiger\" src=\"https:\/\/www.puffsvape.com\/wp-content\/uploads\/2024\/09\/more-quantity-cheaper.jpg\" alt=\"mehr Menge billiger\" width=\"1225\" height=\"610\" srcset=\"https:\/\/www.puffsvape.com\/wp-content\/uploads\/2024\/09\/more-quantity-cheaper.jpg 1225w, https:\/\/www.puffsvape.com\/wp-content\/uploads\/2024\/09\/more-quantity-cheaper-510x254.jpg 510w, https:\/\/www.puffsvape.com\/wp-content\/uploads\/2024\/09\/more-quantity-cheaper-300x149.jpg 300w, https:\/\/www.puffsvape.com\/wp-content\/uploads\/2024\/09\/more-quantity-cheaper-1024x510.jpg 1024w, https:\/\/www.puffsvape.com\/wp-content\/uploads\/2024\/09\/more-quantity-cheaper-768x382.jpg 768w, https:\/\/www.puffsvape.com\/wp-content\/uploads\/2024\/09\/more-quantity-cheaper-18x9.jpg 18w, https:\/\/www.puffsvape.com\/wp-content\/uploads\/2024\/09\/more-quantity-cheaper-1140x568.jpg 1140w, https:\/\/www.puffsvape.com\/wp-content\/uploads\/2024\/09\/more-quantity-cheaper-920x458.jpg 920w, https:\/\/www.puffsvape.com\/wp-content\/uploads\/2024\/09\/more-quantity-cheaper-575x286.jpg 575w, https:\/\/www.puffsvape.com\/wp-content\/uploads\/2024\/09\/more-quantity-cheaper-380x189.jpg 380w\" sizes=\"(max-width: 1225px) 100vw, 1225px\" \/><figcaption id=\"caption-attachment-1862\" class=\"wp-caption-text\"><span style=\"color: #800080;\"><em>Mehr Menge, billiger<\/em><\/span><\/figcaption><\/figure>\n<p>Sicher, unser Preis ist mengenbasiert, k\u00f6nnen Sie eine Preistabelle nach dem Produkt tittle, es geeignet, um das gleiche Produkt (kann sein, mischen Aromen) nur.<\/p>","protected":false},"excerpt":{"rendered":"<p>Auf der Grundlage einiger h\u00e4ufig gestellter Fragen unserer Kunden bieten wir eine spezielle Erkl\u00e4rung dieser Schl\u00fcsselw\u00f6rter an. Nehmen wir ein Beispiel f\u00fcr eines der Produkte unseres Shops, das wie folgt erkl\u00e4rt wird https:\/\/www.puffsvape.com\/product\/bang-king-25000-puffs-disposable-vape\/ Was ist die Mindestbestellmenge? F\u00fcr die meisten Produkte betr\u00e4gt die Mindestbestellmenge 10 St\u00fcck, es sei denn, dies ist auf der Seite angegeben, z.B. [...]","protected":false},"author":1,"featured_media":0,"parent":0,"menu_order":0,"comment_status":"closed","ping_status":"closed","template":"","meta":{"om_disable_all_campaigns":false,"_monsterinsights_skip_tracking":false,"_monsterinsights_sitenote_active":false,"_monsterinsights_sitenote_note":"","_monsterinsights_sitenote_category":0,"footnotes":""},"class_list":["post-1853","page","type-page","status-publish","hentry"],"aioseo_notices":[],"_links":{"self":[{"href":"https:\/\/www.puffsvape.com\/de\/wp-json\/wp\/v2\/pages\/1853","targetHints":{"allow":["GET"]}}],"collection":[{"href":"https:\/\/www.puffsvape.com\/de\/wp-json\/wp\/v2\/pages"}],"about":[{"href":"https:\/\/www.puffsvape.com\/de\/wp-json\/wp\/v2\/types\/page"}],"author":[{"embeddable":true,"href":"https:\/\/www.puffsvape.com\/de\/wp-json\/wp\/v2\/users\/1"}],"replies":[{"embeddable":true,"href":"https:\/\/www.puffsvape.com\/de\/wp-json\/wp\/v2\/comments?post=1853"}],"version-history":[{"count":12,"href":"https:\/\/www.puffsvape.com\/de\/wp-json\/wp\/v2\/pages\/1853\/revisions"}],"predecessor-version":[{"id":1868,"href":"https:\/\/www.puffsvape.com\/de\/wp-json\/wp\/v2\/pages\/1853\/revisions\/1868"}],"wp:attachment":[{"href":"https:\/\/www.puffsvape.com\/de\/wp-json\/wp\/v2\/media?parent=1853"}],"curies":[{"name":"wp","href":"https:\/\/api.w.org\/{rel}","templated":true}]}}