{"id":1075,"date":"2024-04-05T02:10:29","date_gmt":"2024-04-05T02:10:29","guid":{"rendered":"https:\/\/www.puffsvape.com\/?page_id=1075"},"modified":"2025-08-21T22:20:24","modified_gmt":"2025-08-21T14:20:24","slug":"bank-accounts","status":"publish","type":"page","link":"https:\/\/www.puffsvape.com\/de\/bankkonten\/","title":{"rendered":"Bankkonten"},"content":{"rendered":"<table style=\"width: 1253px;\" width=\"1261\">\n<tbody>\n<tr>\n<td style=\"width: 364px;\" width=\"263\">IBAN :<\/td>\n<td style=\"width: 889px;\" width=\"648\">DE90202208000059660922<\/td>\n<\/tr>\n<tr>\n<td style=\"width: 364px;\">Name des Kontos :<\/td>\n<td style=\"width: 889px;\">DFC GROUP LIMITED<\/td>\n<\/tr>\n<tr>\n<td style=\"width: 364px;\">SWIFT\/BIC-Code :<\/td>\n<td style=\"width: 889px;\">SXPYDEHH<\/td>\n<\/tr>\n<tr>\n<td style=\"width: 364px;\">Name der Bank:<\/td>\n<td style=\"width: 889px;\">Banking Circle S.A. -Deutsche Niederlassung<\/td>\n<\/tr>\n<tr>\n<td style=\"width: 364px;\">Adresse der Bank:<\/td>\n<td style=\"width: 889px;\">Maximilianstra\u00dfe 54,80538 M\u00fcnchen<\/td>\n<\/tr>\n<tr>\n<td style=\"width: 364px;\">Land\/Region :<\/td>\n<td style=\"width: 889px;\">Deutschland<\/td>\n<\/tr>\n<tr>\n<td style=\"width: 364px;\">Kontoart :<\/td>\n<td style=\"width: 889px;\">Gesch\u00e4ftskonto<\/td>\n<\/tr>\n<tr>\n<td style=\"width: 364px;\">Zahlungsweise:<\/td>\n<td style=\"width: 889px;\">F\u00fcr die Bezahlung von Waren, machen Sie bitte eine SEPA SCT\/SEPA Inst Zahlung<\/td>\n<\/tr>\n<tr>\n<td style=\"width: 364px;\">Anmerkungen:<\/td>\n<td style=\"width: 889px;\">Bestellnummer<\/td>\n<\/tr>\n<\/tbody>\n<\/table>\n<h3>HINWEIS:<\/h3>\n<ol>\n<li>W\u00e4hrung unterst\u00fctzen:\u00a0<strong>NUR EUR<\/strong><\/li>\n<li>Unterst\u00fctzung von Zahlungen aus der Eurozone (Andorra, Griechenland, Norwegen, \u00d6sterreich, Ungarn, Polen, Belgien, Island, Portugal, Bulgarien, Irland, Rum\u00e4nien, Zypern, Italien, San Marino, Kroatien, Lettland, Slowakei, Tschechische Republik, Liechtenstein, Slowenien, D\u00e4nemark, Litauen, Spanien, Estland, Luxemburg, Schweden, Finnland, Malta, Schweiz, Frankreich, Monaco, Deutschland, Niederlande, Vatikan)<\/li>\n<li><strong>Nur f\u00fcr Zahlungen im SEPA-Netz unterst\u00fctzt<\/strong>\u00a0(1-2 Arbeitstage bis zur Abrechnung)<\/li>\n<li>Scheck wird nicht unterst\u00fctzt<\/li>\n<li>Bareinzahlung wird nicht unterst\u00fctzt<\/li>\n<li>ATM wird nicht unterst\u00fctzt<\/li>\n<\/ol>","protected":false},"excerpt":{"rendered":"<p>IBAN : DE90202208000059660922 Kontoname : DFC GROUP LIMITED SWIFT\/BIC-Code : SXPYDEHH Bankname : Banking Circle S.A. -German Branch Bankadresse : Maximilianstra\u00dfe 54,80538 M\u00fcnchen Land\/Region : Deutschland Kontotyp : Gesch\u00e4ftskonto Zahlungsart : F\u00fcr die Bezahlung von Waren, machen Sie bitte eine SEPA SCT\/SEPA Inst Payment Notes : Bestellnummer HINWEIS: [...]","protected":false},"author":1,"featured_media":0,"parent":0,"menu_order":0,"comment_status":"closed","ping_status":"closed","template":"","meta":{"om_disable_all_campaigns":false,"_monsterinsights_skip_tracking":false,"_monsterinsights_sitenote_active":false,"_monsterinsights_sitenote_note":"","_monsterinsights_sitenote_category":0,"footnotes":""},"class_list":["post-1075","page","type-page","status-publish","hentry"],"aioseo_notices":[],"_links":{"self":[{"href":"https:\/\/www.puffsvape.com\/de\/wp-json\/wp\/v2\/pages\/1075","targetHints":{"allow":["GET"]}}],"collection":[{"href":"https:\/\/www.puffsvape.com\/de\/wp-json\/wp\/v2\/pages"}],"about":[{"href":"https:\/\/www.puffsvape.com\/de\/wp-json\/wp\/v2\/types\/page"}],"author":[{"embeddable":true,"href":"https:\/\/www.puffsvape.com\/de\/wp-json\/wp\/v2\/users\/1"}],"replies":[{"embeddable":true,"href":"https:\/\/www.puffsvape.com\/de\/wp-json\/wp\/v2\/comments?post=1075"}],"version-history":[{"count":142,"href":"https:\/\/www.puffsvape.com\/de\/wp-json\/wp\/v2\/pages\/1075\/revisions"}],"predecessor-version":[{"id":2972,"href":"https:\/\/www.puffsvape.com\/de\/wp-json\/wp\/v2\/pages\/1075\/revisions\/2972"}],"wp:attachment":[{"href":"https:\/\/www.puffsvape.com\/de\/wp-json\/wp\/v2\/media?parent=1075"}],"curies":[{"name":"wp","href":"https:\/\/api.w.org\/{rel}","templated":true}]}}